{"id":21,"date":"2020-03-19T15:11:11","date_gmt":"2020-03-19T14:11:11","guid":{"rendered":"http:\/\/www.reservisten-brandenburg.de\/wettkampf\/?page_id=21"},"modified":"2020-06-20T01:22:53","modified_gmt":"2020-06-19T23:22:53","slug":"militaerwettkampf","status":"publish","type":"page","link":"https:\/\/www.reservisten-brandenburg.de\/wettkampf\/","title":{"rendered":"Milit\u00e4rwettk\u00e4mpfe"},"content":{"rendered":"\n<p>Milit\u00e4rische Vielseitigkeitswettk\u00e4mpfe decken im Regelfall eine Vielzahl unterschiedlicher Themenfelder ab. Obligatorisch sind <a href=\"https:\/\/www.reservisten-brandenburg.de\/militaerische-ausbildung\/ausbildungsinhalte\/schiessen\/\">Schie\u00dfen<\/a>, <a href=\"https:\/\/www.reservisten-brandenburg.de\/militaerische-ausbildung\/ausbildungsinhalte\/militaerische-grundlagen\/orientieren-im-gelaende\/\">M\u00e4rsche<\/a> und <a href=\"https:\/\/www.reservisten-brandenburg.de\/militaerische-ausbildung\/ausbildungsinhalte\/militaerische-grundlagen\/sanitaetsdienst-aller-truppen\/\">Selbst- und Kameradenhilfe<\/a>. Dazu kommen je nach Wettkampf weitere Diszplinen aus dem milit\u00e4rischen oder zivil-milit\u00e4rischen Bereich. Das kann vom <a href=\"https:\/\/www.reservisten-brandenburg.de\/militaerische-ausbildung\/ausbildungsinhalte\/schiessen\/gefechtsschiessen\/\">Gruppengefechtsschie\u00dfen<\/a>, dem Betreiben eines Check-Points \u00fcber ABC-Lagen bis zur Brand- und Hochwasserbek\u00e4mpfung gehen. Wettk\u00e4mpfe k\u00f6nnen sich aber auch auf M\u00e4rsche oder Schie\u00dfen beschr\u00e4nken.<\/p>\n\n\n\n<p>Milit\u00e4rische Wettk\u00e4mpfe k\u00f6nnen regional, auf Bundesebene und international stattfinden. Zusammen mit der <a href=\"https:\/\/www.reservisten-brandenburg.de\/die-landesgruppe\/partner\/landesgruppe-berlin\/\">Landesgruppe Berlin<\/a> f\u00fchren wir regelm\u00e4\u00dfig einen Berlin-Brandenburger Reservistenwettkampf durch, an dem auch Reservisten aus weiteren Bundesl\u00e4ndern teilnehmen. Auf Bundesebene nehmen unserer Wettk\u00e4mpfer an den alle zwei Jahre stattfindenen <a rel=\"noreferrer noopener\" href=\"https:\/\/de.wikipedia.org\/wiki\/Deutsche_Reservistenmeisterschaft\" target=\"_blank\">Deutschen Reservistenmeisterschaften<\/a> teil.<\/p>\n\n\n\n<figure class=\"wp-block-embed\"><div class=\"wp-block-embed__wrapper\">\n<iframe loading=\"lazy\" title=\"Reservisten-Power 2\" width=\"600\" height=\"338\" src=\"https:\/\/www.youtube.com\/embed\/xow2ER-Mvyo?feature=oembed\" frameborder=\"0\" allow=\"accelerometer; autoplay; clipboard-write; encrypted-media; gyroscope; picture-in-picture; web-share\" referrerpolicy=\"strict-origin-when-cross-origin\" allowfullscreen><\/iframe>\n<\/div><\/figure>\n\n\n\n<p>Reservisten die milit\u00e4rische Wettk\u00e4mpfe bestreiten wollen, k\u00f6nnen sich im Rahmen unserer <a href=\"https:\/\/www.reservisten-brandenburg.de\/events\/kategorie\/militaerische-ausbildung\/\">milit\u00e4rischen Ausbildung<\/a> und des Schie\u00dftrainings darauf vorbereiten. Au\u00dferdem bietet der Landesvorstand die Unterst\u00fctzung von Wettkampfgruppen bei Training und Teilnahme an Wettk\u00e4mpfen an.<\/p>\n","protected":false},"excerpt":{"rendered":"<p>Milit\u00e4rische Vielseitigkeitswettk\u00e4mpfe decken im Regelfall eine Vielzahl unterschiedlicher Themenfelder ab. Obligatorisch sind Schie\u00dfen, M\u00e4rsche und Selbst- und Kameradenhilfe. Dazu kommen je nach Wettkampf weitere Diszplinen aus dem milit\u00e4rischen oder zivil-milit\u00e4rischen [&hellip;]<\/p>\n","protected":false},"author":12,"featured_media":68,"parent":0,"menu_order":0,"comment_status":"closed","ping_status":"closed","template":"","meta":{"footnotes":""},"class_list":["post-21","page","type-page","status-publish","has-post-thumbnail","hentry"],"yoast_head":"<!-- This site is optimized with the Yoast SEO plugin v27.4 - https:\/\/yoast.com\/product\/yoast-seo-wordpress\/ -->\n<title>Milit\u00e4rwettk\u00e4mpfe - Milit\u00e4rwettkampf<\/title>\n<meta name=\"robots\" content=\"noindex, follow, max-snippet:-1, max-image-preview:large, max-video-preview:-1\" \/>\n<meta property=\"og:locale\" content=\"de_DE\" \/>\n<meta property=\"og:type\" content=\"article\" \/>\n<meta property=\"og:title\" content=\"Milit\u00e4rwettk\u00e4mpfe - Milit\u00e4rwettkampf\" \/>\n<meta property=\"og:description\" content=\"Milit\u00e4rische Vielseitigkeitswettk\u00e4mpfe decken im Regelfall eine Vielzahl unterschiedlicher Themenfelder ab. Obligatorisch sind Schie\u00dfen, M\u00e4rsche und Selbst- und Kameradenhilfe. Dazu kommen je nach Wettkampf weitere Diszplinen aus dem milit\u00e4rischen oder zivil-milit\u00e4rischen [&hellip;]\" \/>\n<meta property=\"og:url\" content=\"http:\/\/www.milit\u00e4rwettkampf.de\" \/>\n<meta property=\"og:site_name\" content=\"Milit\u00e4rwettkampf\" \/>\n<meta property=\"article:publisher\" content=\"https:\/\/www.facebook.com\/reservisten.brandenburg\/\" \/>\n<meta property=\"article:modified_time\" content=\"2020-06-19T23:22:53+00:00\" \/>\n<meta property=\"og:image\" content=\"https:\/\/www.reservisten-brandenburg.de\/wettkampf\/wp-content\/uploads\/sites\/13\/2020\/06\/DRM2011_Hindernisbahn.jpg\" \/>\n\t<meta property=\"og:image:width\" content=\"1600\" \/>\n\t<meta property=\"og:image:height\" content=\"900\" \/>\n\t<meta property=\"og:image:type\" content=\"image\/jpeg\" \/>\n<meta name=\"twitter:card\" content=\"summary_large_image\" \/>\n<meta name=\"twitter:site\" content=\"@ResBrandenburg\" \/>\n<meta name=\"twitter:label1\" content=\"Gesch\u00e4tzte Lesezeit\" \/>\n\t<meta name=\"twitter:data1\" content=\"1\u00a0Minute\" \/>\n<script type=\"application\/ld+json\" class=\"yoast-schema-graph\">{\"@context\":\"https:\\\/\\\/schema.org\",\"@graph\":[{\"@type\":\"WebPage\",\"@id\":\"https:\\\/\\\/www.reservisten-brandenburg.de\\\/wettkampf\\\/\",\"url\":\"http:\\\/\\\/www.milit\u00e4rwettkampf.de\",\"name\":\"Milit\u00e4rwettk\u00e4mpfe - Milit\u00e4rwettkampf\",\"isPartOf\":{\"@id\":\"https:\\\/\\\/www.reservisten-brandenburg.de\\\/wettkampf\\\/#website\"},\"primaryImageOfPage\":{\"@id\":\"http:\\\/\\\/www.milit\u00e4rwettkampf.de#primaryimage\"},\"image\":{\"@id\":\"http:\\\/\\\/www.milit\u00e4rwettkampf.de#primaryimage\"},\"thumbnailUrl\":\"https:\\\/\\\/www.reservisten-brandenburg.de\\\/wettkampf\\\/wp-content\\\/uploads\\\/sites\\\/13\\\/2020\\\/06\\\/DRM2011_Hindernisbahn.jpg\",\"datePublished\":\"2020-03-19T14:11:11+00:00\",\"dateModified\":\"2020-06-19T23:22:53+00:00\",\"breadcrumb\":{\"@id\":\"http:\\\/\\\/www.milit\u00e4rwettkampf.de#breadcrumb\"},\"inLanguage\":\"de\",\"potentialAction\":[{\"@type\":\"ReadAction\",\"target\":[\"http:\\\/\\\/www.milit\u00e4rwettkampf.de\"]}]},{\"@type\":\"ImageObject\",\"inLanguage\":\"de\",\"@id\":\"http:\\\/\\\/www.milit\u00e4rwettkampf.de#primaryimage\",\"url\":\"https:\\\/\\\/www.reservisten-brandenburg.de\\\/wettkampf\\\/wp-content\\\/uploads\\\/sites\\\/13\\\/2020\\\/06\\\/DRM2011_Hindernisbahn.jpg\",\"contentUrl\":\"https:\\\/\\\/www.reservisten-brandenburg.de\\\/wettkampf\\\/wp-content\\\/uploads\\\/sites\\\/13\\\/2020\\\/06\\\/DRM2011_Hindernisbahn.jpg\",\"width\":1600,\"height\":900,\"caption\":\"Reservisten auf der Hindernisbahn bei der DRM 2011\"},{\"@type\":\"BreadcrumbList\",\"@id\":\"http:\\\/\\\/www.milit\u00e4rwettkampf.de#breadcrumb\",\"itemListElement\":[{\"@type\":\"ListItem\",\"position\":1,\"name\":\"Startseite\",\"item\":\"https:\\\/\\\/www.reservisten-brandenburg.de\\\/wettkampf\\\/\"},{\"@type\":\"ListItem\",\"position\":2,\"name\":\"Milit\u00e4rwettk\u00e4mpfe\"}]},{\"@type\":\"WebSite\",\"@id\":\"https:\\\/\\\/www.reservisten-brandenburg.de\\\/wettkampf\\\/#website\",\"url\":\"https:\\\/\\\/www.reservisten-brandenburg.de\\\/wettkampf\\\/\",\"name\":\"Milit\u00e4rwettkampf\",\"description\":\"Milit\u00e4rwettkampfe f\u00fcr Brandenburger Reservisten\",\"publisher\":{\"@id\":\"https:\\\/\\\/www.reservisten-brandenburg.de\\\/wettkampf\\\/#organization\"},\"potentialAction\":[{\"@type\":\"SearchAction\",\"target\":{\"@type\":\"EntryPoint\",\"urlTemplate\":\"https:\\\/\\\/www.reservisten-brandenburg.de\\\/wettkampf\\\/?s={search_term_string}\"},\"query-input\":{\"@type\":\"PropertyValueSpecification\",\"valueRequired\":true,\"valueName\":\"search_term_string\"}}],\"inLanguage\":\"de\"},{\"@type\":\"Organization\",\"@id\":\"https:\\\/\\\/www.reservisten-brandenburg.de\\\/wettkampf\\\/#organization\",\"name\":\"Reservistenverband Brandenburg\",\"url\":\"https:\\\/\\\/www.reservisten-brandenburg.de\\\/wettkampf\\\/\",\"logo\":{\"@type\":\"ImageObject\",\"inLanguage\":\"de\",\"@id\":\"https:\\\/\\\/www.reservisten-brandenburg.de\\\/wettkampf\\\/#\\\/schema\\\/logo\\\/image\\\/\",\"url\":\"\",\"contentUrl\":\"\",\"caption\":\"Reservistenverband Brandenburg\"},\"image\":{\"@id\":\"https:\\\/\\\/www.reservisten-brandenburg.de\\\/wettkampf\\\/#\\\/schema\\\/logo\\\/image\\\/\"},\"sameAs\":[\"https:\\\/\\\/www.facebook.com\\\/reservisten.brandenburg\\\/\",\"https:\\\/\\\/x.com\\\/ResBrandenburg\",\"https:\\\/\\\/www.youtube.com\\\/channel\\\/UC30IySNYu79rnI6_89Sdf_A\",\"https:\\\/\\\/de.wikipedia.org\\\/wiki\\\/Verband_der_Reservisten_der_Deutschen_Bundeswehr\"]}]}<\/script>\n<!-- \/ Yoast SEO plugin. -->","yoast_head_json":{"title":"Milit\u00e4rwettk\u00e4mpfe - Milit\u00e4rwettkampf","robots":{"index":"noindex","follow":"follow","max-snippet":"max-snippet:-1","max-image-preview":"max-image-preview:large","max-video-preview":"max-video-preview:-1"},"og_locale":"de_DE","og_type":"article","og_title":"Milit\u00e4rwettk\u00e4mpfe - Milit\u00e4rwettkampf","og_description":"Milit\u00e4rische Vielseitigkeitswettk\u00e4mpfe decken im Regelfall eine Vielzahl unterschiedlicher Themenfelder ab. Obligatorisch sind Schie\u00dfen, M\u00e4rsche und Selbst- und Kameradenhilfe. Dazu kommen je nach Wettkampf weitere Diszplinen aus dem milit\u00e4rischen oder zivil-milit\u00e4rischen [&hellip;]","og_url":"http:\/\/www.milit\u00e4rwettkampf.de","og_site_name":"Milit\u00e4rwettkampf","article_publisher":"https:\/\/www.facebook.com\/reservisten.brandenburg\/","article_modified_time":"2020-06-19T23:22:53+00:00","og_image":[{"width":1600,"height":900,"url":"https:\/\/www.reservisten-brandenburg.de\/wettkampf\/wp-content\/uploads\/sites\/13\/2020\/06\/DRM2011_Hindernisbahn.jpg","type":"image\/jpeg"}],"twitter_card":"summary_large_image","twitter_site":"@ResBrandenburg","twitter_misc":{"Gesch\u00e4tzte Lesezeit":"1\u00a0Minute"},"schema":{"@context":"https:\/\/schema.org","@graph":[{"@type":"WebPage","@id":"https:\/\/www.reservisten-brandenburg.de\/wettkampf\/","url":"http:\/\/www.milit\u00e4rwettkampf.de","name":"Milit\u00e4rwettk\u00e4mpfe - Milit\u00e4rwettkampf","isPartOf":{"@id":"https:\/\/www.reservisten-brandenburg.de\/wettkampf\/#website"},"primaryImageOfPage":{"@id":"http:\/\/www.milit\u00e4rwettkampf.de#primaryimage"},"image":{"@id":"http:\/\/www.milit\u00e4rwettkampf.de#primaryimage"},"thumbnailUrl":"https:\/\/www.reservisten-brandenburg.de\/wettkampf\/wp-content\/uploads\/sites\/13\/2020\/06\/DRM2011_Hindernisbahn.jpg","datePublished":"2020-03-19T14:11:11+00:00","dateModified":"2020-06-19T23:22:53+00:00","breadcrumb":{"@id":"http:\/\/www.milit\u00e4rwettkampf.de#breadcrumb"},"inLanguage":"de","potentialAction":[{"@type":"ReadAction","target":["http:\/\/www.milit\u00e4rwettkampf.de"]}]},{"@type":"ImageObject","inLanguage":"de","@id":"http:\/\/www.milit\u00e4rwettkampf.de#primaryimage","url":"https:\/\/www.reservisten-brandenburg.de\/wettkampf\/wp-content\/uploads\/sites\/13\/2020\/06\/DRM2011_Hindernisbahn.jpg","contentUrl":"https:\/\/www.reservisten-brandenburg.de\/wettkampf\/wp-content\/uploads\/sites\/13\/2020\/06\/DRM2011_Hindernisbahn.jpg","width":1600,"height":900,"caption":"Reservisten auf der Hindernisbahn bei der DRM 2011"},{"@type":"BreadcrumbList","@id":"http:\/\/www.milit\u00e4rwettkampf.de#breadcrumb","itemListElement":[{"@type":"ListItem","position":1,"name":"Startseite","item":"https:\/\/www.reservisten-brandenburg.de\/wettkampf\/"},{"@type":"ListItem","position":2,"name":"Milit\u00e4rwettk\u00e4mpfe"}]},{"@type":"WebSite","@id":"https:\/\/www.reservisten-brandenburg.de\/wettkampf\/#website","url":"https:\/\/www.reservisten-brandenburg.de\/wettkampf\/","name":"Milit\u00e4rwettkampf","description":"Milit\u00e4rwettkampfe f\u00fcr Brandenburger Reservisten","publisher":{"@id":"https:\/\/www.reservisten-brandenburg.de\/wettkampf\/#organization"},"potentialAction":[{"@type":"SearchAction","target":{"@type":"EntryPoint","urlTemplate":"https:\/\/www.reservisten-brandenburg.de\/wettkampf\/?s={search_term_string}"},"query-input":{"@type":"PropertyValueSpecification","valueRequired":true,"valueName":"search_term_string"}}],"inLanguage":"de"},{"@type":"Organization","@id":"https:\/\/www.reservisten-brandenburg.de\/wettkampf\/#organization","name":"Reservistenverband Brandenburg","url":"https:\/\/www.reservisten-brandenburg.de\/wettkampf\/","logo":{"@type":"ImageObject","inLanguage":"de","@id":"https:\/\/www.reservisten-brandenburg.de\/wettkampf\/#\/schema\/logo\/image\/","url":"","contentUrl":"","caption":"Reservistenverband Brandenburg"},"image":{"@id":"https:\/\/www.reservisten-brandenburg.de\/wettkampf\/#\/schema\/logo\/image\/"},"sameAs":["https:\/\/www.facebook.com\/reservisten.brandenburg\/","https:\/\/x.com\/ResBrandenburg","https:\/\/www.youtube.com\/channel\/UC30IySNYu79rnI6_89Sdf_A","https:\/\/de.wikipedia.org\/wiki\/Verband_der_Reservisten_der_Deutschen_Bundeswehr"]}]}},"_links":{"self":[{"href":"https:\/\/www.reservisten-brandenburg.de\/wettkampf\/wp-json\/wp\/v2\/pages\/21","targetHints":{"allow":["GET"]}}],"collection":[{"href":"https:\/\/www.reservisten-brandenburg.de\/wettkampf\/wp-json\/wp\/v2\/pages"}],"about":[{"href":"https:\/\/www.reservisten-brandenburg.de\/wettkampf\/wp-json\/wp\/v2\/types\/page"}],"author":[{"embeddable":true,"href":"https:\/\/www.reservisten-brandenburg.de\/wettkampf\/wp-json\/wp\/v2\/users\/12"}],"replies":[{"embeddable":true,"href":"https:\/\/www.reservisten-brandenburg.de\/wettkampf\/wp-json\/wp\/v2\/comments?post=21"}],"version-history":[{"count":0,"href":"https:\/\/www.reservisten-brandenburg.de\/wettkampf\/wp-json\/wp\/v2\/pages\/21\/revisions"}],"wp:featuredmedia":[{"embeddable":true,"href":"https:\/\/www.reservisten-brandenburg.de\/wettkampf\/wp-json\/wp\/v2\/media\/68"}],"wp:attachment":[{"href":"https:\/\/www.reservisten-brandenburg.de\/wettkampf\/wp-json\/wp\/v2\/media?parent=21"}],"curies":[{"name":"wp","href":"https:\/\/api.w.org\/{rel}","templated":true}]}}