{"id":1159,"date":"2019-01-13T22:59:40","date_gmt":"2019-01-13T21:59:40","guid":{"rendered":"https:\/\/www.reservisten-brandenburg.de\/?page_id=1159"},"modified":"2020-07-23T22:07:30","modified_gmt":"2020-07-23T20:07:30","slug":"gliederung-des-sicherungszuges","status":"publish","type":"page","link":"https:\/\/www.reservisten-brandenburg.de\/sicherungszug\/gliederung-des-sicherungszuges\/","title":{"rendered":"Gliederung des Sicherungszuges"},"content":{"rendered":"\n<p>Der <a href=\"https:\/\/www.reservisten-brandenburg.de\/sicherungszug\/\">Sicherungszug<\/a> wird durch den <a rel=\"noreferrer noopener\" aria-label=\"Zugf\u00fchrer (\u00f6ffnet in neuem Tab)\" href=\"https:\/\/de.wikipedia.org\/wiki\/Zugf%C3%BChrer\" target=\"_blank\">Zugf\u00fchrer<\/a> gef\u00fchrt. Diesem unterstehen die drei Sicherungsgruppen und das Zugunterst\u00fctzungslement. Bei der personellen Planung wird insbesondere im Bereich des F\u00fchrungs- und Schl\u00fcsselpersonals auf Redundanz geachtet. Damit wird der eingeschr\u00e4nkteren Verf\u00fcgbarkeit in der Reserve Rechnung getragen. Dazu k\u00f6nnen Dienstposten in der Gliederung des Sicherungszuges mehrfach besetzt werden. Das Personal in den untergeordneten Funktionen wird bef\u00e4higt werden auch F\u00fchrungsfunktion der n\u00e4chsten Ebene zu bekleiden<\/p>\n\n\n\n<figure class=\"wp-block-image\"><img decoding=\"async\" src=\"https:\/\/www.reservisten-brandenburg.de\/wp-content\/uploads\/2019\/10\/Gliederung-SichZg-1024x568.jpg\" alt=\"\" class=\"wp-image-6708\"\/><figcaption>Die Gliederung des Sicherungszuges mit drei Gruppen und dem Unterst\u00fctzungselement<\/figcaption><\/figure>\n\n\n\n<p>Die drei Sicherungsgruppen haben eine St\u00e4rke von zehn Reservisten. Neben dem Gruppenf\u00fchrer verf\u00fcgt jeder Gruppe \u00fcber einen <a href=\"https:\/\/www.reservisten-brandenburg.de\/militaerische-ausbildung\/ausbildungsinhalte\/schiessen\/maschinengewehr\/\">Maschinengewehrtrupp<\/a>, einen <a href=\"https:\/\/www.reservisten-brandenburg.de\/militaerische-ausbildung\/ausbildungsinhalte\/schiessen\/panzerfaust-3\/\">Panzervernichtungstrupp<\/a> und einen <a href=\"https:\/\/www.reservisten-brandenburg.de\/militaerische-ausbildung\/ausbildungsinhalte\/militaerische-grundlagen\/sanitaetsdienst-aller-truppen\/\">Sanit\u00e4tshelfer<\/a>. Dazu bildet jeder Gruppe eine weitere F\u00e4higkeit ab. Die 1. Gruppe verf\u00fcgt \u00fcber einen Pioniertrupp im F\u00e4higkeitsspektrum <a href=\"https:\/\/www.reservisten-brandenburg.de\/militaerische-ausbildung\/ausbildungsinhalte\/bau-und-einsatz-von-sperren\/\">Bau von Sperren<\/a>. Die 2. Gruppe hat einen <a href=\"https:\/\/www.reservisten-brandenburg.de\/militaerische-ausbildung\/ausbildungsinhalte\/militaerische-grundlagen\/fernmeldedienst-aller-truppen\/\">Fernmeldetrupp<\/a>, um erweiterte Kommunikationsf\u00e4higkeiten bereit zu stellen. In der 3. Gruppe gibt es einen Pioniertrupp mit den Spezialisierung Bau und <a href=\"https:\/\/www.reservisten-brandenburg.de\/militaerische-ausbildung\/ausbildungsinhalte\/militaerische-grundlagen\/pionierdienst-aller-truppen\/\">allgemeiner Pionierdienst<\/a>. Er kann zum Beispiel beim Ausbau und der baulichen Verst\u00e4rkung von Stellungen eingesetzt werden.<\/p>\n\n\n\n<p>Die Gliederung des Sicherungszuges enth\u00e4lt eine zus\u00e4tzliches <a href=\"https:\/\/www.sicherungszug.de\/gliederung-des-sicherungszuges\/zugunterstuetzungsgruppe\/\">Unterst\u00fctzungselement<\/a>. Dieses wird vom stellvertretenden Zugf\u00fchrer gef\u00fchrt. Das Zugunterst\u00fctzungselement stellt F\u00e4higkeiten zur Unterst\u00fczung des Zugf\u00fchrers und des gesamten Zuges zur Verf\u00fcgung. Es begtreibt den Gefechtsstand, stellt die Versorgung sicher und \u00fcbernimmt Stabsarbeit. Dazu ist das Unterst\u00fctzungselement u.a. bef\u00e4higt entsprechende IT-Systeme zu betreiben und Kommunikationssysteme bereit zu stellen. Au\u00dferdem wird im Zugunterst\u00fctzungslement Personal mit erweiterten F\u00e4higkeiten im Sanit\u00e4tsdienst vorgehalten. <\/p>\n","protected":false},"excerpt":{"rendered":"<p>Der Sicherungszug wird durch den Zugf\u00fchrer gef\u00fchrt. Diesem unterstehen die drei Sicherungsgruppen und das Zugunterst\u00fctzungslement. Bei der personellen Planung wird insbesondere im Bereich des F\u00fchrungs- und Schl\u00fcsselpersonals auf Redundanz geachtet. [&hellip;]<\/p>\n","protected":false},"author":12,"featured_media":50,"parent":0,"menu_order":2,"comment_status":"closed","ping_status":"closed","template":"","meta":{"footnotes":""},"class_list":["post-1159","page","type-page","status-publish","has-post-thumbnail","hentry"],"yoast_head":"<!-- This site is optimized with the Yoast SEO plugin v27.3 - https:\/\/yoast.com\/product\/yoast-seo-wordpress\/ -->\n<title>Gliederung des Sicherungszuges - Sicherungszug Brandenburg<\/title>\n<meta name=\"description\" content=\"Die geplante Gliederung des Sicherungszuges umfasst drei Sicherungsgruppen, eine Zugunterst\u00fczungselement und den Zugf\u00fchrer.\" \/>\n<meta name=\"robots\" content=\"index, follow, max-snippet:-1, max-image-preview:large, max-video-preview:-1\" \/>\n<link rel=\"canonical\" href=\"https:\/\/www.reservisten-brandenburg.de\/sicherungszug\/gliederung-des-sicherungszuges\/\" \/>\n<meta property=\"og:locale\" content=\"de_DE\" \/>\n<meta property=\"og:type\" content=\"article\" \/>\n<meta property=\"og:title\" content=\"Gliederung des Sicherungszuges - Sicherungszug Brandenburg\" \/>\n<meta property=\"og:description\" content=\"Die geplante Gliederung des Sicherungszuges umfasst drei Sicherungsgruppen, eine Zugunterst\u00fczungselement und den Zugf\u00fchrer.\" \/>\n<meta property=\"og:url\" content=\"https:\/\/www.reservisten-brandenburg.de\/sicherungszug\/gliederung-des-sicherungszuges\/\" \/>\n<meta property=\"og:site_name\" content=\"Sicherungszug Brandenburg\" \/>\n<meta property=\"article:publisher\" content=\"https:\/\/www.facebook.com\/reservisten.brandenburg\/\" \/>\n<meta property=\"article:modified_time\" content=\"2020-07-23T20:07:30+00:00\" \/>\n<meta property=\"og:image\" content=\"https:\/\/www.reservisten-brandenburg.de\/sicherungszug\/wp-content\/uploads\/sites\/5\/2020\/03\/Sicherungszug_angetreten.jpg\" \/>\n\t<meta property=\"og:image:width\" content=\"1600\" \/>\n\t<meta property=\"og:image:height\" content=\"900\" \/>\n\t<meta property=\"og:image:type\" content=\"image\/jpeg\" \/>\n<meta name=\"twitter:card\" content=\"summary_large_image\" \/>\n<meta name=\"twitter:site\" content=\"@ResBrandenburg\" \/>\n<meta name=\"twitter:label1\" content=\"Gesch\u00e4tzte Lesezeit\" \/>\n\t<meta name=\"twitter:data1\" content=\"1\u00a0Minute\" \/>\n<script type=\"application\/ld+json\" class=\"yoast-schema-graph\">{\"@context\":\"https:\\\/\\\/schema.org\",\"@graph\":[{\"@type\":\"WebPage\",\"@id\":\"https:\\\/\\\/www.reservisten-brandenburg.de\\\/sicherungszug\\\/gliederung-des-sicherungszuges\\\/\",\"url\":\"https:\\\/\\\/www.reservisten-brandenburg.de\\\/sicherungszug\\\/gliederung-des-sicherungszuges\\\/\",\"name\":\"Gliederung des Sicherungszuges - Sicherungszug Brandenburg\",\"isPartOf\":{\"@id\":\"https:\\\/\\\/www.reservisten-brandenburg.de\\\/sicherungszug\\\/#website\"},\"primaryImageOfPage\":{\"@id\":\"https:\\\/\\\/www.reservisten-brandenburg.de\\\/sicherungszug\\\/gliederung-des-sicherungszuges\\\/#primaryimage\"},\"image\":{\"@id\":\"https:\\\/\\\/www.reservisten-brandenburg.de\\\/sicherungszug\\\/gliederung-des-sicherungszuges\\\/#primaryimage\"},\"thumbnailUrl\":\"https:\\\/\\\/www.reservisten-brandenburg.de\\\/sicherungszug\\\/wp-content\\\/uploads\\\/sites\\\/5\\\/2020\\\/03\\\/Sicherungszug_angetreten.jpg\",\"datePublished\":\"2019-01-13T21:59:40+00:00\",\"dateModified\":\"2020-07-23T20:07:30+00:00\",\"description\":\"Die geplante Gliederung des Sicherungszuges umfasst drei Sicherungsgruppen, eine Zugunterst\u00fczungselement und den Zugf\u00fchrer.\",\"breadcrumb\":{\"@id\":\"https:\\\/\\\/www.reservisten-brandenburg.de\\\/sicherungszug\\\/gliederung-des-sicherungszuges\\\/#breadcrumb\"},\"inLanguage\":\"de\",\"potentialAction\":[{\"@type\":\"ReadAction\",\"target\":[\"https:\\\/\\\/www.reservisten-brandenburg.de\\\/sicherungszug\\\/gliederung-des-sicherungszuges\\\/\"]}]},{\"@type\":\"ImageObject\",\"inLanguage\":\"de\",\"@id\":\"https:\\\/\\\/www.reservisten-brandenburg.de\\\/sicherungszug\\\/gliederung-des-sicherungszuges\\\/#primaryimage\",\"url\":\"https:\\\/\\\/www.reservisten-brandenburg.de\\\/sicherungszug\\\/wp-content\\\/uploads\\\/sites\\\/5\\\/2020\\\/03\\\/Sicherungszug_angetreten.jpg\",\"contentUrl\":\"https:\\\/\\\/www.reservisten-brandenburg.de\\\/sicherungszug\\\/wp-content\\\/uploads\\\/sites\\\/5\\\/2020\\\/03\\\/Sicherungszug_angetreten.jpg\",\"width\":1600,\"height\":900},{\"@type\":\"BreadcrumbList\",\"@id\":\"https:\\\/\\\/www.reservisten-brandenburg.de\\\/sicherungszug\\\/gliederung-des-sicherungszuges\\\/#breadcrumb\",\"itemListElement\":[{\"@type\":\"ListItem\",\"position\":1,\"name\":\"Startseite\",\"item\":\"https:\\\/\\\/www.reservisten-brandenburg.de\\\/sicherungszug\\\/\"},{\"@type\":\"ListItem\",\"position\":2,\"name\":\"Gliederung des Sicherungszuges\"}]},{\"@type\":\"WebSite\",\"@id\":\"https:\\\/\\\/www.reservisten-brandenburg.de\\\/sicherungszug\\\/#website\",\"url\":\"https:\\\/\\\/www.reservisten-brandenburg.de\\\/sicherungszug\\\/\",\"name\":\"Sicherungszug Brandenburg\",\"description\":\"Eine weitere Reservistenverband Brandenburg - Websites Website\",\"publisher\":{\"@id\":\"https:\\\/\\\/www.reservisten-brandenburg.de\\\/sicherungszug\\\/#organization\"},\"potentialAction\":[{\"@type\":\"SearchAction\",\"target\":{\"@type\":\"EntryPoint\",\"urlTemplate\":\"https:\\\/\\\/www.reservisten-brandenburg.de\\\/sicherungszug\\\/?s={search_term_string}\"},\"query-input\":{\"@type\":\"PropertyValueSpecification\",\"valueRequired\":true,\"valueName\":\"search_term_string\"}}],\"inLanguage\":\"de\"},{\"@type\":\"Organization\",\"@id\":\"https:\\\/\\\/www.reservisten-brandenburg.de\\\/sicherungszug\\\/#organization\",\"name\":\"Reservistenverband Brandenburg\",\"url\":\"https:\\\/\\\/www.reservisten-brandenburg.de\\\/sicherungszug\\\/\",\"logo\":{\"@type\":\"ImageObject\",\"inLanguage\":\"de\",\"@id\":\"https:\\\/\\\/www.reservisten-brandenburg.de\\\/sicherungszug\\\/#\\\/schema\\\/logo\\\/image\\\/\",\"url\":\"\",\"contentUrl\":\"\",\"caption\":\"Reservistenverband Brandenburg\"},\"image\":{\"@id\":\"https:\\\/\\\/www.reservisten-brandenburg.de\\\/sicherungszug\\\/#\\\/schema\\\/logo\\\/image\\\/\"},\"sameAs\":[\"https:\\\/\\\/www.facebook.com\\\/reservisten.brandenburg\\\/\",\"https:\\\/\\\/x.com\\\/ResBrandenburg\",\"https:\\\/\\\/www.youtube.com\\\/channel\\\/UC30IySNYu79rnI6_89Sdf_A\",\"https:\\\/\\\/de.wikipedia.org\\\/wiki\\\/Verband_der_Reservisten_der_Deutschen_Bundeswehr\"]}]}<\/script>\n<!-- \/ Yoast SEO plugin. -->","yoast_head_json":{"title":"Gliederung des Sicherungszuges - Sicherungszug Brandenburg","description":"Die geplante Gliederung des Sicherungszuges umfasst drei Sicherungsgruppen, eine Zugunterst\u00fczungselement und den Zugf\u00fchrer.","robots":{"index":"index","follow":"follow","max-snippet":"max-snippet:-1","max-image-preview":"max-image-preview:large","max-video-preview":"max-video-preview:-1"},"canonical":"https:\/\/www.reservisten-brandenburg.de\/sicherungszug\/gliederung-des-sicherungszuges\/","og_locale":"de_DE","og_type":"article","og_title":"Gliederung des Sicherungszuges - Sicherungszug Brandenburg","og_description":"Die geplante Gliederung des Sicherungszuges umfasst drei Sicherungsgruppen, eine Zugunterst\u00fczungselement und den Zugf\u00fchrer.","og_url":"https:\/\/www.reservisten-brandenburg.de\/sicherungszug\/gliederung-des-sicherungszuges\/","og_site_name":"Sicherungszug Brandenburg","article_publisher":"https:\/\/www.facebook.com\/reservisten.brandenburg\/","article_modified_time":"2020-07-23T20:07:30+00:00","og_image":[{"width":1600,"height":900,"url":"https:\/\/www.reservisten-brandenburg.de\/sicherungszug\/wp-content\/uploads\/sites\/5\/2020\/03\/Sicherungszug_angetreten.jpg","type":"image\/jpeg"}],"twitter_card":"summary_large_image","twitter_site":"@ResBrandenburg","twitter_misc":{"Gesch\u00e4tzte Lesezeit":"1\u00a0Minute"},"schema":{"@context":"https:\/\/schema.org","@graph":[{"@type":"WebPage","@id":"https:\/\/www.reservisten-brandenburg.de\/sicherungszug\/gliederung-des-sicherungszuges\/","url":"https:\/\/www.reservisten-brandenburg.de\/sicherungszug\/gliederung-des-sicherungszuges\/","name":"Gliederung des Sicherungszuges - Sicherungszug Brandenburg","isPartOf":{"@id":"https:\/\/www.reservisten-brandenburg.de\/sicherungszug\/#website"},"primaryImageOfPage":{"@id":"https:\/\/www.reservisten-brandenburg.de\/sicherungszug\/gliederung-des-sicherungszuges\/#primaryimage"},"image":{"@id":"https:\/\/www.reservisten-brandenburg.de\/sicherungszug\/gliederung-des-sicherungszuges\/#primaryimage"},"thumbnailUrl":"https:\/\/www.reservisten-brandenburg.de\/sicherungszug\/wp-content\/uploads\/sites\/5\/2020\/03\/Sicherungszug_angetreten.jpg","datePublished":"2019-01-13T21:59:40+00:00","dateModified":"2020-07-23T20:07:30+00:00","description":"Die geplante Gliederung des Sicherungszuges umfasst drei Sicherungsgruppen, eine Zugunterst\u00fczungselement und den Zugf\u00fchrer.","breadcrumb":{"@id":"https:\/\/www.reservisten-brandenburg.de\/sicherungszug\/gliederung-des-sicherungszuges\/#breadcrumb"},"inLanguage":"de","potentialAction":[{"@type":"ReadAction","target":["https:\/\/www.reservisten-brandenburg.de\/sicherungszug\/gliederung-des-sicherungszuges\/"]}]},{"@type":"ImageObject","inLanguage":"de","@id":"https:\/\/www.reservisten-brandenburg.de\/sicherungszug\/gliederung-des-sicherungszuges\/#primaryimage","url":"https:\/\/www.reservisten-brandenburg.de\/sicherungszug\/wp-content\/uploads\/sites\/5\/2020\/03\/Sicherungszug_angetreten.jpg","contentUrl":"https:\/\/www.reservisten-brandenburg.de\/sicherungszug\/wp-content\/uploads\/sites\/5\/2020\/03\/Sicherungszug_angetreten.jpg","width":1600,"height":900},{"@type":"BreadcrumbList","@id":"https:\/\/www.reservisten-brandenburg.de\/sicherungszug\/gliederung-des-sicherungszuges\/#breadcrumb","itemListElement":[{"@type":"ListItem","position":1,"name":"Startseite","item":"https:\/\/www.reservisten-brandenburg.de\/sicherungszug\/"},{"@type":"ListItem","position":2,"name":"Gliederung des Sicherungszuges"}]},{"@type":"WebSite","@id":"https:\/\/www.reservisten-brandenburg.de\/sicherungszug\/#website","url":"https:\/\/www.reservisten-brandenburg.de\/sicherungszug\/","name":"Sicherungszug Brandenburg","description":"Eine weitere Reservistenverband Brandenburg - Websites Website","publisher":{"@id":"https:\/\/www.reservisten-brandenburg.de\/sicherungszug\/#organization"},"potentialAction":[{"@type":"SearchAction","target":{"@type":"EntryPoint","urlTemplate":"https:\/\/www.reservisten-brandenburg.de\/sicherungszug\/?s={search_term_string}"},"query-input":{"@type":"PropertyValueSpecification","valueRequired":true,"valueName":"search_term_string"}}],"inLanguage":"de"},{"@type":"Organization","@id":"https:\/\/www.reservisten-brandenburg.de\/sicherungszug\/#organization","name":"Reservistenverband Brandenburg","url":"https:\/\/www.reservisten-brandenburg.de\/sicherungszug\/","logo":{"@type":"ImageObject","inLanguage":"de","@id":"https:\/\/www.reservisten-brandenburg.de\/sicherungszug\/#\/schema\/logo\/image\/","url":"","contentUrl":"","caption":"Reservistenverband Brandenburg"},"image":{"@id":"https:\/\/www.reservisten-brandenburg.de\/sicherungszug\/#\/schema\/logo\/image\/"},"sameAs":["https:\/\/www.facebook.com\/reservisten.brandenburg\/","https:\/\/x.com\/ResBrandenburg","https:\/\/www.youtube.com\/channel\/UC30IySNYu79rnI6_89Sdf_A","https:\/\/de.wikipedia.org\/wiki\/Verband_der_Reservisten_der_Deutschen_Bundeswehr"]}]}},"_links":{"self":[{"href":"https:\/\/www.reservisten-brandenburg.de\/sicherungszug\/wp-json\/wp\/v2\/pages\/1159","targetHints":{"allow":["GET"]}}],"collection":[{"href":"https:\/\/www.reservisten-brandenburg.de\/sicherungszug\/wp-json\/wp\/v2\/pages"}],"about":[{"href":"https:\/\/www.reservisten-brandenburg.de\/sicherungszug\/wp-json\/wp\/v2\/types\/page"}],"author":[{"embeddable":true,"href":"https:\/\/www.reservisten-brandenburg.de\/sicherungszug\/wp-json\/wp\/v2\/users\/12"}],"replies":[{"embeddable":true,"href":"https:\/\/www.reservisten-brandenburg.de\/sicherungszug\/wp-json\/wp\/v2\/comments?post=1159"}],"version-history":[{"count":0,"href":"https:\/\/www.reservisten-brandenburg.de\/sicherungszug\/wp-json\/wp\/v2\/pages\/1159\/revisions"}],"wp:featuredmedia":[{"embeddable":true,"href":"https:\/\/www.reservisten-brandenburg.de\/sicherungszug\/wp-json\/wp\/v2\/media\/50"}],"wp:attachment":[{"href":"https:\/\/www.reservisten-brandenburg.de\/sicherungszug\/wp-json\/wp\/v2\/media?parent=1159"}],"curies":[{"name":"wp","href":"https:\/\/api.w.org\/{rel}","templated":true}]}}