{"id":1153,"date":"2019-01-13T22:52:45","date_gmt":"2019-01-13T21:52:45","guid":{"rendered":"https:\/\/www.reservisten-brandenburg.de\/?page_id=1153"},"modified":"2020-03-20T01:43:16","modified_gmt":"2020-03-20T00:43:16","slug":"plan-sichzg","status":"publish","type":"page","link":"https:\/\/www.reservisten-brandenburg.de\/sicherungszug\/plan-sichzg\/","title":{"rendered":"Der Plan"},"content":{"rendered":"\n<p>Die Ausbildung des Sicherungszuges ist auf einen Zeitraum von drei Jahren ausgelegt. Die Ausbildung findet im Rahmen der unbeorderten Reserve statt. Um den Rahmenbedingungen der Reservisten gerecht zu werden, ist der Plan etwas gestreckt worden. Die Veranstaltungen finden im Regelfall am Wochenende statt. So k\u00f6nnen die Reservisten die Termine am besten in das Familien- und Berufsleben, und nicht selten auch noch in die Verwendung auf ihrem Beorderungsdienstposten, integrieren.<\/p>\n\n\n\n<p>Grunds\u00e4tzlich sind vier gr\u00f6\u00dfere Ausbildungsvorhaben pro Jahr geplant. Generell wird dazu in jedem Quartal ein Ausbildungswochenende durchgef\u00fchrt. Erg\u00e4nzend wird der <a href=\"https:\/\/www.reservisten-brandenburg.de\/militaerische-ausbildung\/motivationstag\/\">Motivationstag<\/a> durchgef\u00fchrt. Dazu kommt die <a href=\"https:\/\/www.reservisten-brandenburg.de\/militaerische-ausbildung\/ausbildungsinhalte\/schiessen\/\">Schie\u00dfausbildung<\/a>, die auch mit unterschiedlichen Schwerpunkten vier bis f\u00fcnf mal im Jahr angeboten wird.<\/p>\n\n\n\n<h3 class=\"wp-block-heading\">2018: Grundlagen<\/h3>\n\n\n\n<p>Im ersten Jahr liegt der Schwerpunkt auf der Feststellung des Leistungsstandes der einzelnen Reservisten. Darauf baut die Einzelausbildung auf. Deren Ziel ist es einen gemeinsamen Ausbildungsstand herzustellen, auf dem weitere <a href=\"https:\/\/www.reservisten-brandenburg.de\/militaerische-ausbildung\/\">Ausbildungen<\/a> aufsetzen k\u00f6nnen.<\/p>\n\n\n\n<ol class=\"wp-block-list\"><li>\u00dcberpr\u00fcfen der soldatischen F\u00e4higkeiten der einzelnen Reservisten<\/li><li>Beginn der Grundlagenausbildung<\/li><li>Einzelausbildung der Reservisten mit dem Ziel, um einen vergleichbaren Ausbildungsstand zu erreichen<\/li><li>Sichtung des Kaders, um zuk\u00fcnftige F\u00fchrungskr\u00e4fte als Truppf\u00fchrer, Gruppenf\u00fchrer und Zugf\u00fchrer zu identifizieren<\/li><li>St\u00e4rkung des Gemeinschaftsgef\u00fchl und der Kameradschaft<\/li><li>Beginn der strukturierten Ausbildung mit festem Ausbildungsziel <\/li><li>Sch\u00e4rfen des Grundgedanken<\/li><\/ol>\n\n\n\n<h3 class=\"wp-block-heading\">2019: Zusammenwirken der Kr\u00e4fte<\/h3>\n\n\n\n<p>Das <a href=\"https:\/\/www.reservisten-brandenburg.de\/sicherungszug\/plan-2019\/\">Jahr<\/a> beginnt mit der \u00dcberpr\u00fcfung des Ausbildungsstandes der <a href=\"https:\/\/www.reservisten-brandenburg.de\/militaerische-ausbildung\/ausbildungsinhalte\/militaerische-grundlagen\/\">milit\u00e4rischen Grundlagen<\/a>. Anschlie\u00dfend geht es in die weiterf\u00fchrende Ausbildung \u00fcber. Dabei steht das Zusammenwirken der Kr\u00e4fte in Ihren <a href=\"https:\/\/www.reservisten-brandenburg.de\/sicherungszug\/gliederung-des-sicherungszuges\/\">Teileinheiten<\/a> im Fokus. Der Plan ist es, so die Grundlage f\u00fcr die gemeinsame Ausbildung des Zuges zu legen.<\/p>\n\n\n\n<ol class=\"wp-block-list\"><li>Abschluss der Grundlagenausbildung <\/li><li>Beginn der Spezialisierungsausbildung<\/li><li>Aufstellen von festen Trupps und Gruppen und deren Ausbildung in den Teileinheiten<\/li><\/ol>\n","protected":false},"excerpt":{"rendered":"<p>Die Ausbildung des Sicherungszuges ist auf einen Zeitraum von drei Jahren ausgelegt. Die Ausbildung findet im Rahmen der unbeorderten Reserve statt. Um den Rahmenbedingungen der Reservisten gerecht zu werden, ist [&hellip;]<\/p>\n","protected":false},"author":12,"featured_media":7582,"parent":0,"menu_order":3,"comment_status":"closed","ping_status":"closed","template":"","meta":{"footnotes":""},"class_list":["post-1153","page","type-page","status-publish","has-post-thumbnail","hentry"],"yoast_head":"<!-- This site is optimized with the Yoast SEO plugin v27.3 - https:\/\/yoast.com\/product\/yoast-seo-wordpress\/ -->\n<title>Der Plan - Sicherungszug Brandenburg<\/title>\n<meta name=\"description\" content=\"Die Ausbildung des Sicherungszuges erfolgt nach Plan. Der Fokus liegt zuerst auf der Einzelausbildung, dann auf der Gruppe und abschlie\u00dfend auf dem Zug.\" \/>\n<meta name=\"robots\" content=\"index, follow, max-snippet:-1, max-image-preview:large, max-video-preview:-1\" \/>\n<link rel=\"canonical\" href=\"https:\/\/www.reservisten-brandenburg.de\/sicherungszug\/plan-sichzg\/\" \/>\n<meta property=\"og:locale\" content=\"de_DE\" \/>\n<meta property=\"og:type\" content=\"article\" \/>\n<meta property=\"og:title\" content=\"Der Plan - Sicherungszug Brandenburg\" \/>\n<meta property=\"og:description\" content=\"Die Ausbildung des Sicherungszuges erfolgt nach Plan. Der Fokus liegt zuerst auf der Einzelausbildung, dann auf der Gruppe und abschlie\u00dfend auf dem Zug.\" \/>\n<meta property=\"og:url\" content=\"https:\/\/www.reservisten-brandenburg.de\/sicherungszug\/plan-sichzg\/\" \/>\n<meta property=\"og:site_name\" content=\"Sicherungszug Brandenburg\" \/>\n<meta property=\"article:publisher\" content=\"https:\/\/www.facebook.com\/reservisten.brandenburg\/\" \/>\n<meta property=\"article:modified_time\" content=\"2020-03-20T00:43:16+00:00\" \/>\n<meta property=\"og:image\" content=\"https:\/\/www.reservisten-brandenburg.de\/sicherungszug\/wp-content\/uploads\/sites\/5\/2020\/03\/Leistungsmarsch.jpg\" \/>\n\t<meta property=\"og:image:width\" content=\"1600\" \/>\n\t<meta property=\"og:image:height\" content=\"900\" \/>\n\t<meta property=\"og:image:type\" content=\"image\/jpeg\" \/>\n<meta name=\"twitter:card\" content=\"summary_large_image\" \/>\n<meta name=\"twitter:site\" content=\"@ResBrandenburg\" \/>\n<meta name=\"twitter:label1\" content=\"Gesch\u00e4tzte Lesezeit\" \/>\n\t<meta name=\"twitter:data1\" content=\"1\u00a0Minute\" \/>\n<script type=\"application\/ld+json\" class=\"yoast-schema-graph\">{\"@context\":\"https:\\\/\\\/schema.org\",\"@graph\":[{\"@type\":\"WebPage\",\"@id\":\"https:\\\/\\\/www.reservisten-brandenburg.de\\\/sicherungszug\\\/plan-sichzg\\\/\",\"url\":\"https:\\\/\\\/www.reservisten-brandenburg.de\\\/sicherungszug\\\/plan-sichzg\\\/\",\"name\":\"Der Plan - Sicherungszug Brandenburg\",\"isPartOf\":{\"@id\":\"https:\\\/\\\/www.reservisten-brandenburg.de\\\/sicherungszug\\\/#website\"},\"primaryImageOfPage\":{\"@id\":\"https:\\\/\\\/www.reservisten-brandenburg.de\\\/sicherungszug\\\/plan-sichzg\\\/#primaryimage\"},\"image\":{\"@id\":\"https:\\\/\\\/www.reservisten-brandenburg.de\\\/sicherungszug\\\/plan-sichzg\\\/#primaryimage\"},\"thumbnailUrl\":\"https:\\\/\\\/www.reservisten-brandenburg.de\\\/sicherungszug\\\/wp-content\\\/uploads\\\/sites\\\/5\\\/2020\\\/03\\\/Leistungsmarsch.jpg\",\"datePublished\":\"2019-01-13T21:52:45+00:00\",\"dateModified\":\"2020-03-20T00:43:16+00:00\",\"description\":\"Die Ausbildung des Sicherungszuges erfolgt nach Plan. Der Fokus liegt zuerst auf der Einzelausbildung, dann auf der Gruppe und abschlie\u00dfend auf dem Zug.\",\"breadcrumb\":{\"@id\":\"https:\\\/\\\/www.reservisten-brandenburg.de\\\/sicherungszug\\\/plan-sichzg\\\/#breadcrumb\"},\"inLanguage\":\"de\",\"potentialAction\":[{\"@type\":\"ReadAction\",\"target\":[\"https:\\\/\\\/www.reservisten-brandenburg.de\\\/sicherungszug\\\/plan-sichzg\\\/\"]}]},{\"@type\":\"ImageObject\",\"inLanguage\":\"de\",\"@id\":\"https:\\\/\\\/www.reservisten-brandenburg.de\\\/sicherungszug\\\/plan-sichzg\\\/#primaryimage\",\"url\":\"https:\\\/\\\/www.reservisten-brandenburg.de\\\/sicherungszug\\\/wp-content\\\/uploads\\\/sites\\\/5\\\/2020\\\/03\\\/Leistungsmarsch.jpg\",\"contentUrl\":\"https:\\\/\\\/www.reservisten-brandenburg.de\\\/sicherungszug\\\/wp-content\\\/uploads\\\/sites\\\/5\\\/2020\\\/03\\\/Leistungsmarsch.jpg\",\"width\":1600,\"height\":900},{\"@type\":\"BreadcrumbList\",\"@id\":\"https:\\\/\\\/www.reservisten-brandenburg.de\\\/sicherungszug\\\/plan-sichzg\\\/#breadcrumb\",\"itemListElement\":[{\"@type\":\"ListItem\",\"position\":1,\"name\":\"Startseite\",\"item\":\"https:\\\/\\\/www.reservisten-brandenburg.de\\\/sicherungszug\\\/\"},{\"@type\":\"ListItem\",\"position\":2,\"name\":\"Der Plan\"}]},{\"@type\":\"WebSite\",\"@id\":\"https:\\\/\\\/www.reservisten-brandenburg.de\\\/sicherungszug\\\/#website\",\"url\":\"https:\\\/\\\/www.reservisten-brandenburg.de\\\/sicherungszug\\\/\",\"name\":\"Sicherungszug Brandenburg\",\"description\":\"Eine weitere Reservistenverband Brandenburg - Websites Website\",\"publisher\":{\"@id\":\"https:\\\/\\\/www.reservisten-brandenburg.de\\\/sicherungszug\\\/#organization\"},\"potentialAction\":[{\"@type\":\"SearchAction\",\"target\":{\"@type\":\"EntryPoint\",\"urlTemplate\":\"https:\\\/\\\/www.reservisten-brandenburg.de\\\/sicherungszug\\\/?s={search_term_string}\"},\"query-input\":{\"@type\":\"PropertyValueSpecification\",\"valueRequired\":true,\"valueName\":\"search_term_string\"}}],\"inLanguage\":\"de\"},{\"@type\":\"Organization\",\"@id\":\"https:\\\/\\\/www.reservisten-brandenburg.de\\\/sicherungszug\\\/#organization\",\"name\":\"Reservistenverband Brandenburg\",\"url\":\"https:\\\/\\\/www.reservisten-brandenburg.de\\\/sicherungszug\\\/\",\"logo\":{\"@type\":\"ImageObject\",\"inLanguage\":\"de\",\"@id\":\"https:\\\/\\\/www.reservisten-brandenburg.de\\\/sicherungszug\\\/#\\\/schema\\\/logo\\\/image\\\/\",\"url\":\"\",\"contentUrl\":\"\",\"caption\":\"Reservistenverband Brandenburg\"},\"image\":{\"@id\":\"https:\\\/\\\/www.reservisten-brandenburg.de\\\/sicherungszug\\\/#\\\/schema\\\/logo\\\/image\\\/\"},\"sameAs\":[\"https:\\\/\\\/www.facebook.com\\\/reservisten.brandenburg\\\/\",\"https:\\\/\\\/x.com\\\/ResBrandenburg\",\"https:\\\/\\\/www.youtube.com\\\/channel\\\/UC30IySNYu79rnI6_89Sdf_A\",\"https:\\\/\\\/de.wikipedia.org\\\/wiki\\\/Verband_der_Reservisten_der_Deutschen_Bundeswehr\"]}]}<\/script>\n<!-- \/ Yoast SEO plugin. -->","yoast_head_json":{"title":"Der Plan - Sicherungszug Brandenburg","description":"Die Ausbildung des Sicherungszuges erfolgt nach Plan. Der Fokus liegt zuerst auf der Einzelausbildung, dann auf der Gruppe und abschlie\u00dfend auf dem Zug.","robots":{"index":"index","follow":"follow","max-snippet":"max-snippet:-1","max-image-preview":"max-image-preview:large","max-video-preview":"max-video-preview:-1"},"canonical":"https:\/\/www.reservisten-brandenburg.de\/sicherungszug\/plan-sichzg\/","og_locale":"de_DE","og_type":"article","og_title":"Der Plan - Sicherungszug Brandenburg","og_description":"Die Ausbildung des Sicherungszuges erfolgt nach Plan. Der Fokus liegt zuerst auf der Einzelausbildung, dann auf der Gruppe und abschlie\u00dfend auf dem Zug.","og_url":"https:\/\/www.reservisten-brandenburg.de\/sicherungszug\/plan-sichzg\/","og_site_name":"Sicherungszug Brandenburg","article_publisher":"https:\/\/www.facebook.com\/reservisten.brandenburg\/","article_modified_time":"2020-03-20T00:43:16+00:00","og_image":[{"width":1600,"height":900,"url":"https:\/\/www.reservisten-brandenburg.de\/sicherungszug\/wp-content\/uploads\/sites\/5\/2020\/03\/Leistungsmarsch.jpg","type":"image\/jpeg"}],"twitter_card":"summary_large_image","twitter_site":"@ResBrandenburg","twitter_misc":{"Gesch\u00e4tzte Lesezeit":"1\u00a0Minute"},"schema":{"@context":"https:\/\/schema.org","@graph":[{"@type":"WebPage","@id":"https:\/\/www.reservisten-brandenburg.de\/sicherungszug\/plan-sichzg\/","url":"https:\/\/www.reservisten-brandenburg.de\/sicherungszug\/plan-sichzg\/","name":"Der Plan - Sicherungszug Brandenburg","isPartOf":{"@id":"https:\/\/www.reservisten-brandenburg.de\/sicherungszug\/#website"},"primaryImageOfPage":{"@id":"https:\/\/www.reservisten-brandenburg.de\/sicherungszug\/plan-sichzg\/#primaryimage"},"image":{"@id":"https:\/\/www.reservisten-brandenburg.de\/sicherungszug\/plan-sichzg\/#primaryimage"},"thumbnailUrl":"https:\/\/www.reservisten-brandenburg.de\/sicherungszug\/wp-content\/uploads\/sites\/5\/2020\/03\/Leistungsmarsch.jpg","datePublished":"2019-01-13T21:52:45+00:00","dateModified":"2020-03-20T00:43:16+00:00","description":"Die Ausbildung des Sicherungszuges erfolgt nach Plan. Der Fokus liegt zuerst auf der Einzelausbildung, dann auf der Gruppe und abschlie\u00dfend auf dem Zug.","breadcrumb":{"@id":"https:\/\/www.reservisten-brandenburg.de\/sicherungszug\/plan-sichzg\/#breadcrumb"},"inLanguage":"de","potentialAction":[{"@type":"ReadAction","target":["https:\/\/www.reservisten-brandenburg.de\/sicherungszug\/plan-sichzg\/"]}]},{"@type":"ImageObject","inLanguage":"de","@id":"https:\/\/www.reservisten-brandenburg.de\/sicherungszug\/plan-sichzg\/#primaryimage","url":"https:\/\/www.reservisten-brandenburg.de\/sicherungszug\/wp-content\/uploads\/sites\/5\/2020\/03\/Leistungsmarsch.jpg","contentUrl":"https:\/\/www.reservisten-brandenburg.de\/sicherungszug\/wp-content\/uploads\/sites\/5\/2020\/03\/Leistungsmarsch.jpg","width":1600,"height":900},{"@type":"BreadcrumbList","@id":"https:\/\/www.reservisten-brandenburg.de\/sicherungszug\/plan-sichzg\/#breadcrumb","itemListElement":[{"@type":"ListItem","position":1,"name":"Startseite","item":"https:\/\/www.reservisten-brandenburg.de\/sicherungszug\/"},{"@type":"ListItem","position":2,"name":"Der Plan"}]},{"@type":"WebSite","@id":"https:\/\/www.reservisten-brandenburg.de\/sicherungszug\/#website","url":"https:\/\/www.reservisten-brandenburg.de\/sicherungszug\/","name":"Sicherungszug Brandenburg","description":"Eine weitere Reservistenverband Brandenburg - Websites Website","publisher":{"@id":"https:\/\/www.reservisten-brandenburg.de\/sicherungszug\/#organization"},"potentialAction":[{"@type":"SearchAction","target":{"@type":"EntryPoint","urlTemplate":"https:\/\/www.reservisten-brandenburg.de\/sicherungszug\/?s={search_term_string}"},"query-input":{"@type":"PropertyValueSpecification","valueRequired":true,"valueName":"search_term_string"}}],"inLanguage":"de"},{"@type":"Organization","@id":"https:\/\/www.reservisten-brandenburg.de\/sicherungszug\/#organization","name":"Reservistenverband Brandenburg","url":"https:\/\/www.reservisten-brandenburg.de\/sicherungszug\/","logo":{"@type":"ImageObject","inLanguage":"de","@id":"https:\/\/www.reservisten-brandenburg.de\/sicherungszug\/#\/schema\/logo\/image\/","url":"","contentUrl":"","caption":"Reservistenverband Brandenburg"},"image":{"@id":"https:\/\/www.reservisten-brandenburg.de\/sicherungszug\/#\/schema\/logo\/image\/"},"sameAs":["https:\/\/www.facebook.com\/reservisten.brandenburg\/","https:\/\/x.com\/ResBrandenburg","https:\/\/www.youtube.com\/channel\/UC30IySNYu79rnI6_89Sdf_A","https:\/\/de.wikipedia.org\/wiki\/Verband_der_Reservisten_der_Deutschen_Bundeswehr"]}]}},"_links":{"self":[{"href":"https:\/\/www.reservisten-brandenburg.de\/sicherungszug\/wp-json\/wp\/v2\/pages\/1153","targetHints":{"allow":["GET"]}}],"collection":[{"href":"https:\/\/www.reservisten-brandenburg.de\/sicherungszug\/wp-json\/wp\/v2\/pages"}],"about":[{"href":"https:\/\/www.reservisten-brandenburg.de\/sicherungszug\/wp-json\/wp\/v2\/types\/page"}],"author":[{"embeddable":true,"href":"https:\/\/www.reservisten-brandenburg.de\/sicherungszug\/wp-json\/wp\/v2\/users\/12"}],"replies":[{"embeddable":true,"href":"https:\/\/www.reservisten-brandenburg.de\/sicherungszug\/wp-json\/wp\/v2\/comments?post=1153"}],"version-history":[{"count":0,"href":"https:\/\/www.reservisten-brandenburg.de\/sicherungszug\/wp-json\/wp\/v2\/pages\/1153\/revisions"}],"wp:featuredmedia":[{"embeddable":true,"href":"https:\/\/www.reservisten-brandenburg.de\/sicherungszug\/wp-json\/wp\/v2\/media\/7582"}],"wp:attachment":[{"href":"https:\/\/www.reservisten-brandenburg.de\/sicherungszug\/wp-json\/wp\/v2\/media?parent=1153"}],"curies":[{"name":"wp","href":"https:\/\/api.w.org\/{rel}","templated":true}]}}