{"id":69,"date":"2020-03-23T13:27:15","date_gmt":"2020-03-23T12:27:15","guid":{"rendered":"https:\/\/www.reservisten-brandenburg.de\/sicherheitspolitik\/?page_id=69"},"modified":"2020-03-23T13:52:16","modified_gmt":"2020-03-23T12:52:16","slug":"veranstaltungen","status":"publish","type":"page","link":"https:\/\/www.reservisten-brandenburg.de\/sicherheitspolitik\/veranstaltungen\/","title":{"rendered":"Sicherheitspolitische Veranstaltungen"},"content":{"rendered":"\n<p>Die Landesgruppe Brandenburg f\u00fchrt j\u00e4hrlich mehrere sicherheitpolitische Veranstaltungen durch. Dabei arbeiten wir in vielen F\u00e4llen eng mit unseren <a href=\"https:\/\/www.reservisten-brandenburg.de\/sicherheitspolitik\/kooperationspartner\/\">Kooperationspartnern<\/a> zusammen. Die Teilnahme ist im Regelfall kostenlos.<\/p>\n\n\n\n<p>Eine \u00dcbersicht \u00fcber die kommenden Veranstaltungen finden Sie auf der Internetseite der <a href=\"http:\/\/www.reservisten-brandenburg.de\" target=\"_blank\" rel=\"noreferrer noopener\" aria-label=\"Landesgruppe Brandenburg (\u00f6ffnet in neuem Tab)\">Landesgruppe Brandenburg<\/a>. Dort k\u00f6nnen Sie sich auch gleich online anmelden.<\/p>\n\n\n\n<figure class=\"wp-block-image size-large\"><a href=\"https:\/\/www.reservisten-brandenburg.de\/events\/kategorie\/sicherheitspolitik\/\" target=\"_blank\" rel=\"noreferrer noopener\"><img loading=\"lazy\" decoding=\"async\" width=\"1024\" height=\"253\" src=\"https:\/\/www.reservisten-brandenburg.de\/sicherheitspolitik\/wp-content\/uploads\/sites\/6\/2020\/03\/Banner_LG-Brandenburg_SiPol-1024x253.jpg\" alt=\"Zu den sicherheitspolitischen Veranstaltungen der Landesgruppe Brandenburg\" class=\"wp-image-77\" srcset=\"https:\/\/www.reservisten-brandenburg.de\/sicherheitspolitik\/wp-content\/uploads\/sites\/6\/2020\/03\/Banner_LG-Brandenburg_SiPol-1024x253.jpg 1024w, https:\/\/www.reservisten-brandenburg.de\/sicherheitspolitik\/wp-content\/uploads\/sites\/6\/2020\/03\/Banner_LG-Brandenburg_SiPol-300x74.jpg 300w, https:\/\/www.reservisten-brandenburg.de\/sicherheitspolitik\/wp-content\/uploads\/sites\/6\/2020\/03\/Banner_LG-Brandenburg_SiPol-768x190.jpg 768w, https:\/\/www.reservisten-brandenburg.de\/sicherheitspolitik\/wp-content\/uploads\/sites\/6\/2020\/03\/Banner_LG-Brandenburg_SiPol-1536x380.jpg 1536w, https:\/\/www.reservisten-brandenburg.de\/sicherheitspolitik\/wp-content\/uploads\/sites\/6\/2020\/03\/Banner_LG-Brandenburg_SiPol.jpg 1600w\" sizes=\"auto, (max-width: 1024px) 100vw, 1024px\" \/><\/a><\/figure>\n","protected":false},"excerpt":{"rendered":"<p>Die Landesgruppe Brandenburg f\u00fchrt j\u00e4hrlich mehrere sicherheitpolitische Veranstaltungen durch. Dabei arbeiten wir in vielen F\u00e4llen eng mit unseren Kooperationspartnern zusammen. Die Teilnahme ist im Regelfall kostenlos. Eine \u00dcbersicht \u00fcber die [&hellip;]<\/p>\n","protected":false},"author":12,"featured_media":45,"parent":0,"menu_order":0,"comment_status":"closed","ping_status":"closed","template":"","meta":{"footnotes":""},"class_list":["post-69","page","type-page","status-publish","has-post-thumbnail","hentry"],"yoast_head":"<!-- This site is optimized with the Yoast SEO plugin v27.3 - https:\/\/yoast.com\/product\/yoast-seo-wordpress\/ -->\n<title>Sicherheitspolitische Veranstaltungen - Sicherheitspolitik in Brandenburg<\/title>\n<meta name=\"description\" content=\"Die Landesgruppe Brandenburg f\u00fchrt j\u00e4hrlich mehrere sicherheitspolitische Veranstaltungen durch. Die Teilnahme ist im Regelfall kostenlos.\" \/>\n<meta name=\"robots\" content=\"index, follow, max-snippet:-1, max-image-preview:large, max-video-preview:-1\" \/>\n<link rel=\"canonical\" href=\"https:\/\/www.reservisten-brandenburg.de\/sicherheitspolitik\/veranstaltungen\/\" \/>\n<meta property=\"og:locale\" content=\"de_DE\" \/>\n<meta property=\"og:type\" content=\"article\" \/>\n<meta property=\"og:title\" content=\"Sicherheitspolitische Veranstaltungen - Sicherheitspolitik in Brandenburg\" \/>\n<meta property=\"og:description\" content=\"Die Landesgruppe Brandenburg f\u00fchrt j\u00e4hrlich mehrere sicherheitspolitische Veranstaltungen durch. Die Teilnahme ist im Regelfall kostenlos.\" \/>\n<meta property=\"og:url\" content=\"https:\/\/www.reservisten-brandenburg.de\/sicherheitspolitik\/veranstaltungen\/\" \/>\n<meta property=\"og:site_name\" content=\"Sicherheitspolitik in Brandenburg\" \/>\n<meta property=\"article:publisher\" content=\"https:\/\/www.facebook.com\/reservisten.brandenburg\/\" \/>\n<meta property=\"article:modified_time\" content=\"2020-03-23T12:52:16+00:00\" \/>\n<meta property=\"og:image\" content=\"https:\/\/www.reservisten-brandenburg.de\/sicherheitspolitik\/wp-content\/uploads\/sites\/6\/2020\/03\/KAS_Europaarmee_2.jpg\" \/>\n\t<meta property=\"og:image:width\" content=\"1600\" \/>\n\t<meta property=\"og:image:height\" content=\"900\" \/>\n\t<meta property=\"og:image:type\" content=\"image\/jpeg\" \/>\n<meta name=\"twitter:card\" content=\"summary_large_image\" \/>\n<meta name=\"twitter:site\" content=\"@ResBrandenburg\" \/>\n<script type=\"application\/ld+json\" class=\"yoast-schema-graph\">{\"@context\":\"https:\\\/\\\/schema.org\",\"@graph\":[{\"@type\":\"WebPage\",\"@id\":\"https:\\\/\\\/www.reservisten-brandenburg.de\\\/sicherheitspolitik\\\/veranstaltungen\\\/\",\"url\":\"https:\\\/\\\/www.reservisten-brandenburg.de\\\/sicherheitspolitik\\\/veranstaltungen\\\/\",\"name\":\"Sicherheitspolitische Veranstaltungen - Sicherheitspolitik in Brandenburg\",\"isPartOf\":{\"@id\":\"https:\\\/\\\/www.reservisten-brandenburg.de\\\/sicherheitspolitik\\\/#website\"},\"primaryImageOfPage\":{\"@id\":\"https:\\\/\\\/www.reservisten-brandenburg.de\\\/sicherheitspolitik\\\/veranstaltungen\\\/#primaryimage\"},\"image\":{\"@id\":\"https:\\\/\\\/www.reservisten-brandenburg.de\\\/sicherheitspolitik\\\/veranstaltungen\\\/#primaryimage\"},\"thumbnailUrl\":\"https:\\\/\\\/www.reservisten-brandenburg.de\\\/sicherheitspolitik\\\/wp-content\\\/uploads\\\/sites\\\/6\\\/2020\\\/03\\\/KAS_Europaarmee_2.jpg\",\"datePublished\":\"2020-03-23T12:27:15+00:00\",\"dateModified\":\"2020-03-23T12:52:16+00:00\",\"description\":\"Die Landesgruppe Brandenburg f\u00fchrt j\u00e4hrlich mehrere sicherheitspolitische Veranstaltungen durch. Die Teilnahme ist im Regelfall kostenlos.\",\"breadcrumb\":{\"@id\":\"https:\\\/\\\/www.reservisten-brandenburg.de\\\/sicherheitspolitik\\\/veranstaltungen\\\/#breadcrumb\"},\"inLanguage\":\"de\",\"potentialAction\":[{\"@type\":\"ReadAction\",\"target\":[\"https:\\\/\\\/www.reservisten-brandenburg.de\\\/sicherheitspolitik\\\/veranstaltungen\\\/\"]}]},{\"@type\":\"ImageObject\",\"inLanguage\":\"de\",\"@id\":\"https:\\\/\\\/www.reservisten-brandenburg.de\\\/sicherheitspolitik\\\/veranstaltungen\\\/#primaryimage\",\"url\":\"https:\\\/\\\/www.reservisten-brandenburg.de\\\/sicherheitspolitik\\\/wp-content\\\/uploads\\\/sites\\\/6\\\/2020\\\/03\\\/KAS_Europaarmee_2.jpg\",\"contentUrl\":\"https:\\\/\\\/www.reservisten-brandenburg.de\\\/sicherheitspolitik\\\/wp-content\\\/uploads\\\/sites\\\/6\\\/2020\\\/03\\\/KAS_Europaarmee_2.jpg\",\"width\":1600,\"height\":900},{\"@type\":\"BreadcrumbList\",\"@id\":\"https:\\\/\\\/www.reservisten-brandenburg.de\\\/sicherheitspolitik\\\/veranstaltungen\\\/#breadcrumb\",\"itemListElement\":[{\"@type\":\"ListItem\",\"position\":1,\"name\":\"Startseite\",\"item\":\"https:\\\/\\\/www.reservisten-brandenburg.de\\\/sicherheitspolitik\\\/\"},{\"@type\":\"ListItem\",\"position\":2,\"name\":\"Sicherheitspolitische Veranstaltungen\"}]},{\"@type\":\"WebSite\",\"@id\":\"https:\\\/\\\/www.reservisten-brandenburg.de\\\/sicherheitspolitik\\\/#website\",\"url\":\"https:\\\/\\\/www.reservisten-brandenburg.de\\\/sicherheitspolitik\\\/\",\"name\":\"Sicherheitspolitik in Brandenburg\",\"description\":\"Eine weitere Reservistenverband Brandenburg - Websites Website\",\"publisher\":{\"@id\":\"https:\\\/\\\/www.reservisten-brandenburg.de\\\/sicherheitspolitik\\\/#organization\"},\"potentialAction\":[{\"@type\":\"SearchAction\",\"target\":{\"@type\":\"EntryPoint\",\"urlTemplate\":\"https:\\\/\\\/www.reservisten-brandenburg.de\\\/sicherheitspolitik\\\/?s={search_term_string}\"},\"query-input\":{\"@type\":\"PropertyValueSpecification\",\"valueRequired\":true,\"valueName\":\"search_term_string\"}}],\"inLanguage\":\"de\"},{\"@type\":\"Organization\",\"@id\":\"https:\\\/\\\/www.reservisten-brandenburg.de\\\/sicherheitspolitik\\\/#organization\",\"name\":\"Reservistenverband Brandenburg\",\"url\":\"https:\\\/\\\/www.reservisten-brandenburg.de\\\/sicherheitspolitik\\\/\",\"logo\":{\"@type\":\"ImageObject\",\"inLanguage\":\"de\",\"@id\":\"https:\\\/\\\/www.reservisten-brandenburg.de\\\/sicherheitspolitik\\\/#\\\/schema\\\/logo\\\/image\\\/\",\"url\":\"\",\"contentUrl\":\"\",\"caption\":\"Reservistenverband Brandenburg\"},\"image\":{\"@id\":\"https:\\\/\\\/www.reservisten-brandenburg.de\\\/sicherheitspolitik\\\/#\\\/schema\\\/logo\\\/image\\\/\"},\"sameAs\":[\"https:\\\/\\\/www.facebook.com\\\/reservisten.brandenburg\\\/\",\"https:\\\/\\\/x.com\\\/ResBrandenburg\",\"https:\\\/\\\/www.youtube.com\\\/channel\\\/UC30IySNYu79rnI6_89Sdf_A\",\"https:\\\/\\\/de.wikipedia.org\\\/wiki\\\/Verband_der_Reservisten_der_Deutschen_Bundeswehr\"]}]}<\/script>\n<!-- \/ Yoast SEO plugin. -->","yoast_head_json":{"title":"Sicherheitspolitische Veranstaltungen - Sicherheitspolitik in Brandenburg","description":"Die Landesgruppe Brandenburg f\u00fchrt j\u00e4hrlich mehrere sicherheitspolitische Veranstaltungen durch. Die Teilnahme ist im Regelfall kostenlos.","robots":{"index":"index","follow":"follow","max-snippet":"max-snippet:-1","max-image-preview":"max-image-preview:large","max-video-preview":"max-video-preview:-1"},"canonical":"https:\/\/www.reservisten-brandenburg.de\/sicherheitspolitik\/veranstaltungen\/","og_locale":"de_DE","og_type":"article","og_title":"Sicherheitspolitische Veranstaltungen - Sicherheitspolitik in Brandenburg","og_description":"Die Landesgruppe Brandenburg f\u00fchrt j\u00e4hrlich mehrere sicherheitspolitische Veranstaltungen durch. Die Teilnahme ist im Regelfall kostenlos.","og_url":"https:\/\/www.reservisten-brandenburg.de\/sicherheitspolitik\/veranstaltungen\/","og_site_name":"Sicherheitspolitik in Brandenburg","article_publisher":"https:\/\/www.facebook.com\/reservisten.brandenburg\/","article_modified_time":"2020-03-23T12:52:16+00:00","og_image":[{"width":1600,"height":900,"url":"https:\/\/www.reservisten-brandenburg.de\/sicherheitspolitik\/wp-content\/uploads\/sites\/6\/2020\/03\/KAS_Europaarmee_2.jpg","type":"image\/jpeg"}],"twitter_card":"summary_large_image","twitter_site":"@ResBrandenburg","schema":{"@context":"https:\/\/schema.org","@graph":[{"@type":"WebPage","@id":"https:\/\/www.reservisten-brandenburg.de\/sicherheitspolitik\/veranstaltungen\/","url":"https:\/\/www.reservisten-brandenburg.de\/sicherheitspolitik\/veranstaltungen\/","name":"Sicherheitspolitische Veranstaltungen - Sicherheitspolitik in Brandenburg","isPartOf":{"@id":"https:\/\/www.reservisten-brandenburg.de\/sicherheitspolitik\/#website"},"primaryImageOfPage":{"@id":"https:\/\/www.reservisten-brandenburg.de\/sicherheitspolitik\/veranstaltungen\/#primaryimage"},"image":{"@id":"https:\/\/www.reservisten-brandenburg.de\/sicherheitspolitik\/veranstaltungen\/#primaryimage"},"thumbnailUrl":"https:\/\/www.reservisten-brandenburg.de\/sicherheitspolitik\/wp-content\/uploads\/sites\/6\/2020\/03\/KAS_Europaarmee_2.jpg","datePublished":"2020-03-23T12:27:15+00:00","dateModified":"2020-03-23T12:52:16+00:00","description":"Die Landesgruppe Brandenburg f\u00fchrt j\u00e4hrlich mehrere sicherheitspolitische Veranstaltungen durch. Die Teilnahme ist im Regelfall kostenlos.","breadcrumb":{"@id":"https:\/\/www.reservisten-brandenburg.de\/sicherheitspolitik\/veranstaltungen\/#breadcrumb"},"inLanguage":"de","potentialAction":[{"@type":"ReadAction","target":["https:\/\/www.reservisten-brandenburg.de\/sicherheitspolitik\/veranstaltungen\/"]}]},{"@type":"ImageObject","inLanguage":"de","@id":"https:\/\/www.reservisten-brandenburg.de\/sicherheitspolitik\/veranstaltungen\/#primaryimage","url":"https:\/\/www.reservisten-brandenburg.de\/sicherheitspolitik\/wp-content\/uploads\/sites\/6\/2020\/03\/KAS_Europaarmee_2.jpg","contentUrl":"https:\/\/www.reservisten-brandenburg.de\/sicherheitspolitik\/wp-content\/uploads\/sites\/6\/2020\/03\/KAS_Europaarmee_2.jpg","width":1600,"height":900},{"@type":"BreadcrumbList","@id":"https:\/\/www.reservisten-brandenburg.de\/sicherheitspolitik\/veranstaltungen\/#breadcrumb","itemListElement":[{"@type":"ListItem","position":1,"name":"Startseite","item":"https:\/\/www.reservisten-brandenburg.de\/sicherheitspolitik\/"},{"@type":"ListItem","position":2,"name":"Sicherheitspolitische Veranstaltungen"}]},{"@type":"WebSite","@id":"https:\/\/www.reservisten-brandenburg.de\/sicherheitspolitik\/#website","url":"https:\/\/www.reservisten-brandenburg.de\/sicherheitspolitik\/","name":"Sicherheitspolitik in Brandenburg","description":"Eine weitere Reservistenverband Brandenburg - Websites Website","publisher":{"@id":"https:\/\/www.reservisten-brandenburg.de\/sicherheitspolitik\/#organization"},"potentialAction":[{"@type":"SearchAction","target":{"@type":"EntryPoint","urlTemplate":"https:\/\/www.reservisten-brandenburg.de\/sicherheitspolitik\/?s={search_term_string}"},"query-input":{"@type":"PropertyValueSpecification","valueRequired":true,"valueName":"search_term_string"}}],"inLanguage":"de"},{"@type":"Organization","@id":"https:\/\/www.reservisten-brandenburg.de\/sicherheitspolitik\/#organization","name":"Reservistenverband Brandenburg","url":"https:\/\/www.reservisten-brandenburg.de\/sicherheitspolitik\/","logo":{"@type":"ImageObject","inLanguage":"de","@id":"https:\/\/www.reservisten-brandenburg.de\/sicherheitspolitik\/#\/schema\/logo\/image\/","url":"","contentUrl":"","caption":"Reservistenverband Brandenburg"},"image":{"@id":"https:\/\/www.reservisten-brandenburg.de\/sicherheitspolitik\/#\/schema\/logo\/image\/"},"sameAs":["https:\/\/www.facebook.com\/reservisten.brandenburg\/","https:\/\/x.com\/ResBrandenburg","https:\/\/www.youtube.com\/channel\/UC30IySNYu79rnI6_89Sdf_A","https:\/\/de.wikipedia.org\/wiki\/Verband_der_Reservisten_der_Deutschen_Bundeswehr"]}]}},"_links":{"self":[{"href":"https:\/\/www.reservisten-brandenburg.de\/sicherheitspolitik\/wp-json\/wp\/v2\/pages\/69","targetHints":{"allow":["GET"]}}],"collection":[{"href":"https:\/\/www.reservisten-brandenburg.de\/sicherheitspolitik\/wp-json\/wp\/v2\/pages"}],"about":[{"href":"https:\/\/www.reservisten-brandenburg.de\/sicherheitspolitik\/wp-json\/wp\/v2\/types\/page"}],"author":[{"embeddable":true,"href":"https:\/\/www.reservisten-brandenburg.de\/sicherheitspolitik\/wp-json\/wp\/v2\/users\/12"}],"replies":[{"embeddable":true,"href":"https:\/\/www.reservisten-brandenburg.de\/sicherheitspolitik\/wp-json\/wp\/v2\/comments?post=69"}],"version-history":[{"count":0,"href":"https:\/\/www.reservisten-brandenburg.de\/sicherheitspolitik\/wp-json\/wp\/v2\/pages\/69\/revisions"}],"wp:featuredmedia":[{"embeddable":true,"href":"https:\/\/www.reservisten-brandenburg.de\/sicherheitspolitik\/wp-json\/wp\/v2\/media\/45"}],"wp:attachment":[{"href":"https:\/\/www.reservisten-brandenburg.de\/sicherheitspolitik\/wp-json\/wp\/v2\/media?parent=69"}],"curies":[{"name":"wp","href":"https:\/\/api.w.org\/{rel}","templated":true}]}}