{"id":57,"date":"2020-03-20T05:57:38","date_gmt":"2020-03-20T04:57:38","guid":{"rendered":"https:\/\/www.reservisten-brandenburg.de\/sicherheitspolitik\/?page_id=57"},"modified":"2020-09-30T17:30:37","modified_gmt":"2020-09-30T15:30:37","slug":"kooperationspartner","status":"publish","type":"page","link":"https:\/\/www.reservisten-brandenburg.de\/sicherheitspolitik\/kooperationspartner\/","title":{"rendered":"Kooperationspartner"},"content":{"rendered":"\n<p>Die Landesgruppe Brandenburg f\u00fchrt regelm\u00e4\u00dfig sicherheitspolitische Veranstaltungen durch. Dabei nimmt das <em>Potsdamer Forums \u201ePolitik &amp; Sicherheit\u201c<\/em> einen wichtigen Platz ein. Bei dieser Veranstaltungsreihe arbeiten wir eng mit unseren Kooperationspartnern zusammen. Die Veranstaltungen sind f\u00fcr alle Interessenten offen. Die Teilnahme kostenfrei, eine vorherige Anmeldung ist aber im Regelfall erforderlich. Bei den Veranstaltungen sprechen renomierte Referenten \u00fcber aktuelle sicherheitspolitische Themen. Die <a href=\"https:\/\/www.reservisten-brandenburg.de\/events\/kategorie\/sicherheitspolitik\/\">Termine und weitere<\/a><a href=\"https:\/\/www.reservisten-brandenburg.de\/events\/kategorie\/sicherheitspolitik\/\" target=\"_blank\" rel=\"noreferrer noopener\" aria-label=\"  (\u00f6ffnet in neuem Tab)\"> <\/a><a href=\"https:\/\/www.reservisten-brandenburg.de\/events\/kategorie\/sicherheitspolitik\/\">Informationen<\/a> finden Sie auf dieser Webseite.<\/p>\n\n\n\n<p>Unsere Kooperationspartner in der <a href=\"https:\/\/www.sicherheitspolitik.info\/\" target=\"_blank\" rel=\"noreferrer noopener\" aria-label=\" (\u00f6ffnet in neuem Tab)\">Sicherheitspolitik<\/a> sind:<\/p>\n\n\n\n<ul class=\"wp-block-list\"><li>Die <a rel=\"noreferrer noopener\" aria-label=\"Konrad Adenauer Stiftung (\u00f6ffnet in neuem Tab)\" href=\"https:\/\/www.kas.de\/web\/brandenburg\/home\" target=\"_blank\">Konrad Adenauer Stiftung<\/a> gilt als einer der einflussreichsten Thinktanks Deutschlands. Sie ist national und international aktiv und auch in der Sicherheitspolitik t\u00e4tig.<\/li><li>Die <a rel=\"noreferrer noopener\" aria-label=\"Gesellschaft f\u00fcr Sicherheitspolitik e.V. (\u00f6ffnet in neuem Tab)\" href=\"https:\/\/gsp-sipo.de\/cms\/lb7\/potsdam\/\" target=\"_blank\">Gesellschaft f\u00fcr Sicherheitspolitik e.V.<\/a> betreibt \u00d6ffentlichkeitsarbeit zu den Themen Sicherheits- und Verteidigungspolitik. Dies geschieht vornehmlich durch \u00f6ffentliche Informationsveranstaltungen.<\/li><li>Die <a href=\"https:\/\/ata-dag.de\/regional\/potsdam\/\" target=\"_blank\" rel=\"noreferrer noopener\">Deutsche Atlantische Gesellschaft e.V.<\/a> ist der deutsche Zweig der Atlantic Treaty Association. Ihre Aufgabe besteht darin, \u00fcber die deutsche Sicherheitspolitik und die Einbindung Deutschlands in die NATO zu informieren.<\/li><\/ul>\n","protected":false},"excerpt":{"rendered":"<p>Die Landesgruppe Brandenburg f\u00fchrt regelm\u00e4\u00dfig sicherheitspolitische Veranstaltungen durch. Dabei nimmt das Potsdamer Forums \u201ePolitik &amp; Sicherheit\u201c einen wichtigen Platz ein. Bei dieser Veranstaltungsreihe arbeiten wir eng mit unseren Kooperationspartnern zusammen. [&hellip;]<\/p>\n","protected":false},"author":12,"featured_media":51,"parent":0,"menu_order":0,"comment_status":"closed","ping_status":"closed","template":"","meta":{"footnotes":""},"class_list":["post-57","page","type-page","status-publish","has-post-thumbnail","hentry"],"yoast_head":"<!-- This site is optimized with the Yoast SEO plugin v27.3 - https:\/\/yoast.com\/product\/yoast-seo-wordpress\/ -->\n<title>Kooperationspartner - Sicherheitspolitik in Brandenburg<\/title>\n<meta name=\"description\" content=\"In der Sicherheitspolitik arbeiten wir mit renomierten Kooperationspartnern zusammen. Mit ihnen f\u00fchren wir sicherheitspolitische Veranstaltungen durch.\" \/>\n<meta name=\"robots\" content=\"index, follow, max-snippet:-1, max-image-preview:large, max-video-preview:-1\" \/>\n<link rel=\"canonical\" href=\"https:\/\/www.reservisten-brandenburg.de\/sicherheitspolitik\/kooperationspartner\/\" \/>\n<meta property=\"og:locale\" content=\"de_DE\" \/>\n<meta property=\"og:type\" content=\"article\" \/>\n<meta property=\"og:title\" content=\"Kooperationspartner - Sicherheitspolitik in Brandenburg\" \/>\n<meta property=\"og:description\" content=\"In der Sicherheitspolitik arbeiten wir mit renomierten Kooperationspartnern zusammen. Mit ihnen f\u00fchren wir sicherheitspolitische Veranstaltungen durch.\" \/>\n<meta property=\"og:url\" content=\"https:\/\/www.reservisten-brandenburg.de\/sicherheitspolitik\/kooperationspartner\/\" \/>\n<meta property=\"og:site_name\" content=\"Sicherheitspolitik in Brandenburg\" \/>\n<meta property=\"article:publisher\" content=\"https:\/\/www.facebook.com\/reservisten.brandenburg\/\" \/>\n<meta property=\"article:modified_time\" content=\"2020-09-30T15:30:37+00:00\" \/>\n<meta property=\"og:image\" content=\"https:\/\/www.reservisten-brandenburg.de\/sicherheitspolitik\/wp-content\/uploads\/sites\/6\/2020\/03\/2019-03-19-SiPol-Russlands-Krieg-in-der-Ukraine-Kooperationspartner.jpg\" \/>\n\t<meta property=\"og:image:width\" content=\"1600\" \/>\n\t<meta property=\"og:image:height\" content=\"900\" \/>\n\t<meta property=\"og:image:type\" content=\"image\/jpeg\" \/>\n<meta name=\"twitter:card\" content=\"summary_large_image\" \/>\n<meta name=\"twitter:site\" content=\"@ResBrandenburg\" \/>\n<meta name=\"twitter:label1\" content=\"Gesch\u00e4tzte Lesezeit\" \/>\n\t<meta name=\"twitter:data1\" content=\"1\u00a0Minute\" \/>\n<script type=\"application\/ld+json\" class=\"yoast-schema-graph\">{\"@context\":\"https:\\\/\\\/schema.org\",\"@graph\":[{\"@type\":\"WebPage\",\"@id\":\"https:\\\/\\\/www.reservisten-brandenburg.de\\\/sicherheitspolitik\\\/kooperationspartner\\\/\",\"url\":\"https:\\\/\\\/www.reservisten-brandenburg.de\\\/sicherheitspolitik\\\/kooperationspartner\\\/\",\"name\":\"Kooperationspartner - Sicherheitspolitik in Brandenburg\",\"isPartOf\":{\"@id\":\"https:\\\/\\\/www.reservisten-brandenburg.de\\\/sicherheitspolitik\\\/#website\"},\"primaryImageOfPage\":{\"@id\":\"https:\\\/\\\/www.reservisten-brandenburg.de\\\/sicherheitspolitik\\\/kooperationspartner\\\/#primaryimage\"},\"image\":{\"@id\":\"https:\\\/\\\/www.reservisten-brandenburg.de\\\/sicherheitspolitik\\\/kooperationspartner\\\/#primaryimage\"},\"thumbnailUrl\":\"https:\\\/\\\/www.reservisten-brandenburg.de\\\/sicherheitspolitik\\\/wp-content\\\/uploads\\\/sites\\\/6\\\/2020\\\/03\\\/2019-03-19-SiPol-Russlands-Krieg-in-der-Ukraine-Kooperationspartner.jpg\",\"datePublished\":\"2020-03-20T04:57:38+00:00\",\"dateModified\":\"2020-09-30T15:30:37+00:00\",\"description\":\"In der Sicherheitspolitik arbeiten wir mit renomierten Kooperationspartnern zusammen. Mit ihnen f\u00fchren wir sicherheitspolitische Veranstaltungen durch.\",\"breadcrumb\":{\"@id\":\"https:\\\/\\\/www.reservisten-brandenburg.de\\\/sicherheitspolitik\\\/kooperationspartner\\\/#breadcrumb\"},\"inLanguage\":\"de\",\"potentialAction\":[{\"@type\":\"ReadAction\",\"target\":[\"https:\\\/\\\/www.reservisten-brandenburg.de\\\/sicherheitspolitik\\\/kooperationspartner\\\/\"]}]},{\"@type\":\"ImageObject\",\"inLanguage\":\"de\",\"@id\":\"https:\\\/\\\/www.reservisten-brandenburg.de\\\/sicherheitspolitik\\\/kooperationspartner\\\/#primaryimage\",\"url\":\"https:\\\/\\\/www.reservisten-brandenburg.de\\\/sicherheitspolitik\\\/wp-content\\\/uploads\\\/sites\\\/6\\\/2020\\\/03\\\/2019-03-19-SiPol-Russlands-Krieg-in-der-Ukraine-Kooperationspartner.jpg\",\"contentUrl\":\"https:\\\/\\\/www.reservisten-brandenburg.de\\\/sicherheitspolitik\\\/wp-content\\\/uploads\\\/sites\\\/6\\\/2020\\\/03\\\/2019-03-19-SiPol-Russlands-Krieg-in-der-Ukraine-Kooperationspartner.jpg\",\"width\":1600,\"height\":900},{\"@type\":\"BreadcrumbList\",\"@id\":\"https:\\\/\\\/www.reservisten-brandenburg.de\\\/sicherheitspolitik\\\/kooperationspartner\\\/#breadcrumb\",\"itemListElement\":[{\"@type\":\"ListItem\",\"position\":1,\"name\":\"Startseite\",\"item\":\"https:\\\/\\\/www.reservisten-brandenburg.de\\\/sicherheitspolitik\\\/\"},{\"@type\":\"ListItem\",\"position\":2,\"name\":\"Kooperationspartner\"}]},{\"@type\":\"WebSite\",\"@id\":\"https:\\\/\\\/www.reservisten-brandenburg.de\\\/sicherheitspolitik\\\/#website\",\"url\":\"https:\\\/\\\/www.reservisten-brandenburg.de\\\/sicherheitspolitik\\\/\",\"name\":\"Sicherheitspolitik in Brandenburg\",\"description\":\"Eine weitere Reservistenverband Brandenburg - Websites Website\",\"publisher\":{\"@id\":\"https:\\\/\\\/www.reservisten-brandenburg.de\\\/sicherheitspolitik\\\/#organization\"},\"potentialAction\":[{\"@type\":\"SearchAction\",\"target\":{\"@type\":\"EntryPoint\",\"urlTemplate\":\"https:\\\/\\\/www.reservisten-brandenburg.de\\\/sicherheitspolitik\\\/?s={search_term_string}\"},\"query-input\":{\"@type\":\"PropertyValueSpecification\",\"valueRequired\":true,\"valueName\":\"search_term_string\"}}],\"inLanguage\":\"de\"},{\"@type\":\"Organization\",\"@id\":\"https:\\\/\\\/www.reservisten-brandenburg.de\\\/sicherheitspolitik\\\/#organization\",\"name\":\"Reservistenverband Brandenburg\",\"url\":\"https:\\\/\\\/www.reservisten-brandenburg.de\\\/sicherheitspolitik\\\/\",\"logo\":{\"@type\":\"ImageObject\",\"inLanguage\":\"de\",\"@id\":\"https:\\\/\\\/www.reservisten-brandenburg.de\\\/sicherheitspolitik\\\/#\\\/schema\\\/logo\\\/image\\\/\",\"url\":\"\",\"contentUrl\":\"\",\"caption\":\"Reservistenverband Brandenburg\"},\"image\":{\"@id\":\"https:\\\/\\\/www.reservisten-brandenburg.de\\\/sicherheitspolitik\\\/#\\\/schema\\\/logo\\\/image\\\/\"},\"sameAs\":[\"https:\\\/\\\/www.facebook.com\\\/reservisten.brandenburg\\\/\",\"https:\\\/\\\/x.com\\\/ResBrandenburg\",\"https:\\\/\\\/www.youtube.com\\\/channel\\\/UC30IySNYu79rnI6_89Sdf_A\",\"https:\\\/\\\/de.wikipedia.org\\\/wiki\\\/Verband_der_Reservisten_der_Deutschen_Bundeswehr\"]}]}<\/script>\n<!-- \/ Yoast SEO plugin. -->","yoast_head_json":{"title":"Kooperationspartner - Sicherheitspolitik in Brandenburg","description":"In der Sicherheitspolitik arbeiten wir mit renomierten Kooperationspartnern zusammen. Mit ihnen f\u00fchren wir sicherheitspolitische Veranstaltungen durch.","robots":{"index":"index","follow":"follow","max-snippet":"max-snippet:-1","max-image-preview":"max-image-preview:large","max-video-preview":"max-video-preview:-1"},"canonical":"https:\/\/www.reservisten-brandenburg.de\/sicherheitspolitik\/kooperationspartner\/","og_locale":"de_DE","og_type":"article","og_title":"Kooperationspartner - Sicherheitspolitik in Brandenburg","og_description":"In der Sicherheitspolitik arbeiten wir mit renomierten Kooperationspartnern zusammen. Mit ihnen f\u00fchren wir sicherheitspolitische Veranstaltungen durch.","og_url":"https:\/\/www.reservisten-brandenburg.de\/sicherheitspolitik\/kooperationspartner\/","og_site_name":"Sicherheitspolitik in Brandenburg","article_publisher":"https:\/\/www.facebook.com\/reservisten.brandenburg\/","article_modified_time":"2020-09-30T15:30:37+00:00","og_image":[{"width":1600,"height":900,"url":"https:\/\/www.reservisten-brandenburg.de\/sicherheitspolitik\/wp-content\/uploads\/sites\/6\/2020\/03\/2019-03-19-SiPol-Russlands-Krieg-in-der-Ukraine-Kooperationspartner.jpg","type":"image\/jpeg"}],"twitter_card":"summary_large_image","twitter_site":"@ResBrandenburg","twitter_misc":{"Gesch\u00e4tzte Lesezeit":"1\u00a0Minute"},"schema":{"@context":"https:\/\/schema.org","@graph":[{"@type":"WebPage","@id":"https:\/\/www.reservisten-brandenburg.de\/sicherheitspolitik\/kooperationspartner\/","url":"https:\/\/www.reservisten-brandenburg.de\/sicherheitspolitik\/kooperationspartner\/","name":"Kooperationspartner - Sicherheitspolitik in Brandenburg","isPartOf":{"@id":"https:\/\/www.reservisten-brandenburg.de\/sicherheitspolitik\/#website"},"primaryImageOfPage":{"@id":"https:\/\/www.reservisten-brandenburg.de\/sicherheitspolitik\/kooperationspartner\/#primaryimage"},"image":{"@id":"https:\/\/www.reservisten-brandenburg.de\/sicherheitspolitik\/kooperationspartner\/#primaryimage"},"thumbnailUrl":"https:\/\/www.reservisten-brandenburg.de\/sicherheitspolitik\/wp-content\/uploads\/sites\/6\/2020\/03\/2019-03-19-SiPol-Russlands-Krieg-in-der-Ukraine-Kooperationspartner.jpg","datePublished":"2020-03-20T04:57:38+00:00","dateModified":"2020-09-30T15:30:37+00:00","description":"In der Sicherheitspolitik arbeiten wir mit renomierten Kooperationspartnern zusammen. Mit ihnen f\u00fchren wir sicherheitspolitische Veranstaltungen durch.","breadcrumb":{"@id":"https:\/\/www.reservisten-brandenburg.de\/sicherheitspolitik\/kooperationspartner\/#breadcrumb"},"inLanguage":"de","potentialAction":[{"@type":"ReadAction","target":["https:\/\/www.reservisten-brandenburg.de\/sicherheitspolitik\/kooperationspartner\/"]}]},{"@type":"ImageObject","inLanguage":"de","@id":"https:\/\/www.reservisten-brandenburg.de\/sicherheitspolitik\/kooperationspartner\/#primaryimage","url":"https:\/\/www.reservisten-brandenburg.de\/sicherheitspolitik\/wp-content\/uploads\/sites\/6\/2020\/03\/2019-03-19-SiPol-Russlands-Krieg-in-der-Ukraine-Kooperationspartner.jpg","contentUrl":"https:\/\/www.reservisten-brandenburg.de\/sicherheitspolitik\/wp-content\/uploads\/sites\/6\/2020\/03\/2019-03-19-SiPol-Russlands-Krieg-in-der-Ukraine-Kooperationspartner.jpg","width":1600,"height":900},{"@type":"BreadcrumbList","@id":"https:\/\/www.reservisten-brandenburg.de\/sicherheitspolitik\/kooperationspartner\/#breadcrumb","itemListElement":[{"@type":"ListItem","position":1,"name":"Startseite","item":"https:\/\/www.reservisten-brandenburg.de\/sicherheitspolitik\/"},{"@type":"ListItem","position":2,"name":"Kooperationspartner"}]},{"@type":"WebSite","@id":"https:\/\/www.reservisten-brandenburg.de\/sicherheitspolitik\/#website","url":"https:\/\/www.reservisten-brandenburg.de\/sicherheitspolitik\/","name":"Sicherheitspolitik in Brandenburg","description":"Eine weitere Reservistenverband Brandenburg - Websites Website","publisher":{"@id":"https:\/\/www.reservisten-brandenburg.de\/sicherheitspolitik\/#organization"},"potentialAction":[{"@type":"SearchAction","target":{"@type":"EntryPoint","urlTemplate":"https:\/\/www.reservisten-brandenburg.de\/sicherheitspolitik\/?s={search_term_string}"},"query-input":{"@type":"PropertyValueSpecification","valueRequired":true,"valueName":"search_term_string"}}],"inLanguage":"de"},{"@type":"Organization","@id":"https:\/\/www.reservisten-brandenburg.de\/sicherheitspolitik\/#organization","name":"Reservistenverband Brandenburg","url":"https:\/\/www.reservisten-brandenburg.de\/sicherheitspolitik\/","logo":{"@type":"ImageObject","inLanguage":"de","@id":"https:\/\/www.reservisten-brandenburg.de\/sicherheitspolitik\/#\/schema\/logo\/image\/","url":"","contentUrl":"","caption":"Reservistenverband Brandenburg"},"image":{"@id":"https:\/\/www.reservisten-brandenburg.de\/sicherheitspolitik\/#\/schema\/logo\/image\/"},"sameAs":["https:\/\/www.facebook.com\/reservisten.brandenburg\/","https:\/\/x.com\/ResBrandenburg","https:\/\/www.youtube.com\/channel\/UC30IySNYu79rnI6_89Sdf_A","https:\/\/de.wikipedia.org\/wiki\/Verband_der_Reservisten_der_Deutschen_Bundeswehr"]}]}},"_links":{"self":[{"href":"https:\/\/www.reservisten-brandenburg.de\/sicherheitspolitik\/wp-json\/wp\/v2\/pages\/57","targetHints":{"allow":["GET"]}}],"collection":[{"href":"https:\/\/www.reservisten-brandenburg.de\/sicherheitspolitik\/wp-json\/wp\/v2\/pages"}],"about":[{"href":"https:\/\/www.reservisten-brandenburg.de\/sicherheitspolitik\/wp-json\/wp\/v2\/types\/page"}],"author":[{"embeddable":true,"href":"https:\/\/www.reservisten-brandenburg.de\/sicherheitspolitik\/wp-json\/wp\/v2\/users\/12"}],"replies":[{"embeddable":true,"href":"https:\/\/www.reservisten-brandenburg.de\/sicherheitspolitik\/wp-json\/wp\/v2\/comments?post=57"}],"version-history":[{"count":0,"href":"https:\/\/www.reservisten-brandenburg.de\/sicherheitspolitik\/wp-json\/wp\/v2\/pages\/57\/revisions"}],"wp:featuredmedia":[{"embeddable":true,"href":"https:\/\/www.reservisten-brandenburg.de\/sicherheitspolitik\/wp-json\/wp\/v2\/media\/51"}],"wp:attachment":[{"href":"https:\/\/www.reservisten-brandenburg.de\/sicherheitspolitik\/wp-json\/wp\/v2\/media?parent=57"}],"curies":[{"name":"wp","href":"https:\/\/api.w.org\/{rel}","templated":true}]}}