{"id":71,"date":"2020-03-23T23:56:51","date_gmt":"2020-03-23T22:56:51","guid":{"rendered":"https:\/\/www.reservisten-brandenburg.de\/reservistenkameradschaften\/?page_id=71"},"modified":"2020-03-24T15:07:12","modified_gmt":"2020-03-24T14:07:12","slug":"termine","status":"publish","type":"page","link":"https:\/\/www.reservisten-brandenburg.de\/reservistenkameradschaften\/informationen\/termine\/","title":{"rendered":"Wichtige Termine"},"content":{"rendered":"\n<h3 class=\"wp-block-heading\">Wahlen in den Reservistenkameradschaften<\/h3>\n\n\n\n<p>Alle vier Jahre w\u00e4hlen die Reservistenkameradschaften einen neuen Vorstand. Wahlberechtigt sind dabei grunds\u00e4tzlich alle Mitglieder der entsprechenden Reservistenkameradschaft. Neben dem Vorstand werden die Revisoren und Ihre Stellvertreter sowie die Landesdelegierten gew\u00e4hlt.<\/p>\n\n\n\n<p>Die RK-Vorst\u00e4nde sollten die Wahl dem Landesvorstand und der zust\u00e4ndigen Gesch\u00e4ftsstelle rechtzeitig anzeigen und diese ggf. einladen, damit diese bei Bedarf unterst\u00fctzen k\u00f6nnen. Mitglieder des <a rel=\"noreferrer noopener\" aria-label=\"Landesvorstandes (\u00f6ffnet in neuem Tab)\" href=\"https:\/\/www.reservisten-brandenburg.de\/die-landesgruppe\/landesvorstand\/\" target=\"_blank\">Landesvorstandes<\/a> k\u00f6nnen z.B. an der Leitung der Wahlversammlung mitwirken und verpflichten in der Regel den neugew\u00e4hlten Vorstand auf die Satzung. Das Wahlergebnis ist dem Landesvorstand und der <a rel=\"noreferrer noopener\" aria-label=\"zust\u00e4ndigen Gesch\u00e4ftsstelle (\u00f6ffnet in neuem Tab)\" href=\"https:\/\/www.reservisten-brandenburg.de\/die-landesgruppe\/geschaeftsstellen\/\" target=\"_blank\">zust\u00e4ndigen Gesch\u00e4ftsstelle<\/a> zeitnah mit dem Wahlprotokoll zu \u00fcbermitteln. <\/p>\n\n\n\n<h3 class=\"wp-block-heading\">Termine f\u00fcr RK-Vorst\u00e4nde und Mandatstr\u00e4ger<\/h3>\n\n\n\n<p>In den Sitzungen des erweiterten Landesvorstandes und der Landesdelegiertenversammlung wird \u00fcber die Arbeit und Ausrichtung der Landesgruppe entschieden. Die Teilnahme der jeweiligen Vertreter aus den <a href=\"https:\/\/www.reservisten-brandenburg.de\/reservistenkameradschaften\/\">Reservistenkameradschaften<\/a> ist wichtig, um die Interessen der Mitglieder auch auf Landesebene abzubilden. <\/p>\n\n\n\n<h4 class=\"wp-block-heading\">Sitzungen des erweiterten Landesvorstandes<\/h4>\n\n\n\n<p>Der erweiterte Landesvorstand tritt mindestens einmal im Jahr zusammen. Zu ihm geh\u00f6ren die Mitglieder des Landesvorstandes und die RK-Vorsitzenden. Die Landesbeauftragten sind Mitglieder ohne Stimmrecht. Sollten die RK-Vorsitzenden nicht an einer Sitzung des erweiterten Landesvorstandes teilnehmen k\u00f6nnen, ist ein Stellvertreter zu entsenden.   <\/p>\n\n\n\n<h4 class=\"wp-block-heading\">Landesdelegiertenversammlung<\/h4>\n\n\n\n<p>An der Landesdelegiertenversammlung nehmen die Delegierten kraft Amtes und die von den Reservistenkameradschaften gew\u00e4hlten Landesdelegierten teil. Delegierte kraft Amt sind die Mitglieder des Landesvorstandes und die Landesrevisoren. Die RKen w\u00e4hlen bei ihrer Wahlversammlung pro angefangenen 20 Mitgliedern einen Landesdelegierten.<\/p>\n\n\n\n<p>Die wichtigste Aufgabe der Landesdelegierten ist es, alle vier Jahre einen neuen Landesvorstand zu w\u00e4hlen. Au\u00dferdem kann bei Bedarf auch eine au\u00dferordentliche Landesdelegiertenversammlung einberufen werden, um innerhalb der Wahlperiode \u00fcber auftretende wesentliche Fragen zu beraten.<\/p>\n\n\n\n<p>An der Landesdelegiertenversammlung k\u00f6nnen grunds\u00e4tzlich alle Mitglieder der Landesgruppe teilnehmen. Stimm- und Rederecht haben aber nur die gew\u00e4hlten Landesdelegierten der Reservistenkameradschaften und die Landesdelegierten kraft Amtes.<\/p>\n\n\n\n<h4 class=\"wp-block-heading\">Kommende Termine:<\/h4>\n\n\n<div class=\"components-placeholder\"><div class=\"notice notice-error\">Ein Fehler ist aufgetreten \u2013 der Feed funktioniert zurzeit nicht. Versuche es sp\u00e4ter noch einmal.<\/div><\/div>","protected":false},"excerpt":{"rendered":"<p>Wahlen in den Reservistenkameradschaften Alle vier Jahre w\u00e4hlen die Reservistenkameradschaften einen neuen Vorstand. Wahlberechtigt sind dabei grunds\u00e4tzlich alle Mitglieder der entsprechenden Reservistenkameradschaft. Neben dem Vorstand werden die Revisoren und Ihre [&hellip;]<\/p>\n","protected":false},"author":12,"featured_media":87,"parent":55,"menu_order":0,"comment_status":"closed","ping_status":"closed","template":"","meta":{"footnotes":""},"class_list":["post-71","page","type-page","status-publish","has-post-thumbnail","hentry"],"yoast_head":"<!-- This site is optimized with the Yoast SEO plugin v27.3 - https:\/\/yoast.com\/product\/yoast-seo-wordpress\/ -->\n<title>Wichtige Termine - Die Reserve vor Ort<\/title>\n<meta name=\"description\" content=\"In den Reservistenkameradschaften und auf Landesebene gibt es einige Termine, die f\u00fcr eine ordentlichen Verbandsarbeit zwingend durchzuf\u00fchren sind.\" \/>\n<meta name=\"robots\" content=\"index, follow, max-snippet:-1, max-image-preview:large, max-video-preview:-1\" \/>\n<link rel=\"canonical\" href=\"https:\/\/www.reservisten-brandenburg.de\/reservistenkameradschaften\/informationen\/termine\/\" \/>\n<meta property=\"og:locale\" content=\"de_DE\" \/>\n<meta property=\"og:type\" content=\"article\" \/>\n<meta property=\"og:title\" content=\"Wichtige Termine - Die Reserve vor Ort\" \/>\n<meta property=\"og:description\" content=\"In den Reservistenkameradschaften und auf Landesebene gibt es einige Termine, die f\u00fcr eine ordentlichen Verbandsarbeit zwingend durchzuf\u00fchren sind.\" \/>\n<meta property=\"og:url\" content=\"https:\/\/www.reservisten-brandenburg.de\/reservistenkameradschaften\/informationen\/termine\/\" \/>\n<meta property=\"og:site_name\" content=\"Die Reserve vor Ort\" \/>\n<meta property=\"article:publisher\" content=\"https:\/\/www.facebook.com\/reservisten.brandenburg\/\" \/>\n<meta property=\"article:modified_time\" content=\"2020-03-24T14:07:12+00:00\" \/>\n<meta property=\"og:image\" content=\"https:\/\/www.reservisten-brandenburg.de\/reservistenkameradschaften\/wp-content\/uploads\/sites\/9\/2020\/03\/Wahl-Delegiertenversammlung-Abstimmung.jpg\" \/>\n\t<meta property=\"og:image:width\" content=\"1600\" \/>\n\t<meta property=\"og:image:height\" content=\"900\" \/>\n\t<meta property=\"og:image:type\" content=\"image\/jpeg\" \/>\n<meta name=\"twitter:card\" content=\"summary_large_image\" \/>\n<meta name=\"twitter:site\" content=\"@ResBrandenburg\" \/>\n<meta name=\"twitter:label1\" content=\"Gesch\u00e4tzte Lesezeit\" \/>\n\t<meta name=\"twitter:data1\" content=\"2\u00a0Minuten\" \/>\n<script type=\"application\/ld+json\" class=\"yoast-schema-graph\">{\"@context\":\"https:\\\/\\\/schema.org\",\"@graph\":[{\"@type\":\"WebPage\",\"@id\":\"https:\\\/\\\/www.reservisten-brandenburg.de\\\/reservistenkameradschaften\\\/informationen\\\/termine\\\/\",\"url\":\"https:\\\/\\\/www.reservisten-brandenburg.de\\\/reservistenkameradschaften\\\/informationen\\\/termine\\\/\",\"name\":\"Wichtige Termine - Die Reserve vor Ort\",\"isPartOf\":{\"@id\":\"https:\\\/\\\/www.reservisten-brandenburg.de\\\/reservistenkameradschaften\\\/#website\"},\"primaryImageOfPage\":{\"@id\":\"https:\\\/\\\/www.reservisten-brandenburg.de\\\/reservistenkameradschaften\\\/informationen\\\/termine\\\/#primaryimage\"},\"image\":{\"@id\":\"https:\\\/\\\/www.reservisten-brandenburg.de\\\/reservistenkameradschaften\\\/informationen\\\/termine\\\/#primaryimage\"},\"thumbnailUrl\":\"https:\\\/\\\/www.reservisten-brandenburg.de\\\/reservistenkameradschaften\\\/wp-content\\\/uploads\\\/sites\\\/9\\\/2020\\\/03\\\/Wahl-Delegiertenversammlung-Abstimmung.jpg\",\"datePublished\":\"2020-03-23T22:56:51+00:00\",\"dateModified\":\"2020-03-24T14:07:12+00:00\",\"description\":\"In den Reservistenkameradschaften und auf Landesebene gibt es einige Termine, die f\u00fcr eine ordentlichen Verbandsarbeit zwingend durchzuf\u00fchren sind.\",\"breadcrumb\":{\"@id\":\"https:\\\/\\\/www.reservisten-brandenburg.de\\\/reservistenkameradschaften\\\/informationen\\\/termine\\\/#breadcrumb\"},\"inLanguage\":\"de\",\"potentialAction\":[{\"@type\":\"ReadAction\",\"target\":[\"https:\\\/\\\/www.reservisten-brandenburg.de\\\/reservistenkameradschaften\\\/informationen\\\/termine\\\/\"]}]},{\"@type\":\"ImageObject\",\"inLanguage\":\"de\",\"@id\":\"https:\\\/\\\/www.reservisten-brandenburg.de\\\/reservistenkameradschaften\\\/informationen\\\/termine\\\/#primaryimage\",\"url\":\"https:\\\/\\\/www.reservisten-brandenburg.de\\\/reservistenkameradschaften\\\/wp-content\\\/uploads\\\/sites\\\/9\\\/2020\\\/03\\\/Wahl-Delegiertenversammlung-Abstimmung.jpg\",\"contentUrl\":\"https:\\\/\\\/www.reservisten-brandenburg.de\\\/reservistenkameradschaften\\\/wp-content\\\/uploads\\\/sites\\\/9\\\/2020\\\/03\\\/Wahl-Delegiertenversammlung-Abstimmung.jpg\",\"width\":1600,\"height\":900},{\"@type\":\"BreadcrumbList\",\"@id\":\"https:\\\/\\\/www.reservisten-brandenburg.de\\\/reservistenkameradschaften\\\/informationen\\\/termine\\\/#breadcrumb\",\"itemListElement\":[{\"@type\":\"ListItem\",\"position\":1,\"name\":\"Startseite\",\"item\":\"https:\\\/\\\/www.reservisten-brandenburg.de\\\/reservistenkameradschaften\\\/\"},{\"@type\":\"ListItem\",\"position\":2,\"name\":\"Arbeitshilfe f\u00fcr RK-Vorst\u00e4nde\",\"item\":\"https:\\\/\\\/www.reservisten-brandenburg.de\\\/reservistenkameradschaften\\\/informationen\\\/\"},{\"@type\":\"ListItem\",\"position\":3,\"name\":\"Wichtige Termine\"}]},{\"@type\":\"WebSite\",\"@id\":\"https:\\\/\\\/www.reservisten-brandenburg.de\\\/reservistenkameradschaften\\\/#website\",\"url\":\"https:\\\/\\\/www.reservisten-brandenburg.de\\\/reservistenkameradschaften\\\/\",\"name\":\"Die Reserve vor Ort\",\"description\":\"Eine weitere Reservistenverband Brandenburg - Websites Website\",\"publisher\":{\"@id\":\"https:\\\/\\\/www.reservisten-brandenburg.de\\\/reservistenkameradschaften\\\/#organization\"},\"potentialAction\":[{\"@type\":\"SearchAction\",\"target\":{\"@type\":\"EntryPoint\",\"urlTemplate\":\"https:\\\/\\\/www.reservisten-brandenburg.de\\\/reservistenkameradschaften\\\/?s={search_term_string}\"},\"query-input\":{\"@type\":\"PropertyValueSpecification\",\"valueRequired\":true,\"valueName\":\"search_term_string\"}}],\"inLanguage\":\"de\"},{\"@type\":\"Organization\",\"@id\":\"https:\\\/\\\/www.reservisten-brandenburg.de\\\/reservistenkameradschaften\\\/#organization\",\"name\":\"Reservistenverband Brandenburg\",\"url\":\"https:\\\/\\\/www.reservisten-brandenburg.de\\\/reservistenkameradschaften\\\/\",\"logo\":{\"@type\":\"ImageObject\",\"inLanguage\":\"de\",\"@id\":\"https:\\\/\\\/www.reservisten-brandenburg.de\\\/reservistenkameradschaften\\\/#\\\/schema\\\/logo\\\/image\\\/\",\"url\":\"\",\"contentUrl\":\"\",\"caption\":\"Reservistenverband Brandenburg\"},\"image\":{\"@id\":\"https:\\\/\\\/www.reservisten-brandenburg.de\\\/reservistenkameradschaften\\\/#\\\/schema\\\/logo\\\/image\\\/\"},\"sameAs\":[\"https:\\\/\\\/www.facebook.com\\\/reservisten.brandenburg\\\/\",\"https:\\\/\\\/x.com\\\/ResBrandenburg\",\"https:\\\/\\\/www.youtube.com\\\/channel\\\/UC30IySNYu79rnI6_89Sdf_A\",\"https:\\\/\\\/de.wikipedia.org\\\/wiki\\\/Verband_der_Reservisten_der_Deutschen_Bundeswehr\"]}]}<\/script>\n<!-- \/ Yoast SEO plugin. -->","yoast_head_json":{"title":"Wichtige Termine - Die Reserve vor Ort","description":"In den Reservistenkameradschaften und auf Landesebene gibt es einige Termine, die f\u00fcr eine ordentlichen Verbandsarbeit zwingend durchzuf\u00fchren sind.","robots":{"index":"index","follow":"follow","max-snippet":"max-snippet:-1","max-image-preview":"max-image-preview:large","max-video-preview":"max-video-preview:-1"},"canonical":"https:\/\/www.reservisten-brandenburg.de\/reservistenkameradschaften\/informationen\/termine\/","og_locale":"de_DE","og_type":"article","og_title":"Wichtige Termine - Die Reserve vor Ort","og_description":"In den Reservistenkameradschaften und auf Landesebene gibt es einige Termine, die f\u00fcr eine ordentlichen Verbandsarbeit zwingend durchzuf\u00fchren sind.","og_url":"https:\/\/www.reservisten-brandenburg.de\/reservistenkameradschaften\/informationen\/termine\/","og_site_name":"Die Reserve vor Ort","article_publisher":"https:\/\/www.facebook.com\/reservisten.brandenburg\/","article_modified_time":"2020-03-24T14:07:12+00:00","og_image":[{"width":1600,"height":900,"url":"https:\/\/www.reservisten-brandenburg.de\/reservistenkameradschaften\/wp-content\/uploads\/sites\/9\/2020\/03\/Wahl-Delegiertenversammlung-Abstimmung.jpg","type":"image\/jpeg"}],"twitter_card":"summary_large_image","twitter_site":"@ResBrandenburg","twitter_misc":{"Gesch\u00e4tzte Lesezeit":"2\u00a0Minuten"},"schema":{"@context":"https:\/\/schema.org","@graph":[{"@type":"WebPage","@id":"https:\/\/www.reservisten-brandenburg.de\/reservistenkameradschaften\/informationen\/termine\/","url":"https:\/\/www.reservisten-brandenburg.de\/reservistenkameradschaften\/informationen\/termine\/","name":"Wichtige Termine - Die Reserve vor Ort","isPartOf":{"@id":"https:\/\/www.reservisten-brandenburg.de\/reservistenkameradschaften\/#website"},"primaryImageOfPage":{"@id":"https:\/\/www.reservisten-brandenburg.de\/reservistenkameradschaften\/informationen\/termine\/#primaryimage"},"image":{"@id":"https:\/\/www.reservisten-brandenburg.de\/reservistenkameradschaften\/informationen\/termine\/#primaryimage"},"thumbnailUrl":"https:\/\/www.reservisten-brandenburg.de\/reservistenkameradschaften\/wp-content\/uploads\/sites\/9\/2020\/03\/Wahl-Delegiertenversammlung-Abstimmung.jpg","datePublished":"2020-03-23T22:56:51+00:00","dateModified":"2020-03-24T14:07:12+00:00","description":"In den Reservistenkameradschaften und auf Landesebene gibt es einige Termine, die f\u00fcr eine ordentlichen Verbandsarbeit zwingend durchzuf\u00fchren sind.","breadcrumb":{"@id":"https:\/\/www.reservisten-brandenburg.de\/reservistenkameradschaften\/informationen\/termine\/#breadcrumb"},"inLanguage":"de","potentialAction":[{"@type":"ReadAction","target":["https:\/\/www.reservisten-brandenburg.de\/reservistenkameradschaften\/informationen\/termine\/"]}]},{"@type":"ImageObject","inLanguage":"de","@id":"https:\/\/www.reservisten-brandenburg.de\/reservistenkameradschaften\/informationen\/termine\/#primaryimage","url":"https:\/\/www.reservisten-brandenburg.de\/reservistenkameradschaften\/wp-content\/uploads\/sites\/9\/2020\/03\/Wahl-Delegiertenversammlung-Abstimmung.jpg","contentUrl":"https:\/\/www.reservisten-brandenburg.de\/reservistenkameradschaften\/wp-content\/uploads\/sites\/9\/2020\/03\/Wahl-Delegiertenversammlung-Abstimmung.jpg","width":1600,"height":900},{"@type":"BreadcrumbList","@id":"https:\/\/www.reservisten-brandenburg.de\/reservistenkameradschaften\/informationen\/termine\/#breadcrumb","itemListElement":[{"@type":"ListItem","position":1,"name":"Startseite","item":"https:\/\/www.reservisten-brandenburg.de\/reservistenkameradschaften\/"},{"@type":"ListItem","position":2,"name":"Arbeitshilfe f\u00fcr RK-Vorst\u00e4nde","item":"https:\/\/www.reservisten-brandenburg.de\/reservistenkameradschaften\/informationen\/"},{"@type":"ListItem","position":3,"name":"Wichtige Termine"}]},{"@type":"WebSite","@id":"https:\/\/www.reservisten-brandenburg.de\/reservistenkameradschaften\/#website","url":"https:\/\/www.reservisten-brandenburg.de\/reservistenkameradschaften\/","name":"Die Reserve vor Ort","description":"Eine weitere Reservistenverband Brandenburg - Websites Website","publisher":{"@id":"https:\/\/www.reservisten-brandenburg.de\/reservistenkameradschaften\/#organization"},"potentialAction":[{"@type":"SearchAction","target":{"@type":"EntryPoint","urlTemplate":"https:\/\/www.reservisten-brandenburg.de\/reservistenkameradschaften\/?s={search_term_string}"},"query-input":{"@type":"PropertyValueSpecification","valueRequired":true,"valueName":"search_term_string"}}],"inLanguage":"de"},{"@type":"Organization","@id":"https:\/\/www.reservisten-brandenburg.de\/reservistenkameradschaften\/#organization","name":"Reservistenverband Brandenburg","url":"https:\/\/www.reservisten-brandenburg.de\/reservistenkameradschaften\/","logo":{"@type":"ImageObject","inLanguage":"de","@id":"https:\/\/www.reservisten-brandenburg.de\/reservistenkameradschaften\/#\/schema\/logo\/image\/","url":"","contentUrl":"","caption":"Reservistenverband Brandenburg"},"image":{"@id":"https:\/\/www.reservisten-brandenburg.de\/reservistenkameradschaften\/#\/schema\/logo\/image\/"},"sameAs":["https:\/\/www.facebook.com\/reservisten.brandenburg\/","https:\/\/x.com\/ResBrandenburg","https:\/\/www.youtube.com\/channel\/UC30IySNYu79rnI6_89Sdf_A","https:\/\/de.wikipedia.org\/wiki\/Verband_der_Reservisten_der_Deutschen_Bundeswehr"]}]}},"_links":{"self":[{"href":"https:\/\/www.reservisten-brandenburg.de\/reservistenkameradschaften\/wp-json\/wp\/v2\/pages\/71","targetHints":{"allow":["GET"]}}],"collection":[{"href":"https:\/\/www.reservisten-brandenburg.de\/reservistenkameradschaften\/wp-json\/wp\/v2\/pages"}],"about":[{"href":"https:\/\/www.reservisten-brandenburg.de\/reservistenkameradschaften\/wp-json\/wp\/v2\/types\/page"}],"author":[{"embeddable":true,"href":"https:\/\/www.reservisten-brandenburg.de\/reservistenkameradschaften\/wp-json\/wp\/v2\/users\/12"}],"replies":[{"embeddable":true,"href":"https:\/\/www.reservisten-brandenburg.de\/reservistenkameradschaften\/wp-json\/wp\/v2\/comments?post=71"}],"version-history":[{"count":0,"href":"https:\/\/www.reservisten-brandenburg.de\/reservistenkameradschaften\/wp-json\/wp\/v2\/pages\/71\/revisions"}],"up":[{"embeddable":true,"href":"https:\/\/www.reservisten-brandenburg.de\/reservistenkameradschaften\/wp-json\/wp\/v2\/pages\/55"}],"wp:featuredmedia":[{"embeddable":true,"href":"https:\/\/www.reservisten-brandenburg.de\/reservistenkameradschaften\/wp-json\/wp\/v2\/media\/87"}],"wp:attachment":[{"href":"https:\/\/www.reservisten-brandenburg.de\/reservistenkameradschaften\/wp-json\/wp\/v2\/media?parent=71"}],"curies":[{"name":"wp","href":"https:\/\/api.w.org\/{rel}","templated":true}]}}