{"id":46,"date":"2020-03-19T23:04:42","date_gmt":"2020-03-19T22:04:42","guid":{"rendered":"https:\/\/www.reservisten-brandenburg.de\/reservistenkameradschaften\/?page_id=46"},"modified":"2020-12-08T23:45:11","modified_gmt":"2020-12-08T22:45:11","slug":"rk-potsdam","status":"publish","type":"page","link":"https:\/\/www.reservisten-brandenburg.de\/reservistenkameradschaften\/vor-ort\/rk-potsdam\/","title":{"rendered":"Reservistenkameradschaft Potsdam"},"content":{"rendered":"\n<p>Die <a href=\"https:\/\/www.rk-potsdam.com\" target=\"_blank\" rel=\"noreferrer noopener\" aria-label=\"Reservistenkameradschaft &quot;Gro\u00dfer Kurf\u00fcrst&quot; Potsdam (\u00f6ffnet in neuem Tab)\">Reservistenkameradschaft &#8222;Gro\u00dfer Kurf\u00fcrst&#8220; Potsdam<\/a> wurde 1994 gegr\u00fcndet und ist mit \u00fcber 220 Mitgliedern die gr\u00f6\u00dfte RK im Land Brandenburg. Die RK Potsdam ist in der beorderungsunabh\u00e4ngigen, freiwilligen Reservistenarbeit aktiv. Zu Ihren Aufgaben geh\u00f6ren u.a.:<\/p>\n\n\n\n<ul class=\"wp-block-list\"><li>die Betreuung der Reservisten &#8211; also aller ehemaligen Soldaten &#8211; der Bundeswehr<\/li><li>Sicherheitspolitische Arbeit, z.B. mit Vortr\u00e4gen und Diskussionen<\/li><li>Aus- und Weiterbildung milit\u00e4rischer F\u00e4higkeiten<\/li><li>\u00d6ffentlichkeitsarbeit als Mittler zwischen Bundeswehr und Gesellschaft<\/li><li>Zusammenarbeit mit Blaulichtorganisationen (ZMZ)<\/li><li>Teilnahme an und Training f\u00fcr Reservistenwettk\u00e4mpfe<\/li><li>die Pflege der Kameradschaft<\/li><\/ul>\n\n\n\n<figure class=\"wp-block-image size-large\"><a href=\"https:\/\/www.reservisten-brandenburg.de\/potsdam\/intern\/mitgliedsantrag\/\" target=\"_blank\" rel=\"noreferrer noopener\"><img loading=\"lazy\" decoding=\"async\" width=\"1024\" height=\"297\" src=\"http:\/\/www.reservisten-brandenburg.de\/reservistenkameradschaften\/wp-content\/uploads\/sites\/9\/2020\/03\/Banner_Mitgliedsantrag_RK-Potsdam-1024x297.jpg\" alt=\"\" class=\"wp-image-125\" srcset=\"https:\/\/www.reservisten-brandenburg.de\/reservistenkameradschaften\/wp-content\/uploads\/sites\/9\/2020\/03\/Banner_Mitgliedsantrag_RK-Potsdam-1024x297.jpg 1024w, https:\/\/www.reservisten-brandenburg.de\/reservistenkameradschaften\/wp-content\/uploads\/sites\/9\/2020\/03\/Banner_Mitgliedsantrag_RK-Potsdam-300x87.jpg 300w, https:\/\/www.reservisten-brandenburg.de\/reservistenkameradschaften\/wp-content\/uploads\/sites\/9\/2020\/03\/Banner_Mitgliedsantrag_RK-Potsdam-768x223.jpg 768w, https:\/\/www.reservisten-brandenburg.de\/reservistenkameradschaften\/wp-content\/uploads\/sites\/9\/2020\/03\/Banner_Mitgliedsantrag_RK-Potsdam-1536x445.jpg 1536w, https:\/\/www.reservisten-brandenburg.de\/reservistenkameradschaften\/wp-content\/uploads\/sites\/9\/2020\/03\/Banner_Mitgliedsantrag_RK-Potsdam.jpg 1600w\" sizes=\"auto, (max-width: 1024px) 100vw, 1024px\" \/><\/a><\/figure>\n\n\n\n<p>Der Reservistenverband bietet seinen Mitgliedern auch in Potsdam <a rel=\"noreferrer noopener\" aria-label=\" (\u00f6ffnet in neuem Tab)\" href=\"https:\/\/www.reservisten-brandenburg.de\/potsdam\/termine\/\" target=\"_blank\">vielf\u00e4ltige Angebote<\/a>, um sich als Reservist zu engagieren und zusammen mit Kameraden gemeinsamen Interessen nachzugehen. Seit Anfang 2014 wird die Reservistenkameradschaft Potsdam vom Oberstabsgefreiten der Reserve Ronald Nitschke gef\u00fchrt. Besuchen Sie uns wir freuen uns auf Sie!<\/p>\n\n\n\n<p>Weitere Informationen erhalten Sie in den sozialen Netzwerken und auf der Internetseite der <a href=\"https:\/\/www.rk-potsdam.com\" target=\"_blank\" rel=\"noreferrer noopener\" aria-label=\" (\u00f6ffnet in neuem Tab)\">Reservistenkameradschaft Potsdam<\/a>.<\/p>\n\n\n\n<figure class=\"wp-block-image size-large\"><a href=\"https:\/\/www.rk-potsdam.com\" target=\"_blank\" rel=\"noreferrer noopener\"><img loading=\"lazy\" decoding=\"async\" width=\"1024\" height=\"256\" src=\"http:\/\/www.reservisten-brandenburg.de\/reservistenkameradschaften\/wp-content\/uploads\/sites\/9\/2020\/03\/Wir-sind-die-Reserve-Potsdam-Polygon-Banner-1536x384-1-1024x256.jpg\" alt=\"\" class=\"wp-image-63\" srcset=\"https:\/\/www.reservisten-brandenburg.de\/reservistenkameradschaften\/wp-content\/uploads\/sites\/9\/2020\/03\/Wir-sind-die-Reserve-Potsdam-Polygon-Banner-1536x384-1-1024x256.jpg 1024w, https:\/\/www.reservisten-brandenburg.de\/reservistenkameradschaften\/wp-content\/uploads\/sites\/9\/2020\/03\/Wir-sind-die-Reserve-Potsdam-Polygon-Banner-1536x384-1-300x75.jpg 300w, https:\/\/www.reservisten-brandenburg.de\/reservistenkameradschaften\/wp-content\/uploads\/sites\/9\/2020\/03\/Wir-sind-die-Reserve-Potsdam-Polygon-Banner-1536x384-1-768x192.jpg 768w, https:\/\/www.reservisten-brandenburg.de\/reservistenkameradschaften\/wp-content\/uploads\/sites\/9\/2020\/03\/Wir-sind-die-Reserve-Potsdam-Polygon-Banner-1536x384-1.jpg 1536w\" sizes=\"auto, (max-width: 1024px) 100vw, 1024px\" \/><\/a><\/figure>\n","protected":false},"excerpt":{"rendered":"<p>Die Reservistenkameradschaft &#8222;Gro\u00dfer Kurf\u00fcrst&#8220; Potsdam wurde 1994 gegr\u00fcndet und ist mit \u00fcber 220 Mitgliedern die gr\u00f6\u00dfte RK im Land Brandenburg. Die RK Potsdam ist in der beorderungsunabh\u00e4ngigen, freiwilligen Reservistenarbeit aktiv. [&hellip;]<\/p>\n","protected":false},"author":12,"featured_media":244,"parent":52,"menu_order":1,"comment_status":"closed","ping_status":"closed","template":"","meta":{"footnotes":""},"class_list":["post-46","page","type-page","status-publish","has-post-thumbnail","hentry"],"yoast_head":"<!-- This site is optimized with the Yoast SEO plugin v27.5 - https:\/\/yoast.com\/product\/yoast-seo-wordpress\/ -->\n<title>Reservistenkameradschaft Potsdam - Die Reserve vor Ort<\/title>\n<meta name=\"robots\" content=\"index, follow, max-snippet:-1, max-image-preview:large, max-video-preview:-1\" \/>\n<link rel=\"canonical\" href=\"https:\/\/www.reservisten-brandenburg.de\/reservistenkameradschaften\/vor-ort\/rk-potsdam\/\" \/>\n<meta property=\"og:locale\" content=\"de_DE\" \/>\n<meta property=\"og:type\" content=\"article\" \/>\n<meta property=\"og:title\" content=\"Reservistenkameradschaft Potsdam - Die Reserve vor Ort\" \/>\n<meta property=\"og:description\" content=\"Die Reservistenkameradschaft &#8222;Gro\u00dfer Kurf\u00fcrst&#8220; Potsdam wurde 1994 gegr\u00fcndet und ist mit \u00fcber 220 Mitgliedern die gr\u00f6\u00dfte RK im Land Brandenburg. Die RK Potsdam ist in der beorderungsunabh\u00e4ngigen, freiwilligen Reservistenarbeit aktiv. [&hellip;]\" \/>\n<meta property=\"og:url\" content=\"https:\/\/www.reservisten-brandenburg.de\/reservistenkameradschaften\/vor-ort\/rk-potsdam\/\" \/>\n<meta property=\"og:site_name\" content=\"Die Reserve vor Ort\" \/>\n<meta property=\"article:publisher\" content=\"https:\/\/www.facebook.com\/reservisten.brandenburg\/\" \/>\n<meta property=\"article:modified_time\" content=\"2020-12-08T22:45:11+00:00\" \/>\n<meta property=\"og:image\" content=\"https:\/\/www.reservisten-brandenburg.de\/reservistenkameradschaften\/wp-content\/uploads\/sites\/9\/2020\/12\/RK-Potsdam-MG-Munition.jpg\" \/>\n\t<meta property=\"og:image:width\" content=\"1600\" \/>\n\t<meta property=\"og:image:height\" content=\"900\" \/>\n\t<meta property=\"og:image:type\" content=\"image\/jpeg\" \/>\n<meta name=\"twitter:card\" content=\"summary_large_image\" \/>\n<meta name=\"twitter:site\" content=\"@ResBrandenburg\" \/>\n<meta name=\"twitter:label1\" content=\"Gesch\u00e4tzte Lesezeit\" \/>\n\t<meta name=\"twitter:data1\" content=\"1\u00a0Minute\" \/>\n<script type=\"application\/ld+json\" class=\"yoast-schema-graph\">{\"@context\":\"https:\\\/\\\/schema.org\",\"@graph\":[{\"@type\":\"WebPage\",\"@id\":\"https:\\\/\\\/www.reservisten-brandenburg.de\\\/reservistenkameradschaften\\\/vor-ort\\\/rk-potsdam\\\/\",\"url\":\"https:\\\/\\\/www.reservisten-brandenburg.de\\\/reservistenkameradschaften\\\/vor-ort\\\/rk-potsdam\\\/\",\"name\":\"Reservistenkameradschaft Potsdam - Die Reserve vor Ort\",\"isPartOf\":{\"@id\":\"https:\\\/\\\/www.reservisten-brandenburg.de\\\/reservistenkameradschaften\\\/#website\"},\"primaryImageOfPage\":{\"@id\":\"https:\\\/\\\/www.reservisten-brandenburg.de\\\/reservistenkameradschaften\\\/vor-ort\\\/rk-potsdam\\\/#primaryimage\"},\"image\":{\"@id\":\"https:\\\/\\\/www.reservisten-brandenburg.de\\\/reservistenkameradschaften\\\/vor-ort\\\/rk-potsdam\\\/#primaryimage\"},\"thumbnailUrl\":\"https:\\\/\\\/www.reservisten-brandenburg.de\\\/reservistenkameradschaften\\\/wp-content\\\/uploads\\\/sites\\\/9\\\/2020\\\/12\\\/RK-Potsdam-MG-Munition.jpg\",\"datePublished\":\"2020-03-19T22:04:42+00:00\",\"dateModified\":\"2020-12-08T22:45:11+00:00\",\"breadcrumb\":{\"@id\":\"https:\\\/\\\/www.reservisten-brandenburg.de\\\/reservistenkameradschaften\\\/vor-ort\\\/rk-potsdam\\\/#breadcrumb\"},\"inLanguage\":\"de\",\"potentialAction\":[{\"@type\":\"ReadAction\",\"target\":[\"https:\\\/\\\/www.reservisten-brandenburg.de\\\/reservistenkameradschaften\\\/vor-ort\\\/rk-potsdam\\\/\"]}]},{\"@type\":\"ImageObject\",\"inLanguage\":\"de\",\"@id\":\"https:\\\/\\\/www.reservisten-brandenburg.de\\\/reservistenkameradschaften\\\/vor-ort\\\/rk-potsdam\\\/#primaryimage\",\"url\":\"https:\\\/\\\/www.reservisten-brandenburg.de\\\/reservistenkameradschaften\\\/wp-content\\\/uploads\\\/sites\\\/9\\\/2020\\\/12\\\/RK-Potsdam-MG-Munition.jpg\",\"contentUrl\":\"https:\\\/\\\/www.reservisten-brandenburg.de\\\/reservistenkameradschaften\\\/wp-content\\\/uploads\\\/sites\\\/9\\\/2020\\\/12\\\/RK-Potsdam-MG-Munition.jpg\",\"width\":1600,\"height\":900},{\"@type\":\"BreadcrumbList\",\"@id\":\"https:\\\/\\\/www.reservisten-brandenburg.de\\\/reservistenkameradschaften\\\/vor-ort\\\/rk-potsdam\\\/#breadcrumb\",\"itemListElement\":[{\"@type\":\"ListItem\",\"position\":1,\"name\":\"Startseite\",\"item\":\"https:\\\/\\\/www.reservisten-brandenburg.de\\\/reservistenkameradschaften\\\/\"},{\"@type\":\"ListItem\",\"position\":2,\"name\":\"Die Reserve vor Ort\",\"item\":\"https:\\\/\\\/www.reservisten-brandenburg.de\\\/reservistenkameradschaften\\\/vor-ort\\\/\"},{\"@type\":\"ListItem\",\"position\":3,\"name\":\"Reservistenkameradschaft Potsdam\"}]},{\"@type\":\"WebSite\",\"@id\":\"https:\\\/\\\/www.reservisten-brandenburg.de\\\/reservistenkameradschaften\\\/#website\",\"url\":\"https:\\\/\\\/www.reservisten-brandenburg.de\\\/reservistenkameradschaften\\\/\",\"name\":\"Die Reserve vor Ort\",\"description\":\"Eine weitere Reservistenverband Brandenburg - Websites Website\",\"publisher\":{\"@id\":\"https:\\\/\\\/www.reservisten-brandenburg.de\\\/reservistenkameradschaften\\\/#organization\"},\"potentialAction\":[{\"@type\":\"SearchAction\",\"target\":{\"@type\":\"EntryPoint\",\"urlTemplate\":\"https:\\\/\\\/www.reservisten-brandenburg.de\\\/reservistenkameradschaften\\\/?s={search_term_string}\"},\"query-input\":{\"@type\":\"PropertyValueSpecification\",\"valueRequired\":true,\"valueName\":\"search_term_string\"}}],\"inLanguage\":\"de\"},{\"@type\":\"Organization\",\"@id\":\"https:\\\/\\\/www.reservisten-brandenburg.de\\\/reservistenkameradschaften\\\/#organization\",\"name\":\"Reservistenverband Brandenburg\",\"url\":\"https:\\\/\\\/www.reservisten-brandenburg.de\\\/reservistenkameradschaften\\\/\",\"logo\":{\"@type\":\"ImageObject\",\"inLanguage\":\"de\",\"@id\":\"https:\\\/\\\/www.reservisten-brandenburg.de\\\/reservistenkameradschaften\\\/#\\\/schema\\\/logo\\\/image\\\/\",\"url\":\"\",\"contentUrl\":\"\",\"caption\":\"Reservistenverband Brandenburg\"},\"image\":{\"@id\":\"https:\\\/\\\/www.reservisten-brandenburg.de\\\/reservistenkameradschaften\\\/#\\\/schema\\\/logo\\\/image\\\/\"},\"sameAs\":[\"https:\\\/\\\/www.facebook.com\\\/reservisten.brandenburg\\\/\",\"https:\\\/\\\/x.com\\\/ResBrandenburg\",\"https:\\\/\\\/www.youtube.com\\\/channel\\\/UC30IySNYu79rnI6_89Sdf_A\",\"https:\\\/\\\/de.wikipedia.org\\\/wiki\\\/Verband_der_Reservisten_der_Deutschen_Bundeswehr\"]}]}<\/script>\n<!-- \/ Yoast SEO plugin. -->","yoast_head_json":{"title":"Reservistenkameradschaft Potsdam - Die Reserve vor Ort","robots":{"index":"index","follow":"follow","max-snippet":"max-snippet:-1","max-image-preview":"max-image-preview:large","max-video-preview":"max-video-preview:-1"},"canonical":"https:\/\/www.reservisten-brandenburg.de\/reservistenkameradschaften\/vor-ort\/rk-potsdam\/","og_locale":"de_DE","og_type":"article","og_title":"Reservistenkameradschaft Potsdam - Die Reserve vor Ort","og_description":"Die Reservistenkameradschaft &#8222;Gro\u00dfer Kurf\u00fcrst&#8220; Potsdam wurde 1994 gegr\u00fcndet und ist mit \u00fcber 220 Mitgliedern die gr\u00f6\u00dfte RK im Land Brandenburg. Die RK Potsdam ist in der beorderungsunabh\u00e4ngigen, freiwilligen Reservistenarbeit aktiv. [&hellip;]","og_url":"https:\/\/www.reservisten-brandenburg.de\/reservistenkameradschaften\/vor-ort\/rk-potsdam\/","og_site_name":"Die Reserve vor Ort","article_publisher":"https:\/\/www.facebook.com\/reservisten.brandenburg\/","article_modified_time":"2020-12-08T22:45:11+00:00","og_image":[{"width":1600,"height":900,"url":"https:\/\/www.reservisten-brandenburg.de\/reservistenkameradschaften\/wp-content\/uploads\/sites\/9\/2020\/12\/RK-Potsdam-MG-Munition.jpg","type":"image\/jpeg"}],"twitter_card":"summary_large_image","twitter_site":"@ResBrandenburg","twitter_misc":{"Gesch\u00e4tzte Lesezeit":"1\u00a0Minute"},"schema":{"@context":"https:\/\/schema.org","@graph":[{"@type":"WebPage","@id":"https:\/\/www.reservisten-brandenburg.de\/reservistenkameradschaften\/vor-ort\/rk-potsdam\/","url":"https:\/\/www.reservisten-brandenburg.de\/reservistenkameradschaften\/vor-ort\/rk-potsdam\/","name":"Reservistenkameradschaft Potsdam - Die Reserve vor Ort","isPartOf":{"@id":"https:\/\/www.reservisten-brandenburg.de\/reservistenkameradschaften\/#website"},"primaryImageOfPage":{"@id":"https:\/\/www.reservisten-brandenburg.de\/reservistenkameradschaften\/vor-ort\/rk-potsdam\/#primaryimage"},"image":{"@id":"https:\/\/www.reservisten-brandenburg.de\/reservistenkameradschaften\/vor-ort\/rk-potsdam\/#primaryimage"},"thumbnailUrl":"https:\/\/www.reservisten-brandenburg.de\/reservistenkameradschaften\/wp-content\/uploads\/sites\/9\/2020\/12\/RK-Potsdam-MG-Munition.jpg","datePublished":"2020-03-19T22:04:42+00:00","dateModified":"2020-12-08T22:45:11+00:00","breadcrumb":{"@id":"https:\/\/www.reservisten-brandenburg.de\/reservistenkameradschaften\/vor-ort\/rk-potsdam\/#breadcrumb"},"inLanguage":"de","potentialAction":[{"@type":"ReadAction","target":["https:\/\/www.reservisten-brandenburg.de\/reservistenkameradschaften\/vor-ort\/rk-potsdam\/"]}]},{"@type":"ImageObject","inLanguage":"de","@id":"https:\/\/www.reservisten-brandenburg.de\/reservistenkameradschaften\/vor-ort\/rk-potsdam\/#primaryimage","url":"https:\/\/www.reservisten-brandenburg.de\/reservistenkameradschaften\/wp-content\/uploads\/sites\/9\/2020\/12\/RK-Potsdam-MG-Munition.jpg","contentUrl":"https:\/\/www.reservisten-brandenburg.de\/reservistenkameradschaften\/wp-content\/uploads\/sites\/9\/2020\/12\/RK-Potsdam-MG-Munition.jpg","width":1600,"height":900},{"@type":"BreadcrumbList","@id":"https:\/\/www.reservisten-brandenburg.de\/reservistenkameradschaften\/vor-ort\/rk-potsdam\/#breadcrumb","itemListElement":[{"@type":"ListItem","position":1,"name":"Startseite","item":"https:\/\/www.reservisten-brandenburg.de\/reservistenkameradschaften\/"},{"@type":"ListItem","position":2,"name":"Die Reserve vor Ort","item":"https:\/\/www.reservisten-brandenburg.de\/reservistenkameradschaften\/vor-ort\/"},{"@type":"ListItem","position":3,"name":"Reservistenkameradschaft Potsdam"}]},{"@type":"WebSite","@id":"https:\/\/www.reservisten-brandenburg.de\/reservistenkameradschaften\/#website","url":"https:\/\/www.reservisten-brandenburg.de\/reservistenkameradschaften\/","name":"Die Reserve vor Ort","description":"Eine weitere Reservistenverband Brandenburg - Websites Website","publisher":{"@id":"https:\/\/www.reservisten-brandenburg.de\/reservistenkameradschaften\/#organization"},"potentialAction":[{"@type":"SearchAction","target":{"@type":"EntryPoint","urlTemplate":"https:\/\/www.reservisten-brandenburg.de\/reservistenkameradschaften\/?s={search_term_string}"},"query-input":{"@type":"PropertyValueSpecification","valueRequired":true,"valueName":"search_term_string"}}],"inLanguage":"de"},{"@type":"Organization","@id":"https:\/\/www.reservisten-brandenburg.de\/reservistenkameradschaften\/#organization","name":"Reservistenverband Brandenburg","url":"https:\/\/www.reservisten-brandenburg.de\/reservistenkameradschaften\/","logo":{"@type":"ImageObject","inLanguage":"de","@id":"https:\/\/www.reservisten-brandenburg.de\/reservistenkameradschaften\/#\/schema\/logo\/image\/","url":"","contentUrl":"","caption":"Reservistenverband Brandenburg"},"image":{"@id":"https:\/\/www.reservisten-brandenburg.de\/reservistenkameradschaften\/#\/schema\/logo\/image\/"},"sameAs":["https:\/\/www.facebook.com\/reservisten.brandenburg\/","https:\/\/x.com\/ResBrandenburg","https:\/\/www.youtube.com\/channel\/UC30IySNYu79rnI6_89Sdf_A","https:\/\/de.wikipedia.org\/wiki\/Verband_der_Reservisten_der_Deutschen_Bundeswehr"]}]}},"_links":{"self":[{"href":"https:\/\/www.reservisten-brandenburg.de\/reservistenkameradschaften\/wp-json\/wp\/v2\/pages\/46","targetHints":{"allow":["GET"]}}],"collection":[{"href":"https:\/\/www.reservisten-brandenburg.de\/reservistenkameradschaften\/wp-json\/wp\/v2\/pages"}],"about":[{"href":"https:\/\/www.reservisten-brandenburg.de\/reservistenkameradschaften\/wp-json\/wp\/v2\/types\/page"}],"author":[{"embeddable":true,"href":"https:\/\/www.reservisten-brandenburg.de\/reservistenkameradschaften\/wp-json\/wp\/v2\/users\/12"}],"replies":[{"embeddable":true,"href":"https:\/\/www.reservisten-brandenburg.de\/reservistenkameradschaften\/wp-json\/wp\/v2\/comments?post=46"}],"version-history":[{"count":0,"href":"https:\/\/www.reservisten-brandenburg.de\/reservistenkameradschaften\/wp-json\/wp\/v2\/pages\/46\/revisions"}],"up":[{"embeddable":true,"href":"https:\/\/www.reservisten-brandenburg.de\/reservistenkameradschaften\/wp-json\/wp\/v2\/pages\/52"}],"wp:featuredmedia":[{"embeddable":true,"href":"https:\/\/www.reservisten-brandenburg.de\/reservistenkameradschaften\/wp-json\/wp\/v2\/media\/244"}],"wp:attachment":[{"href":"https:\/\/www.reservisten-brandenburg.de\/reservistenkameradschaften\/wp-json\/wp\/v2\/media?parent=46"}],"curies":[{"name":"wp","href":"https:\/\/api.w.org\/{rel}","templated":true}]}}