{"id":204,"date":"2020-03-27T16:39:49","date_gmt":"2020-03-27T15:39:49","guid":{"rendered":"https:\/\/www.reservisten-brandenburg.de\/reservistenkameradschaften\/?page_id=204"},"modified":"2020-03-27T17:20:49","modified_gmt":"2020-03-27T16:20:49","slug":"foerdermitglieder","status":"publish","type":"page","link":"https:\/\/www.reservisten-brandenburg.de\/reservistenkameradschaften\/informationen\/foerdermitglieder\/","title":{"rendered":"F\u00f6rdermitglieder"},"content":{"rendered":"\n<p>Der Reservistenverband kennt drei Arten der <a rel=\"noreferrer noopener\" aria-label=\"Mitgliedschaft (\u00f6ffnet in neuem Tab)\" href=\"https:\/\/www.reservisten-brandenburg.de\/mitgliedsantrag\/\" target=\"_blank\">Mitgliedschaft<\/a>. Reservistinnen und Reservisten k\u00f6nnen ordentliche Mitglieder werden. Au\u00dferordentliches Mitglied werden aktive Soldaten. Alle anderen Personen k\u00f6nnen, entsprechend der <a rel=\"noreferrer noopener\" aria-label=\"Ordnung f\u00fcr au\u00dferordentliche und f\u00f6rdernde Mitglieder (\u00f6ffnet in neuem Tab)\" href=\"https:\/\/www.reservistenverband.de\/wp-content\/uploads\/2019\/09\/Ordnung_ausserordentliche_und_foerdernde_Mitglieder.pdf\" target=\"_blank\">Ordnung f\u00fcr au\u00dferordentliche und f\u00f6rdernde Mitglieder<\/a>, dem Reservistenverband grunds\u00e4tzlich als F\u00f6rdermitglied beitreten.<\/p>\n\n\n\n<p>Die Aufnahme als f\u00f6rderndes Mitglied ist durch den Vorstand einer <a href=\"https:\/\/www.reservisten-brandenburg.de\/reservistenkameradschaften\/\">Reservistenkameradschaft<\/a> zu bef\u00fcrworten. Dies geschieht im Regelfall schriftlich gegen\u00fcber dem Landesvorstand. Dieser entscheidet \u00fcber den Aufnahmeantrag. <\/p>\n\n\n\n<p>F\u00f6rdermitglieder k\u00f6nnen grunds\u00e4tzlich an allen Veranstaltungen des Reservistenverbandes teilnehmen. \u00dcber die Teilnahme eines au\u00dferordentlichen oder f\u00f6rdernden Mitgliedes an einer dienstlichen Veranstaltung entscheidet die Bundeswehr. Der Mitgliedsbeitrag der au\u00dferordentlichen und f\u00f6rdernden Mitglieder entspricht dem der ordentlichen Mitglieder.<\/p>\n","protected":false},"excerpt":{"rendered":"<p>Der Reservistenverband kennt drei Arten der Mitgliedschaft. Reservistinnen und Reservisten k\u00f6nnen ordentliche Mitglieder werden. Au\u00dferordentliches Mitglied werden aktive Soldaten. Alle anderen Personen k\u00f6nnen, entsprechend der Ordnung f\u00fcr au\u00dferordentliche und f\u00f6rdernde [&hellip;]<\/p>\n","protected":false},"author":12,"featured_media":13,"parent":55,"menu_order":0,"comment_status":"closed","ping_status":"closed","template":"","meta":{"footnotes":""},"class_list":["post-204","page","type-page","status-publish","has-post-thumbnail","hentry"],"yoast_head":"<!-- This site is optimized with the Yoast SEO plugin v27.5 - https:\/\/yoast.com\/product\/yoast-seo-wordpress\/ -->\n<title>F\u00f6rdermitglieder - Die Reserve vor Ort<\/title>\n<meta name=\"robots\" content=\"index, follow, max-snippet:-1, max-image-preview:large, max-video-preview:-1\" \/>\n<link rel=\"canonical\" href=\"https:\/\/www.reservisten-brandenburg.de\/reservistenkameradschaften\/informationen\/foerdermitglieder\/\" \/>\n<meta property=\"og:locale\" content=\"de_DE\" \/>\n<meta property=\"og:type\" content=\"article\" \/>\n<meta property=\"og:title\" content=\"F\u00f6rdermitglieder - Die Reserve vor Ort\" \/>\n<meta property=\"og:description\" content=\"Der Reservistenverband kennt drei Arten der Mitgliedschaft. Reservistinnen und Reservisten k\u00f6nnen ordentliche Mitglieder werden. Au\u00dferordentliches Mitglied werden aktive Soldaten. Alle anderen Personen k\u00f6nnen, entsprechend der Ordnung f\u00fcr au\u00dferordentliche und f\u00f6rdernde [&hellip;]\" \/>\n<meta property=\"og:url\" content=\"https:\/\/www.reservisten-brandenburg.de\/reservistenkameradschaften\/informationen\/foerdermitglieder\/\" \/>\n<meta property=\"og:site_name\" content=\"Die Reserve vor Ort\" \/>\n<meta property=\"article:publisher\" content=\"https:\/\/www.facebook.com\/reservisten.brandenburg\/\" \/>\n<meta property=\"article:modified_time\" content=\"2020-03-27T16:20:49+00:00\" \/>\n<meta property=\"og:image\" content=\"https:\/\/www.reservisten-brandenburg.de\/reservistenkameradschaften\/wp-content\/uploads\/sites\/9\/2020\/03\/willkommen_LGBB_flach.jpg\" \/>\n\t<meta property=\"og:image:width\" content=\"1600\" \/>\n\t<meta property=\"og:image:height\" content=\"400\" \/>\n\t<meta property=\"og:image:type\" content=\"image\/jpeg\" \/>\n<meta name=\"twitter:card\" content=\"summary_large_image\" \/>\n<meta name=\"twitter:site\" content=\"@ResBrandenburg\" \/>\n<meta name=\"twitter:label1\" content=\"Gesch\u00e4tzte Lesezeit\" \/>\n\t<meta name=\"twitter:data1\" content=\"1\u00a0Minute\" \/>\n<script type=\"application\/ld+json\" class=\"yoast-schema-graph\">{\"@context\":\"https:\\\/\\\/schema.org\",\"@graph\":[{\"@type\":\"WebPage\",\"@id\":\"https:\\\/\\\/www.reservisten-brandenburg.de\\\/reservistenkameradschaften\\\/informationen\\\/foerdermitglieder\\\/\",\"url\":\"https:\\\/\\\/www.reservisten-brandenburg.de\\\/reservistenkameradschaften\\\/informationen\\\/foerdermitglieder\\\/\",\"name\":\"F\u00f6rdermitglieder - Die Reserve vor Ort\",\"isPartOf\":{\"@id\":\"https:\\\/\\\/www.reservisten-brandenburg.de\\\/reservistenkameradschaften\\\/#website\"},\"primaryImageOfPage\":{\"@id\":\"https:\\\/\\\/www.reservisten-brandenburg.de\\\/reservistenkameradschaften\\\/informationen\\\/foerdermitglieder\\\/#primaryimage\"},\"image\":{\"@id\":\"https:\\\/\\\/www.reservisten-brandenburg.de\\\/reservistenkameradschaften\\\/informationen\\\/foerdermitglieder\\\/#primaryimage\"},\"thumbnailUrl\":\"https:\\\/\\\/www.reservisten-brandenburg.de\\\/reservistenkameradschaften\\\/wp-content\\\/uploads\\\/sites\\\/9\\\/2020\\\/03\\\/willkommen_LGBB_flach.jpg\",\"datePublished\":\"2020-03-27T15:39:49+00:00\",\"dateModified\":\"2020-03-27T16:20:49+00:00\",\"breadcrumb\":{\"@id\":\"https:\\\/\\\/www.reservisten-brandenburg.de\\\/reservistenkameradschaften\\\/informationen\\\/foerdermitglieder\\\/#breadcrumb\"},\"inLanguage\":\"de\",\"potentialAction\":[{\"@type\":\"ReadAction\",\"target\":[\"https:\\\/\\\/www.reservisten-brandenburg.de\\\/reservistenkameradschaften\\\/informationen\\\/foerdermitglieder\\\/\"]}]},{\"@type\":\"ImageObject\",\"inLanguage\":\"de\",\"@id\":\"https:\\\/\\\/www.reservisten-brandenburg.de\\\/reservistenkameradschaften\\\/informationen\\\/foerdermitglieder\\\/#primaryimage\",\"url\":\"https:\\\/\\\/www.reservisten-brandenburg.de\\\/reservistenkameradschaften\\\/wp-content\\\/uploads\\\/sites\\\/9\\\/2020\\\/03\\\/willkommen_LGBB_flach.jpg\",\"contentUrl\":\"https:\\\/\\\/www.reservisten-brandenburg.de\\\/reservistenkameradschaften\\\/wp-content\\\/uploads\\\/sites\\\/9\\\/2020\\\/03\\\/willkommen_LGBB_flach.jpg\",\"width\":1600,\"height\":400},{\"@type\":\"BreadcrumbList\",\"@id\":\"https:\\\/\\\/www.reservisten-brandenburg.de\\\/reservistenkameradschaften\\\/informationen\\\/foerdermitglieder\\\/#breadcrumb\",\"itemListElement\":[{\"@type\":\"ListItem\",\"position\":1,\"name\":\"Startseite\",\"item\":\"https:\\\/\\\/www.reservisten-brandenburg.de\\\/reservistenkameradschaften\\\/\"},{\"@type\":\"ListItem\",\"position\":2,\"name\":\"Arbeitshilfe f\u00fcr RK-Vorst\u00e4nde\",\"item\":\"https:\\\/\\\/www.reservisten-brandenburg.de\\\/reservistenkameradschaften\\\/informationen\\\/\"},{\"@type\":\"ListItem\",\"position\":3,\"name\":\"F\u00f6rdermitglieder\"}]},{\"@type\":\"WebSite\",\"@id\":\"https:\\\/\\\/www.reservisten-brandenburg.de\\\/reservistenkameradschaften\\\/#website\",\"url\":\"https:\\\/\\\/www.reservisten-brandenburg.de\\\/reservistenkameradschaften\\\/\",\"name\":\"Die Reserve vor Ort\",\"description\":\"Eine weitere Reservistenverband Brandenburg - Websites Website\",\"publisher\":{\"@id\":\"https:\\\/\\\/www.reservisten-brandenburg.de\\\/reservistenkameradschaften\\\/#organization\"},\"potentialAction\":[{\"@type\":\"SearchAction\",\"target\":{\"@type\":\"EntryPoint\",\"urlTemplate\":\"https:\\\/\\\/www.reservisten-brandenburg.de\\\/reservistenkameradschaften\\\/?s={search_term_string}\"},\"query-input\":{\"@type\":\"PropertyValueSpecification\",\"valueRequired\":true,\"valueName\":\"search_term_string\"}}],\"inLanguage\":\"de\"},{\"@type\":\"Organization\",\"@id\":\"https:\\\/\\\/www.reservisten-brandenburg.de\\\/reservistenkameradschaften\\\/#organization\",\"name\":\"Reservistenverband Brandenburg\",\"url\":\"https:\\\/\\\/www.reservisten-brandenburg.de\\\/reservistenkameradschaften\\\/\",\"logo\":{\"@type\":\"ImageObject\",\"inLanguage\":\"de\",\"@id\":\"https:\\\/\\\/www.reservisten-brandenburg.de\\\/reservistenkameradschaften\\\/#\\\/schema\\\/logo\\\/image\\\/\",\"url\":\"\",\"contentUrl\":\"\",\"caption\":\"Reservistenverband Brandenburg\"},\"image\":{\"@id\":\"https:\\\/\\\/www.reservisten-brandenburg.de\\\/reservistenkameradschaften\\\/#\\\/schema\\\/logo\\\/image\\\/\"},\"sameAs\":[\"https:\\\/\\\/www.facebook.com\\\/reservisten.brandenburg\\\/\",\"https:\\\/\\\/x.com\\\/ResBrandenburg\",\"https:\\\/\\\/www.youtube.com\\\/channel\\\/UC30IySNYu79rnI6_89Sdf_A\",\"https:\\\/\\\/de.wikipedia.org\\\/wiki\\\/Verband_der_Reservisten_der_Deutschen_Bundeswehr\"]}]}<\/script>\n<!-- \/ Yoast SEO plugin. -->","yoast_head_json":{"title":"F\u00f6rdermitglieder - Die Reserve vor Ort","robots":{"index":"index","follow":"follow","max-snippet":"max-snippet:-1","max-image-preview":"max-image-preview:large","max-video-preview":"max-video-preview:-1"},"canonical":"https:\/\/www.reservisten-brandenburg.de\/reservistenkameradschaften\/informationen\/foerdermitglieder\/","og_locale":"de_DE","og_type":"article","og_title":"F\u00f6rdermitglieder - Die Reserve vor Ort","og_description":"Der Reservistenverband kennt drei Arten der Mitgliedschaft. Reservistinnen und Reservisten k\u00f6nnen ordentliche Mitglieder werden. Au\u00dferordentliches Mitglied werden aktive Soldaten. Alle anderen Personen k\u00f6nnen, entsprechend der Ordnung f\u00fcr au\u00dferordentliche und f\u00f6rdernde [&hellip;]","og_url":"https:\/\/www.reservisten-brandenburg.de\/reservistenkameradschaften\/informationen\/foerdermitglieder\/","og_site_name":"Die Reserve vor Ort","article_publisher":"https:\/\/www.facebook.com\/reservisten.brandenburg\/","article_modified_time":"2020-03-27T16:20:49+00:00","og_image":[{"width":1600,"height":400,"url":"https:\/\/www.reservisten-brandenburg.de\/reservistenkameradschaften\/wp-content\/uploads\/sites\/9\/2020\/03\/willkommen_LGBB_flach.jpg","type":"image\/jpeg"}],"twitter_card":"summary_large_image","twitter_site":"@ResBrandenburg","twitter_misc":{"Gesch\u00e4tzte Lesezeit":"1\u00a0Minute"},"schema":{"@context":"https:\/\/schema.org","@graph":[{"@type":"WebPage","@id":"https:\/\/www.reservisten-brandenburg.de\/reservistenkameradschaften\/informationen\/foerdermitglieder\/","url":"https:\/\/www.reservisten-brandenburg.de\/reservistenkameradschaften\/informationen\/foerdermitglieder\/","name":"F\u00f6rdermitglieder - Die Reserve vor Ort","isPartOf":{"@id":"https:\/\/www.reservisten-brandenburg.de\/reservistenkameradschaften\/#website"},"primaryImageOfPage":{"@id":"https:\/\/www.reservisten-brandenburg.de\/reservistenkameradschaften\/informationen\/foerdermitglieder\/#primaryimage"},"image":{"@id":"https:\/\/www.reservisten-brandenburg.de\/reservistenkameradschaften\/informationen\/foerdermitglieder\/#primaryimage"},"thumbnailUrl":"https:\/\/www.reservisten-brandenburg.de\/reservistenkameradschaften\/wp-content\/uploads\/sites\/9\/2020\/03\/willkommen_LGBB_flach.jpg","datePublished":"2020-03-27T15:39:49+00:00","dateModified":"2020-03-27T16:20:49+00:00","breadcrumb":{"@id":"https:\/\/www.reservisten-brandenburg.de\/reservistenkameradschaften\/informationen\/foerdermitglieder\/#breadcrumb"},"inLanguage":"de","potentialAction":[{"@type":"ReadAction","target":["https:\/\/www.reservisten-brandenburg.de\/reservistenkameradschaften\/informationen\/foerdermitglieder\/"]}]},{"@type":"ImageObject","inLanguage":"de","@id":"https:\/\/www.reservisten-brandenburg.de\/reservistenkameradschaften\/informationen\/foerdermitglieder\/#primaryimage","url":"https:\/\/www.reservisten-brandenburg.de\/reservistenkameradschaften\/wp-content\/uploads\/sites\/9\/2020\/03\/willkommen_LGBB_flach.jpg","contentUrl":"https:\/\/www.reservisten-brandenburg.de\/reservistenkameradschaften\/wp-content\/uploads\/sites\/9\/2020\/03\/willkommen_LGBB_flach.jpg","width":1600,"height":400},{"@type":"BreadcrumbList","@id":"https:\/\/www.reservisten-brandenburg.de\/reservistenkameradschaften\/informationen\/foerdermitglieder\/#breadcrumb","itemListElement":[{"@type":"ListItem","position":1,"name":"Startseite","item":"https:\/\/www.reservisten-brandenburg.de\/reservistenkameradschaften\/"},{"@type":"ListItem","position":2,"name":"Arbeitshilfe f\u00fcr RK-Vorst\u00e4nde","item":"https:\/\/www.reservisten-brandenburg.de\/reservistenkameradschaften\/informationen\/"},{"@type":"ListItem","position":3,"name":"F\u00f6rdermitglieder"}]},{"@type":"WebSite","@id":"https:\/\/www.reservisten-brandenburg.de\/reservistenkameradschaften\/#website","url":"https:\/\/www.reservisten-brandenburg.de\/reservistenkameradschaften\/","name":"Die Reserve vor Ort","description":"Eine weitere Reservistenverband Brandenburg - Websites Website","publisher":{"@id":"https:\/\/www.reservisten-brandenburg.de\/reservistenkameradschaften\/#organization"},"potentialAction":[{"@type":"SearchAction","target":{"@type":"EntryPoint","urlTemplate":"https:\/\/www.reservisten-brandenburg.de\/reservistenkameradschaften\/?s={search_term_string}"},"query-input":{"@type":"PropertyValueSpecification","valueRequired":true,"valueName":"search_term_string"}}],"inLanguage":"de"},{"@type":"Organization","@id":"https:\/\/www.reservisten-brandenburg.de\/reservistenkameradschaften\/#organization","name":"Reservistenverband Brandenburg","url":"https:\/\/www.reservisten-brandenburg.de\/reservistenkameradschaften\/","logo":{"@type":"ImageObject","inLanguage":"de","@id":"https:\/\/www.reservisten-brandenburg.de\/reservistenkameradschaften\/#\/schema\/logo\/image\/","url":"","contentUrl":"","caption":"Reservistenverband Brandenburg"},"image":{"@id":"https:\/\/www.reservisten-brandenburg.de\/reservistenkameradschaften\/#\/schema\/logo\/image\/"},"sameAs":["https:\/\/www.facebook.com\/reservisten.brandenburg\/","https:\/\/x.com\/ResBrandenburg","https:\/\/www.youtube.com\/channel\/UC30IySNYu79rnI6_89Sdf_A","https:\/\/de.wikipedia.org\/wiki\/Verband_der_Reservisten_der_Deutschen_Bundeswehr"]}]}},"_links":{"self":[{"href":"https:\/\/www.reservisten-brandenburg.de\/reservistenkameradschaften\/wp-json\/wp\/v2\/pages\/204","targetHints":{"allow":["GET"]}}],"collection":[{"href":"https:\/\/www.reservisten-brandenburg.de\/reservistenkameradschaften\/wp-json\/wp\/v2\/pages"}],"about":[{"href":"https:\/\/www.reservisten-brandenburg.de\/reservistenkameradschaften\/wp-json\/wp\/v2\/types\/page"}],"author":[{"embeddable":true,"href":"https:\/\/www.reservisten-brandenburg.de\/reservistenkameradschaften\/wp-json\/wp\/v2\/users\/12"}],"replies":[{"embeddable":true,"href":"https:\/\/www.reservisten-brandenburg.de\/reservistenkameradschaften\/wp-json\/wp\/v2\/comments?post=204"}],"version-history":[{"count":0,"href":"https:\/\/www.reservisten-brandenburg.de\/reservistenkameradschaften\/wp-json\/wp\/v2\/pages\/204\/revisions"}],"up":[{"embeddable":true,"href":"https:\/\/www.reservisten-brandenburg.de\/reservistenkameradschaften\/wp-json\/wp\/v2\/pages\/55"}],"wp:featuredmedia":[{"embeddable":true,"href":"https:\/\/www.reservisten-brandenburg.de\/reservistenkameradschaften\/wp-json\/wp\/v2\/media\/13"}],"wp:attachment":[{"href":"https:\/\/www.reservisten-brandenburg.de\/reservistenkameradschaften\/wp-json\/wp\/v2\/media?parent=204"}],"curies":[{"name":"wp","href":"https:\/\/api.w.org\/{rel}","templated":true}]}}