{"id":16,"date":"2020-03-19T11:42:22","date_gmt":"2020-03-19T10:42:22","guid":{"rendered":"https:\/\/www.reservisten-brandenburg.de\/reservistenkameradschaften\/?page_id=16"},"modified":"2023-11-24T22:00:00","modified_gmt":"2023-11-24T21:00:00","slug":"reservistenkameradschaften","status":"publish","type":"page","link":"https:\/\/www.reservisten-brandenburg.de\/reservistenkameradschaften\/","title":{"rendered":"Reservistenkameradschaften"},"content":{"rendered":"\n<p>Tr\u00e4ger der Reservistenarbeit sind die \u00f6rtlichen Reservistenkameradschaften (RKen). Sie vertreten den Reservistenverband in der Fl\u00e4che. Nach der Reduzierung der Bundeswehrstandorte, sind sie oftmals der einzige Kontaktpunkt mit der Bundeswehr in weitem Umkreis.<\/p>\n\n\n\n<p>In Brandenburg gibt es 11 Reservistenkameradschaften. Ihre Gr\u00f6\u00dfe unterscheidet sich teilweise erheblich. Es gibt kleinere Kameradschaften mit einem Duzent Mitgliedern, bis hin zu den gr\u00f6\u00dferen RKen mit bis zu \u00fcber 200 Mitgliedern. Entscheidender ist aber die Aktivit\u00e4t. Viele Reservistenkameradschaften treffen sich monatlich zum sogenannten RK-Abend. Dar\u00fcber hinaus f\u00fchren sie im Idealfall noch weitere Veranstaltungen, z.B. <a href=\"https:\/\/www.reservisten-brandenburg.de\/militaerische-ausbildung\/\">milit\u00e4rische Ausbildungen<\/a> oder <a href=\"https:\/\/www.sicherheitspolitik.info\">sicherheitspolitische Veranstaltungen<\/a>, durch.<\/p>\n\n\n\n<p>Hier finden Sie unsere Reservistenkameradschaften:<\/p>\n\n\n\n<div class=\"wp-block-columns has-2-columns is-layout-flex wp-container-core-columns-is-layout-9d6595d7 wp-block-columns-is-layout-flex\">\n<div class=\"wp-block-column is-layout-flow wp-block-column-is-layout-flow\">\n<ul class=\"wp-block-list\">\n<li><a href=\"https:\/\/www.rk-potsdam.com\" target=\"_blank\" rel=\"noreferrer noopener\">RK &#8222;Gro\u00dfer Kurf\u00fcrst&#8220; Potsdam<\/a><\/li>\n\n\n\n<li>RK &#8222;Roter Adler&#8220; Lehnitz<\/li>\n\n\n\n<li><a href=\"https:\/\/www.rk-strausberg.de\" target=\"_blank\" rel=\"noreferrer noopener\">RK Strausberg<\/a><\/li>\n\n\n\n<li>RK Oberhavel<\/li>\n\n\n\n<li>RK Luckenwalde<\/li>\n\n\n\n<li>RK &#8222;Alter Fritz&#8220; Eberswalde\/Barnim<\/li>\n<\/ul>\n<\/div>\n\n\n\n<div class=\"wp-block-column is-layout-flow wp-block-column-is-layout-flow\">\n<ul class=\"wp-block-list\">\n<li>RK Frankfurt (Oder)<\/li>\n\n\n\n<li>RK &#8222;Kurmark&#8220; Storkow<\/li>\n\n\n\n<li>RK &#8222;Uckermark&#8220; Prenzlau<\/li>\n\n\n\n<li>RK Fehrbellin<\/li>\n\n\n\n<li>RK &#8222;General von Zieten&#8220; Neuruppin<\/li>\n<\/ul>\n<\/div>\n<\/div>\n\n\n\n<p>Wenn Sie Mitglied in einer Brandenburger Reservistenkameradschaft werden wollen, nehmen Sie am besten Verbindung mit den Kameradschaften auf, um sich \u00fcber die Aktivit\u00e4ten zu informieren. Sollten Sie die Reservistenkameradschaften nicht erreichen, k\u00f6nnen Sie sich auch an die entsprechende <a href=\"\/die-landesgruppe\/geschaeftsstellen\/\">Gesch\u00e4ftsstelle<\/a> wenden. Diese sind mit hauptamtlichen Mitarbeiterinnen und Mitarbeitern besetzt und so im Rahmen der Gesch\u00e4ftszeiten im Regelfall gut erreichbar. Dort kann man Ihnen weitere Informationen zu einzelnen Reservistenkameradschaften geben und sicher auch zu anderen Fragen der Reservistenarbeit weiterhelfen.<\/p>\n\n\n\n<p>Au\u00dferdem k\u00f6nnen Sie den <a href=\"https:\/\/www.reservisten-brandenburg.de\/die-landesgruppe\/landesvorstand\/\">Landesvorstand<\/a> hier \u00fcber die Webseite oder \u00fcber unsere <a href=\"https:\/\/www.reservisten-brandenburg.de\/die-landesgruppe\/presse\/online\/\">Social-Media<\/a>-Kan\u00e4le wie zum Beispiel <a rel=\"noreferrer noopener\" aria-label=\"Facebook (\u00f6ffnet in neuem Tab)\" href=\"http:\/\/facebook.com\/reservisten.brandenburg\/\" target=\"_blank\">Facebook<\/a> oder <a rel=\"noreferrer noopener\" aria-label=\"Twitter (\u00f6ffnet in neuem Tab)\" href=\"http:\/\/twitter.com\/ResBrandenburg\" target=\"_blank\">Twitter<\/a> kontaktieren. Der Landesvorstand hat sich f\u00fcr dieses Jahr eine Belebung der lokalen Reservistenarbeit in den Reservistenkameradschaften als Ziel gesetzt. Dazu wurden in einem ersten Schritt die wenig aktiven RKen kontaktiert, um das weitere Vorgehen zu erfragen und nochmal die Unterst\u00fctzungsm\u00f6glichkeiten des Landesvorstandes deutlich zu machen. Weitere Schritte zur Unterst\u00fctzung der RKen werden dann je nach Bedarf und Lage erfolgen.<\/p>\n","protected":false},"excerpt":{"rendered":"<p>Tr\u00e4ger der Reservistenarbeit sind die \u00f6rtlichen Reservistenkameradschaften (RKen). Sie vertreten den Reservistenverband in der Fl\u00e4che. Nach der Reduzierung der Bundeswehrstandorte, sind sie oftmals der einzige Kontaktpunkt mit der Bundeswehr in [&hellip;]<\/p>\n","protected":false},"author":12,"featured_media":60,"parent":0,"menu_order":1,"comment_status":"closed","ping_status":"closed","template":"","meta":{"footnotes":""},"class_list":["post-16","page","type-page","status-publish","has-post-thumbnail","hentry"],"yoast_head":"<!-- This site is optimized with the Yoast SEO plugin v27.3 - https:\/\/yoast.com\/product\/yoast-seo-wordpress\/ -->\n<title>Reservistenkameradschaften - Die Reserve vor Ort<\/title>\n<meta name=\"robots\" content=\"index, follow, max-snippet:-1, max-image-preview:large, max-video-preview:-1\" \/>\n<link rel=\"canonical\" href=\"https:\/\/www.reservisten-brandenburg.de\/reservistenkameradschaften\/\" \/>\n<meta property=\"og:locale\" content=\"de_DE\" \/>\n<meta property=\"og:type\" content=\"article\" \/>\n<meta property=\"og:title\" content=\"Reservistenkameradschaften - Die Reserve vor Ort\" \/>\n<meta property=\"og:description\" content=\"Tr\u00e4ger der Reservistenarbeit sind die \u00f6rtlichen Reservistenkameradschaften (RKen). Sie vertreten den Reservistenverband in der Fl\u00e4che. Nach der Reduzierung der Bundeswehrstandorte, sind sie oftmals der einzige Kontaktpunkt mit der Bundeswehr in [&hellip;]\" \/>\n<meta property=\"og:url\" content=\"https:\/\/www.reservisten-brandenburg.de\/reservistenkameradschaften\/\" \/>\n<meta property=\"og:site_name\" content=\"Die Reserve vor Ort\" \/>\n<meta property=\"article:publisher\" content=\"https:\/\/www.facebook.com\/reservisten.brandenburg\/\" \/>\n<meta property=\"article:modified_time\" content=\"2023-11-24T21:00:00+00:00\" \/>\n<meta property=\"og:image\" content=\"http:\/\/www.reservisten-brandenburg.de\/reservistenkameradschaften\/wp-content\/uploads\/sites\/9\/2020\/03\/Landesgruppe_Brandenburg_Karte.jpg\" \/>\n\t<meta property=\"og:image:width\" content=\"2000\" \/>\n\t<meta property=\"og:image:height\" content=\"900\" \/>\n\t<meta property=\"og:image:type\" content=\"image\/jpeg\" \/>\n<meta name=\"twitter:card\" content=\"summary_large_image\" \/>\n<meta name=\"twitter:site\" content=\"@ResBrandenburg\" \/>\n<meta name=\"twitter:label1\" content=\"Gesch\u00e4tzte Lesezeit\" \/>\n\t<meta name=\"twitter:data1\" content=\"2\u00a0Minuten\" \/>\n<script type=\"application\/ld+json\" class=\"yoast-schema-graph\">{\"@context\":\"https:\\\/\\\/schema.org\",\"@graph\":[{\"@type\":\"WebPage\",\"@id\":\"https:\\\/\\\/www.reservisten-brandenburg.de\\\/reservistenkameradschaften\\\/\",\"url\":\"https:\\\/\\\/www.reservisten-brandenburg.de\\\/reservistenkameradschaften\\\/\",\"name\":\"Reservistenkameradschaften - Die Reserve vor Ort\",\"isPartOf\":{\"@id\":\"https:\\\/\\\/www.reservisten-brandenburg.de\\\/reservistenkameradschaften\\\/#website\"},\"primaryImageOfPage\":{\"@id\":\"https:\\\/\\\/www.reservisten-brandenburg.de\\\/reservistenkameradschaften\\\/#primaryimage\"},\"image\":{\"@id\":\"https:\\\/\\\/www.reservisten-brandenburg.de\\\/reservistenkameradschaften\\\/#primaryimage\"},\"thumbnailUrl\":\"https:\\\/\\\/www.reservisten-brandenburg.de\\\/reservistenkameradschaften\\\/wp-content\\\/uploads\\\/sites\\\/9\\\/2020\\\/03\\\/Landesgruppe_Brandenburg_Karte.jpg\",\"datePublished\":\"2020-03-19T10:42:22+00:00\",\"dateModified\":\"2023-11-24T21:00:00+00:00\",\"breadcrumb\":{\"@id\":\"https:\\\/\\\/www.reservisten-brandenburg.de\\\/reservistenkameradschaften\\\/#breadcrumb\"},\"inLanguage\":\"de\",\"potentialAction\":[{\"@type\":\"ReadAction\",\"target\":[\"https:\\\/\\\/www.reservisten-brandenburg.de\\\/reservistenkameradschaften\\\/\"]}]},{\"@type\":\"ImageObject\",\"inLanguage\":\"de\",\"@id\":\"https:\\\/\\\/www.reservisten-brandenburg.de\\\/reservistenkameradschaften\\\/#primaryimage\",\"url\":\"https:\\\/\\\/www.reservisten-brandenburg.de\\\/reservistenkameradschaften\\\/wp-content\\\/uploads\\\/sites\\\/9\\\/2020\\\/03\\\/Landesgruppe_Brandenburg_Karte.jpg\",\"contentUrl\":\"https:\\\/\\\/www.reservisten-brandenburg.de\\\/reservistenkameradschaften\\\/wp-content\\\/uploads\\\/sites\\\/9\\\/2020\\\/03\\\/Landesgruppe_Brandenburg_Karte.jpg\",\"width\":2000,\"height\":900},{\"@type\":\"BreadcrumbList\",\"@id\":\"https:\\\/\\\/www.reservisten-brandenburg.de\\\/reservistenkameradschaften\\\/#breadcrumb\",\"itemListElement\":[{\"@type\":\"ListItem\",\"position\":1,\"name\":\"Startseite\",\"item\":\"https:\\\/\\\/www.reservisten-brandenburg.de\\\/reservistenkameradschaften\\\/\"},{\"@type\":\"ListItem\",\"position\":2,\"name\":\"Reservistenkameradschaften\"}]},{\"@type\":\"WebSite\",\"@id\":\"https:\\\/\\\/www.reservisten-brandenburg.de\\\/reservistenkameradschaften\\\/#website\",\"url\":\"https:\\\/\\\/www.reservisten-brandenburg.de\\\/reservistenkameradschaften\\\/\",\"name\":\"Die Reserve vor Ort\",\"description\":\"Eine weitere Reservistenverband Brandenburg - Websites Website\",\"publisher\":{\"@id\":\"https:\\\/\\\/www.reservisten-brandenburg.de\\\/reservistenkameradschaften\\\/#organization\"},\"potentialAction\":[{\"@type\":\"SearchAction\",\"target\":{\"@type\":\"EntryPoint\",\"urlTemplate\":\"https:\\\/\\\/www.reservisten-brandenburg.de\\\/reservistenkameradschaften\\\/?s={search_term_string}\"},\"query-input\":{\"@type\":\"PropertyValueSpecification\",\"valueRequired\":true,\"valueName\":\"search_term_string\"}}],\"inLanguage\":\"de\"},{\"@type\":\"Organization\",\"@id\":\"https:\\\/\\\/www.reservisten-brandenburg.de\\\/reservistenkameradschaften\\\/#organization\",\"name\":\"Reservistenverband Brandenburg\",\"url\":\"https:\\\/\\\/www.reservisten-brandenburg.de\\\/reservistenkameradschaften\\\/\",\"logo\":{\"@type\":\"ImageObject\",\"inLanguage\":\"de\",\"@id\":\"https:\\\/\\\/www.reservisten-brandenburg.de\\\/reservistenkameradschaften\\\/#\\\/schema\\\/logo\\\/image\\\/\",\"url\":\"\",\"contentUrl\":\"\",\"caption\":\"Reservistenverband Brandenburg\"},\"image\":{\"@id\":\"https:\\\/\\\/www.reservisten-brandenburg.de\\\/reservistenkameradschaften\\\/#\\\/schema\\\/logo\\\/image\\\/\"},\"sameAs\":[\"https:\\\/\\\/www.facebook.com\\\/reservisten.brandenburg\\\/\",\"https:\\\/\\\/x.com\\\/ResBrandenburg\",\"https:\\\/\\\/www.youtube.com\\\/channel\\\/UC30IySNYu79rnI6_89Sdf_A\",\"https:\\\/\\\/de.wikipedia.org\\\/wiki\\\/Verband_der_Reservisten_der_Deutschen_Bundeswehr\"]}]}<\/script>\n<!-- \/ Yoast SEO plugin. -->","yoast_head_json":{"title":"Reservistenkameradschaften - Die Reserve vor Ort","robots":{"index":"index","follow":"follow","max-snippet":"max-snippet:-1","max-image-preview":"max-image-preview:large","max-video-preview":"max-video-preview:-1"},"canonical":"https:\/\/www.reservisten-brandenburg.de\/reservistenkameradschaften\/","og_locale":"de_DE","og_type":"article","og_title":"Reservistenkameradschaften - Die Reserve vor Ort","og_description":"Tr\u00e4ger der Reservistenarbeit sind die \u00f6rtlichen Reservistenkameradschaften (RKen). Sie vertreten den Reservistenverband in der Fl\u00e4che. Nach der Reduzierung der Bundeswehrstandorte, sind sie oftmals der einzige Kontaktpunkt mit der Bundeswehr in [&hellip;]","og_url":"https:\/\/www.reservisten-brandenburg.de\/reservistenkameradschaften\/","og_site_name":"Die Reserve vor Ort","article_publisher":"https:\/\/www.facebook.com\/reservisten.brandenburg\/","article_modified_time":"2023-11-24T21:00:00+00:00","og_image":[{"width":2000,"height":900,"url":"http:\/\/www.reservisten-brandenburg.de\/reservistenkameradschaften\/wp-content\/uploads\/sites\/9\/2020\/03\/Landesgruppe_Brandenburg_Karte.jpg","type":"image\/jpeg"}],"twitter_card":"summary_large_image","twitter_site":"@ResBrandenburg","twitter_misc":{"Gesch\u00e4tzte Lesezeit":"2\u00a0Minuten"},"schema":{"@context":"https:\/\/schema.org","@graph":[{"@type":"WebPage","@id":"https:\/\/www.reservisten-brandenburg.de\/reservistenkameradschaften\/","url":"https:\/\/www.reservisten-brandenburg.de\/reservistenkameradschaften\/","name":"Reservistenkameradschaften - Die Reserve vor Ort","isPartOf":{"@id":"https:\/\/www.reservisten-brandenburg.de\/reservistenkameradschaften\/#website"},"primaryImageOfPage":{"@id":"https:\/\/www.reservisten-brandenburg.de\/reservistenkameradschaften\/#primaryimage"},"image":{"@id":"https:\/\/www.reservisten-brandenburg.de\/reservistenkameradschaften\/#primaryimage"},"thumbnailUrl":"https:\/\/www.reservisten-brandenburg.de\/reservistenkameradschaften\/wp-content\/uploads\/sites\/9\/2020\/03\/Landesgruppe_Brandenburg_Karte.jpg","datePublished":"2020-03-19T10:42:22+00:00","dateModified":"2023-11-24T21:00:00+00:00","breadcrumb":{"@id":"https:\/\/www.reservisten-brandenburg.de\/reservistenkameradschaften\/#breadcrumb"},"inLanguage":"de","potentialAction":[{"@type":"ReadAction","target":["https:\/\/www.reservisten-brandenburg.de\/reservistenkameradschaften\/"]}]},{"@type":"ImageObject","inLanguage":"de","@id":"https:\/\/www.reservisten-brandenburg.de\/reservistenkameradschaften\/#primaryimage","url":"https:\/\/www.reservisten-brandenburg.de\/reservistenkameradschaften\/wp-content\/uploads\/sites\/9\/2020\/03\/Landesgruppe_Brandenburg_Karte.jpg","contentUrl":"https:\/\/www.reservisten-brandenburg.de\/reservistenkameradschaften\/wp-content\/uploads\/sites\/9\/2020\/03\/Landesgruppe_Brandenburg_Karte.jpg","width":2000,"height":900},{"@type":"BreadcrumbList","@id":"https:\/\/www.reservisten-brandenburg.de\/reservistenkameradschaften\/#breadcrumb","itemListElement":[{"@type":"ListItem","position":1,"name":"Startseite","item":"https:\/\/www.reservisten-brandenburg.de\/reservistenkameradschaften\/"},{"@type":"ListItem","position":2,"name":"Reservistenkameradschaften"}]},{"@type":"WebSite","@id":"https:\/\/www.reservisten-brandenburg.de\/reservistenkameradschaften\/#website","url":"https:\/\/www.reservisten-brandenburg.de\/reservistenkameradschaften\/","name":"Die Reserve vor Ort","description":"Eine weitere Reservistenverband Brandenburg - Websites Website","publisher":{"@id":"https:\/\/www.reservisten-brandenburg.de\/reservistenkameradschaften\/#organization"},"potentialAction":[{"@type":"SearchAction","target":{"@type":"EntryPoint","urlTemplate":"https:\/\/www.reservisten-brandenburg.de\/reservistenkameradschaften\/?s={search_term_string}"},"query-input":{"@type":"PropertyValueSpecification","valueRequired":true,"valueName":"search_term_string"}}],"inLanguage":"de"},{"@type":"Organization","@id":"https:\/\/www.reservisten-brandenburg.de\/reservistenkameradschaften\/#organization","name":"Reservistenverband Brandenburg","url":"https:\/\/www.reservisten-brandenburg.de\/reservistenkameradschaften\/","logo":{"@type":"ImageObject","inLanguage":"de","@id":"https:\/\/www.reservisten-brandenburg.de\/reservistenkameradschaften\/#\/schema\/logo\/image\/","url":"","contentUrl":"","caption":"Reservistenverband Brandenburg"},"image":{"@id":"https:\/\/www.reservisten-brandenburg.de\/reservistenkameradschaften\/#\/schema\/logo\/image\/"},"sameAs":["https:\/\/www.facebook.com\/reservisten.brandenburg\/","https:\/\/x.com\/ResBrandenburg","https:\/\/www.youtube.com\/channel\/UC30IySNYu79rnI6_89Sdf_A","https:\/\/de.wikipedia.org\/wiki\/Verband_der_Reservisten_der_Deutschen_Bundeswehr"]}]}},"_links":{"self":[{"href":"https:\/\/www.reservisten-brandenburg.de\/reservistenkameradschaften\/wp-json\/wp\/v2\/pages\/16","targetHints":{"allow":["GET"]}}],"collection":[{"href":"https:\/\/www.reservisten-brandenburg.de\/reservistenkameradschaften\/wp-json\/wp\/v2\/pages"}],"about":[{"href":"https:\/\/www.reservisten-brandenburg.de\/reservistenkameradschaften\/wp-json\/wp\/v2\/types\/page"}],"author":[{"embeddable":true,"href":"https:\/\/www.reservisten-brandenburg.de\/reservistenkameradschaften\/wp-json\/wp\/v2\/users\/12"}],"replies":[{"embeddable":true,"href":"https:\/\/www.reservisten-brandenburg.de\/reservistenkameradschaften\/wp-json\/wp\/v2\/comments?post=16"}],"version-history":[{"count":0,"href":"https:\/\/www.reservisten-brandenburg.de\/reservistenkameradschaften\/wp-json\/wp\/v2\/pages\/16\/revisions"}],"wp:featuredmedia":[{"embeddable":true,"href":"https:\/\/www.reservisten-brandenburg.de\/reservistenkameradschaften\/wp-json\/wp\/v2\/media\/60"}],"wp:attachment":[{"href":"https:\/\/www.reservisten-brandenburg.de\/reservistenkameradschaften\/wp-json\/wp\/v2\/media?parent=16"}],"curies":[{"name":"wp","href":"https:\/\/api.w.org\/{rel}","templated":true}]}}