{"id":111,"date":"2020-03-24T02:09:40","date_gmt":"2020-03-24T01:09:40","guid":{"rendered":"https:\/\/www.reservisten-brandenburg.de\/reservistenkameradschaften\/?page_id=111"},"modified":"2020-03-24T14:58:46","modified_gmt":"2020-03-24T13:58:46","slug":"finanzielle-unterstuetzung","status":"publish","type":"page","link":"https:\/\/www.reservisten-brandenburg.de\/reservistenkameradschaften\/informationen\/finanzielle-unterstuetzung\/","title":{"rendered":"Grundlagen f\u00fcr finanzielle Unterst\u00fctzung"},"content":{"rendered":"\n<p>Der wesentliche Teil der Beitragszahlungen innerhalb der Landesgruppe geht an die Reservistenkameradschaften. Ein Zuschuss von Ma\u00dfnahmen der Reservistenkameradschaften kann daher nur eine gut begr\u00fcndete Ausnahme sein und muss mindestens den folgenden Grunds\u00e4tzen gen\u00fcgen.<\/p>\n\n\n\n<p>Die Eigenmittel der Landesgruppe sind satzungsgem\u00e4\u00df, zeitnah und unter Beachtung einer wirtschaftlichen und sparsamen Haushaltsf\u00fchrung zu verwenden. Daran orientieren sich die Entscheidungen des Landesvorstandes und die folgenden Richtlinien. Diese sind im Wesentlichen keine Neuerungen, sondern fassen die bekannten Rahmenbedingungen zusammen und stellen diese klar. Sie sollen den Mandatstr\u00e4ger als Hilfe bei Ihrer Arbeit dienen.<\/p>\n\n\n\n<h3 class=\"wp-block-heading\">Richtlinien<\/h3>\n\n\n\n<ul class=\"wp-block-list\"><li>Der Inhalt der Ma\u00dfnahme ist <strong>f\u00f6rderungsw\u00fcrdig<\/strong>. Das hei\u00dft sie entspricht den Verbandszielen und bietet einen Mehrwert f\u00fcr die Landesgruppe und deren Mitglieder.<\/li><li><strong>Die Ma\u00dfnahme beginnt erst nach einem positiven Bescheid der Landesgruppe.<\/strong><\/li><li>Die Ma\u00dfnahme und der Finanzierungsbedarf durch die Landesgruppe sind grunds\u00e4tzlich bereits in der <strong>Jahresplanung<\/strong> vorgesehen. (Meldeschluss beachten!)<\/li><li>Es liegt eine vollst\u00e4ndige und nachvollziehbare <strong>Finanzplanung<\/strong> f\u00fcr die Ma\u00dfnahme vor. Machen Sie die Verteilung der Kosten deutlich, u.a. mit den Eigenteilen der RK und der Teilnehmer. Hier kann Ihnen auch schon im Vorfeld der Landesschatzmeister helfen.<\/li><li>Es erfolgt zeitnah eine <strong>ordentliche Abrechnung<\/strong>.<\/li><li>Das <strong>Sponsoring<\/strong> der Landesgruppe soll in geeigneter Form f\u00fcr die Teilnehmer und in der Berichterstattung <strong>sichtbar<\/strong> werden. (z.B. Hinweis in der Einladung, Erw\u00e4hnung des Sponsorings in einer Ansprache, etc.)<\/li><li>Gr\u00f6\u00dfere Ma\u00dfnahmen mit Mehrwert f\u00fcr die gesamte Landesgruppe sind berichtenswert. Eine <strong>Berichterstattung in den Medien der Landesgruppe<\/strong> ist bei F\u00f6rderung obligatorisch. Bennen Sie einen <strong>Verantwortlichen f\u00fcr die Pressearbeit<\/strong>. Stellen Sie der Landesgruppe geeignetes Material mit den entsprechenden Nutzungsrechten f\u00fcr die <strong>Berichterstattung in den Verbandsmedien<\/strong> (z.B. Loyal, Internet, Soziale Netzwerke) zur Verf\u00fcgung. Dies bedeutet, im Wesentlichen ausformulierte Texte, Fotos und ggf. Videos die im Idealfall nur noch eine Nachbearbeitung ben\u00f6tigen. Sprechen Sie dies am besten vor Antragstellung mit dem <a rel=\"noreferrer noopener\" href=\"https:\/\/www.reservisten-brandenburg.de\/presse\/\" target=\"_blank\">Landespressebeauftragten<\/a> ab.<\/li><li>Die <strong>Rechenschafts- und Pr\u00fcfberichte<\/strong> der Reservistenkameradschaft oder RAG m\u00fcssen vollst\u00e4ndig vorliegen, um eine ordnungsgem\u00e4\u00dfe Buchf\u00fchrung und einen satzungsgem\u00e4\u00dfen Umgang mit den Mitteln sicherzustellen. <\/li><li>Der <strong>Antrag erfolgt schriftlich<\/strong> und beachtet die o.g. genannten Punkte und kl\u00e4rt die darin aufgeworfenen Fragen <\/li><li>Erstellen Sie eine <strong>Beschlussvorlage mit Begr\u00fcndung<\/strong>. Die Vorlage erhalten Sie vom Landesvorstand. F\u00fcgen Sie dem Antrag relevante Informationen bei, damit der Landesvorstand dar\u00fcber beschlie\u00dfen kann und den Antrag nicht zur\u00fcckstellen muss. <\/li><li>Die <strong>Abrechnung der Ma\u00dfnahme<\/strong> erfolgt zeitnah und  ordnungsgem\u00e4\u00df.<\/li><\/ul>\n\n\n\n<h3 class=\"wp-block-heading\">Hinweise<\/h3>\n\n\n\n<ul class=\"wp-block-list\"><li>Die Beantragung von Bundesmitteln sollte Vorrang vor der Inanspruchnahme der begrenzten Mittel der Landesgruppe haben. F\u00f6rderungsw\u00fcrdige Ma\u00dfnahmen k\u00f6nnen oft auch durch Bundesmittel unterst\u00fctzt werden. Dies ist regelm\u00e4\u00dfig bei Milit\u00e4rischer Ausbildung, Sicherheitspolitik und \u00d6ffentlichkeitsarbeit der Fall. Ansprechpartner daf\u00fcr ist der Landesgesch\u00e4ftsf\u00fchrer. Vor Beantragung soll telefonischer Kontakt mit ihm gesucht werden, um die M\u00f6glichkeiten zu er\u00f6rtern.<\/li><li>Vor Antr\u00e4gen an die Landesgruppe sollte ebenfalls das Gespr\u00e4ch mit dem Landesvorstand gesucht werden.<\/li><li>Eine umfassende Begr\u00fcndung bzw. Erl\u00e4uterung der Ma\u00dfnahme vermeidet notwendige Nachfragen die zu Verz\u00f6gerungen f\u00fchren. (Dennoch gilt auch hier: kurz und b\u00fcndig.)<\/li><li>Um Verz\u00f6gerungen zu vermeiden, sollte der schriftliche Antrag direkt an den Landesvorstand gerichtet werden. (Am besten per E-Mail an alle Mitglieder.)<\/li><li>Interne Veranstaltungen einzelner Gliederungen (Wahlversammlungen, Sommerfeste, Jubil\u00e4en) sind in der Regel f\u00fcr sich genommen nicht f\u00f6rderungsw\u00fcrdig. Nicht der Anlass entscheidet \u00fcber die F\u00f6rderungsw\u00fcrdigkeit, sondern die Art der Veranstaltung. Insbesondere aufwendigere Veranstaltungen wie Jubil\u00e4en sind planbar. Bei h\u00f6heren Kosten sind ggf. R\u00fccklagen zu bilden oder die Teilnehmer zu beteiligen.<\/li><\/ul>\n\n\n\n<p><\/p>\n\n\n\n<p>\u00dcber die Bewilligung zus\u00e4tzlicher Mittel entscheidet der Landesvorstand in seinen regul\u00e4ren Sitzungen. Ein Anspruch besteht nicht.<\/p>\n","protected":false},"excerpt":{"rendered":"<p>Der wesentliche Teil der Beitragszahlungen innerhalb der Landesgruppe geht an die Reservistenkameradschaften. Ein Zuschuss von Ma\u00dfnahmen der Reservistenkameradschaften kann daher nur eine gut begr\u00fcndete Ausnahme sein und muss mindestens den [&hellip;]<\/p>\n","protected":false},"author":12,"featured_media":39,"parent":55,"menu_order":0,"comment_status":"closed","ping_status":"closed","template":"","meta":{"footnotes":""},"class_list":["post-111","page","type-page","status-publish","has-post-thumbnail","hentry"],"yoast_head":"<!-- This site is optimized with the Yoast SEO plugin v27.3 - https:\/\/yoast.com\/product\/yoast-seo-wordpress\/ -->\n<title>Grundlagen f\u00fcr finanzielle Unterst\u00fctzung - Die Reserve vor Ort<\/title>\n<meta name=\"robots\" content=\"index, follow, max-snippet:-1, max-image-preview:large, max-video-preview:-1\" \/>\n<link rel=\"canonical\" href=\"https:\/\/www.reservisten-brandenburg.de\/reservistenkameradschaften\/informationen\/finanzielle-unterstuetzung\/\" \/>\n<meta property=\"og:locale\" content=\"de_DE\" \/>\n<meta property=\"og:type\" content=\"article\" \/>\n<meta property=\"og:title\" content=\"Grundlagen f\u00fcr finanzielle Unterst\u00fctzung - Die Reserve vor Ort\" \/>\n<meta property=\"og:description\" content=\"Der wesentliche Teil der Beitragszahlungen innerhalb der Landesgruppe geht an die Reservistenkameradschaften. Ein Zuschuss von Ma\u00dfnahmen der Reservistenkameradschaften kann daher nur eine gut begr\u00fcndete Ausnahme sein und muss mindestens den [&hellip;]\" \/>\n<meta property=\"og:url\" content=\"https:\/\/www.reservisten-brandenburg.de\/reservistenkameradschaften\/informationen\/finanzielle-unterstuetzung\/\" \/>\n<meta property=\"og:site_name\" content=\"Die Reserve vor Ort\" \/>\n<meta property=\"article:publisher\" content=\"https:\/\/www.facebook.com\/reservisten.brandenburg\/\" \/>\n<meta property=\"article:modified_time\" content=\"2020-03-24T13:58:46+00:00\" \/>\n<meta property=\"og:image\" content=\"https:\/\/www.reservisten-brandenburg.de\/reservistenkameradschaften\/wp-content\/uploads\/sites\/9\/2020\/03\/Banner_LG-Brandenburg.jpg\" \/>\n\t<meta property=\"og:image:width\" content=\"1283\" \/>\n\t<meta property=\"og:image:height\" content=\"464\" \/>\n\t<meta property=\"og:image:type\" content=\"image\/jpeg\" \/>\n<meta name=\"twitter:card\" content=\"summary_large_image\" \/>\n<meta name=\"twitter:site\" content=\"@ResBrandenburg\" \/>\n<meta name=\"twitter:label1\" content=\"Gesch\u00e4tzte Lesezeit\" \/>\n\t<meta name=\"twitter:data1\" content=\"3\u00a0Minuten\" \/>\n<script type=\"application\/ld+json\" class=\"yoast-schema-graph\">{\"@context\":\"https:\\\/\\\/schema.org\",\"@graph\":[{\"@type\":\"WebPage\",\"@id\":\"https:\\\/\\\/www.reservisten-brandenburg.de\\\/reservistenkameradschaften\\\/informationen\\\/finanzielle-unterstuetzung\\\/\",\"url\":\"https:\\\/\\\/www.reservisten-brandenburg.de\\\/reservistenkameradschaften\\\/informationen\\\/finanzielle-unterstuetzung\\\/\",\"name\":\"Grundlagen f\u00fcr finanzielle Unterst\u00fctzung - Die Reserve vor Ort\",\"isPartOf\":{\"@id\":\"https:\\\/\\\/www.reservisten-brandenburg.de\\\/reservistenkameradschaften\\\/#website\"},\"primaryImageOfPage\":{\"@id\":\"https:\\\/\\\/www.reservisten-brandenburg.de\\\/reservistenkameradschaften\\\/informationen\\\/finanzielle-unterstuetzung\\\/#primaryimage\"},\"image\":{\"@id\":\"https:\\\/\\\/www.reservisten-brandenburg.de\\\/reservistenkameradschaften\\\/informationen\\\/finanzielle-unterstuetzung\\\/#primaryimage\"},\"thumbnailUrl\":\"https:\\\/\\\/www.reservisten-brandenburg.de\\\/reservistenkameradschaften\\\/wp-content\\\/uploads\\\/sites\\\/9\\\/2020\\\/03\\\/Banner_LG-Brandenburg.jpg\",\"datePublished\":\"2020-03-24T01:09:40+00:00\",\"dateModified\":\"2020-03-24T13:58:46+00:00\",\"breadcrumb\":{\"@id\":\"https:\\\/\\\/www.reservisten-brandenburg.de\\\/reservistenkameradschaften\\\/informationen\\\/finanzielle-unterstuetzung\\\/#breadcrumb\"},\"inLanguage\":\"de\",\"potentialAction\":[{\"@type\":\"ReadAction\",\"target\":[\"https:\\\/\\\/www.reservisten-brandenburg.de\\\/reservistenkameradschaften\\\/informationen\\\/finanzielle-unterstuetzung\\\/\"]}]},{\"@type\":\"ImageObject\",\"inLanguage\":\"de\",\"@id\":\"https:\\\/\\\/www.reservisten-brandenburg.de\\\/reservistenkameradschaften\\\/informationen\\\/finanzielle-unterstuetzung\\\/#primaryimage\",\"url\":\"https:\\\/\\\/www.reservisten-brandenburg.de\\\/reservistenkameradschaften\\\/wp-content\\\/uploads\\\/sites\\\/9\\\/2020\\\/03\\\/Banner_LG-Brandenburg.jpg\",\"contentUrl\":\"https:\\\/\\\/www.reservisten-brandenburg.de\\\/reservistenkameradschaften\\\/wp-content\\\/uploads\\\/sites\\\/9\\\/2020\\\/03\\\/Banner_LG-Brandenburg.jpg\",\"width\":1283,\"height\":464},{\"@type\":\"BreadcrumbList\",\"@id\":\"https:\\\/\\\/www.reservisten-brandenburg.de\\\/reservistenkameradschaften\\\/informationen\\\/finanzielle-unterstuetzung\\\/#breadcrumb\",\"itemListElement\":[{\"@type\":\"ListItem\",\"position\":1,\"name\":\"Startseite\",\"item\":\"https:\\\/\\\/www.reservisten-brandenburg.de\\\/reservistenkameradschaften\\\/\"},{\"@type\":\"ListItem\",\"position\":2,\"name\":\"Arbeitshilfe f\u00fcr RK-Vorst\u00e4nde\",\"item\":\"https:\\\/\\\/www.reservisten-brandenburg.de\\\/reservistenkameradschaften\\\/informationen\\\/\"},{\"@type\":\"ListItem\",\"position\":3,\"name\":\"Grundlagen f\u00fcr finanzielle Unterst\u00fctzung\"}]},{\"@type\":\"WebSite\",\"@id\":\"https:\\\/\\\/www.reservisten-brandenburg.de\\\/reservistenkameradschaften\\\/#website\",\"url\":\"https:\\\/\\\/www.reservisten-brandenburg.de\\\/reservistenkameradschaften\\\/\",\"name\":\"Die Reserve vor Ort\",\"description\":\"Eine weitere Reservistenverband Brandenburg - Websites Website\",\"publisher\":{\"@id\":\"https:\\\/\\\/www.reservisten-brandenburg.de\\\/reservistenkameradschaften\\\/#organization\"},\"potentialAction\":[{\"@type\":\"SearchAction\",\"target\":{\"@type\":\"EntryPoint\",\"urlTemplate\":\"https:\\\/\\\/www.reservisten-brandenburg.de\\\/reservistenkameradschaften\\\/?s={search_term_string}\"},\"query-input\":{\"@type\":\"PropertyValueSpecification\",\"valueRequired\":true,\"valueName\":\"search_term_string\"}}],\"inLanguage\":\"de\"},{\"@type\":\"Organization\",\"@id\":\"https:\\\/\\\/www.reservisten-brandenburg.de\\\/reservistenkameradschaften\\\/#organization\",\"name\":\"Reservistenverband Brandenburg\",\"url\":\"https:\\\/\\\/www.reservisten-brandenburg.de\\\/reservistenkameradschaften\\\/\",\"logo\":{\"@type\":\"ImageObject\",\"inLanguage\":\"de\",\"@id\":\"https:\\\/\\\/www.reservisten-brandenburg.de\\\/reservistenkameradschaften\\\/#\\\/schema\\\/logo\\\/image\\\/\",\"url\":\"\",\"contentUrl\":\"\",\"caption\":\"Reservistenverband Brandenburg\"},\"image\":{\"@id\":\"https:\\\/\\\/www.reservisten-brandenburg.de\\\/reservistenkameradschaften\\\/#\\\/schema\\\/logo\\\/image\\\/\"},\"sameAs\":[\"https:\\\/\\\/www.facebook.com\\\/reservisten.brandenburg\\\/\",\"https:\\\/\\\/x.com\\\/ResBrandenburg\",\"https:\\\/\\\/www.youtube.com\\\/channel\\\/UC30IySNYu79rnI6_89Sdf_A\",\"https:\\\/\\\/de.wikipedia.org\\\/wiki\\\/Verband_der_Reservisten_der_Deutschen_Bundeswehr\"]}]}<\/script>\n<!-- \/ Yoast SEO plugin. -->","yoast_head_json":{"title":"Grundlagen f\u00fcr finanzielle Unterst\u00fctzung - Die Reserve vor Ort","robots":{"index":"index","follow":"follow","max-snippet":"max-snippet:-1","max-image-preview":"max-image-preview:large","max-video-preview":"max-video-preview:-1"},"canonical":"https:\/\/www.reservisten-brandenburg.de\/reservistenkameradschaften\/informationen\/finanzielle-unterstuetzung\/","og_locale":"de_DE","og_type":"article","og_title":"Grundlagen f\u00fcr finanzielle Unterst\u00fctzung - Die Reserve vor Ort","og_description":"Der wesentliche Teil der Beitragszahlungen innerhalb der Landesgruppe geht an die Reservistenkameradschaften. Ein Zuschuss von Ma\u00dfnahmen der Reservistenkameradschaften kann daher nur eine gut begr\u00fcndete Ausnahme sein und muss mindestens den [&hellip;]","og_url":"https:\/\/www.reservisten-brandenburg.de\/reservistenkameradschaften\/informationen\/finanzielle-unterstuetzung\/","og_site_name":"Die Reserve vor Ort","article_publisher":"https:\/\/www.facebook.com\/reservisten.brandenburg\/","article_modified_time":"2020-03-24T13:58:46+00:00","og_image":[{"width":1283,"height":464,"url":"https:\/\/www.reservisten-brandenburg.de\/reservistenkameradschaften\/wp-content\/uploads\/sites\/9\/2020\/03\/Banner_LG-Brandenburg.jpg","type":"image\/jpeg"}],"twitter_card":"summary_large_image","twitter_site":"@ResBrandenburg","twitter_misc":{"Gesch\u00e4tzte Lesezeit":"3\u00a0Minuten"},"schema":{"@context":"https:\/\/schema.org","@graph":[{"@type":"WebPage","@id":"https:\/\/www.reservisten-brandenburg.de\/reservistenkameradschaften\/informationen\/finanzielle-unterstuetzung\/","url":"https:\/\/www.reservisten-brandenburg.de\/reservistenkameradschaften\/informationen\/finanzielle-unterstuetzung\/","name":"Grundlagen f\u00fcr finanzielle Unterst\u00fctzung - Die Reserve vor Ort","isPartOf":{"@id":"https:\/\/www.reservisten-brandenburg.de\/reservistenkameradschaften\/#website"},"primaryImageOfPage":{"@id":"https:\/\/www.reservisten-brandenburg.de\/reservistenkameradschaften\/informationen\/finanzielle-unterstuetzung\/#primaryimage"},"image":{"@id":"https:\/\/www.reservisten-brandenburg.de\/reservistenkameradschaften\/informationen\/finanzielle-unterstuetzung\/#primaryimage"},"thumbnailUrl":"https:\/\/www.reservisten-brandenburg.de\/reservistenkameradschaften\/wp-content\/uploads\/sites\/9\/2020\/03\/Banner_LG-Brandenburg.jpg","datePublished":"2020-03-24T01:09:40+00:00","dateModified":"2020-03-24T13:58:46+00:00","breadcrumb":{"@id":"https:\/\/www.reservisten-brandenburg.de\/reservistenkameradschaften\/informationen\/finanzielle-unterstuetzung\/#breadcrumb"},"inLanguage":"de","potentialAction":[{"@type":"ReadAction","target":["https:\/\/www.reservisten-brandenburg.de\/reservistenkameradschaften\/informationen\/finanzielle-unterstuetzung\/"]}]},{"@type":"ImageObject","inLanguage":"de","@id":"https:\/\/www.reservisten-brandenburg.de\/reservistenkameradschaften\/informationen\/finanzielle-unterstuetzung\/#primaryimage","url":"https:\/\/www.reservisten-brandenburg.de\/reservistenkameradschaften\/wp-content\/uploads\/sites\/9\/2020\/03\/Banner_LG-Brandenburg.jpg","contentUrl":"https:\/\/www.reservisten-brandenburg.de\/reservistenkameradschaften\/wp-content\/uploads\/sites\/9\/2020\/03\/Banner_LG-Brandenburg.jpg","width":1283,"height":464},{"@type":"BreadcrumbList","@id":"https:\/\/www.reservisten-brandenburg.de\/reservistenkameradschaften\/informationen\/finanzielle-unterstuetzung\/#breadcrumb","itemListElement":[{"@type":"ListItem","position":1,"name":"Startseite","item":"https:\/\/www.reservisten-brandenburg.de\/reservistenkameradschaften\/"},{"@type":"ListItem","position":2,"name":"Arbeitshilfe f\u00fcr RK-Vorst\u00e4nde","item":"https:\/\/www.reservisten-brandenburg.de\/reservistenkameradschaften\/informationen\/"},{"@type":"ListItem","position":3,"name":"Grundlagen f\u00fcr finanzielle Unterst\u00fctzung"}]},{"@type":"WebSite","@id":"https:\/\/www.reservisten-brandenburg.de\/reservistenkameradschaften\/#website","url":"https:\/\/www.reservisten-brandenburg.de\/reservistenkameradschaften\/","name":"Die Reserve vor Ort","description":"Eine weitere Reservistenverband Brandenburg - Websites Website","publisher":{"@id":"https:\/\/www.reservisten-brandenburg.de\/reservistenkameradschaften\/#organization"},"potentialAction":[{"@type":"SearchAction","target":{"@type":"EntryPoint","urlTemplate":"https:\/\/www.reservisten-brandenburg.de\/reservistenkameradschaften\/?s={search_term_string}"},"query-input":{"@type":"PropertyValueSpecification","valueRequired":true,"valueName":"search_term_string"}}],"inLanguage":"de"},{"@type":"Organization","@id":"https:\/\/www.reservisten-brandenburg.de\/reservistenkameradschaften\/#organization","name":"Reservistenverband Brandenburg","url":"https:\/\/www.reservisten-brandenburg.de\/reservistenkameradschaften\/","logo":{"@type":"ImageObject","inLanguage":"de","@id":"https:\/\/www.reservisten-brandenburg.de\/reservistenkameradschaften\/#\/schema\/logo\/image\/","url":"","contentUrl":"","caption":"Reservistenverband Brandenburg"},"image":{"@id":"https:\/\/www.reservisten-brandenburg.de\/reservistenkameradschaften\/#\/schema\/logo\/image\/"},"sameAs":["https:\/\/www.facebook.com\/reservisten.brandenburg\/","https:\/\/x.com\/ResBrandenburg","https:\/\/www.youtube.com\/channel\/UC30IySNYu79rnI6_89Sdf_A","https:\/\/de.wikipedia.org\/wiki\/Verband_der_Reservisten_der_Deutschen_Bundeswehr"]}]}},"_links":{"self":[{"href":"https:\/\/www.reservisten-brandenburg.de\/reservistenkameradschaften\/wp-json\/wp\/v2\/pages\/111","targetHints":{"allow":["GET"]}}],"collection":[{"href":"https:\/\/www.reservisten-brandenburg.de\/reservistenkameradschaften\/wp-json\/wp\/v2\/pages"}],"about":[{"href":"https:\/\/www.reservisten-brandenburg.de\/reservistenkameradschaften\/wp-json\/wp\/v2\/types\/page"}],"author":[{"embeddable":true,"href":"https:\/\/www.reservisten-brandenburg.de\/reservistenkameradschaften\/wp-json\/wp\/v2\/users\/12"}],"replies":[{"embeddable":true,"href":"https:\/\/www.reservisten-brandenburg.de\/reservistenkameradschaften\/wp-json\/wp\/v2\/comments?post=111"}],"version-history":[{"count":0,"href":"https:\/\/www.reservisten-brandenburg.de\/reservistenkameradschaften\/wp-json\/wp\/v2\/pages\/111\/revisions"}],"up":[{"embeddable":true,"href":"https:\/\/www.reservisten-brandenburg.de\/reservistenkameradschaften\/wp-json\/wp\/v2\/pages\/55"}],"wp:featuredmedia":[{"embeddable":true,"href":"https:\/\/www.reservisten-brandenburg.de\/reservistenkameradschaften\/wp-json\/wp\/v2\/media\/39"}],"wp:attachment":[{"href":"https:\/\/www.reservisten-brandenburg.de\/reservistenkameradschaften\/wp-json\/wp\/v2\/media?parent=111"}],"curies":[{"name":"wp","href":"https:\/\/api.w.org\/{rel}","templated":true}]}}