{"id":90,"date":"2020-03-20T04:26:07","date_gmt":"2020-03-20T03:26:07","guid":{"rendered":"https:\/\/www.reservisten-brandenburg.de\/presse\/?page_id=90"},"modified":"2023-08-20T10:47:05","modified_gmt":"2023-08-20T08:47:05","slug":"internetseiten","status":"publish","type":"page","link":"https:\/\/www.reservisten-brandenburg.de\/presse\/online\/internetseiten\/","title":{"rendered":"Unserer Internetseiten"},"content":{"rendered":"\n<p>Auf unserer Internetseite findet Ihr viele Informationen \u00fcber die Reserve in Brandenburg. Damit das alles nicht zu un\u00fcbersichtlich wird, haben wir zu verschiedenen Themen eigene Bereiche und Unterseiten eingerichtet. Damit Ihr diese schnell und einfach online erreichen k\u00f6nnt (und f\u00fcr die gute Auffindbarkeit im Internet) sind diese oft auch \u00fcber eigenen Domains erreichbar. <\/p>\n\n\n\n<h4 class=\"wp-block-heading\">www.reservisten-brandenburg.de<\/h4>\n\n\n\n<p>Unsere Hauptseite erreicht Ihr \u00fcber <a rel=\"noreferrer noopener\" aria-label=\"www.reservisten-brandenburg.de (\u00f6ffnet in neuem Tab)\" href=\"https:\/\/www.reservisten-brandenburg.de\" target=\"_blank\">www.reservisten-brandenburg.de<\/a>. \u00dcber unsere zentrale Webseite sind auch alle Unterseiten erreichbar und sie enth\u00e4lt die einzelnen themenspezifischen Bereiche. Sie ist Dreh- und Angelpunkt unseres Onlineauftritts.<\/p>\n\n\n\n<h4 class=\"wp-block-heading\">www.sicherungszug.de<\/h4>\n\n\n\n<p>Die <a href=\"https:\/\/www.reservisten-brandenburg.de\/militaerische-ausbildung\/\">Milit\u00e4rische Ausbildung<\/a> in der Landesgruppe Brandenburg erfolgt im Rahmen des Projektes Sicherungszug. Sie ist eine Kernaufgabe des Reservistenverbandes. Alle Informationen dazu und die Ansprechpartner findet Ihr unter <a rel=\"noreferrer noopener\" aria-label=\"www.sicherungszug.de (\u00f6ffnet in neuem Tab)\" href=\"http:\/\/www.sicherungszug.de\" target=\"_blank\">www.sicherungszug.de<\/a>. Au\u00dferdem erreicht Ihr diesen Bereich auch unter <a rel=\"noreferrer noopener\" aria-label=\"www.SichZg.de (\u00f6ffnet in neuem Tab)\" href=\"http:\/\/www.sichzg.de\" target=\"_blank\">www.SichZg.de<\/a>.<\/p>\n\n\n\n<h4 class=\"wp-block-heading\">www.sicherheitspolitik.info<\/h4>\n\n\n\n<p>Ein weiterer wesentlichen Auftrag des <a href=\"https:\/\/www.reservisten-brandenburg.de\/die-landesgruppe\/partner\/reservistenverband\/\">Reservistenverbandes<\/a> ist die vermittlung von sicherheitspolitischen Inhalten an unsere Mitglieder und interessierte B\u00fcrger. Dazu f\u00fchren wir verschiedene Veranstaltungen, oft zusammen mit unseren <a href=\"https:\/\/www.reservisten-brandenburg.de\/sicherheitspolitik\/kooperationspartner\/\">Kooperationspartnern<\/a>, durch. Alle Informationen zur Sicherheitspolitik in Brandenburg findet Ihr unter <a rel=\"noreferrer noopener\" aria-label=\"www.sicherheitspolitik.info (\u00f6ffnet in neuem Tab)\" href=\"http:\/\/www.sicherheitspolitik.info\" target=\"_blank\">www.sicherheitspolitik.info<\/a>.<\/p>\n\n\n\n<h4 class=\"wp-block-heading\">www.reservistenkameradschaften.de<\/h4>\n\n\n\n<p>Tr\u00e4ger der Reservistenarbeit sind die \u00f6rtlichen  Reservistenkameradschaften (RKen). Sie vertreten den Reservistenverband  in der Fl\u00e4che. In Ihnen soll im Schwerpunkt die Reservistenarbeit stattfinden. Eine \u00dcbersicht und Informationen zu den Reservistenkameradschaften in Brandenburg findet Ihr online unter <a href=\"http:\/\/www.reservistenkameradschaften.de\" target=\"_blank\" rel=\"noreferrer noopener\" aria-label=\"www.reservistenkameradschaften.de (\u00f6ffnet in neuem Tab)\">www.reservistenkameradschaften.de<\/a>.<\/p>\n\n\n\n<h4 class=\"wp-block-heading\">www.rk-potsdam.com<\/h4>\n\n\n\n<p>Die Reservistenkameradschaft Potsdam ist unter <a rel=\"noreferrer noopener\" aria-label=\"www.rk-potsdam.com (\u00f6ffnet in neuem Tab)\" href=\"http:\/\/www.rk-potsdam.com\" target=\"_blank\">www.rk-potsdam.com<\/a> erreichbar. Auf der Seite findet Ihr z.B. allgemeine Informationen zur RK und die Ansprechpartner. Dort gibt es aber auch die <a href=\"https:\/\/www.reservisten-brandenburg.de\/potsdam\/termine\/\">aktuellen Termine<\/a> und Nachrichten der RK Potsdam. RK-Mitglieder haben au\u00dferdem Zugriff auf das interne Forum.<\/p>\n\n\n\n<h4 class=\"wp-block-heading\">www.schie\u00dfsport-brandenburg.de<\/h4>\n\n\n\n<p>Der <a href=\"https:\/\/www.reservisten-brandenburg.de\/die-landesgruppe\/partner\/reservistenverband\/\">Reservistenverband<\/a> ist eine durch das Bundesverwaltungsamt anerkannte schie\u00dfsporttreibende Vereinigung. Der Schie\u00dfsport innerhalb des Verbandes ist kein Selbstzweck, denn wir sind kein gew\u00f6hnlicher Sch\u00fctzenverein. Neben den sportlichen Aspekten dient das Schie\u00dfen in unserem Verband auch als Training f\u00fcr die <a href=\"https:\/\/www.reservisten-brandenburg.de\/militaerische-ausbildung\/\">Milit\u00e4rische Ausbildung<\/a>. Unter <a rel=\"noreferrer noopener\" aria-label=\"www.schie\u00dfsport-brandenburg.de (\u00f6ffnet in neuem Tab)\" href=\"http:\/\/www.schie\u00dfsport-brandenburg.de\" target=\"_blank\">www.schie\u00dfsport-brandenburg.de<\/a> findet Ihr alles zum Thema Schie\u00dfsport in der Landesgruppe Brandenburg. Au\u00dferdem erreicht Ihr den Bereich auch unter <a rel=\"noreferrer noopener\" aria-label=\" (\u00f6ffnet in neuem Tab)\" href=\"http:\/\/www.rag-schie\u00dfsport.de\" target=\"_blank\">www.rag-schie\u00dfsport.de<\/a>.<\/p>\n\n\n\n<h4 class=\"wp-block-heading\">www.rag-sanit\u00e4tsdienst.de<\/h4>\n\n\n\n<p>Die medizinischer Versorgung verwundeter und verletzter Kameraden ist eine wesentliche F\u00e4higkeit, deren Grundlagen alle Soldaten beherschen m\u00fcssen. Diese F\u00e4higkeiten werden daher regelm\u00e4\u00dfig trainiert. In <a href=\"https:\/\/www.reservisten-brandenburg.de\/die-landesgruppe\/partner\/landesgruppe-berlin\/\">Berlin<\/a> und Brandenburg hat sich die RAG Sanit\u00e4tsdienst Berlin-Brandenburg auf dieses Aufgabenspektrum spezialisiert. Informationen dazu findet Ihr online unter <a rel=\"noreferrer noopener\" aria-label=\"www.rag-sanit\u00e4tsdienst.de (\u00f6ffnet in neuem Tab)\" href=\"http:\/\/www.rag-sanit\u00e4tsdienst.de\" target=\"_blank\">www.rag-sanit\u00e4tsdienst.de<\/a>.<\/p>\n\n\n\n<h4 class=\"wp-block-heading\">www.oderlandmarsch.de<\/h4>\n\n\n\n<p>Der <a rel=\"noreferrer noopener\" aria-label=\"Oderlandmarsch (\u00f6ffnet in neuem Tab)\" href=\"http:\/\/www.oderlandmarsch.de\" target=\"_blank\">Oderlandmarsch<\/a> ist ein deutsch-polnischer Wettkampf mit jahrzehntelanger Tradition. Urspr\u00fcnglich als Milit\u00e4rwettkampf etabliert, nahmen immer mehr zivile Hilfsorganisationen und die Polizei teil. Heute ist der Oderlandmarsch ein fordernder zivil-milit\u00e4rischen Crosslauf mit internationaler Beteiligung, der weiterhin durch die deutschen und polnischen Streitkr\u00e4fte gemeinsam durchgef\u00fchrt wird.<\/p>\n\n\n\n<h4 class=\"wp-block-heading\">www.milit\u00e4rwettkampf.de<\/h4>\n\n\n\n<p>Der <a rel=\"noreferrer noopener\" aria-label=\"Milit\u00e4rwettkampf Pfadfinder (\u00f6ffnet in neuem Tab)\" href=\"http:\/\/www.milit\u00e4rwettkampf.de\" target=\"_blank\">Milit\u00e4rwettkampf Pfadfinder<\/a> startete vor einigen Jahren als Berlin-Brandenburger Reservistenwettkampf. Er wird auf dem Truppen\u00fcbungsplatz Lehnin ausgetragen und spricht mittlerweile deutsche und internationale Wettkampfmannschaften der Reserve und der aktiven Truppe an. Ziel ist es diesen <a href=\"https:\/\/www.reservisten-brandenburg.de\/militaerische-ausbildung\/militaerische-wettkaempfe\/\">Wettkampf<\/a> weiter zu entwickeln und so dauerhaft als fordernden milit\u00e4rischen Wettkampf zu etablieren, der \u00fcber das Andernanderreihen verschiedener Stationen klar hinausgeht.<\/p>\n\n\n\n<h4 class=\"wp-block-heading\">www.cyber-ops.de<\/h4>\n\n\n\n<p>Unsere Inhalte zu IT und Digitalisierung findet Ihr unter <a rel=\"noreferrer noopener\" aria-label=\"www.cyber-ops.de (\u00f6ffnet in neuem Tab)\" href=\"http:\/\/www.cyber-ops.de\" target=\"_blank\">www.cyber-ops.de<\/a>. Uns geht es um die Bereitsstellung modernen IT-Infrastruktur f\u00fcr die Arbeit in der Landesgruppe. Damit stellen wir IT-Sicherheit und Datenschutz sicher. Au\u00dferdem stellen wir IT f\u00fcr den Betrieb des Gefechststand bei milit\u00e4rischen \u00dcbungen bereit und betreiben unter anderen diese Webseite und diverse Social-Media-Kan\u00e4le f\u00fcr die interne und externe Kommunikation. <a href=\"http:\/\/www.cyber-ops.de\" target=\"_blank\" rel=\"noreferrer noopener\" aria-label=\" (\u00f6ffnet in neuem Tab)\">IT und Digitalisierung<\/a> sind wichtige Enabler f\u00fcr alle Arbeitsbereichen der Landesgruppe Brandenburg.<\/p>\n\n\n\n<h4 class=\"wp-block-heading\">Soziale Netzwerke<\/h4>\n\n\n\n<p>Wie halten Euch auch st\u00e4ndig in verschiedenen sozialen Netzwerken auf dem Laufenden. Eine \u00dcbersicht dar\u00fcber findet ihr <a href=\"https:\/\/www.reservisten-brandenburg.de\/presse\/online\/\">hier<\/a>.<\/p>\n","protected":false},"excerpt":{"rendered":"<p>Auf unserer Internetseite findet Ihr viele Informationen \u00fcber die Reserve in Brandenburg. Damit das alles nicht zu un\u00fcbersichtlich wird, haben wir zu verschiedenen Themen eigene Bereiche und Unterseiten eingerichtet. Damit [&hellip;]<\/p>\n","protected":false},"author":12,"featured_media":52,"parent":77,"menu_order":0,"comment_status":"closed","ping_status":"closed","template":"","meta":{"footnotes":""},"class_list":["post-90","page","type-page","status-publish","has-post-thumbnail","hentry"],"yoast_head":"<!-- This site is optimized with the Yoast SEO plugin v27.3 - https:\/\/yoast.com\/product\/yoast-seo-wordpress\/ -->\n<title>Unserer Internetseiten - Presse- und \u00d6ffentlichkeitsarbeit<\/title>\n<meta name=\"description\" content=\"Ihr findet den Reservistenverband Brandenburg mit all seinen Aktivit\u00e4ten online. Dazu haben wir f\u00fcr Euch verschiedene thematische Unterseiten eingerichtet.\" \/>\n<meta name=\"robots\" content=\"index, follow, max-snippet:-1, max-image-preview:large, max-video-preview:-1\" \/>\n<link rel=\"canonical\" href=\"https:\/\/www.reservisten-brandenburg.de\/presse\/online\/internetseiten\/\" \/>\n<meta property=\"og:locale\" content=\"de_DE\" \/>\n<meta property=\"og:type\" content=\"article\" \/>\n<meta property=\"og:title\" content=\"Unserer Internetseiten - Presse- und \u00d6ffentlichkeitsarbeit\" \/>\n<meta property=\"og:description\" content=\"Ihr findet den Reservistenverband Brandenburg mit all seinen Aktivit\u00e4ten online. Dazu haben wir f\u00fcr Euch verschiedene thematische Unterseiten eingerichtet.\" \/>\n<meta property=\"og:url\" content=\"https:\/\/www.reservisten-brandenburg.de\/presse\/online\/internetseiten\/\" \/>\n<meta property=\"og:site_name\" content=\"Presse- und \u00d6ffentlichkeitsarbeit\" \/>\n<meta property=\"article:publisher\" content=\"https:\/\/www.facebook.com\/reservisten.brandenburg\/\" \/>\n<meta property=\"article:modified_time\" content=\"2023-08-20T08:47:05+00:00\" \/>\n<meta property=\"og:image\" content=\"http:\/\/www.reservisten-brandenburg.de\/presse\/wp-content\/uploads\/sites\/8\/2020\/03\/Wir-sind-die-Reserve-Brandenburg-Polygon-Banner.jpg\" \/>\n\t<meta property=\"og:image:width\" content=\"1600\" \/>\n\t<meta property=\"og:image:height\" content=\"421\" \/>\n\t<meta property=\"og:image:type\" content=\"image\/jpeg\" \/>\n<meta name=\"twitter:card\" content=\"summary_large_image\" \/>\n<meta name=\"twitter:site\" content=\"@ResBrandenburg\" \/>\n<meta name=\"twitter:label1\" content=\"Gesch\u00e4tzte Lesezeit\" \/>\n\t<meta name=\"twitter:data1\" content=\"4\u00a0Minuten\" \/>\n<script type=\"application\/ld+json\" class=\"yoast-schema-graph\">{\"@context\":\"https:\\\/\\\/schema.org\",\"@graph\":[{\"@type\":\"WebPage\",\"@id\":\"https:\\\/\\\/www.reservisten-brandenburg.de\\\/presse\\\/online\\\/internetseiten\\\/\",\"url\":\"https:\\\/\\\/www.reservisten-brandenburg.de\\\/presse\\\/online\\\/internetseiten\\\/\",\"name\":\"Unserer Internetseiten - Presse- und \u00d6ffentlichkeitsarbeit\",\"isPartOf\":{\"@id\":\"https:\\\/\\\/www.reservisten-brandenburg.de\\\/presse\\\/#website\"},\"primaryImageOfPage\":{\"@id\":\"https:\\\/\\\/www.reservisten-brandenburg.de\\\/presse\\\/online\\\/internetseiten\\\/#primaryimage\"},\"image\":{\"@id\":\"https:\\\/\\\/www.reservisten-brandenburg.de\\\/presse\\\/online\\\/internetseiten\\\/#primaryimage\"},\"thumbnailUrl\":\"https:\\\/\\\/www.reservisten-brandenburg.de\\\/presse\\\/wp-content\\\/uploads\\\/sites\\\/8\\\/2020\\\/03\\\/Wir-sind-die-Reserve-Brandenburg-Polygon-Banner.jpg\",\"datePublished\":\"2020-03-20T03:26:07+00:00\",\"dateModified\":\"2023-08-20T08:47:05+00:00\",\"description\":\"Ihr findet den Reservistenverband Brandenburg mit all seinen Aktivit\u00e4ten online. Dazu haben wir f\u00fcr Euch verschiedene thematische Unterseiten eingerichtet.\",\"breadcrumb\":{\"@id\":\"https:\\\/\\\/www.reservisten-brandenburg.de\\\/presse\\\/online\\\/internetseiten\\\/#breadcrumb\"},\"inLanguage\":\"de\",\"potentialAction\":[{\"@type\":\"ReadAction\",\"target\":[\"https:\\\/\\\/www.reservisten-brandenburg.de\\\/presse\\\/online\\\/internetseiten\\\/\"]}]},{\"@type\":\"ImageObject\",\"inLanguage\":\"de\",\"@id\":\"https:\\\/\\\/www.reservisten-brandenburg.de\\\/presse\\\/online\\\/internetseiten\\\/#primaryimage\",\"url\":\"https:\\\/\\\/www.reservisten-brandenburg.de\\\/presse\\\/wp-content\\\/uploads\\\/sites\\\/8\\\/2020\\\/03\\\/Wir-sind-die-Reserve-Brandenburg-Polygon-Banner.jpg\",\"contentUrl\":\"https:\\\/\\\/www.reservisten-brandenburg.de\\\/presse\\\/wp-content\\\/uploads\\\/sites\\\/8\\\/2020\\\/03\\\/Wir-sind-die-Reserve-Brandenburg-Polygon-Banner.jpg\",\"width\":1600,\"height\":421},{\"@type\":\"BreadcrumbList\",\"@id\":\"https:\\\/\\\/www.reservisten-brandenburg.de\\\/presse\\\/online\\\/internetseiten\\\/#breadcrumb\",\"itemListElement\":[{\"@type\":\"ListItem\",\"position\":1,\"name\":\"Startseite\",\"item\":\"https:\\\/\\\/www.reservisten-brandenburg.de\\\/presse\\\/\"},{\"@type\":\"ListItem\",\"position\":2,\"name\":\"Online\",\"item\":\"https:\\\/\\\/www.reservisten-brandenburg.de\\\/presse\\\/online\\\/\"},{\"@type\":\"ListItem\",\"position\":3,\"name\":\"Unserer Internetseiten\"}]},{\"@type\":\"WebSite\",\"@id\":\"https:\\\/\\\/www.reservisten-brandenburg.de\\\/presse\\\/#website\",\"url\":\"https:\\\/\\\/www.reservisten-brandenburg.de\\\/presse\\\/\",\"name\":\"Presse- und \u00d6ffentlichkeitsarbeit\",\"description\":\"Eine weitere Reservistenverband Brandenburg - Websites Website\",\"publisher\":{\"@id\":\"https:\\\/\\\/www.reservisten-brandenburg.de\\\/presse\\\/#organization\"},\"potentialAction\":[{\"@type\":\"SearchAction\",\"target\":{\"@type\":\"EntryPoint\",\"urlTemplate\":\"https:\\\/\\\/www.reservisten-brandenburg.de\\\/presse\\\/?s={search_term_string}\"},\"query-input\":{\"@type\":\"PropertyValueSpecification\",\"valueRequired\":true,\"valueName\":\"search_term_string\"}}],\"inLanguage\":\"de\"},{\"@type\":\"Organization\",\"@id\":\"https:\\\/\\\/www.reservisten-brandenburg.de\\\/presse\\\/#organization\",\"name\":\"Reservistenverband Brandenburg\",\"url\":\"https:\\\/\\\/www.reservisten-brandenburg.de\\\/presse\\\/\",\"logo\":{\"@type\":\"ImageObject\",\"inLanguage\":\"de\",\"@id\":\"https:\\\/\\\/www.reservisten-brandenburg.de\\\/presse\\\/#\\\/schema\\\/logo\\\/image\\\/\",\"url\":\"\",\"contentUrl\":\"\",\"caption\":\"Reservistenverband Brandenburg\"},\"image\":{\"@id\":\"https:\\\/\\\/www.reservisten-brandenburg.de\\\/presse\\\/#\\\/schema\\\/logo\\\/image\\\/\"},\"sameAs\":[\"https:\\\/\\\/www.facebook.com\\\/reservisten.brandenburg\\\/\",\"https:\\\/\\\/x.com\\\/ResBrandenburg\",\"https:\\\/\\\/www.youtube.com\\\/channel\\\/UC30IySNYu79rnI6_89Sdf_A\",\"https:\\\/\\\/de.wikipedia.org\\\/wiki\\\/Verband_der_Reservisten_der_Deutschen_Bundeswehr\"]}]}<\/script>\n<!-- \/ Yoast SEO plugin. -->","yoast_head_json":{"title":"Unserer Internetseiten - Presse- und \u00d6ffentlichkeitsarbeit","description":"Ihr findet den Reservistenverband Brandenburg mit all seinen Aktivit\u00e4ten online. Dazu haben wir f\u00fcr Euch verschiedene thematische Unterseiten eingerichtet.","robots":{"index":"index","follow":"follow","max-snippet":"max-snippet:-1","max-image-preview":"max-image-preview:large","max-video-preview":"max-video-preview:-1"},"canonical":"https:\/\/www.reservisten-brandenburg.de\/presse\/online\/internetseiten\/","og_locale":"de_DE","og_type":"article","og_title":"Unserer Internetseiten - Presse- und \u00d6ffentlichkeitsarbeit","og_description":"Ihr findet den Reservistenverband Brandenburg mit all seinen Aktivit\u00e4ten online. Dazu haben wir f\u00fcr Euch verschiedene thematische Unterseiten eingerichtet.","og_url":"https:\/\/www.reservisten-brandenburg.de\/presse\/online\/internetseiten\/","og_site_name":"Presse- und \u00d6ffentlichkeitsarbeit","article_publisher":"https:\/\/www.facebook.com\/reservisten.brandenburg\/","article_modified_time":"2023-08-20T08:47:05+00:00","og_image":[{"width":1600,"height":421,"url":"http:\/\/www.reservisten-brandenburg.de\/presse\/wp-content\/uploads\/sites\/8\/2020\/03\/Wir-sind-die-Reserve-Brandenburg-Polygon-Banner.jpg","type":"image\/jpeg"}],"twitter_card":"summary_large_image","twitter_site":"@ResBrandenburg","twitter_misc":{"Gesch\u00e4tzte Lesezeit":"4\u00a0Minuten"},"schema":{"@context":"https:\/\/schema.org","@graph":[{"@type":"WebPage","@id":"https:\/\/www.reservisten-brandenburg.de\/presse\/online\/internetseiten\/","url":"https:\/\/www.reservisten-brandenburg.de\/presse\/online\/internetseiten\/","name":"Unserer Internetseiten - Presse- und \u00d6ffentlichkeitsarbeit","isPartOf":{"@id":"https:\/\/www.reservisten-brandenburg.de\/presse\/#website"},"primaryImageOfPage":{"@id":"https:\/\/www.reservisten-brandenburg.de\/presse\/online\/internetseiten\/#primaryimage"},"image":{"@id":"https:\/\/www.reservisten-brandenburg.de\/presse\/online\/internetseiten\/#primaryimage"},"thumbnailUrl":"https:\/\/www.reservisten-brandenburg.de\/presse\/wp-content\/uploads\/sites\/8\/2020\/03\/Wir-sind-die-Reserve-Brandenburg-Polygon-Banner.jpg","datePublished":"2020-03-20T03:26:07+00:00","dateModified":"2023-08-20T08:47:05+00:00","description":"Ihr findet den Reservistenverband Brandenburg mit all seinen Aktivit\u00e4ten online. Dazu haben wir f\u00fcr Euch verschiedene thematische Unterseiten eingerichtet.","breadcrumb":{"@id":"https:\/\/www.reservisten-brandenburg.de\/presse\/online\/internetseiten\/#breadcrumb"},"inLanguage":"de","potentialAction":[{"@type":"ReadAction","target":["https:\/\/www.reservisten-brandenburg.de\/presse\/online\/internetseiten\/"]}]},{"@type":"ImageObject","inLanguage":"de","@id":"https:\/\/www.reservisten-brandenburg.de\/presse\/online\/internetseiten\/#primaryimage","url":"https:\/\/www.reservisten-brandenburg.de\/presse\/wp-content\/uploads\/sites\/8\/2020\/03\/Wir-sind-die-Reserve-Brandenburg-Polygon-Banner.jpg","contentUrl":"https:\/\/www.reservisten-brandenburg.de\/presse\/wp-content\/uploads\/sites\/8\/2020\/03\/Wir-sind-die-Reserve-Brandenburg-Polygon-Banner.jpg","width":1600,"height":421},{"@type":"BreadcrumbList","@id":"https:\/\/www.reservisten-brandenburg.de\/presse\/online\/internetseiten\/#breadcrumb","itemListElement":[{"@type":"ListItem","position":1,"name":"Startseite","item":"https:\/\/www.reservisten-brandenburg.de\/presse\/"},{"@type":"ListItem","position":2,"name":"Online","item":"https:\/\/www.reservisten-brandenburg.de\/presse\/online\/"},{"@type":"ListItem","position":3,"name":"Unserer Internetseiten"}]},{"@type":"WebSite","@id":"https:\/\/www.reservisten-brandenburg.de\/presse\/#website","url":"https:\/\/www.reservisten-brandenburg.de\/presse\/","name":"Presse- und \u00d6ffentlichkeitsarbeit","description":"Eine weitere Reservistenverband Brandenburg - Websites Website","publisher":{"@id":"https:\/\/www.reservisten-brandenburg.de\/presse\/#organization"},"potentialAction":[{"@type":"SearchAction","target":{"@type":"EntryPoint","urlTemplate":"https:\/\/www.reservisten-brandenburg.de\/presse\/?s={search_term_string}"},"query-input":{"@type":"PropertyValueSpecification","valueRequired":true,"valueName":"search_term_string"}}],"inLanguage":"de"},{"@type":"Organization","@id":"https:\/\/www.reservisten-brandenburg.de\/presse\/#organization","name":"Reservistenverband Brandenburg","url":"https:\/\/www.reservisten-brandenburg.de\/presse\/","logo":{"@type":"ImageObject","inLanguage":"de","@id":"https:\/\/www.reservisten-brandenburg.de\/presse\/#\/schema\/logo\/image\/","url":"","contentUrl":"","caption":"Reservistenverband Brandenburg"},"image":{"@id":"https:\/\/www.reservisten-brandenburg.de\/presse\/#\/schema\/logo\/image\/"},"sameAs":["https:\/\/www.facebook.com\/reservisten.brandenburg\/","https:\/\/x.com\/ResBrandenburg","https:\/\/www.youtube.com\/channel\/UC30IySNYu79rnI6_89Sdf_A","https:\/\/de.wikipedia.org\/wiki\/Verband_der_Reservisten_der_Deutschen_Bundeswehr"]}]}},"_links":{"self":[{"href":"https:\/\/www.reservisten-brandenburg.de\/presse\/wp-json\/wp\/v2\/pages\/90","targetHints":{"allow":["GET"]}}],"collection":[{"href":"https:\/\/www.reservisten-brandenburg.de\/presse\/wp-json\/wp\/v2\/pages"}],"about":[{"href":"https:\/\/www.reservisten-brandenburg.de\/presse\/wp-json\/wp\/v2\/types\/page"}],"author":[{"embeddable":true,"href":"https:\/\/www.reservisten-brandenburg.de\/presse\/wp-json\/wp\/v2\/users\/12"}],"replies":[{"embeddable":true,"href":"https:\/\/www.reservisten-brandenburg.de\/presse\/wp-json\/wp\/v2\/comments?post=90"}],"version-history":[{"count":0,"href":"https:\/\/www.reservisten-brandenburg.de\/presse\/wp-json\/wp\/v2\/pages\/90\/revisions"}],"up":[{"embeddable":true,"href":"https:\/\/www.reservisten-brandenburg.de\/presse\/wp-json\/wp\/v2\/pages\/77"}],"wp:featuredmedia":[{"embeddable":true,"href":"https:\/\/www.reservisten-brandenburg.de\/presse\/wp-json\/wp\/v2\/media\/52"}],"wp:attachment":[{"href":"https:\/\/www.reservisten-brandenburg.de\/presse\/wp-json\/wp\/v2\/media?parent=90"}],"curies":[{"name":"wp","href":"https:\/\/api.w.org\/{rel}","templated":true}]}}