{"id":77,"date":"2020-03-20T04:12:56","date_gmt":"2020-03-20T03:12:56","guid":{"rendered":"https:\/\/www.reservisten-brandenburg.de\/presse\/?page_id=77"},"modified":"2023-08-19T15:29:42","modified_gmt":"2023-08-19T13:29:42","slug":"online","status":"publish","type":"page","link":"https:\/\/www.reservisten-brandenburg.de\/presse\/online\/","title":{"rendered":"Online"},"content":{"rendered":"\n<p>Wie halten Euch st\u00e4ndig online auf dem Laufenden. Dazu betreiben wir diese Webseite und sind in den sozialen Medien f\u00fcr Euch unterwegs. Dazu z\u00e4hlen u.a. <a rel=\"noreferrer noopener\" href=\"https:\/\/www.facebook.com\/reservisten.brandenburg\/\" target=\"_blank\">Facebook<\/a>, <a rel=\"noreferrer noopener\" href=\"https:\/\/twitter.com\/resbrandenburg\" target=\"_blank\">Twitter<\/a> oder <a rel=\"noreferrer noopener\" href=\"https:\/\/www.flickr.com\/photos\/reservisten-brandenburg\/\" target=\"_blank\">Flickr<\/a>. Au\u00dferdem erhaltet Ihr Informationen per E-Mail und k\u00f6nnt Euch als Mitglied bei Interesse in den WhatsApp-Gruppen austauschen.<\/p>\n\n\n\n<p><a rel=\"noreferrer noopener\" href=\"https:\/\/www.facebook.com\/reservisten.brandenburg\/\" target=\"_blank\">Facebook<\/a> &#8211; In dem sozialen Netzwerk teilen wir Euch Neuigkeiten, Veranstaltungen und mehr mit.<\/p>\n\n\n\n<p><a rel=\"noreferrer noopener\" href=\"https:\/\/twitter.com\/resbrandenburg\" target=\"_blank\">Twitter<\/a> &#8211; Wir halten Euch auch auf dem Kurznachrichtendienst auf dem Laufenden.<\/p>\n\n\n\n<p><a rel=\"noreferrer noopener\" href=\"https:\/\/www.flickr.com\/photos\/reservisten-brandenburg\/\" target=\"_blank\">Flickr<\/a> &#8211; In der Fotocommunity findet Ihr Fotos vom Reservistenverband Brandenburg.<\/p>\n\n\n\n<p><a href=\"https:\/\/www.linkedin.com\/company\/reservistenverband-brandenburg\/\" target=\"_blank\" rel=\"noreferrer noopener\">LinkedIn<\/a> &#8211; Kontaktiert uns in der Business-Community und kn\u00fcpft Eurer eigenes Netzwerk.<\/p>\n\n\n\n<p><a href=\"https:\/\/www.youtube.com\/channel\/UC30IySNYu79rnI6_89Sdf_A\" target=\"_blank\" rel=\"noreferrer noopener\" aria-label=\"YouTube (\u00f6ffnet in neuem Tab)\">YouTube<\/a> &#8211; Ihr findet unsere Videos auf dem Kanal der <a rel=\"noreferrer noopener\" aria-label=\"RK Potsdam (\u00f6ffnet in neuem Tab)\" href=\"http:\/\/www.rk-potsdam.com\" target=\"_blank\">RK Potsdam<\/a>.<\/p>\n\n\n\n<p>Auf unserer Internetseite findet Ihr viele Informationen \u00fcber die Reserve in Brandenburg. Damit das alles nicht zu un\u00fcbersichtlich wird, haben wir zu verschiedenen Themen eigene Bereiche und Unterseiten eingerichtet. Damit Ihr die schnell und einfach erreichen k\u00f6nnt (und f\u00fcr die gute Auffindbarkeit im Internet) sind diese oft auch \u00fcber eigenen Domains erreichbar. Unsere verschiedenen Internetadressen findet ihr in der <a href=\"https:\/\/www.reservisten-brandenburg.de\/presse\/online\/internetseiten\/\">Domain-\u00dcbersicht<\/a>.<br><\/p>\n\n\n<div class=\"wp-block-image\">\n<figure class=\"aligncenter size-large is-resized\"><a href=\"https:\/\/www.reservisten-brandenburg.de\" target=\"_blank\" rel=\"noreferrer noopener\"><img loading=\"lazy\" decoding=\"async\" src=\"http:\/\/www.reservisten-brandenburg.de\/presse\/wp-content\/uploads\/sites\/8\/2020\/03\/Wir-sind-die-Reserve-Brandenburg-Polygon-rund-1000px.png\" alt=\"\" class=\"wp-image-81\" style=\"width:469px;height:81px\" width=\"469\" height=\"81\" srcset=\"https:\/\/www.reservisten-brandenburg.de\/presse\/wp-content\/uploads\/sites\/8\/2020\/03\/Wir-sind-die-Reserve-Brandenburg-Polygon-rund-1000px.png 1000w, https:\/\/www.reservisten-brandenburg.de\/presse\/wp-content\/uploads\/sites\/8\/2020\/03\/Wir-sind-die-Reserve-Brandenburg-Polygon-rund-1000px-300x52.png 300w, https:\/\/www.reservisten-brandenburg.de\/presse\/wp-content\/uploads\/sites\/8\/2020\/03\/Wir-sind-die-Reserve-Brandenburg-Polygon-rund-1000px-768x134.png 768w\" sizes=\"auto, (max-width: 469px) 100vw, 469px\" \/><\/a><\/figure>\n<\/div>","protected":false},"excerpt":{"rendered":"<p>Wie halten Euch st\u00e4ndig online auf dem Laufenden. Dazu betreiben wir diese Webseite und sind in den sozialen Medien f\u00fcr Euch unterwegs. Dazu z\u00e4hlen u.a. Facebook, Twitter oder Flickr. Au\u00dferdem [&hellip;]<\/p>\n","protected":false},"author":12,"featured_media":44,"parent":0,"menu_order":0,"comment_status":"closed","ping_status":"closed","template":"","meta":{"footnotes":""},"class_list":["post-77","page","type-page","status-publish","has-post-thumbnail","hentry"],"yoast_head":"<!-- This site is optimized with the Yoast SEO plugin v27.3 - https:\/\/yoast.com\/product\/yoast-seo-wordpress\/ -->\n<title>Online - Presse- und \u00d6ffentlichkeitsarbeit<\/title>\n<meta name=\"description\" content=\"Wie halten Euch st\u00e4ndig online auf dem Laufenden. Dazu betreiben wir diese Webseite und sind in den sozialen Medien f\u00fcr Euch unterwegs.\" \/>\n<meta name=\"robots\" content=\"index, follow, max-snippet:-1, max-image-preview:large, max-video-preview:-1\" \/>\n<link rel=\"canonical\" href=\"https:\/\/www.reservisten-brandenburg.de\/presse\/online\/\" \/>\n<meta property=\"og:locale\" content=\"de_DE\" \/>\n<meta property=\"og:type\" content=\"article\" \/>\n<meta property=\"og:title\" content=\"Online - Presse- und \u00d6ffentlichkeitsarbeit\" \/>\n<meta property=\"og:description\" content=\"Wie halten Euch st\u00e4ndig online auf dem Laufenden. Dazu betreiben wir diese Webseite und sind in den sozialen Medien f\u00fcr Euch unterwegs.\" \/>\n<meta property=\"og:url\" content=\"https:\/\/www.reservisten-brandenburg.de\/presse\/online\/\" \/>\n<meta property=\"og:site_name\" content=\"Presse- und \u00d6ffentlichkeitsarbeit\" \/>\n<meta property=\"article:publisher\" content=\"https:\/\/www.facebook.com\/reservisten.brandenburg\/\" \/>\n<meta property=\"article:modified_time\" content=\"2023-08-19T13:29:42+00:00\" \/>\n<meta property=\"og:image\" content=\"http:\/\/www.reservisten-brandenburg.de\/presse\/wp-content\/uploads\/sites\/8\/2020\/03\/Presse.jpg\" \/>\n\t<meta property=\"og:image:width\" content=\"1600\" \/>\n\t<meta property=\"og:image:height\" content=\"900\" \/>\n\t<meta property=\"og:image:type\" content=\"image\/jpeg\" \/>\n<meta name=\"twitter:card\" content=\"summary_large_image\" \/>\n<meta name=\"twitter:site\" content=\"@ResBrandenburg\" \/>\n<script type=\"application\/ld+json\" class=\"yoast-schema-graph\">{\"@context\":\"https:\\\/\\\/schema.org\",\"@graph\":[{\"@type\":\"WebPage\",\"@id\":\"https:\\\/\\\/www.reservisten-brandenburg.de\\\/presse\\\/online\\\/\",\"url\":\"https:\\\/\\\/www.reservisten-brandenburg.de\\\/presse\\\/online\\\/\",\"name\":\"Online - Presse- und \u00d6ffentlichkeitsarbeit\",\"isPartOf\":{\"@id\":\"https:\\\/\\\/www.reservisten-brandenburg.de\\\/presse\\\/#website\"},\"primaryImageOfPage\":{\"@id\":\"https:\\\/\\\/www.reservisten-brandenburg.de\\\/presse\\\/online\\\/#primaryimage\"},\"image\":{\"@id\":\"https:\\\/\\\/www.reservisten-brandenburg.de\\\/presse\\\/online\\\/#primaryimage\"},\"thumbnailUrl\":\"https:\\\/\\\/www.reservisten-brandenburg.de\\\/presse\\\/wp-content\\\/uploads\\\/sites\\\/8\\\/2020\\\/03\\\/Presse.jpg\",\"datePublished\":\"2020-03-20T03:12:56+00:00\",\"dateModified\":\"2023-08-19T13:29:42+00:00\",\"description\":\"Wie halten Euch st\u00e4ndig online auf dem Laufenden. Dazu betreiben wir diese Webseite und sind in den sozialen Medien f\u00fcr Euch unterwegs.\",\"breadcrumb\":{\"@id\":\"https:\\\/\\\/www.reservisten-brandenburg.de\\\/presse\\\/online\\\/#breadcrumb\"},\"inLanguage\":\"de\",\"potentialAction\":[{\"@type\":\"ReadAction\",\"target\":[\"https:\\\/\\\/www.reservisten-brandenburg.de\\\/presse\\\/online\\\/\"]}]},{\"@type\":\"ImageObject\",\"inLanguage\":\"de\",\"@id\":\"https:\\\/\\\/www.reservisten-brandenburg.de\\\/presse\\\/online\\\/#primaryimage\",\"url\":\"https:\\\/\\\/www.reservisten-brandenburg.de\\\/presse\\\/wp-content\\\/uploads\\\/sites\\\/8\\\/2020\\\/03\\\/Presse.jpg\",\"contentUrl\":\"https:\\\/\\\/www.reservisten-brandenburg.de\\\/presse\\\/wp-content\\\/uploads\\\/sites\\\/8\\\/2020\\\/03\\\/Presse.jpg\",\"width\":1600,\"height\":900},{\"@type\":\"BreadcrumbList\",\"@id\":\"https:\\\/\\\/www.reservisten-brandenburg.de\\\/presse\\\/online\\\/#breadcrumb\",\"itemListElement\":[{\"@type\":\"ListItem\",\"position\":1,\"name\":\"Startseite\",\"item\":\"https:\\\/\\\/www.reservisten-brandenburg.de\\\/presse\\\/\"},{\"@type\":\"ListItem\",\"position\":2,\"name\":\"Online\"}]},{\"@type\":\"WebSite\",\"@id\":\"https:\\\/\\\/www.reservisten-brandenburg.de\\\/presse\\\/#website\",\"url\":\"https:\\\/\\\/www.reservisten-brandenburg.de\\\/presse\\\/\",\"name\":\"Presse- und \u00d6ffentlichkeitsarbeit\",\"description\":\"Eine weitere Reservistenverband Brandenburg - Websites Website\",\"publisher\":{\"@id\":\"https:\\\/\\\/www.reservisten-brandenburg.de\\\/presse\\\/#organization\"},\"potentialAction\":[{\"@type\":\"SearchAction\",\"target\":{\"@type\":\"EntryPoint\",\"urlTemplate\":\"https:\\\/\\\/www.reservisten-brandenburg.de\\\/presse\\\/?s={search_term_string}\"},\"query-input\":{\"@type\":\"PropertyValueSpecification\",\"valueRequired\":true,\"valueName\":\"search_term_string\"}}],\"inLanguage\":\"de\"},{\"@type\":\"Organization\",\"@id\":\"https:\\\/\\\/www.reservisten-brandenburg.de\\\/presse\\\/#organization\",\"name\":\"Reservistenverband Brandenburg\",\"url\":\"https:\\\/\\\/www.reservisten-brandenburg.de\\\/presse\\\/\",\"logo\":{\"@type\":\"ImageObject\",\"inLanguage\":\"de\",\"@id\":\"https:\\\/\\\/www.reservisten-brandenburg.de\\\/presse\\\/#\\\/schema\\\/logo\\\/image\\\/\",\"url\":\"\",\"contentUrl\":\"\",\"caption\":\"Reservistenverband Brandenburg\"},\"image\":{\"@id\":\"https:\\\/\\\/www.reservisten-brandenburg.de\\\/presse\\\/#\\\/schema\\\/logo\\\/image\\\/\"},\"sameAs\":[\"https:\\\/\\\/www.facebook.com\\\/reservisten.brandenburg\\\/\",\"https:\\\/\\\/x.com\\\/ResBrandenburg\",\"https:\\\/\\\/www.youtube.com\\\/channel\\\/UC30IySNYu79rnI6_89Sdf_A\",\"https:\\\/\\\/de.wikipedia.org\\\/wiki\\\/Verband_der_Reservisten_der_Deutschen_Bundeswehr\"]}]}<\/script>\n<!-- \/ Yoast SEO plugin. -->","yoast_head_json":{"title":"Online - Presse- und \u00d6ffentlichkeitsarbeit","description":"Wie halten Euch st\u00e4ndig online auf dem Laufenden. Dazu betreiben wir diese Webseite und sind in den sozialen Medien f\u00fcr Euch unterwegs.","robots":{"index":"index","follow":"follow","max-snippet":"max-snippet:-1","max-image-preview":"max-image-preview:large","max-video-preview":"max-video-preview:-1"},"canonical":"https:\/\/www.reservisten-brandenburg.de\/presse\/online\/","og_locale":"de_DE","og_type":"article","og_title":"Online - Presse- und \u00d6ffentlichkeitsarbeit","og_description":"Wie halten Euch st\u00e4ndig online auf dem Laufenden. Dazu betreiben wir diese Webseite und sind in den sozialen Medien f\u00fcr Euch unterwegs.","og_url":"https:\/\/www.reservisten-brandenburg.de\/presse\/online\/","og_site_name":"Presse- und \u00d6ffentlichkeitsarbeit","article_publisher":"https:\/\/www.facebook.com\/reservisten.brandenburg\/","article_modified_time":"2023-08-19T13:29:42+00:00","og_image":[{"width":1600,"height":900,"url":"http:\/\/www.reservisten-brandenburg.de\/presse\/wp-content\/uploads\/sites\/8\/2020\/03\/Presse.jpg","type":"image\/jpeg"}],"twitter_card":"summary_large_image","twitter_site":"@ResBrandenburg","schema":{"@context":"https:\/\/schema.org","@graph":[{"@type":"WebPage","@id":"https:\/\/www.reservisten-brandenburg.de\/presse\/online\/","url":"https:\/\/www.reservisten-brandenburg.de\/presse\/online\/","name":"Online - Presse- und \u00d6ffentlichkeitsarbeit","isPartOf":{"@id":"https:\/\/www.reservisten-brandenburg.de\/presse\/#website"},"primaryImageOfPage":{"@id":"https:\/\/www.reservisten-brandenburg.de\/presse\/online\/#primaryimage"},"image":{"@id":"https:\/\/www.reservisten-brandenburg.de\/presse\/online\/#primaryimage"},"thumbnailUrl":"https:\/\/www.reservisten-brandenburg.de\/presse\/wp-content\/uploads\/sites\/8\/2020\/03\/Presse.jpg","datePublished":"2020-03-20T03:12:56+00:00","dateModified":"2023-08-19T13:29:42+00:00","description":"Wie halten Euch st\u00e4ndig online auf dem Laufenden. Dazu betreiben wir diese Webseite und sind in den sozialen Medien f\u00fcr Euch unterwegs.","breadcrumb":{"@id":"https:\/\/www.reservisten-brandenburg.de\/presse\/online\/#breadcrumb"},"inLanguage":"de","potentialAction":[{"@type":"ReadAction","target":["https:\/\/www.reservisten-brandenburg.de\/presse\/online\/"]}]},{"@type":"ImageObject","inLanguage":"de","@id":"https:\/\/www.reservisten-brandenburg.de\/presse\/online\/#primaryimage","url":"https:\/\/www.reservisten-brandenburg.de\/presse\/wp-content\/uploads\/sites\/8\/2020\/03\/Presse.jpg","contentUrl":"https:\/\/www.reservisten-brandenburg.de\/presse\/wp-content\/uploads\/sites\/8\/2020\/03\/Presse.jpg","width":1600,"height":900},{"@type":"BreadcrumbList","@id":"https:\/\/www.reservisten-brandenburg.de\/presse\/online\/#breadcrumb","itemListElement":[{"@type":"ListItem","position":1,"name":"Startseite","item":"https:\/\/www.reservisten-brandenburg.de\/presse\/"},{"@type":"ListItem","position":2,"name":"Online"}]},{"@type":"WebSite","@id":"https:\/\/www.reservisten-brandenburg.de\/presse\/#website","url":"https:\/\/www.reservisten-brandenburg.de\/presse\/","name":"Presse- und \u00d6ffentlichkeitsarbeit","description":"Eine weitere Reservistenverband Brandenburg - Websites Website","publisher":{"@id":"https:\/\/www.reservisten-brandenburg.de\/presse\/#organization"},"potentialAction":[{"@type":"SearchAction","target":{"@type":"EntryPoint","urlTemplate":"https:\/\/www.reservisten-brandenburg.de\/presse\/?s={search_term_string}"},"query-input":{"@type":"PropertyValueSpecification","valueRequired":true,"valueName":"search_term_string"}}],"inLanguage":"de"},{"@type":"Organization","@id":"https:\/\/www.reservisten-brandenburg.de\/presse\/#organization","name":"Reservistenverband Brandenburg","url":"https:\/\/www.reservisten-brandenburg.de\/presse\/","logo":{"@type":"ImageObject","inLanguage":"de","@id":"https:\/\/www.reservisten-brandenburg.de\/presse\/#\/schema\/logo\/image\/","url":"","contentUrl":"","caption":"Reservistenverband Brandenburg"},"image":{"@id":"https:\/\/www.reservisten-brandenburg.de\/presse\/#\/schema\/logo\/image\/"},"sameAs":["https:\/\/www.facebook.com\/reservisten.brandenburg\/","https:\/\/x.com\/ResBrandenburg","https:\/\/www.youtube.com\/channel\/UC30IySNYu79rnI6_89Sdf_A","https:\/\/de.wikipedia.org\/wiki\/Verband_der_Reservisten_der_Deutschen_Bundeswehr"]}]}},"_links":{"self":[{"href":"https:\/\/www.reservisten-brandenburg.de\/presse\/wp-json\/wp\/v2\/pages\/77","targetHints":{"allow":["GET"]}}],"collection":[{"href":"https:\/\/www.reservisten-brandenburg.de\/presse\/wp-json\/wp\/v2\/pages"}],"about":[{"href":"https:\/\/www.reservisten-brandenburg.de\/presse\/wp-json\/wp\/v2\/types\/page"}],"author":[{"embeddable":true,"href":"https:\/\/www.reservisten-brandenburg.de\/presse\/wp-json\/wp\/v2\/users\/12"}],"replies":[{"embeddable":true,"href":"https:\/\/www.reservisten-brandenburg.de\/presse\/wp-json\/wp\/v2\/comments?post=77"}],"version-history":[{"count":0,"href":"https:\/\/www.reservisten-brandenburg.de\/presse\/wp-json\/wp\/v2\/pages\/77\/revisions"}],"wp:featuredmedia":[{"embeddable":true,"href":"https:\/\/www.reservisten-brandenburg.de\/presse\/wp-json\/wp\/v2\/media\/44"}],"wp:attachment":[{"href":"https:\/\/www.reservisten-brandenburg.de\/presse\/wp-json\/wp\/v2\/media?parent=77"}],"curies":[{"name":"wp","href":"https:\/\/api.w.org\/{rel}","templated":true}]}}