{"id":7943,"date":"2021-01-07T09:42:08","date_gmt":"2021-01-07T08:42:08","guid":{"rendered":"https:\/\/www.reservisten-brandenburg.de\/potsdam\/?page_id=7943"},"modified":"2021-02-21T23:43:03","modified_gmt":"2021-02-21T22:43:03","slug":"veranstaltungen","status":"publish","type":"page","link":"https:\/\/www.reservisten-brandenburg.de\/potsdam\/wettkampf\/veranstaltungen\/","title":{"rendered":"Trainings und Wettk\u00e4mpfe"},"content":{"rendered":"\n<p>Die Wettkampfgruppe der Reservistenkameradschaft Potsdam nimmt an milit\u00e4rischen Wettk\u00e4mpfen, M\u00e4rschen und Schie\u00dfwettk\u00e4mpfen im In- und Ausland teil. Dazu f\u00fchrt sie regelm\u00e4\u00dfig Trainings durch und nimmt an den milit\u00e4rischen Ausbildungen der <a href=\"https:\/\/www.reservisten-brandenburg.de\" target=\"_blank\" rel=\"noreferrer noopener\">Landesgruppe Brandenburg<\/a> teil.<\/p>\n\n\n\n<p>Die Teilnahme von Kameraden, die nicht der Wettkampfgruppe angeh\u00f6ren ist grunds\u00e4tzlich m\u00f6glich, wenn sie so das Training unterst\u00fctzen wollen oder vorhaben sich zuk\u00fcnftig ernsthaft am Wettkampftraining und der Teilnahme an milit\u00e4rischen Wettk\u00e4mpfen zu beteiligen. <strong>Von Interessenten wird eine aktive und ernsthafte Mitwirkung erwartet.<\/strong><\/p>\n\n\n\n<p>Eine \u00dcbersicht \u00fcber die kommenden Veranstaltungen findet Ihr hier auf <a href=\"https:\/\/www.reservisten-brandenburg.de\/potsdam\/events\/kategorie\/wettkampf\/\">unserer Internetseite<\/a>. Dort k\u00f6nnt Ihr Euch auch gleich online anmelden. Eine Termin\u00fcbersicht mit den Trainingsterminen findet Ihr auf der Seite mit den <a href=\"https:\/\/www.reservisten-brandenburg.de\/potsdam\/termine\/\">allgemeine Veranstaltungsinformationen<\/a> der Reservistenkameradschaft Potsdam.<\/p>\n\n\n\n<figure class=\"wp-block-image size-large\"><a href=\"https:\/\/www.reservisten-brandenburg.de\/potsdam\/events\/kategorie\/wettkampf\/\"><img loading=\"lazy\" decoding=\"async\" width=\"1024\" height=\"256\" src=\"https:\/\/www.reservisten-brandenburg.de\/potsdam\/wp-content\/uploads\/sites\/3\/2021\/01\/Banner_Veranstaltungen_Wettkampfgruppe-1024x256.jpg\" alt=\"Zu den Veranstaltungen der Wettkampfgruppe\" class=\"wp-image-7946\" srcset=\"https:\/\/www.reservisten-brandenburg.de\/potsdam\/wp-content\/uploads\/sites\/3\/2021\/01\/Banner_Veranstaltungen_Wettkampfgruppe-1024x256.jpg 1024w, https:\/\/www.reservisten-brandenburg.de\/potsdam\/wp-content\/uploads\/sites\/3\/2021\/01\/Banner_Veranstaltungen_Wettkampfgruppe-300x75.jpg 300w, https:\/\/www.reservisten-brandenburg.de\/potsdam\/wp-content\/uploads\/sites\/3\/2021\/01\/Banner_Veranstaltungen_Wettkampfgruppe-768x192.jpg 768w, https:\/\/www.reservisten-brandenburg.de\/potsdam\/wp-content\/uploads\/sites\/3\/2021\/01\/Banner_Veranstaltungen_Wettkampfgruppe-1536x384.jpg 1536w, https:\/\/www.reservisten-brandenburg.de\/potsdam\/wp-content\/uploads\/sites\/3\/2021\/01\/Banner_Veranstaltungen_Wettkampfgruppe.jpg 1600w\" sizes=\"auto, (max-width: 1024px) 100vw, 1024px\" \/><\/a><\/figure>\n","protected":false},"excerpt":{"rendered":"<p>Die Wettkampfgruppe der Reservistenkameradschaft Potsdam nimmt an milit\u00e4rischen Wettk\u00e4mpfen, M\u00e4rschen und Schie\u00dfwettk\u00e4mpfen im In- und Ausland teil. Dazu f\u00fchrt sie regelm\u00e4\u00dfig Trainings durch und nimmt an den milit\u00e4rischen Ausbildungen der [&hellip;]<\/p>\n","protected":false},"author":12,"featured_media":7973,"parent":7941,"menu_order":0,"comment_status":"closed","ping_status":"closed","template":"","meta":{"footnotes":""},"class_list":["post-7943","page","type-page","status-publish","has-post-thumbnail","hentry"],"yoast_head":"<!-- This site is optimized with the Yoast SEO plugin v27.4 - https:\/\/yoast.com\/product\/yoast-seo-wordpress\/ -->\n<title>Trainings und Wettk\u00e4mpfe - Reservistenkameradschaft Potsdam<\/title>\n<meta name=\"robots\" content=\"index, follow, max-snippet:-1, max-image-preview:large, max-video-preview:-1\" \/>\n<link rel=\"canonical\" href=\"https:\/\/www.reservisten-brandenburg.de\/potsdam\/wettkampf\/veranstaltungen\/\" \/>\n<meta property=\"og:locale\" content=\"de_DE\" \/>\n<meta property=\"og:type\" content=\"article\" \/>\n<meta property=\"og:title\" content=\"Trainings und Wettk\u00e4mpfe - Reservistenkameradschaft Potsdam\" \/>\n<meta property=\"og:description\" content=\"Die Wettkampfgruppe der Reservistenkameradschaft Potsdam nimmt an milit\u00e4rischen Wettk\u00e4mpfen, M\u00e4rschen und Schie\u00dfwettk\u00e4mpfen im In- und Ausland teil. Dazu f\u00fchrt sie regelm\u00e4\u00dfig Trainings durch und nimmt an den milit\u00e4rischen Ausbildungen der [&hellip;]\" \/>\n<meta property=\"og:url\" content=\"https:\/\/www.reservisten-brandenburg.de\/potsdam\/wettkampf\/veranstaltungen\/\" \/>\n<meta property=\"og:site_name\" content=\"Reservistenkameradschaft Potsdam\" \/>\n<meta property=\"article:publisher\" content=\"https:\/\/www.facebook.com\/rk.grosser.kurfuerst\/\" \/>\n<meta property=\"article:modified_time\" content=\"2021-02-21T22:43:03+00:00\" \/>\n<meta property=\"og:image\" content=\"https:\/\/www.reservisten-brandenburg.de\/potsdam\/wp-content\/uploads\/sites\/3\/2021\/01\/Schu\u0308tzengruppe.jpg\" \/>\n\t<meta property=\"og:image:width\" content=\"1600\" \/>\n\t<meta property=\"og:image:height\" content=\"900\" \/>\n\t<meta property=\"og:image:type\" content=\"image\/jpeg\" \/>\n<meta name=\"twitter:card\" content=\"summary_large_image\" \/>\n<meta name=\"twitter:site\" content=\"@ResPotsdam\" \/>\n<meta name=\"twitter:label1\" content=\"Gesch\u00e4tzte Lesezeit\" \/>\n\t<meta name=\"twitter:data1\" content=\"1\u00a0Minute\" \/>\n<script type=\"application\/ld+json\" class=\"yoast-schema-graph\">{\"@context\":\"https:\\\/\\\/schema.org\",\"@graph\":[{\"@type\":\"WebPage\",\"@id\":\"https:\\\/\\\/www.reservisten-brandenburg.de\\\/potsdam\\\/wettkampf\\\/veranstaltungen\\\/\",\"url\":\"https:\\\/\\\/www.reservisten-brandenburg.de\\\/potsdam\\\/wettkampf\\\/veranstaltungen\\\/\",\"name\":\"Trainings und Wettk\u00e4mpfe - Reservistenkameradschaft Potsdam\",\"isPartOf\":{\"@id\":\"https:\\\/\\\/www.reservisten-brandenburg.de\\\/potsdam\\\/#website\"},\"primaryImageOfPage\":{\"@id\":\"https:\\\/\\\/www.reservisten-brandenburg.de\\\/potsdam\\\/wettkampf\\\/veranstaltungen\\\/#primaryimage\"},\"image\":{\"@id\":\"https:\\\/\\\/www.reservisten-brandenburg.de\\\/potsdam\\\/wettkampf\\\/veranstaltungen\\\/#primaryimage\"},\"thumbnailUrl\":\"https:\\\/\\\/www.reservisten-brandenburg.de\\\/potsdam\\\/wp-content\\\/uploads\\\/sites\\\/3\\\/2021\\\/01\\\/Schu\u0308tzengruppe.jpg\",\"datePublished\":\"2021-01-07T08:42:08+00:00\",\"dateModified\":\"2021-02-21T22:43:03+00:00\",\"breadcrumb\":{\"@id\":\"https:\\\/\\\/www.reservisten-brandenburg.de\\\/potsdam\\\/wettkampf\\\/veranstaltungen\\\/#breadcrumb\"},\"inLanguage\":\"de\",\"potentialAction\":[{\"@type\":\"ReadAction\",\"target\":[\"https:\\\/\\\/www.reservisten-brandenburg.de\\\/potsdam\\\/wettkampf\\\/veranstaltungen\\\/\"]}]},{\"@type\":\"ImageObject\",\"inLanguage\":\"de\",\"@id\":\"https:\\\/\\\/www.reservisten-brandenburg.de\\\/potsdam\\\/wettkampf\\\/veranstaltungen\\\/#primaryimage\",\"url\":\"https:\\\/\\\/www.reservisten-brandenburg.de\\\/potsdam\\\/wp-content\\\/uploads\\\/sites\\\/3\\\/2021\\\/01\\\/Schu\u0308tzengruppe.jpg\",\"contentUrl\":\"https:\\\/\\\/www.reservisten-brandenburg.de\\\/potsdam\\\/wp-content\\\/uploads\\\/sites\\\/3\\\/2021\\\/01\\\/Schu\u0308tzengruppe.jpg\",\"width\":1600,\"height\":900,\"caption\":\"Schu\u0308tzengruppe im Wald\"},{\"@type\":\"BreadcrumbList\",\"@id\":\"https:\\\/\\\/www.reservisten-brandenburg.de\\\/potsdam\\\/wettkampf\\\/veranstaltungen\\\/#breadcrumb\",\"itemListElement\":[{\"@type\":\"ListItem\",\"position\":1,\"name\":\"Startseite\",\"item\":\"https:\\\/\\\/www.reservisten-brandenburg.de\\\/potsdam\\\/\"},{\"@type\":\"ListItem\",\"position\":2,\"name\":\"Wettkampfgruppe\",\"item\":\"https:\\\/\\\/www.reservisten-brandenburg.de\\\/potsdam\\\/wettkampf\\\/\"},{\"@type\":\"ListItem\",\"position\":3,\"name\":\"Trainings und Wettk\u00e4mpfe\"}]},{\"@type\":\"WebSite\",\"@id\":\"https:\\\/\\\/www.reservisten-brandenburg.de\\\/potsdam\\\/#website\",\"url\":\"https:\\\/\\\/www.reservisten-brandenburg.de\\\/potsdam\\\/\",\"name\":\"Reservistenkameradschaft Potsdam\",\"description\":\"Die Reserve in Potsdam\",\"potentialAction\":[{\"@type\":\"SearchAction\",\"target\":{\"@type\":\"EntryPoint\",\"urlTemplate\":\"https:\\\/\\\/www.reservisten-brandenburg.de\\\/potsdam\\\/?s={search_term_string}\"},\"query-input\":{\"@type\":\"PropertyValueSpecification\",\"valueRequired\":true,\"valueName\":\"search_term_string\"}}],\"inLanguage\":\"de\"}]}<\/script>\n<!-- \/ Yoast SEO plugin. -->","yoast_head_json":{"title":"Trainings und Wettk\u00e4mpfe - Reservistenkameradschaft Potsdam","robots":{"index":"index","follow":"follow","max-snippet":"max-snippet:-1","max-image-preview":"max-image-preview:large","max-video-preview":"max-video-preview:-1"},"canonical":"https:\/\/www.reservisten-brandenburg.de\/potsdam\/wettkampf\/veranstaltungen\/","og_locale":"de_DE","og_type":"article","og_title":"Trainings und Wettk\u00e4mpfe - Reservistenkameradschaft Potsdam","og_description":"Die Wettkampfgruppe der Reservistenkameradschaft Potsdam nimmt an milit\u00e4rischen Wettk\u00e4mpfen, M\u00e4rschen und Schie\u00dfwettk\u00e4mpfen im In- und Ausland teil. Dazu f\u00fchrt sie regelm\u00e4\u00dfig Trainings durch und nimmt an den milit\u00e4rischen Ausbildungen der [&hellip;]","og_url":"https:\/\/www.reservisten-brandenburg.de\/potsdam\/wettkampf\/veranstaltungen\/","og_site_name":"Reservistenkameradschaft Potsdam","article_publisher":"https:\/\/www.facebook.com\/rk.grosser.kurfuerst\/","article_modified_time":"2021-02-21T22:43:03+00:00","og_image":[{"width":1600,"height":900,"url":"https:\/\/www.reservisten-brandenburg.de\/potsdam\/wp-content\/uploads\/sites\/3\/2021\/01\/Schu\u0308tzengruppe.jpg","type":"image\/jpeg"}],"twitter_card":"summary_large_image","twitter_site":"@ResPotsdam","twitter_misc":{"Gesch\u00e4tzte Lesezeit":"1\u00a0Minute"},"schema":{"@context":"https:\/\/schema.org","@graph":[{"@type":"WebPage","@id":"https:\/\/www.reservisten-brandenburg.de\/potsdam\/wettkampf\/veranstaltungen\/","url":"https:\/\/www.reservisten-brandenburg.de\/potsdam\/wettkampf\/veranstaltungen\/","name":"Trainings und Wettk\u00e4mpfe - Reservistenkameradschaft Potsdam","isPartOf":{"@id":"https:\/\/www.reservisten-brandenburg.de\/potsdam\/#website"},"primaryImageOfPage":{"@id":"https:\/\/www.reservisten-brandenburg.de\/potsdam\/wettkampf\/veranstaltungen\/#primaryimage"},"image":{"@id":"https:\/\/www.reservisten-brandenburg.de\/potsdam\/wettkampf\/veranstaltungen\/#primaryimage"},"thumbnailUrl":"https:\/\/www.reservisten-brandenburg.de\/potsdam\/wp-content\/uploads\/sites\/3\/2021\/01\/Schu\u0308tzengruppe.jpg","datePublished":"2021-01-07T08:42:08+00:00","dateModified":"2021-02-21T22:43:03+00:00","breadcrumb":{"@id":"https:\/\/www.reservisten-brandenburg.de\/potsdam\/wettkampf\/veranstaltungen\/#breadcrumb"},"inLanguage":"de","potentialAction":[{"@type":"ReadAction","target":["https:\/\/www.reservisten-brandenburg.de\/potsdam\/wettkampf\/veranstaltungen\/"]}]},{"@type":"ImageObject","inLanguage":"de","@id":"https:\/\/www.reservisten-brandenburg.de\/potsdam\/wettkampf\/veranstaltungen\/#primaryimage","url":"https:\/\/www.reservisten-brandenburg.de\/potsdam\/wp-content\/uploads\/sites\/3\/2021\/01\/Schu\u0308tzengruppe.jpg","contentUrl":"https:\/\/www.reservisten-brandenburg.de\/potsdam\/wp-content\/uploads\/sites\/3\/2021\/01\/Schu\u0308tzengruppe.jpg","width":1600,"height":900,"caption":"Schu\u0308tzengruppe im Wald"},{"@type":"BreadcrumbList","@id":"https:\/\/www.reservisten-brandenburg.de\/potsdam\/wettkampf\/veranstaltungen\/#breadcrumb","itemListElement":[{"@type":"ListItem","position":1,"name":"Startseite","item":"https:\/\/www.reservisten-brandenburg.de\/potsdam\/"},{"@type":"ListItem","position":2,"name":"Wettkampfgruppe","item":"https:\/\/www.reservisten-brandenburg.de\/potsdam\/wettkampf\/"},{"@type":"ListItem","position":3,"name":"Trainings und Wettk\u00e4mpfe"}]},{"@type":"WebSite","@id":"https:\/\/www.reservisten-brandenburg.de\/potsdam\/#website","url":"https:\/\/www.reservisten-brandenburg.de\/potsdam\/","name":"Reservistenkameradschaft Potsdam","description":"Die Reserve in Potsdam","potentialAction":[{"@type":"SearchAction","target":{"@type":"EntryPoint","urlTemplate":"https:\/\/www.reservisten-brandenburg.de\/potsdam\/?s={search_term_string}"},"query-input":{"@type":"PropertyValueSpecification","valueRequired":true,"valueName":"search_term_string"}}],"inLanguage":"de"}]}},"_links":{"self":[{"href":"https:\/\/www.reservisten-brandenburg.de\/potsdam\/wp-json\/wp\/v2\/pages\/7943","targetHints":{"allow":["GET"]}}],"collection":[{"href":"https:\/\/www.reservisten-brandenburg.de\/potsdam\/wp-json\/wp\/v2\/pages"}],"about":[{"href":"https:\/\/www.reservisten-brandenburg.de\/potsdam\/wp-json\/wp\/v2\/types\/page"}],"author":[{"embeddable":true,"href":"https:\/\/www.reservisten-brandenburg.de\/potsdam\/wp-json\/wp\/v2\/users\/12"}],"replies":[{"embeddable":true,"href":"https:\/\/www.reservisten-brandenburg.de\/potsdam\/wp-json\/wp\/v2\/comments?post=7943"}],"version-history":[{"count":0,"href":"https:\/\/www.reservisten-brandenburg.de\/potsdam\/wp-json\/wp\/v2\/pages\/7943\/revisions"}],"up":[{"embeddable":true,"href":"https:\/\/www.reservisten-brandenburg.de\/potsdam\/wp-json\/wp\/v2\/pages\/7941"}],"wp:featuredmedia":[{"embeddable":true,"href":"https:\/\/www.reservisten-brandenburg.de\/potsdam\/wp-json\/wp\/v2\/media\/7973"}],"wp:attachment":[{"href":"https:\/\/www.reservisten-brandenburg.de\/potsdam\/wp-json\/wp\/v2\/media?parent=7943"}],"curies":[{"name":"wp","href":"https:\/\/api.w.org\/{rel}","templated":true}]}}