{"id":136,"date":"2020-03-18T16:51:26","date_gmt":"2020-03-18T15:51:26","guid":{"rendered":"https:\/\/reservisten-brandenburg.de\/potsdam\/?page_id=136"},"modified":"2020-03-18T16:52:03","modified_gmt":"2020-03-18T15:52:03","slug":"impressum","status":"publish","type":"page","link":"https:\/\/www.reservisten-brandenburg.de\/potsdam\/impressum\/","title":{"rendered":"Impressum"},"content":{"rendered":"\n<p>Die Website ist unter der Domainen www.rk-potsdam.com erreichbar. Sie wird bereitgestellt durch die Reservistenkameradschaft Potsdam der Landesgruppe Brandenburg im Verband der Reservisten der Deutschen Bundeswehr e.V. (kurz: Reservistenverband). Die Zust\u00e4ndigkeit und Verantwortung obliegt der Reservistenkameradschaft Potsdam und wird durch den Vorstand vertreten. Der Vorstand dieser Gliederung hat einen Internetbeauftragten mit der redaktionellen Betreuung und Bef\u00fcllung dieser Seiten beauftragt. Dieser ist im Rahmen seines Auftrages mitverantwortlich f\u00fcr die Inhalte.<\/p>\n\n\n\n<p><strong>Erreichbarkeit der Gliederung \u00fcber die zust\u00e4ndige Gesch\u00e4ftsstelle:<\/strong><br>Landesgesch\u00e4ftsstelle Potsdam<br>Havelland-Kaserne, Geb. 11<br>Kaiser-Friedrich-Stra\u00dfe 49-61<br>14469 Potsdam<\/p>\n\n\n\n<p>Telefon: +49 (331) 2702235<br>Telefax: +49 (331) 2011673<br>E-Mail: &#98;&#x72;&#97;&#x6e;&#100;&#x65;n&#x62;u&#114;&#x67;&#64;&#x72;&#101;&#x73;e&#x72;v&#105;&#x73;&#116;&#x65;&#110;&#x76;&#101;&#x72;b&#x61;n&#100;&#x2e;&#100;&#x65;<\/p>\n\n\n\n<p><strong>Ansprechpartner f\u00fcr technische und inhaltliche Fragen (V.i.S.d.P.)<\/strong><br>Ronald Nitschke<br>Stv. Landesvorsitzender (Presse und \u00d6ffentlichkeitsarbeit)<br>E-Mail: pr&#101;&#115;&#115;&#101;&#x40;&#x72;&#x65;&#x73;&#x65;rv&#105;&#115;&#116;&#101;&#x6e;&#x2d;&#x62;&#x72;&#x61;nd&#101;&#110;&#98;&#117;&#x72;&#x67;&#x2e;&#x64;&#x65;<\/p>\n\n\n\n<p><strong>Externe Angebote<\/strong><br>Sofern von diesen Seiten auf andere URL oder Seiten verwiesen wird (Hyperlinks), ist hiermit regelm\u00e4\u00dfig keine Aussage oder Meinung in Bezug auf die angelinkten, fremden Inhalte verbunden, insbesondere werden diese fremden Inhalte nicht zu eigen gemacht. Bitte teilen Sie uns mit, wenn Sie feststellen sollten, dass der Verweis oder der hinter einem Link liegende Inhalt nicht korrekt, aktuell oder sonst zu beanstanden ist.<\/p>\n\n\n\n<p><strong>Disclaimer, Haftungsausschluss<\/strong><br>Auf den Internetseiten der Landesgruppe Brandenburg finden Sie die Darstellung von Informationen \u00fcber diese Verbandsgliederung, ihre Aufgaben, Angebote und Aktivit\u00e4ten, sowie Kontaktm\u00f6glichkeiten. Das Internet-Angebot dient dabei ausschlie\u00dflich zur allgemeinen Information. Die dargestellten Informationen wurden durch den Internetbeauftragten regelm\u00e4\u00dfig vor erstmaliger Einstellung erarbeitet und\/oder gepr\u00fcft. Aufgrund des allgemeinen Informationscharakters des Internet-Angebots wird jedoch keine Gew\u00e4hr f\u00fcr die Aktualit\u00e4t, Richtigkeit, Vollst\u00e4ndigkeit, Qualit\u00e4t oder jederzeitige Verf\u00fcgbarkeit der bereitgestellten Informationen \u00fcbernommen. Der Verband oder seine Gliederung haften nicht f\u00fcr Sch\u00e4den, die durch die Nutzung oder Nichtnutzung angebotener Informationen entstehen. F\u00fcr etwaige Sch\u00e4den, die beim Aufrufen oder Herunterladen von Daten durch Computerviren oder der Installation oder Nutzung von Software verursacht werden, wird nicht gehaftet.&nbsp;<\/p>\n\n\n\n<p><strong>Urheberrecht<\/strong><br>Falls nicht anders angegeben, unterliegen alle Seiten des Web-Angebotes, insbesondere Texte, Bilder, Grafiken, Ton-, Video- und Animationsdateien dem Urheberrecht. Eine Vervielf\u00e4ltigung, Ver\u00f6ffentlichung oder sonstige Verwendung solcher Seiten, oder Teilen davon, in elektronischen oder gedruckten Publikationen, auch im Internet, oder zu unternehmerischen Zwecken ist nur nach vorheriger Zustimmung gestattet. Das gilt f\u00fcr alle Inhalte unabh\u00e4ngig von Dateiformat und f\u00fcr alle Formen der Verwertung. Unzul\u00e4ssig ist das automatische oder sonst nicht vom individuellen Interesse an dem jeweiligen Inhalt gepr\u00e4gte Auslesen des Archivs oder anderer Datenbanken dieser Seiten zum Zwecke der Speicherung. Die Inhalte d\u00fcrfen ohne gesonderte Einwilligung lediglich f\u00fcr den privaten, nicht gewerblichen Zweck abgerufen, heruntergeladen, gespeichert und ausgedruckt werden, wenn alle urheberrechtlichen (z.B. Quellenangaben) und anderen gesch\u00fctzten Hinweise in Bezug auf die Inhalte und die Inhalte selbst unver\u00e4ndert beibehalten werden. Als Quelle ist die Internet-Adresse <a href=\"http:\/\/www.rk-potsdam.com\" target=\"_blank\" rel=\"noreferrer noopener\" aria-label=\"www.rk-potsdam.com (\u00f6ffnet in neuem Tab)\">www.rk-potsdam.com<\/a> zu nennen. Die Urheberrechte verbleiben bei der Verbandsgliederung bzw. bei genannten Dritten.\u00a0<\/p>\n\n\n\n<p><strong>Fotonutzung anderer Anbieter<\/strong><br>Wir nutzen in unserem Internetangebot auch Bilder aus sogenannten Stockbilder-Archiven, hier insbesondere von <a rel=\"noreferrer noopener\" href=\"http:\/\/www.pixelio.de\" target=\"_blank\">www.pixelio.de<\/a>, <a href=\"https:\/\/pixabay.com\/de\/service\/license\/\" target=\"_blank\" rel=\"noreferrer noopener\" aria-label=\"www.pixabay.com (\u00f6ffnet in neuem Tab)\">www.pixabay.com<\/a> und <a rel=\"noreferrer noopener\" href=\"http:\/\/www.flickr.com\" target=\"_blank\">www.flickr.com<\/a>. Die Bilder werden von uns gem. den AGB dieser Portale gekennzeichnet.<\/p>\n","protected":false},"excerpt":{"rendered":"<p>Die Website ist unter der Domainen www.rk-potsdam.com erreichbar. Sie wird bereitgestellt durch die Reservistenkameradschaft Potsdam der Landesgruppe Brandenburg im Verband der Reservisten der Deutschen Bundeswehr e.V. (kurz: Reservistenverband). Die Zust\u00e4ndigkeit [&hellip;]<\/p>\n","protected":false},"author":12,"featured_media":19,"parent":0,"menu_order":0,"comment_status":"closed","ping_status":"closed","template":"","meta":{"footnotes":""},"class_list":["post-136","page","type-page","status-publish","has-post-thumbnail","hentry"],"yoast_head":"<!-- This site is optimized with the Yoast SEO plugin v27.5 - https:\/\/yoast.com\/product\/yoast-seo-wordpress\/ -->\n<title>Impressum - Reservistenkameradschaft Potsdam<\/title>\n<meta name=\"robots\" content=\"index, follow, max-snippet:-1, max-image-preview:large, max-video-preview:-1\" \/>\n<link rel=\"canonical\" href=\"https:\/\/www.reservisten-brandenburg.de\/potsdam\/impressum\/\" \/>\n<meta property=\"og:locale\" content=\"de_DE\" \/>\n<meta property=\"og:type\" content=\"article\" \/>\n<meta property=\"og:title\" content=\"Impressum - Reservistenkameradschaft Potsdam\" \/>\n<meta property=\"og:description\" content=\"Die Website ist unter der Domainen www.rk-potsdam.com erreichbar. Sie wird bereitgestellt durch die Reservistenkameradschaft Potsdam der Landesgruppe Brandenburg im Verband der Reservisten der Deutschen Bundeswehr e.V. (kurz: Reservistenverband). Die Zust\u00e4ndigkeit [&hellip;]\" \/>\n<meta property=\"og:url\" content=\"https:\/\/www.reservisten-brandenburg.de\/potsdam\/impressum\/\" \/>\n<meta property=\"og:site_name\" content=\"Reservistenkameradschaft Potsdam\" \/>\n<meta property=\"article:publisher\" content=\"https:\/\/www.facebook.com\/rk.grosser.kurfuerst\/\" \/>\n<meta property=\"article:modified_time\" content=\"2020-03-18T15:52:03+00:00\" \/>\n<meta property=\"og:image\" content=\"https:\/\/www.reservisten-brandenburg.de\/potsdam\/wp-content\/uploads\/sites\/3\/2020\/03\/willkommen_RK-Potsdam_flach.jpg\" \/>\n\t<meta property=\"og:image:width\" content=\"1600\" \/>\n\t<meta property=\"og:image:height\" content=\"400\" \/>\n\t<meta property=\"og:image:type\" content=\"image\/jpeg\" \/>\n<meta name=\"twitter:card\" content=\"summary_large_image\" \/>\n<meta name=\"twitter:site\" content=\"@ResPotsdam\" \/>\n<meta name=\"twitter:label1\" content=\"Gesch\u00e4tzte Lesezeit\" \/>\n\t<meta name=\"twitter:data1\" content=\"2\u00a0Minuten\" \/>\n<script type=\"application\/ld+json\" class=\"yoast-schema-graph\">{\"@context\":\"https:\\\/\\\/schema.org\",\"@graph\":[{\"@type\":\"WebPage\",\"@id\":\"https:\\\/\\\/www.reservisten-brandenburg.de\\\/potsdam\\\/impressum\\\/\",\"url\":\"https:\\\/\\\/www.reservisten-brandenburg.de\\\/potsdam\\\/impressum\\\/\",\"name\":\"Impressum - Reservistenkameradschaft Potsdam\",\"isPartOf\":{\"@id\":\"https:\\\/\\\/www.reservisten-brandenburg.de\\\/potsdam\\\/#website\"},\"primaryImageOfPage\":{\"@id\":\"https:\\\/\\\/www.reservisten-brandenburg.de\\\/potsdam\\\/impressum\\\/#primaryimage\"},\"image\":{\"@id\":\"https:\\\/\\\/www.reservisten-brandenburg.de\\\/potsdam\\\/impressum\\\/#primaryimage\"},\"thumbnailUrl\":\"https:\\\/\\\/www.reservisten-brandenburg.de\\\/potsdam\\\/wp-content\\\/uploads\\\/sites\\\/3\\\/2020\\\/03\\\/willkommen_RK-Potsdam_flach.jpg\",\"datePublished\":\"2020-03-18T15:51:26+00:00\",\"dateModified\":\"2020-03-18T15:52:03+00:00\",\"breadcrumb\":{\"@id\":\"https:\\\/\\\/www.reservisten-brandenburg.de\\\/potsdam\\\/impressum\\\/#breadcrumb\"},\"inLanguage\":\"de\",\"potentialAction\":[{\"@type\":\"ReadAction\",\"target\":[\"https:\\\/\\\/www.reservisten-brandenburg.de\\\/potsdam\\\/impressum\\\/\"]}]},{\"@type\":\"ImageObject\",\"inLanguage\":\"de\",\"@id\":\"https:\\\/\\\/www.reservisten-brandenburg.de\\\/potsdam\\\/impressum\\\/#primaryimage\",\"url\":\"https:\\\/\\\/www.reservisten-brandenburg.de\\\/potsdam\\\/wp-content\\\/uploads\\\/sites\\\/3\\\/2020\\\/03\\\/willkommen_RK-Potsdam_flach.jpg\",\"contentUrl\":\"https:\\\/\\\/www.reservisten-brandenburg.de\\\/potsdam\\\/wp-content\\\/uploads\\\/sites\\\/3\\\/2020\\\/03\\\/willkommen_RK-Potsdam_flach.jpg\",\"width\":1600,\"height\":400,\"caption\":\"RK Potsdam flach\"},{\"@type\":\"BreadcrumbList\",\"@id\":\"https:\\\/\\\/www.reservisten-brandenburg.de\\\/potsdam\\\/impressum\\\/#breadcrumb\",\"itemListElement\":[{\"@type\":\"ListItem\",\"position\":1,\"name\":\"Startseite\",\"item\":\"https:\\\/\\\/www.reservisten-brandenburg.de\\\/potsdam\\\/\"},{\"@type\":\"ListItem\",\"position\":2,\"name\":\"Impressum\"}]},{\"@type\":\"WebSite\",\"@id\":\"https:\\\/\\\/www.reservisten-brandenburg.de\\\/potsdam\\\/#website\",\"url\":\"https:\\\/\\\/www.reservisten-brandenburg.de\\\/potsdam\\\/\",\"name\":\"Reservistenkameradschaft Potsdam\",\"description\":\"Die Reserve in Potsdam\",\"potentialAction\":[{\"@type\":\"SearchAction\",\"target\":{\"@type\":\"EntryPoint\",\"urlTemplate\":\"https:\\\/\\\/www.reservisten-brandenburg.de\\\/potsdam\\\/?s={search_term_string}\"},\"query-input\":{\"@type\":\"PropertyValueSpecification\",\"valueRequired\":true,\"valueName\":\"search_term_string\"}}],\"inLanguage\":\"de\"}]}<\/script>\n<!-- \/ Yoast SEO plugin. -->","yoast_head_json":{"title":"Impressum - Reservistenkameradschaft Potsdam","robots":{"index":"index","follow":"follow","max-snippet":"max-snippet:-1","max-image-preview":"max-image-preview:large","max-video-preview":"max-video-preview:-1"},"canonical":"https:\/\/www.reservisten-brandenburg.de\/potsdam\/impressum\/","og_locale":"de_DE","og_type":"article","og_title":"Impressum - Reservistenkameradschaft Potsdam","og_description":"Die Website ist unter der Domainen www.rk-potsdam.com erreichbar. Sie wird bereitgestellt durch die Reservistenkameradschaft Potsdam der Landesgruppe Brandenburg im Verband der Reservisten der Deutschen Bundeswehr e.V. (kurz: Reservistenverband). Die Zust\u00e4ndigkeit [&hellip;]","og_url":"https:\/\/www.reservisten-brandenburg.de\/potsdam\/impressum\/","og_site_name":"Reservistenkameradschaft Potsdam","article_publisher":"https:\/\/www.facebook.com\/rk.grosser.kurfuerst\/","article_modified_time":"2020-03-18T15:52:03+00:00","og_image":[{"width":1600,"height":400,"url":"https:\/\/www.reservisten-brandenburg.de\/potsdam\/wp-content\/uploads\/sites\/3\/2020\/03\/willkommen_RK-Potsdam_flach.jpg","type":"image\/jpeg"}],"twitter_card":"summary_large_image","twitter_site":"@ResPotsdam","twitter_misc":{"Gesch\u00e4tzte Lesezeit":"2\u00a0Minuten"},"schema":{"@context":"https:\/\/schema.org","@graph":[{"@type":"WebPage","@id":"https:\/\/www.reservisten-brandenburg.de\/potsdam\/impressum\/","url":"https:\/\/www.reservisten-brandenburg.de\/potsdam\/impressum\/","name":"Impressum - Reservistenkameradschaft Potsdam","isPartOf":{"@id":"https:\/\/www.reservisten-brandenburg.de\/potsdam\/#website"},"primaryImageOfPage":{"@id":"https:\/\/www.reservisten-brandenburg.de\/potsdam\/impressum\/#primaryimage"},"image":{"@id":"https:\/\/www.reservisten-brandenburg.de\/potsdam\/impressum\/#primaryimage"},"thumbnailUrl":"https:\/\/www.reservisten-brandenburg.de\/potsdam\/wp-content\/uploads\/sites\/3\/2020\/03\/willkommen_RK-Potsdam_flach.jpg","datePublished":"2020-03-18T15:51:26+00:00","dateModified":"2020-03-18T15:52:03+00:00","breadcrumb":{"@id":"https:\/\/www.reservisten-brandenburg.de\/potsdam\/impressum\/#breadcrumb"},"inLanguage":"de","potentialAction":[{"@type":"ReadAction","target":["https:\/\/www.reservisten-brandenburg.de\/potsdam\/impressum\/"]}]},{"@type":"ImageObject","inLanguage":"de","@id":"https:\/\/www.reservisten-brandenburg.de\/potsdam\/impressum\/#primaryimage","url":"https:\/\/www.reservisten-brandenburg.de\/potsdam\/wp-content\/uploads\/sites\/3\/2020\/03\/willkommen_RK-Potsdam_flach.jpg","contentUrl":"https:\/\/www.reservisten-brandenburg.de\/potsdam\/wp-content\/uploads\/sites\/3\/2020\/03\/willkommen_RK-Potsdam_flach.jpg","width":1600,"height":400,"caption":"RK Potsdam flach"},{"@type":"BreadcrumbList","@id":"https:\/\/www.reservisten-brandenburg.de\/potsdam\/impressum\/#breadcrumb","itemListElement":[{"@type":"ListItem","position":1,"name":"Startseite","item":"https:\/\/www.reservisten-brandenburg.de\/potsdam\/"},{"@type":"ListItem","position":2,"name":"Impressum"}]},{"@type":"WebSite","@id":"https:\/\/www.reservisten-brandenburg.de\/potsdam\/#website","url":"https:\/\/www.reservisten-brandenburg.de\/potsdam\/","name":"Reservistenkameradschaft Potsdam","description":"Die Reserve in Potsdam","potentialAction":[{"@type":"SearchAction","target":{"@type":"EntryPoint","urlTemplate":"https:\/\/www.reservisten-brandenburg.de\/potsdam\/?s={search_term_string}"},"query-input":{"@type":"PropertyValueSpecification","valueRequired":true,"valueName":"search_term_string"}}],"inLanguage":"de"}]}},"_links":{"self":[{"href":"https:\/\/www.reservisten-brandenburg.de\/potsdam\/wp-json\/wp\/v2\/pages\/136","targetHints":{"allow":["GET"]}}],"collection":[{"href":"https:\/\/www.reservisten-brandenburg.de\/potsdam\/wp-json\/wp\/v2\/pages"}],"about":[{"href":"https:\/\/www.reservisten-brandenburg.de\/potsdam\/wp-json\/wp\/v2\/types\/page"}],"author":[{"embeddable":true,"href":"https:\/\/www.reservisten-brandenburg.de\/potsdam\/wp-json\/wp\/v2\/users\/12"}],"replies":[{"embeddable":true,"href":"https:\/\/www.reservisten-brandenburg.de\/potsdam\/wp-json\/wp\/v2\/comments?post=136"}],"version-history":[{"count":0,"href":"https:\/\/www.reservisten-brandenburg.de\/potsdam\/wp-json\/wp\/v2\/pages\/136\/revisions"}],"wp:featuredmedia":[{"embeddable":true,"href":"https:\/\/www.reservisten-brandenburg.de\/potsdam\/wp-json\/wp\/v2\/media\/19"}],"wp:attachment":[{"href":"https:\/\/www.reservisten-brandenburg.de\/potsdam\/wp-json\/wp\/v2\/media?parent=136"}],"curies":[{"name":"wp","href":"https:\/\/api.w.org\/{rel}","templated":true}]}}