{"id":115,"date":"2020-03-18T16:25:31","date_gmt":"2020-03-18T15:25:31","guid":{"rendered":"https:\/\/reservisten-brandenburg.de\/potsdam\/?page_id=115"},"modified":"2022-11-25T18:52:50","modified_gmt":"2022-11-25T17:52:50","slug":"informationen","status":"publish","type":"page","link":"https:\/\/www.reservisten-brandenburg.de\/potsdam\/reservistenkameradschaft\/informationen\/","title":{"rendered":"Informationen f\u00fcr Mitglieder"},"content":{"rendered":"\n<h3 class=\"wp-block-heading\">Regelm\u00e4\u00dfiger Treffpunkt<\/h3>\n\n\n\n<p>Wir treffen und im Regelfall einmal im Monat zum RK-Abend. Soweit nicht anders angegeben findet dies in unserem <a aria-label=\" (\u00f6ffnet in neuem Tab)\" href=\"https:\/\/goo.gl\/maps\/pNbZsMALvjKTcJZ96\" target=\"_blank\" rel=\"noreferrer noopener\">RK-Raum in der Havelland-Kaserne<\/a> statt um 19:00 am ersten Donnerstag im Monat statt. Bedenkt bitte, dass der RK-Raum sich innerhalb einer milit\u00e4rischen Liegenschaft befindet. F\u00fcr den Zugang ben\u00f6tigt Ihr also einen Ausweis (im besten Fall den Truppenausweis oder Ausweis f\u00fcr Reservisten).<\/p>\n\n\n\n<iframe src=\"https:\/\/www.google.com\/maps\/embed?pb=!1m18!1m12!1m3!1d2434.0453250608875!2d12.97744741593804!3d52.405854752434436!2m3!1f0!2f0!3f0!3m2!1i1024!2i768!4f13.1!3m3!1m2!1s0x47a8f408060317ed%3A0xa8e7d126947ae53c!2sReservistenkameradschaft%20Potsdam%20&#39;Gro%C3%9Fer%20Kurf%C3%BCrst&#39;!5e0!3m2!1sde!2sde!4v1669398707250!5m2!1sde!2sde\" width=\"100%\" height=\"400\" style=\"border:0;\" allowfullscreen=\"\" loading=\"lazy\" referrerpolicy=\"no-referrer-when-downgrade\"><\/iframe>\n\n\n\n<h3 class=\"wp-block-heading\">Mitgliedsbeitrag<\/h3>\n\n\n\n<p>Der Mitgliedsbeitrag im Reservistenverband betr\u00e4gt 30,00 Euro im Jahr. Er ist laut Satzung selbstst\u00e4ndig zum Jahresanfang zu zahlen. Wartet also nicht erst auf die Zahlungserinnerung. Bequemer, und auch f\u00fcr den Reservistenverband g\u00fcnstiger, ist der Beitragseinzug. Sofern noch nicht geschehen, pr\u00fcft bitte, ob Ihr eine Einzugserm\u00e4chtigung erteilen k\u00f6nnt. Informiert dazu einfach die <a href=\"https:\/\/www.reservisten-brandenburg.de\/potsdam\/reservistenkameradschaft\/landesgeschaeftsstelle\/\" target=\"_blank\" rel=\"noreferrer noopener\" aria-label=\" (\u00f6ffnet in neuem Tab)\">Landesgesch\u00e4ftsstelle<\/a>.<\/p>\n\n\n\n<p>Durch Mitglieder die Ihren Beitrag nicht zahlen entsstehen der Reservistenkameradschaft Potsdam Kosten in H\u00f6he von 12,50 Euro pro Jahr. Dies liegt \u00fcber den Zuweisungen f\u00fcr ein zahlendes Mitglied. Daher sind wir im Sinne der anderen Mitglieder bestrebt, nicht zahlende Mitglieder, die sich nicht melden, durch den z\u00fcgig <a href=\"https:\/\/www.reservisten-brandenburg.de\/die-landesgruppe\/landesvorstand\/\" target=\"_blank\" rel=\"noreferrer noopener\" aria-label=\" (\u00f6ffnet in neuem Tab)\">Landesvorstand<\/a> ausschlie\u00dfen zu lassen. Auf Landesebene wird nach zwei fehlenden Jahresbeitr\u00e4gen ausgeschlossen. Wir streben dies bei einem fehlenden Beitrag zum Ende des Jahres an, um Schaden im folgenden Jahr von der RK abzuwenden.<\/p>\n\n\n\n<h3 class=\"wp-block-heading\">\u00c4nderungsmeldungen<\/h3>\n\n\n\n<p>Informiert uns bitte \u00fcber \u00c4nderungen bei Eurer Erreichbarkeit oder Eurem Status (z.B. Dienstgrad), damit wir Euch immer auf dem Laufenden halten k\u00f6nnen. Am besten meldet Ihr die \u00c4nderungen dem <a href=\"&#x6d;&#97;i&#x6c;&#116;o&#x3a;&#98;r&#x61;&#x6e;&#100;&#x65;&#x6e;&#98;u&#x72;&#103;&#64;&#x72;&#101;s&#x65;&#x72;&#118;&#x69;&#x73;&#116;e&#x6e;&#118;e&#x72;&#98;a&#x6e;&#100;&#46;&#x64;&#x65;; &#111;&#112;&#x7a;&#64;&#114;&#x6b;&#x2d;p&#111;&#x74;&#x73;d&#97;&#x6d;&#46;&#99;&#x6f;&#x6d;?subject=%C3%84nderungsmeldung\">Vorstand und der Landesgesch\u00e4ftsstelle<\/a> parallel, da es immer lange dauert, biss wir durch die Gesch\u00e4ftstelle informiert werden.<\/p>\n\n\n\n<h3 class=\"wp-block-heading\">Immer aktuelle Infos<\/h3>\n\n\n\n<p>Aktuelle Informationen erhaltet Ihr als Mitglieder immer auch per E-Mail. Au\u00dferdem k\u00f6nnt Ihr Euch auf unserer <a rel=\"noreferrer noopener\" aria-label=\"Facebook-Seite (\u00f6ffnet in neuem Tab)\" href=\"https:\/\/www.facebook.com\/rk.grosser.kurfuerst\/\" target=\"_blank\">Facebook-Seite<\/a> und bei <a rel=\"noreferrer noopener\" aria-label=\"Twitter (\u00f6ffnet in neuem Tab)\" href=\"https:\/\/www.facebook.com\/rk.grosser.kurfuerst\/\" target=\"_blank\">Twitter<\/a> informieren. Unsere Fotos findet Ihr bei <a rel=\"noreferrer noopener\" aria-label=\"Flickr.com (\u00f6ffnet in neuem Tab)\" href=\"https:\/\/www.facebook.com\/rk.grosser.kurfuerst\/\" target=\"_blank\">Flickr.com<\/a> und unsere Videos bei <a rel=\"noreferrer noopener\" aria-label=\"YouTube (\u00f6ffnet in neuem Tab)\" href=\"https:\/\/www.youtube.com\/channel\/UC30IySNYu79rnI6_89Sdf_A\" target=\"_blank\">YouTube<\/a>. Und damit Ihr garantiert keine Infos verpasst, installiert Euch am besten <a href=\"https:\/\/www.rk-potsdam.com\/reservistenkameradschaft\/app-smartphone\/\">unsere App<\/a> auf Eurem Smartphone.<\/p>\n","protected":false},"excerpt":{"rendered":"<p>Regelm\u00e4\u00dfiger Treffpunkt Wir treffen und im Regelfall einmal im Monat zum RK-Abend. Soweit nicht anders angegeben findet dies in unserem RK-Raum in der Havelland-Kaserne statt um 19:00 am ersten Donnerstag [&hellip;]<\/p>\n","protected":false},"author":12,"featured_media":65,"parent":35,"menu_order":0,"comment_status":"closed","ping_status":"closed","template":"","meta":{"footnotes":""},"class_list":["post-115","page","type-page","status-publish","has-post-thumbnail","hentry"],"yoast_head":"<!-- This site is optimized with the Yoast SEO plugin v27.5 - https:\/\/yoast.com\/product\/yoast-seo-wordpress\/ -->\n<title>Informationen f\u00fcr Mitglieder - Reservistenkameradschaft Potsdam<\/title>\n<meta name=\"description\" content=\"Allgemeine Informationen f\u00fcr Mitglieder der Reservistenkameradschaft Potsdam und alle die sich f\u00fcr die Reserve in Potsdam interessieren.\" \/>\n<meta name=\"robots\" content=\"index, follow, max-snippet:-1, max-image-preview:large, max-video-preview:-1\" \/>\n<link rel=\"canonical\" href=\"https:\/\/www.reservisten-brandenburg.de\/potsdam\/reservistenkameradschaft\/informationen\/\" \/>\n<meta property=\"og:locale\" content=\"de_DE\" \/>\n<meta property=\"og:type\" content=\"article\" \/>\n<meta property=\"og:title\" content=\"Informationen f\u00fcr Mitglieder - Reservistenkameradschaft Potsdam\" \/>\n<meta property=\"og:description\" content=\"Allgemeine Informationen f\u00fcr Mitglieder der Reservistenkameradschaft Potsdam und alle die sich f\u00fcr die Reserve in Potsdam interessieren.\" \/>\n<meta property=\"og:url\" content=\"https:\/\/www.reservisten-brandenburg.de\/potsdam\/reservistenkameradschaft\/informationen\/\" \/>\n<meta property=\"og:site_name\" content=\"Reservistenkameradschaft Potsdam\" \/>\n<meta property=\"article:publisher\" content=\"https:\/\/www.facebook.com\/rk.grosser.kurfuerst\/\" \/>\n<meta property=\"article:modified_time\" content=\"2022-11-25T17:52:50+00:00\" \/>\n<meta property=\"og:image\" content=\"https:\/\/www.reservisten-brandenburg.de\/potsdam\/wp-content\/uploads\/sites\/3\/2020\/03\/RK-Potsdam_RK-Abend-e1625081945471.jpg\" \/>\n\t<meta property=\"og:image:width\" content=\"1600\" \/>\n\t<meta property=\"og:image:height\" content=\"900\" \/>\n\t<meta property=\"og:image:type\" content=\"image\/jpeg\" \/>\n<meta name=\"twitter:card\" content=\"summary_large_image\" \/>\n<meta name=\"twitter:site\" content=\"@ResPotsdam\" \/>\n<meta name=\"twitter:label1\" content=\"Gesch\u00e4tzte Lesezeit\" \/>\n\t<meta name=\"twitter:data1\" content=\"2\u00a0Minuten\" \/>\n<script type=\"application\/ld+json\" class=\"yoast-schema-graph\">{\"@context\":\"https:\\\/\\\/schema.org\",\"@graph\":[{\"@type\":\"WebPage\",\"@id\":\"https:\\\/\\\/www.reservisten-brandenburg.de\\\/potsdam\\\/reservistenkameradschaft\\\/informationen\\\/\",\"url\":\"https:\\\/\\\/www.reservisten-brandenburg.de\\\/potsdam\\\/reservistenkameradschaft\\\/informationen\\\/\",\"name\":\"Informationen f\u00fcr Mitglieder - Reservistenkameradschaft Potsdam\",\"isPartOf\":{\"@id\":\"https:\\\/\\\/www.reservisten-brandenburg.de\\\/potsdam\\\/#website\"},\"primaryImageOfPage\":{\"@id\":\"https:\\\/\\\/www.reservisten-brandenburg.de\\\/potsdam\\\/reservistenkameradschaft\\\/informationen\\\/#primaryimage\"},\"image\":{\"@id\":\"https:\\\/\\\/www.reservisten-brandenburg.de\\\/potsdam\\\/reservistenkameradschaft\\\/informationen\\\/#primaryimage\"},\"thumbnailUrl\":\"https:\\\/\\\/www.reservisten-brandenburg.de\\\/potsdam\\\/wp-content\\\/uploads\\\/sites\\\/3\\\/2020\\\/03\\\/RK-Potsdam_RK-Abend-e1625081945471.jpg\",\"datePublished\":\"2020-03-18T15:25:31+00:00\",\"dateModified\":\"2022-11-25T17:52:50+00:00\",\"description\":\"Allgemeine Informationen f\u00fcr Mitglieder der Reservistenkameradschaft Potsdam und alle die sich f\u00fcr die Reserve in Potsdam interessieren.\",\"breadcrumb\":{\"@id\":\"https:\\\/\\\/www.reservisten-brandenburg.de\\\/potsdam\\\/reservistenkameradschaft\\\/informationen\\\/#breadcrumb\"},\"inLanguage\":\"de\",\"potentialAction\":[{\"@type\":\"ReadAction\",\"target\":[\"https:\\\/\\\/www.reservisten-brandenburg.de\\\/potsdam\\\/reservistenkameradschaft\\\/informationen\\\/\"]}]},{\"@type\":\"ImageObject\",\"inLanguage\":\"de\",\"@id\":\"https:\\\/\\\/www.reservisten-brandenburg.de\\\/potsdam\\\/reservistenkameradschaft\\\/informationen\\\/#primaryimage\",\"url\":\"https:\\\/\\\/www.reservisten-brandenburg.de\\\/potsdam\\\/wp-content\\\/uploads\\\/sites\\\/3\\\/2020\\\/03\\\/RK-Potsdam_RK-Abend-e1625081945471.jpg\",\"contentUrl\":\"https:\\\/\\\/www.reservisten-brandenburg.de\\\/potsdam\\\/wp-content\\\/uploads\\\/sites\\\/3\\\/2020\\\/03\\\/RK-Potsdam_RK-Abend-e1625081945471.jpg\",\"width\":1600,\"height\":900},{\"@type\":\"BreadcrumbList\",\"@id\":\"https:\\\/\\\/www.reservisten-brandenburg.de\\\/potsdam\\\/reservistenkameradschaft\\\/informationen\\\/#breadcrumb\",\"itemListElement\":[{\"@type\":\"ListItem\",\"position\":1,\"name\":\"Startseite\",\"item\":\"https:\\\/\\\/www.reservisten-brandenburg.de\\\/potsdam\\\/\"},{\"@type\":\"ListItem\",\"position\":2,\"name\":\"Die Reservistenkameradschaft Potsdam\",\"item\":\"https:\\\/\\\/www.reservisten-brandenburg.de\\\/potsdam\\\/reservistenkameradschaft\\\/\"},{\"@type\":\"ListItem\",\"position\":3,\"name\":\"Informationen f\u00fcr Mitglieder\"}]},{\"@type\":\"WebSite\",\"@id\":\"https:\\\/\\\/www.reservisten-brandenburg.de\\\/potsdam\\\/#website\",\"url\":\"https:\\\/\\\/www.reservisten-brandenburg.de\\\/potsdam\\\/\",\"name\":\"Reservistenkameradschaft Potsdam\",\"description\":\"Die Reserve in Potsdam\",\"potentialAction\":[{\"@type\":\"SearchAction\",\"target\":{\"@type\":\"EntryPoint\",\"urlTemplate\":\"https:\\\/\\\/www.reservisten-brandenburg.de\\\/potsdam\\\/?s={search_term_string}\"},\"query-input\":{\"@type\":\"PropertyValueSpecification\",\"valueRequired\":true,\"valueName\":\"search_term_string\"}}],\"inLanguage\":\"de\"}]}<\/script>\n<!-- \/ Yoast SEO plugin. -->","yoast_head_json":{"title":"Informationen f\u00fcr Mitglieder - Reservistenkameradschaft Potsdam","description":"Allgemeine Informationen f\u00fcr Mitglieder der Reservistenkameradschaft Potsdam und alle die sich f\u00fcr die Reserve in Potsdam interessieren.","robots":{"index":"index","follow":"follow","max-snippet":"max-snippet:-1","max-image-preview":"max-image-preview:large","max-video-preview":"max-video-preview:-1"},"canonical":"https:\/\/www.reservisten-brandenburg.de\/potsdam\/reservistenkameradschaft\/informationen\/","og_locale":"de_DE","og_type":"article","og_title":"Informationen f\u00fcr Mitglieder - Reservistenkameradschaft Potsdam","og_description":"Allgemeine Informationen f\u00fcr Mitglieder der Reservistenkameradschaft Potsdam und alle die sich f\u00fcr die Reserve in Potsdam interessieren.","og_url":"https:\/\/www.reservisten-brandenburg.de\/potsdam\/reservistenkameradschaft\/informationen\/","og_site_name":"Reservistenkameradschaft Potsdam","article_publisher":"https:\/\/www.facebook.com\/rk.grosser.kurfuerst\/","article_modified_time":"2022-11-25T17:52:50+00:00","og_image":[{"width":1600,"height":900,"url":"https:\/\/www.reservisten-brandenburg.de\/potsdam\/wp-content\/uploads\/sites\/3\/2020\/03\/RK-Potsdam_RK-Abend-e1625081945471.jpg","type":"image\/jpeg"}],"twitter_card":"summary_large_image","twitter_site":"@ResPotsdam","twitter_misc":{"Gesch\u00e4tzte Lesezeit":"2\u00a0Minuten"},"schema":{"@context":"https:\/\/schema.org","@graph":[{"@type":"WebPage","@id":"https:\/\/www.reservisten-brandenburg.de\/potsdam\/reservistenkameradschaft\/informationen\/","url":"https:\/\/www.reservisten-brandenburg.de\/potsdam\/reservistenkameradschaft\/informationen\/","name":"Informationen f\u00fcr Mitglieder - Reservistenkameradschaft Potsdam","isPartOf":{"@id":"https:\/\/www.reservisten-brandenburg.de\/potsdam\/#website"},"primaryImageOfPage":{"@id":"https:\/\/www.reservisten-brandenburg.de\/potsdam\/reservistenkameradschaft\/informationen\/#primaryimage"},"image":{"@id":"https:\/\/www.reservisten-brandenburg.de\/potsdam\/reservistenkameradschaft\/informationen\/#primaryimage"},"thumbnailUrl":"https:\/\/www.reservisten-brandenburg.de\/potsdam\/wp-content\/uploads\/sites\/3\/2020\/03\/RK-Potsdam_RK-Abend-e1625081945471.jpg","datePublished":"2020-03-18T15:25:31+00:00","dateModified":"2022-11-25T17:52:50+00:00","description":"Allgemeine Informationen f\u00fcr Mitglieder der Reservistenkameradschaft Potsdam und alle die sich f\u00fcr die Reserve in Potsdam interessieren.","breadcrumb":{"@id":"https:\/\/www.reservisten-brandenburg.de\/potsdam\/reservistenkameradschaft\/informationen\/#breadcrumb"},"inLanguage":"de","potentialAction":[{"@type":"ReadAction","target":["https:\/\/www.reservisten-brandenburg.de\/potsdam\/reservistenkameradschaft\/informationen\/"]}]},{"@type":"ImageObject","inLanguage":"de","@id":"https:\/\/www.reservisten-brandenburg.de\/potsdam\/reservistenkameradschaft\/informationen\/#primaryimage","url":"https:\/\/www.reservisten-brandenburg.de\/potsdam\/wp-content\/uploads\/sites\/3\/2020\/03\/RK-Potsdam_RK-Abend-e1625081945471.jpg","contentUrl":"https:\/\/www.reservisten-brandenburg.de\/potsdam\/wp-content\/uploads\/sites\/3\/2020\/03\/RK-Potsdam_RK-Abend-e1625081945471.jpg","width":1600,"height":900},{"@type":"BreadcrumbList","@id":"https:\/\/www.reservisten-brandenburg.de\/potsdam\/reservistenkameradschaft\/informationen\/#breadcrumb","itemListElement":[{"@type":"ListItem","position":1,"name":"Startseite","item":"https:\/\/www.reservisten-brandenburg.de\/potsdam\/"},{"@type":"ListItem","position":2,"name":"Die Reservistenkameradschaft Potsdam","item":"https:\/\/www.reservisten-brandenburg.de\/potsdam\/reservistenkameradschaft\/"},{"@type":"ListItem","position":3,"name":"Informationen f\u00fcr Mitglieder"}]},{"@type":"WebSite","@id":"https:\/\/www.reservisten-brandenburg.de\/potsdam\/#website","url":"https:\/\/www.reservisten-brandenburg.de\/potsdam\/","name":"Reservistenkameradschaft Potsdam","description":"Die Reserve in Potsdam","potentialAction":[{"@type":"SearchAction","target":{"@type":"EntryPoint","urlTemplate":"https:\/\/www.reservisten-brandenburg.de\/potsdam\/?s={search_term_string}"},"query-input":{"@type":"PropertyValueSpecification","valueRequired":true,"valueName":"search_term_string"}}],"inLanguage":"de"}]}},"_links":{"self":[{"href":"https:\/\/www.reservisten-brandenburg.de\/potsdam\/wp-json\/wp\/v2\/pages\/115","targetHints":{"allow":["GET"]}}],"collection":[{"href":"https:\/\/www.reservisten-brandenburg.de\/potsdam\/wp-json\/wp\/v2\/pages"}],"about":[{"href":"https:\/\/www.reservisten-brandenburg.de\/potsdam\/wp-json\/wp\/v2\/types\/page"}],"author":[{"embeddable":true,"href":"https:\/\/www.reservisten-brandenburg.de\/potsdam\/wp-json\/wp\/v2\/users\/12"}],"replies":[{"embeddable":true,"href":"https:\/\/www.reservisten-brandenburg.de\/potsdam\/wp-json\/wp\/v2\/comments?post=115"}],"version-history":[{"count":0,"href":"https:\/\/www.reservisten-brandenburg.de\/potsdam\/wp-json\/wp\/v2\/pages\/115\/revisions"}],"up":[{"embeddable":true,"href":"https:\/\/www.reservisten-brandenburg.de\/potsdam\/wp-json\/wp\/v2\/pages\/35"}],"wp:featuredmedia":[{"embeddable":true,"href":"https:\/\/www.reservisten-brandenburg.de\/potsdam\/wp-json\/wp\/v2\/media\/65"}],"wp:attachment":[{"href":"https:\/\/www.reservisten-brandenburg.de\/potsdam\/wp-json\/wp\/v2\/media?parent=115"}],"curies":[{"name":"wp","href":"https:\/\/api.w.org\/{rel}","templated":true}]}}