{"id":111,"date":"2020-03-18T16:21:54","date_gmt":"2020-03-18T15:21:54","guid":{"rendered":"https:\/\/reservisten-brandenburg.de\/potsdam\/?page_id=111"},"modified":"2024-09-28T09:42:22","modified_gmt":"2024-09-28T07:42:22","slug":"termine","status":"publish","type":"page","link":"https:\/\/www.reservisten-brandenburg.de\/potsdam\/termine\/","title":{"rendered":"Termine der RK Potsdam"},"content":{"rendered":"\n<p>Auf diesen Seiten finden Ihr die Termine der Reservistenkameradschaft Potsdam. Die \u00dcbersicht \u00fcber unsere Termine f\u00fcr dieses Jahr findet Ihr hier:<\/p>\n\n\n\n<ul class=\"wp-block-list\">\n<li>Veranstaltungsplanung 2021 (Kalender\u00fcbersicht)<\/li>\n<\/ul>\n\n\n\n<p class=\"has-very-light-gray-background-color has-background\"><strong>Achtung:<\/strong> Die oben stehenden \u00dcbersichten stellen den Planungsstand zum Zeitpunkt der Ver\u00f6ffentlichung dar und werden unregelm\u00e4\u00dfig aktualisiert (Die Aktualit\u00e4t ist in der jeweiligen \u00dcbersicht hinterlegt.)<\/p>\n\n\n\n<p class=\"has-vivid-red-color has-very-light-gray-background-color has-text-color has-background\"><strong>Achtung Corona:<\/strong> Auf Grund der Corona-Pandemie k\u00f6nnen geplanten Veranstaltungen der RK Potsdam ausfallen. Dies wird im Regelfall online bekanntgegeben. Weitere Informationen zur den Auswirkungen von Corona auf die Reservistenarbeit in Brandenburg findet ihr hier: <a aria-label=\"Aktuelles zu Corona (\u00f6ffnet in neuem Tab)\" rel=\"noreferrer noopener\" href=\"https:\/\/www.reservisten-brandenburg.de\/blog\/2020\/03\/12\/corona-dvag-abgesagt\/\" target=\"_blank\">Aktuelles zu Corona<\/a>.<\/p>\n\n\n\n<hr class=\"wp-block-separator has-css-opacity\"\/>\n\n\n\n<h2 class=\"wp-block-heading\">Online Termin\u00fcbersicht<\/h2>\n\n\n\n<p><strong>Ma\u00dfgeblich ist die <a aria-label=\"undefined (opens in a new tab)\" href=\"http:\/\/www.rk-potsdam.com\/events\/\" target=\"_blank\" rel=\"noreferrer noopener\">Veranstaltungsliste<\/a> auf dieser Webseite<\/strong>. Hier ist im Regelfall auch die Anmeldung zu den Veranstaltungen m\u00f6glich. Trainingstermine der Wettkampfgruppe werden nicht zwingend in der Online-Veranstaltungsliste aufgef\u00fchrt. Beachtet daher auch die kalendarische \u00dcbersicht (siehe oben).<\/p>\n\n\n\n<p>Oft ist die Teilnahme an unseren Veranstaltungen auch ohne Anmeldung m\u00f6glich. Dies trifft insbesondere auf die monatlichen RK-Abende zu. Dennoch ist eine vorherige Anmeldung hilfreich, um uns die Planung zu erleichtern und Euch bei kurzfristigen \u00c4nderungen gezielt zu informieren. Ohne Anmeldung k\u00f6nnt Ihr ggf. nicht an der vorgesehener Verpflegung teilnehmen.<\/p>\n\n\n\n<p>Wir beteiligen uns an den Ausbildungen und Veranstaltungen der <a aria-label=\"Landesgruppe Brandenburg (\u00f6ffnet in neuem Tab)\" rel=\"noreferrer noopener\" href=\"http:\/\/www.reservisten-brandenburg.de\" target=\"_blank\">Landesgruppe Brandenburg<\/a>. Zu diesen Veranstaltungen ist im Regelfall eine Online-Anmeldung erforderlich. Hier findet Ihr die Termine f\u00fcr die <a aria-label=\"milit\u00e4rische Ausbildung (\u00f6ffnet in neuem Tab)\" rel=\"noreferrer noopener\" href=\"https:\/\/www.reservisten-brandenburg.de\/events\/kategorie\/militaerische-ausbildung\/\" target=\"_blank\">milit\u00e4rische Ausbildung<\/a> und der <a aria-label=\"sicherheitspolitischen Veranstaltungen (\u00f6ffnet in neuem Tab)\" rel=\"noreferrer noopener\" href=\"https:\/\/www.reservisten-brandenburg.de\/blog\/category\/sicherheitspolitik\/\" target=\"_blank\">sicherheitspolitischen Veranstaltungen<\/a> der Landesgruppe.<\/p>\n\n\n\n<hr class=\"wp-block-separator has-css-opacity\"\/>\n\n\n\n<h2 class=\"wp-block-heading\">Termine in Euren Kalender einbinden<\/h2>\n\n\n\n<p>Ihr k\u00f6nnt \u00fcber diese Webseite die <strong>Termine der Reservistenkameradschaft Potsdam<\/strong> (und analog auch die Termine der Landesgruppe) <strong>in Eurem Kalender einbinden<\/strong>. Die Termine k\u00f6nnen dann statisch (mit dem aktuellen Stand, &#8220;importieren&#8221;) oder besser dynamisch (<strong>immer aktuell<\/strong>, &#8220;Kalender abonnieren&#8221;) eingebunden werden.<\/p>\n\n\n\n<p>Am Ende der <a aria-label=\"undefined (opens in a new tab)\" href=\"http:\/\/www.rk-potsdam.com\/events\/\" target=\"_blank\" rel=\"noreferrer noopener\">Termin\u00fcbersicht<\/a> findet Ihr den Button <em>Veranstaltungen exportieren<\/em>. (Dieser steht auch in allen gefilterten Ansichten zur Verf\u00fcgung.) Kopiert mit einem Rechtsklick <a href=\"https:\/\/www.rk-potsdam.com\/events\/?ical=1&amp;tribe_display=list\">den Link<\/a> und f\u00fcgt ihn mit der entsprechenden Funktion in Eurem Kalender ein. <\/p>\n\n\n\n<figure class=\"wp-block-image size-full is-resized is-style-default\"><a href=\" https:\/\/www.rk-potsdam.com\/events\/?ical=1&amp;tribe_display=list \"><img loading=\"lazy\" decoding=\"async\" width=\"282\" height=\"60\" src=\"https:\/\/www.reservisten-brandenburg.de\/potsdam\/wp-content\/uploads\/sites\/3\/2020\/06\/Veranstaltungen-exportieren.png\" alt=\"\" class=\"wp-image-7748\" style=\"width:282px;height:60px\"\/><\/a><\/figure>\n\n\n\n<p><strong>Hilfe f\u00fcr h\u00e4ufig genutzte Kalender:<\/strong><\/p>\n\n\n\n<ul class=\"wp-block-list\">\n<li>Outlook.com: <a aria-label=\"undefined (opens in a new tab)\" href=\"https:\/\/support.microsoft.com\/de-de\/office\/importieren-oder-abonnieren-eines-kalenders-in-outlook-com-cff1429c-5af6-41ec-a5b4-74f2c278e98c\" target=\"_blank\" rel=\"noreferrer noopener\">Importieren oder Abonnieren eines Kalenders<\/a><br>(Die Termine werden dann auch am Computer, Smartphone, etc. \u00fcbernommen, wenn man mit seinem Account angemeldet ist.)<\/li>\n\n\n\n<li>MS Outlook: <a aria-label=\"undefined (opens in a new tab)\" href=\"https:\/\/www.buero-kaizen.de\/mit-outlook-kalender-abonnieren\/\" target=\"_blank\" rel=\"noreferrer noopener\">Mit Outlook Kalender abonnieren: Internetkalender<\/a><\/li>\n\n\n\n<li>Google Calendar: <a aria-label=\"undefined (opens in a new tab)\" href=\"https:\/\/support.google.com\/calendar\/answer\/37100\" target=\"_blank\" rel=\"noreferrer noopener\">Google-Kalender anderer Personen hinzuf\u00fcgen<\/a><\/li>\n\n\n\n<li>Apple: <a aria-label=\"undefined (opens in a new tab)\" href=\"https:\/\/support.apple.com\/de-de\/HT202361\" target=\"_blank\" rel=\"noreferrer noopener\">iCloud-Kalenderabonnements verwenden<\/a><\/li>\n<\/ul>\n\n\n\n<hr class=\"wp-block-separator has-css-opacity\"\/>\n\n\n\n<h2 class=\"wp-block-heading\">Hinweise<\/h2>\n\n\n\n<p>Bitte beachtet die jeweiligen <strong>Meldetermine<\/strong> bei den Veranstaltungen. Nachmeldungen sind im Regelfall nicht m\u00f6glich. Das bedeutet keine Teilnahme bzw. Einschr\u00e4nkungen bei der Teilnahme. <strong>Meldet Euch am besten fr\u00fchzeitig f\u00fcr die Teilnahme an<\/strong> den entsprechenden Veranstaltungen an. <\/p>\n\n\n\n<p>Damit erhaltet nicht nur Ihr eine verausschaubare Planung, sondern die Organisatoren k\u00f6nnen mit einem guten Ausblick auf den Teilnehmerkreis die Veranstaltung bestm\u00f6glich planen. Das liefert nicht nur besserer Ergebnisse, sonderm spart oft auch Zeit und Arbeit bei der Vorbereitung. Bedenkt: <strong>Die Arbeit erfolgt in der Masse ehrenamtlich in unserer Freizeit!<\/strong><\/p>\n\n\n\n<h3 class=\"wp-block-heading\">Anmeldung zu RK-Veranstaltungen<\/h3>\n\n\n\n<p><strong>Mitglieder und G\u00e4ste werden gebeten sich zu allen RK-Veranstaltungen anzumelden.<\/strong> Dies erfolgt im Regelfall einfach \u00fcber diese Webseite. (Sollte es dabei zu Fragen oder Probleme kommen, meldet Euch bitte beim <a href=\"https:\/\/www.reservisten-brandenburg.de\/potsdam\/vorstand\/\">Vorstand<\/a>.)<\/p>\n\n\n\n<p>Die Anmeldung erleichtert uns aber erheblich die Planung. Wenn wir f\u00fcr Verpflegung sorgen (z.B. RK-Abende, Grillen, etc.) kalkulieren wir mit der Anzahl der angemeldeten Teilnehmer. Diese Teilnehmer werden dann vorranging versorgt. Im Zweifel gehen dann nicht angemeldete Teilnahmen leider leer aus.<\/p>\n\n\n\n<h3 class=\"wp-block-heading\">Anmeldung zu Veranstaltungen auf Landesebene<\/h3>\n\n\n\n<p>Zu Veranstaltungen auf Landesebene ist eine Anmeldung im Regelfall zwingend erforderlich. Dabei handelt es sich im Regelfall um <a rel=\"noreferrer noopener\" aria-label=\" (\u00f6ffnet in neuem Tab)\" href=\"https:\/\/www.reservisten-brandenburg.de\/militaerische-ausbildung\/\" target=\"_blank\">milit\u00e4rische Ausbildung<\/a> oder <a href=\"https:\/\/www.sicherheitspolitik.info\/sicherheitspolitische-veranstaltungen\/\" target=\"_blank\" rel=\"noreferrer noopener\" label=\" (\u00f6ffnet in neuem Tab)\">Sicherheitspolitische Veranstaltungen<\/a>. Die Anmeldung erfolgt (sofern nicht anders angegeben) online \u00fcber die Webseite der Landesgruppe.<\/p>\n\n\n\n<p>Link: <a href=\"\/events\/\">Veranstaltungs\u00fcbersicht der Landesgruppe Brandenburg<\/a><\/p>\n\n\n\n<h3 class=\"wp-block-heading\">Anmeldungen zu sonstigen Veranstaltungen<\/h3>\n\n\n\n<p>Bei allen anderen Veranstaltungen sind die Meldewege und -termine der Veranstalter zu ber\u00fccksichtigen. Diese werden im Regelfall mit der Veranstaltungsank\u00fcndigung bekannt gegeben.<\/p>\n","protected":false},"excerpt":{"rendered":"<p>Auf diesen Seiten finden Ihr die Termine der Reservistenkameradschaft Potsdam. Die \u00dcbersicht \u00fcber unsere Termine f\u00fcr dieses Jahr findet Ihr hier: Achtung: Die oben stehenden \u00dcbersichten stellen den Planungsstand zum [&hellip;]<\/p>\n","protected":false},"author":12,"featured_media":58,"parent":0,"menu_order":0,"comment_status":"closed","ping_status":"closed","template":"","meta":{"footnotes":""},"class_list":["post-111","page","type-page","status-publish","has-post-thumbnail","hentry"],"yoast_head":"<!-- This site is optimized with the Yoast SEO plugin v27.3 - https:\/\/yoast.com\/product\/yoast-seo-wordpress\/ -->\n<title>Termine der RK Potsdam - Reservistenkameradschaft Potsdam<\/title>\n<meta name=\"description\" content=\"\u00dcbersicht der Termine der Reservistenkameradschaft Potsdam. Der Schwerpunkt liegt auf milit\u00e4rischer Ausbildung und Sicherheitspolitik in Brandenburg.\" \/>\n<meta name=\"robots\" content=\"index, follow, max-snippet:-1, max-image-preview:large, max-video-preview:-1\" \/>\n<link rel=\"canonical\" href=\"https:\/\/www.reservisten-brandenburg.de\/potsdam\/termine\/\" \/>\n<meta property=\"og:locale\" content=\"de_DE\" \/>\n<meta property=\"og:type\" content=\"article\" \/>\n<meta property=\"og:title\" content=\"Termine der RK Potsdam - Reservistenkameradschaft Potsdam\" \/>\n<meta property=\"og:description\" content=\"\u00dcbersicht der Termine der Reservistenkameradschaft Potsdam. Der Schwerpunkt liegt auf milit\u00e4rischer Ausbildung und Sicherheitspolitik in Brandenburg.\" \/>\n<meta property=\"og:url\" content=\"https:\/\/www.reservisten-brandenburg.de\/potsdam\/termine\/\" \/>\n<meta property=\"og:site_name\" content=\"Reservistenkameradschaft Potsdam\" \/>\n<meta property=\"article:publisher\" content=\"https:\/\/www.facebook.com\/rk.grosser.kurfuerst\/\" \/>\n<meta property=\"article:modified_time\" content=\"2024-09-28T07:42:22+00:00\" \/>\n<meta property=\"og:image\" content=\"https:\/\/www.reservisten-brandenburg.de\/potsdam\/wp-content\/uploads\/sites\/3\/2020\/03\/RK-Potsdam_Logo_Pistole.jpg\" \/>\n\t<meta property=\"og:image:width\" content=\"1600\" \/>\n\t<meta property=\"og:image:height\" content=\"900\" \/>\n\t<meta property=\"og:image:type\" content=\"image\/jpeg\" \/>\n<meta name=\"twitter:card\" content=\"summary_large_image\" \/>\n<meta name=\"twitter:site\" content=\"@ResPotsdam\" \/>\n<meta name=\"twitter:label1\" content=\"Gesch\u00e4tzte Lesezeit\" \/>\n\t<meta name=\"twitter:data1\" content=\"4\u00a0Minuten\" \/>\n<script type=\"application\/ld+json\" class=\"yoast-schema-graph\">{\"@context\":\"https:\\\/\\\/schema.org\",\"@graph\":[{\"@type\":\"WebPage\",\"@id\":\"https:\\\/\\\/www.reservisten-brandenburg.de\\\/potsdam\\\/termine\\\/\",\"url\":\"https:\\\/\\\/www.reservisten-brandenburg.de\\\/potsdam\\\/termine\\\/\",\"name\":\"Termine der RK Potsdam - Reservistenkameradschaft Potsdam\",\"isPartOf\":{\"@id\":\"https:\\\/\\\/www.reservisten-brandenburg.de\\\/potsdam\\\/#website\"},\"primaryImageOfPage\":{\"@id\":\"https:\\\/\\\/www.reservisten-brandenburg.de\\\/potsdam\\\/termine\\\/#primaryimage\"},\"image\":{\"@id\":\"https:\\\/\\\/www.reservisten-brandenburg.de\\\/potsdam\\\/termine\\\/#primaryimage\"},\"thumbnailUrl\":\"https:\\\/\\\/www.reservisten-brandenburg.de\\\/potsdam\\\/wp-content\\\/uploads\\\/sites\\\/3\\\/2020\\\/03\\\/RK-Potsdam_Logo_Pistole.jpg\",\"datePublished\":\"2020-03-18T15:21:54+00:00\",\"dateModified\":\"2024-09-28T07:42:22+00:00\",\"description\":\"\u00dcbersicht der Termine der Reservistenkameradschaft Potsdam. Der Schwerpunkt liegt auf milit\u00e4rischer Ausbildung und Sicherheitspolitik in Brandenburg.\",\"breadcrumb\":{\"@id\":\"https:\\\/\\\/www.reservisten-brandenburg.de\\\/potsdam\\\/termine\\\/#breadcrumb\"},\"inLanguage\":\"de\",\"potentialAction\":[{\"@type\":\"ReadAction\",\"target\":[\"https:\\\/\\\/www.reservisten-brandenburg.de\\\/potsdam\\\/termine\\\/\"]}]},{\"@type\":\"ImageObject\",\"inLanguage\":\"de\",\"@id\":\"https:\\\/\\\/www.reservisten-brandenburg.de\\\/potsdam\\\/termine\\\/#primaryimage\",\"url\":\"https:\\\/\\\/www.reservisten-brandenburg.de\\\/potsdam\\\/wp-content\\\/uploads\\\/sites\\\/3\\\/2020\\\/03\\\/RK-Potsdam_Logo_Pistole.jpg\",\"contentUrl\":\"https:\\\/\\\/www.reservisten-brandenburg.de\\\/potsdam\\\/wp-content\\\/uploads\\\/sites\\\/3\\\/2020\\\/03\\\/RK-Potsdam_Logo_Pistole.jpg\",\"width\":1600,\"height\":900},{\"@type\":\"BreadcrumbList\",\"@id\":\"https:\\\/\\\/www.reservisten-brandenburg.de\\\/potsdam\\\/termine\\\/#breadcrumb\",\"itemListElement\":[{\"@type\":\"ListItem\",\"position\":1,\"name\":\"Startseite\",\"item\":\"https:\\\/\\\/www.reservisten-brandenburg.de\\\/potsdam\\\/\"},{\"@type\":\"ListItem\",\"position\":2,\"name\":\"Termine der RK Potsdam\"}]},{\"@type\":\"WebSite\",\"@id\":\"https:\\\/\\\/www.reservisten-brandenburg.de\\\/potsdam\\\/#website\",\"url\":\"https:\\\/\\\/www.reservisten-brandenburg.de\\\/potsdam\\\/\",\"name\":\"Reservistenkameradschaft Potsdam\",\"description\":\"Die Reserve in Potsdam\",\"potentialAction\":[{\"@type\":\"SearchAction\",\"target\":{\"@type\":\"EntryPoint\",\"urlTemplate\":\"https:\\\/\\\/www.reservisten-brandenburg.de\\\/potsdam\\\/?s={search_term_string}\"},\"query-input\":{\"@type\":\"PropertyValueSpecification\",\"valueRequired\":true,\"valueName\":\"search_term_string\"}}],\"inLanguage\":\"de\"}]}<\/script>\n<!-- \/ Yoast SEO plugin. -->","yoast_head_json":{"title":"Termine der RK Potsdam - Reservistenkameradschaft Potsdam","description":"\u00dcbersicht der Termine der Reservistenkameradschaft Potsdam. Der Schwerpunkt liegt auf milit\u00e4rischer Ausbildung und Sicherheitspolitik in Brandenburg.","robots":{"index":"index","follow":"follow","max-snippet":"max-snippet:-1","max-image-preview":"max-image-preview:large","max-video-preview":"max-video-preview:-1"},"canonical":"https:\/\/www.reservisten-brandenburg.de\/potsdam\/termine\/","og_locale":"de_DE","og_type":"article","og_title":"Termine der RK Potsdam - Reservistenkameradschaft Potsdam","og_description":"\u00dcbersicht der Termine der Reservistenkameradschaft Potsdam. Der Schwerpunkt liegt auf milit\u00e4rischer Ausbildung und Sicherheitspolitik in Brandenburg.","og_url":"https:\/\/www.reservisten-brandenburg.de\/potsdam\/termine\/","og_site_name":"Reservistenkameradschaft Potsdam","article_publisher":"https:\/\/www.facebook.com\/rk.grosser.kurfuerst\/","article_modified_time":"2024-09-28T07:42:22+00:00","og_image":[{"width":1600,"height":900,"url":"https:\/\/www.reservisten-brandenburg.de\/potsdam\/wp-content\/uploads\/sites\/3\/2020\/03\/RK-Potsdam_Logo_Pistole.jpg","type":"image\/jpeg"}],"twitter_card":"summary_large_image","twitter_site":"@ResPotsdam","twitter_misc":{"Gesch\u00e4tzte Lesezeit":"4\u00a0Minuten"},"schema":{"@context":"https:\/\/schema.org","@graph":[{"@type":"WebPage","@id":"https:\/\/www.reservisten-brandenburg.de\/potsdam\/termine\/","url":"https:\/\/www.reservisten-brandenburg.de\/potsdam\/termine\/","name":"Termine der RK Potsdam - Reservistenkameradschaft Potsdam","isPartOf":{"@id":"https:\/\/www.reservisten-brandenburg.de\/potsdam\/#website"},"primaryImageOfPage":{"@id":"https:\/\/www.reservisten-brandenburg.de\/potsdam\/termine\/#primaryimage"},"image":{"@id":"https:\/\/www.reservisten-brandenburg.de\/potsdam\/termine\/#primaryimage"},"thumbnailUrl":"https:\/\/www.reservisten-brandenburg.de\/potsdam\/wp-content\/uploads\/sites\/3\/2020\/03\/RK-Potsdam_Logo_Pistole.jpg","datePublished":"2020-03-18T15:21:54+00:00","dateModified":"2024-09-28T07:42:22+00:00","description":"\u00dcbersicht der Termine der Reservistenkameradschaft Potsdam. Der Schwerpunkt liegt auf milit\u00e4rischer Ausbildung und Sicherheitspolitik in Brandenburg.","breadcrumb":{"@id":"https:\/\/www.reservisten-brandenburg.de\/potsdam\/termine\/#breadcrumb"},"inLanguage":"de","potentialAction":[{"@type":"ReadAction","target":["https:\/\/www.reservisten-brandenburg.de\/potsdam\/termine\/"]}]},{"@type":"ImageObject","inLanguage":"de","@id":"https:\/\/www.reservisten-brandenburg.de\/potsdam\/termine\/#primaryimage","url":"https:\/\/www.reservisten-brandenburg.de\/potsdam\/wp-content\/uploads\/sites\/3\/2020\/03\/RK-Potsdam_Logo_Pistole.jpg","contentUrl":"https:\/\/www.reservisten-brandenburg.de\/potsdam\/wp-content\/uploads\/sites\/3\/2020\/03\/RK-Potsdam_Logo_Pistole.jpg","width":1600,"height":900},{"@type":"BreadcrumbList","@id":"https:\/\/www.reservisten-brandenburg.de\/potsdam\/termine\/#breadcrumb","itemListElement":[{"@type":"ListItem","position":1,"name":"Startseite","item":"https:\/\/www.reservisten-brandenburg.de\/potsdam\/"},{"@type":"ListItem","position":2,"name":"Termine der RK Potsdam"}]},{"@type":"WebSite","@id":"https:\/\/www.reservisten-brandenburg.de\/potsdam\/#website","url":"https:\/\/www.reservisten-brandenburg.de\/potsdam\/","name":"Reservistenkameradschaft Potsdam","description":"Die Reserve in Potsdam","potentialAction":[{"@type":"SearchAction","target":{"@type":"EntryPoint","urlTemplate":"https:\/\/www.reservisten-brandenburg.de\/potsdam\/?s={search_term_string}"},"query-input":{"@type":"PropertyValueSpecification","valueRequired":true,"valueName":"search_term_string"}}],"inLanguage":"de"}]}},"_links":{"self":[{"href":"https:\/\/www.reservisten-brandenburg.de\/potsdam\/wp-json\/wp\/v2\/pages\/111","targetHints":{"allow":["GET"]}}],"collection":[{"href":"https:\/\/www.reservisten-brandenburg.de\/potsdam\/wp-json\/wp\/v2\/pages"}],"about":[{"href":"https:\/\/www.reservisten-brandenburg.de\/potsdam\/wp-json\/wp\/v2\/types\/page"}],"author":[{"embeddable":true,"href":"https:\/\/www.reservisten-brandenburg.de\/potsdam\/wp-json\/wp\/v2\/users\/12"}],"replies":[{"embeddable":true,"href":"https:\/\/www.reservisten-brandenburg.de\/potsdam\/wp-json\/wp\/v2\/comments?post=111"}],"version-history":[{"count":0,"href":"https:\/\/www.reservisten-brandenburg.de\/potsdam\/wp-json\/wp\/v2\/pages\/111\/revisions"}],"wp:featuredmedia":[{"embeddable":true,"href":"https:\/\/www.reservisten-brandenburg.de\/potsdam\/wp-json\/wp\/v2\/media\/58"}],"wp:attachment":[{"href":"https:\/\/www.reservisten-brandenburg.de\/potsdam\/wp-json\/wp\/v2\/media?parent=111"}],"curies":[{"name":"wp","href":"https:\/\/api.w.org\/{rel}","templated":true}]}}