{"id":303,"date":"2022-05-04T12:08:04","date_gmt":"2022-05-04T10:08:04","guid":{"rendered":"https:\/\/www.reservisten-brandenburg.de\/oderlandmarsch\/?page_id=303"},"modified":"2026-02-10T15:02:47","modified_gmt":"2026-02-10T14:02:47","slug":"wettkampfmannschaften","status":"publish","type":"page","link":"https:\/\/www.reservisten-brandenburg.de\/oderlandmarsch\/ausschreibung\/wettkampfmannschaften\/","title":{"rendered":"Wettkampfmannschaften"},"content":{"rendered":"\n<p>Am Wettkampf k\u00f6nnen, Reservistinnen und Reservisten, Soldatinnen und Soldaten der Bundeswehr, verb\u00fcndeter Streitkr\u00e4fte, sowie Angeh\u00f6rige der Polizei bzw. Bundespolizei, Feuerwehr und andere Blaulichtorganisationen und auch Zivilisten teilnehmen.<\/p>\n\n\n\n<p>Eine Mannschaft besteht aus:<\/p>\n\n\n\n<ul class=\"wp-block-list\">\n<li>1 Mannschaftsf\u00fchrer<\/li>\n\n\n\n<li>1 stellvertretende\/r Mannschaftsf\u00fchrer<\/li>\n\n\n\n<li>3 weitere Wettk\u00e4mpfer<\/li>\n\n\n\n<li>Gesamtst\u00e4rke: 5&nbsp;<\/li>\n<\/ul>\n\n\n\n<p><strong>Anzug und Ausr\u00fcstung:<\/strong><\/p>\n\n\n\n<p>Die Wettkampfteilnehmer der startenden Mannschaften tragen die Uniform ihrer Streitkr\u00e4fte oder Dienstbekleidung ihrer Organisation. Die Wahl der Schuhe ist freigestellt. Handschuhe, zum Schutz der H\u00e4nde beim \u00dcberwinden der Hindernisse, sind mitzuf\u00fchren. <\/p>\n\n\n\n<p>Da diverse Wasserhindernissen zu \u00fcberwinden sind, ist es erforderlich, einen Wechselanzug und Wechselstiefel (Turnschuhe) mitzuf\u00fchren.<\/p>\n\n\n\n<p>Beim Antreten ist der Feldanzug, tarndruck, Grundform zu tragen. Teilnehmer verb\u00fcndeter Streitkr\u00e4fte, sowie von Blaulichtorganisationen tragen vergleichbare oder angemessene Kleidung.<\/p>\n\n\n\n<p><strong>Startpl\u00e4tze:<\/strong><\/p>\n\n\n\n<p>Die Startreihenfolge legt der Veranstalter fest. Es starten immer 2 Mannschaften gleichzeitig, die anderen folgen zeitversetzt.<\/p>\n","protected":false},"excerpt":{"rendered":"<p>Am Wettkampf k\u00f6nnen, Reservistinnen und Reservisten, Soldatinnen und Soldaten der Bundeswehr, verb\u00fcndeter Streitkr\u00e4fte, sowie Angeh\u00f6rige der Polizei bzw. Bundespolizei, Feuerwehr und andere Blaulichtorganisationen und auch Zivilisten teilnehmen. Eine Mannschaft besteht [&hellip;]<\/p>\n","protected":false},"author":12,"featured_media":260,"parent":64,"menu_order":2,"comment_status":"closed","ping_status":"closed","template":"","meta":{"footnotes":""},"class_list":["post-303","page","type-page","status-publish","has-post-thumbnail","hentry"],"yoast_head":"<!-- This site is optimized with the Yoast SEO plugin v27.5 - https:\/\/yoast.com\/product\/yoast-seo-wordpress\/ -->\n<title>Wettkampfmannschaften - Oderlandmarsch<\/title>\n<meta name=\"robots\" content=\"index, follow, max-snippet:-1, max-image-preview:large, max-video-preview:-1\" \/>\n<link rel=\"canonical\" href=\"https:\/\/www.reservisten-brandenburg.de\/oderlandmarsch\/ausschreibung\/wettkampfmannschaften\/\" \/>\n<meta property=\"og:locale\" content=\"de_DE\" \/>\n<meta property=\"og:type\" content=\"article\" \/>\n<meta property=\"og:title\" content=\"Wettkampfmannschaften - Oderlandmarsch\" \/>\n<meta property=\"og:description\" content=\"Am Wettkampf k\u00f6nnen, Reservistinnen und Reservisten, Soldatinnen und Soldaten der Bundeswehr, verb\u00fcndeter Streitkr\u00e4fte, sowie Angeh\u00f6rige der Polizei bzw. Bundespolizei, Feuerwehr und andere Blaulichtorganisationen und auch Zivilisten teilnehmen. Eine Mannschaft besteht [&hellip;]\" \/>\n<meta property=\"og:url\" content=\"https:\/\/www.reservisten-brandenburg.de\/oderlandmarsch\/ausschreibung\/wettkampfmannschaften\/\" \/>\n<meta property=\"og:site_name\" content=\"Oderlandmarsch\" \/>\n<meta property=\"article:publisher\" content=\"https:\/\/www.facebook.com\/reservisten.brandenburg\/\" \/>\n<meta property=\"article:modified_time\" content=\"2026-02-10T14:02:47+00:00\" \/>\n<meta property=\"og:image\" content=\"https:\/\/www.reservisten-brandenburg.de\/oderlandmarsch\/wp-content\/uploads\/sites\/10\/2022\/04\/Oderlandmarsch-2017-Laeufer.jpg\" \/>\n\t<meta property=\"og:image:width\" content=\"1600\" \/>\n\t<meta property=\"og:image:height\" content=\"900\" \/>\n\t<meta property=\"og:image:type\" content=\"image\/jpeg\" \/>\n<meta name=\"twitter:card\" content=\"summary_large_image\" \/>\n<meta name=\"twitter:site\" content=\"@ResBrandenburg\" \/>\n<meta name=\"twitter:label1\" content=\"Gesch\u00e4tzte Lesezeit\" \/>\n\t<meta name=\"twitter:data1\" content=\"1\u00a0Minute\" \/>\n<script type=\"application\/ld+json\" class=\"yoast-schema-graph\">{\"@context\":\"https:\\\/\\\/schema.org\",\"@graph\":[{\"@type\":\"WebPage\",\"@id\":\"https:\\\/\\\/www.reservisten-brandenburg.de\\\/oderlandmarsch\\\/ausschreibung\\\/wettkampfmannschaften\\\/\",\"url\":\"https:\\\/\\\/www.reservisten-brandenburg.de\\\/oderlandmarsch\\\/ausschreibung\\\/wettkampfmannschaften\\\/\",\"name\":\"Wettkampfmannschaften - Oderlandmarsch\",\"isPartOf\":{\"@id\":\"https:\\\/\\\/www.reservisten-brandenburg.de\\\/oderlandmarsch\\\/#website\"},\"primaryImageOfPage\":{\"@id\":\"https:\\\/\\\/www.reservisten-brandenburg.de\\\/oderlandmarsch\\\/ausschreibung\\\/wettkampfmannschaften\\\/#primaryimage\"},\"image\":{\"@id\":\"https:\\\/\\\/www.reservisten-brandenburg.de\\\/oderlandmarsch\\\/ausschreibung\\\/wettkampfmannschaften\\\/#primaryimage\"},\"thumbnailUrl\":\"https:\\\/\\\/www.reservisten-brandenburg.de\\\/oderlandmarsch\\\/wp-content\\\/uploads\\\/sites\\\/10\\\/2022\\\/04\\\/Oderlandmarsch-2017-Laeufer.jpg\",\"datePublished\":\"2022-05-04T10:08:04+00:00\",\"dateModified\":\"2026-02-10T14:02:47+00:00\",\"breadcrumb\":{\"@id\":\"https:\\\/\\\/www.reservisten-brandenburg.de\\\/oderlandmarsch\\\/ausschreibung\\\/wettkampfmannschaften\\\/#breadcrumb\"},\"inLanguage\":\"de\",\"potentialAction\":[{\"@type\":\"ReadAction\",\"target\":[\"https:\\\/\\\/www.reservisten-brandenburg.de\\\/oderlandmarsch\\\/ausschreibung\\\/wettkampfmannschaften\\\/\"]}]},{\"@type\":\"ImageObject\",\"inLanguage\":\"de\",\"@id\":\"https:\\\/\\\/www.reservisten-brandenburg.de\\\/oderlandmarsch\\\/ausschreibung\\\/wettkampfmannschaften\\\/#primaryimage\",\"url\":\"https:\\\/\\\/www.reservisten-brandenburg.de\\\/oderlandmarsch\\\/wp-content\\\/uploads\\\/sites\\\/10\\\/2022\\\/04\\\/Oderlandmarsch-2017-Laeufer.jpg\",\"contentUrl\":\"https:\\\/\\\/www.reservisten-brandenburg.de\\\/oderlandmarsch\\\/wp-content\\\/uploads\\\/sites\\\/10\\\/2022\\\/04\\\/Oderlandmarsch-2017-Laeufer.jpg\",\"width\":1600,\"height\":900},{\"@type\":\"BreadcrumbList\",\"@id\":\"https:\\\/\\\/www.reservisten-brandenburg.de\\\/oderlandmarsch\\\/ausschreibung\\\/wettkampfmannschaften\\\/#breadcrumb\",\"itemListElement\":[{\"@type\":\"ListItem\",\"position\":1,\"name\":\"Startseite\",\"item\":\"https:\\\/\\\/www.reservisten-brandenburg.de\\\/oderlandmarsch\\\/\"},{\"@type\":\"ListItem\",\"position\":2,\"name\":\"Ausschreibung\",\"item\":\"https:\\\/\\\/www.reservisten-brandenburg.de\\\/oderlandmarsch\\\/ausschreibung\\\/\"},{\"@type\":\"ListItem\",\"position\":3,\"name\":\"Wettkampfmannschaften\"}]},{\"@type\":\"WebSite\",\"@id\":\"https:\\\/\\\/www.reservisten-brandenburg.de\\\/oderlandmarsch\\\/#website\",\"url\":\"https:\\\/\\\/www.reservisten-brandenburg.de\\\/oderlandmarsch\\\/\",\"name\":\"Oderlandmarsch\",\"description\":\"Reservistenverband Brandenburg - Websites Website\",\"publisher\":{\"@id\":\"https:\\\/\\\/www.reservisten-brandenburg.de\\\/oderlandmarsch\\\/#organization\"},\"potentialAction\":[{\"@type\":\"SearchAction\",\"target\":{\"@type\":\"EntryPoint\",\"urlTemplate\":\"https:\\\/\\\/www.reservisten-brandenburg.de\\\/oderlandmarsch\\\/?s={search_term_string}\"},\"query-input\":{\"@type\":\"PropertyValueSpecification\",\"valueRequired\":true,\"valueName\":\"search_term_string\"}}],\"inLanguage\":\"de\"},{\"@type\":\"Organization\",\"@id\":\"https:\\\/\\\/www.reservisten-brandenburg.de\\\/oderlandmarsch\\\/#organization\",\"name\":\"Reservistenverband Brandenburg\",\"url\":\"https:\\\/\\\/www.reservisten-brandenburg.de\\\/oderlandmarsch\\\/\",\"logo\":{\"@type\":\"ImageObject\",\"inLanguage\":\"de\",\"@id\":\"https:\\\/\\\/www.reservisten-brandenburg.de\\\/oderlandmarsch\\\/#\\\/schema\\\/logo\\\/image\\\/\",\"url\":\"\",\"contentUrl\":\"\",\"caption\":\"Reservistenverband Brandenburg\"},\"image\":{\"@id\":\"https:\\\/\\\/www.reservisten-brandenburg.de\\\/oderlandmarsch\\\/#\\\/schema\\\/logo\\\/image\\\/\"},\"sameAs\":[\"https:\\\/\\\/www.facebook.com\\\/reservisten.brandenburg\\\/\",\"https:\\\/\\\/x.com\\\/ResBrandenburg\",\"https:\\\/\\\/www.youtube.com\\\/channel\\\/UC30IySNYu79rnI6_89Sdf_A\",\"https:\\\/\\\/de.wikipedia.org\\\/wiki\\\/Verband_der_Reservisten_der_Deutschen_Bundeswehr\"]}]}<\/script>\n<!-- \/ Yoast SEO plugin. -->","yoast_head_json":{"title":"Wettkampfmannschaften - Oderlandmarsch","robots":{"index":"index","follow":"follow","max-snippet":"max-snippet:-1","max-image-preview":"max-image-preview:large","max-video-preview":"max-video-preview:-1"},"canonical":"https:\/\/www.reservisten-brandenburg.de\/oderlandmarsch\/ausschreibung\/wettkampfmannschaften\/","og_locale":"de_DE","og_type":"article","og_title":"Wettkampfmannschaften - Oderlandmarsch","og_description":"Am Wettkampf k\u00f6nnen, Reservistinnen und Reservisten, Soldatinnen und Soldaten der Bundeswehr, verb\u00fcndeter Streitkr\u00e4fte, sowie Angeh\u00f6rige der Polizei bzw. Bundespolizei, Feuerwehr und andere Blaulichtorganisationen und auch Zivilisten teilnehmen. Eine Mannschaft besteht [&hellip;]","og_url":"https:\/\/www.reservisten-brandenburg.de\/oderlandmarsch\/ausschreibung\/wettkampfmannschaften\/","og_site_name":"Oderlandmarsch","article_publisher":"https:\/\/www.facebook.com\/reservisten.brandenburg\/","article_modified_time":"2026-02-10T14:02:47+00:00","og_image":[{"width":1600,"height":900,"url":"https:\/\/www.reservisten-brandenburg.de\/oderlandmarsch\/wp-content\/uploads\/sites\/10\/2022\/04\/Oderlandmarsch-2017-Laeufer.jpg","type":"image\/jpeg"}],"twitter_card":"summary_large_image","twitter_site":"@ResBrandenburg","twitter_misc":{"Gesch\u00e4tzte Lesezeit":"1\u00a0Minute"},"schema":{"@context":"https:\/\/schema.org","@graph":[{"@type":"WebPage","@id":"https:\/\/www.reservisten-brandenburg.de\/oderlandmarsch\/ausschreibung\/wettkampfmannschaften\/","url":"https:\/\/www.reservisten-brandenburg.de\/oderlandmarsch\/ausschreibung\/wettkampfmannschaften\/","name":"Wettkampfmannschaften - Oderlandmarsch","isPartOf":{"@id":"https:\/\/www.reservisten-brandenburg.de\/oderlandmarsch\/#website"},"primaryImageOfPage":{"@id":"https:\/\/www.reservisten-brandenburg.de\/oderlandmarsch\/ausschreibung\/wettkampfmannschaften\/#primaryimage"},"image":{"@id":"https:\/\/www.reservisten-brandenburg.de\/oderlandmarsch\/ausschreibung\/wettkampfmannschaften\/#primaryimage"},"thumbnailUrl":"https:\/\/www.reservisten-brandenburg.de\/oderlandmarsch\/wp-content\/uploads\/sites\/10\/2022\/04\/Oderlandmarsch-2017-Laeufer.jpg","datePublished":"2022-05-04T10:08:04+00:00","dateModified":"2026-02-10T14:02:47+00:00","breadcrumb":{"@id":"https:\/\/www.reservisten-brandenburg.de\/oderlandmarsch\/ausschreibung\/wettkampfmannschaften\/#breadcrumb"},"inLanguage":"de","potentialAction":[{"@type":"ReadAction","target":["https:\/\/www.reservisten-brandenburg.de\/oderlandmarsch\/ausschreibung\/wettkampfmannschaften\/"]}]},{"@type":"ImageObject","inLanguage":"de","@id":"https:\/\/www.reservisten-brandenburg.de\/oderlandmarsch\/ausschreibung\/wettkampfmannschaften\/#primaryimage","url":"https:\/\/www.reservisten-brandenburg.de\/oderlandmarsch\/wp-content\/uploads\/sites\/10\/2022\/04\/Oderlandmarsch-2017-Laeufer.jpg","contentUrl":"https:\/\/www.reservisten-brandenburg.de\/oderlandmarsch\/wp-content\/uploads\/sites\/10\/2022\/04\/Oderlandmarsch-2017-Laeufer.jpg","width":1600,"height":900},{"@type":"BreadcrumbList","@id":"https:\/\/www.reservisten-brandenburg.de\/oderlandmarsch\/ausschreibung\/wettkampfmannschaften\/#breadcrumb","itemListElement":[{"@type":"ListItem","position":1,"name":"Startseite","item":"https:\/\/www.reservisten-brandenburg.de\/oderlandmarsch\/"},{"@type":"ListItem","position":2,"name":"Ausschreibung","item":"https:\/\/www.reservisten-brandenburg.de\/oderlandmarsch\/ausschreibung\/"},{"@type":"ListItem","position":3,"name":"Wettkampfmannschaften"}]},{"@type":"WebSite","@id":"https:\/\/www.reservisten-brandenburg.de\/oderlandmarsch\/#website","url":"https:\/\/www.reservisten-brandenburg.de\/oderlandmarsch\/","name":"Oderlandmarsch","description":"Reservistenverband Brandenburg - Websites Website","publisher":{"@id":"https:\/\/www.reservisten-brandenburg.de\/oderlandmarsch\/#organization"},"potentialAction":[{"@type":"SearchAction","target":{"@type":"EntryPoint","urlTemplate":"https:\/\/www.reservisten-brandenburg.de\/oderlandmarsch\/?s={search_term_string}"},"query-input":{"@type":"PropertyValueSpecification","valueRequired":true,"valueName":"search_term_string"}}],"inLanguage":"de"},{"@type":"Organization","@id":"https:\/\/www.reservisten-brandenburg.de\/oderlandmarsch\/#organization","name":"Reservistenverband Brandenburg","url":"https:\/\/www.reservisten-brandenburg.de\/oderlandmarsch\/","logo":{"@type":"ImageObject","inLanguage":"de","@id":"https:\/\/www.reservisten-brandenburg.de\/oderlandmarsch\/#\/schema\/logo\/image\/","url":"","contentUrl":"","caption":"Reservistenverband Brandenburg"},"image":{"@id":"https:\/\/www.reservisten-brandenburg.de\/oderlandmarsch\/#\/schema\/logo\/image\/"},"sameAs":["https:\/\/www.facebook.com\/reservisten.brandenburg\/","https:\/\/x.com\/ResBrandenburg","https:\/\/www.youtube.com\/channel\/UC30IySNYu79rnI6_89Sdf_A","https:\/\/de.wikipedia.org\/wiki\/Verband_der_Reservisten_der_Deutschen_Bundeswehr"]}]}},"_links":{"self":[{"href":"https:\/\/www.reservisten-brandenburg.de\/oderlandmarsch\/wp-json\/wp\/v2\/pages\/303","targetHints":{"allow":["GET"]}}],"collection":[{"href":"https:\/\/www.reservisten-brandenburg.de\/oderlandmarsch\/wp-json\/wp\/v2\/pages"}],"about":[{"href":"https:\/\/www.reservisten-brandenburg.de\/oderlandmarsch\/wp-json\/wp\/v2\/types\/page"}],"author":[{"embeddable":true,"href":"https:\/\/www.reservisten-brandenburg.de\/oderlandmarsch\/wp-json\/wp\/v2\/users\/12"}],"replies":[{"embeddable":true,"href":"https:\/\/www.reservisten-brandenburg.de\/oderlandmarsch\/wp-json\/wp\/v2\/comments?post=303"}],"version-history":[{"count":0,"href":"https:\/\/www.reservisten-brandenburg.de\/oderlandmarsch\/wp-json\/wp\/v2\/pages\/303\/revisions"}],"up":[{"embeddable":true,"href":"https:\/\/www.reservisten-brandenburg.de\/oderlandmarsch\/wp-json\/wp\/v2\/pages\/64"}],"wp:featuredmedia":[{"embeddable":true,"href":"https:\/\/www.reservisten-brandenburg.de\/oderlandmarsch\/wp-json\/wp\/v2\/media\/260"}],"wp:attachment":[{"href":"https:\/\/www.reservisten-brandenburg.de\/oderlandmarsch\/wp-json\/wp\/v2\/media?parent=303"}],"curies":[{"name":"wp","href":"https:\/\/api.w.org\/{rel}","templated":true}]}}