{"id":85,"date":"2020-06-19T00:20:04","date_gmt":"2020-06-18T22:20:04","guid":{"rendered":"https:\/\/www.reservisten-brandenburg.de\/cyber\/?page_id=85"},"modified":"2023-04-03T22:43:42","modified_gmt":"2023-04-03T20:43:42","slug":"online-tools","status":"publish","type":"page","link":"https:\/\/www.reservisten-brandenburg.de\/cyber\/online-training\/online-tools\/","title":{"rendered":"Online-Tools"},"content":{"rendered":"\n<p>In der Landesgruppe nutzen und testen wir verschiedenen Werkzeuge f\u00fcr die Durchf\u00fchrung der Webinare. Dazu greifen wir zum Teil auf die IT-Infrastruktur der <a rel=\"noreferrer noopener\" href=\"http:\/\/www.rk-potsdam.com\" target=\"_blank\">RK Potsdam<\/a> zur\u00fcck, die auch f\u00fcr die Kommunikation und <a href=\"https:\/\/www.reservisten-brandenburg.de\/cyber\/landesgruppe\/\">Zusammenarbeit innerhalb des Landesvorstandes<\/a> genutzt wird. <\/p>\n\n\n\n<p>Speziell f\u00fcr die Webinare sind Videokonferenzsysteme und IT-Tools zur Intergration von Inhalten und interaktiven Elementen in die Online-Schulungen von Bedeutung. <\/p>\n\n\n\n<h2 class=\"wp-block-heading\" id=\"teams\">Microsoft Teams<\/h2>\n\n\n\n<p><a rel=\"noreferrer noopener\" href=\"https:\/\/www.microsoft.com\/de-de\/microsoft-teams\/group-chat-software\" target=\"_blank\">Microsoft Teams<\/a> ist eine Software f\u00fcr die Zusammenarbeit in Arbeitsgruppen. In der Landesgruppe wird es im Landesvorstand und der RK Potsdam genutzt. Es ist ein Teil der Office-365-Suite und bietet damit eine gute Integration weitere MS Office-Anwendungen. <\/p>\n\n\n\n<p>In unseren Webinaren wird vor allem die Videokonferenzfunktion von MS Teams genutzt. Sie beinhaltet u.a. einen Chat und die M\u00f6glichkeit Inhalte zu teilen, gemeinsam ein virtuelles Whiteboard zu nutzen oder PowerPoint-Pr\u00e4sentationen zu zeigen.<\/p>\n\n\n\n<p>Microsoft stellt f\u00fcr alle g\u00e4ngigen Plattformen und Betriebssysteme ein <strong>Client bzw. eine App<\/strong> zur Verf\u00fcgung. Es wird empfohlen diese zu nutzen und reichtzeitig vor Beginn des Webinars zu installieren und ggf. zu konfigurieren. <\/p>\n\n\n\n<p><strong>Alternativ<\/strong> ist die <strong>Nutzung<\/strong> in verschiedenen (aber nicht allen!) <strong>Browsern<\/strong> m\u00f6glich. Erfolgreich wurde dies mit <strong>Google Chrome<\/strong> und <strong>Microsoft Edge<\/strong> getestet, w\u00e4hrend die Nutzung mit Mozilla Firefox und Apples Safari nicht funktionierte.<\/p>\n\n\n\n<p><strong>Die Teilnahme erfolgt \u00fcber einen Link der vor Beginn des Webinars an alle Teilnehmer per E-Mail versendet wird. <\/strong>Es ist nicht erforderlich, sich bei MS Teams mit einem Benutzeraccount zu registrieren. Beim Eintritt in das Meeting ist lediglich der Name anzugeben. <\/p>\n\n\n\n<p class=\"has-very-light-gray-background-color has-background\"><strong>Hinweis:<\/strong> Beachtet bei der Teilnahme an unseren Webinaren die <a href=\"\/cyber\/webinare\/regeln\/\">Regeln und Hinweise<\/a>.<\/p>\n\n\n\n<p class=\"has-very-light-gray-background-color has-background\"><strong>Hilfe<\/strong> <strong>f\u00fcr Teilnehmer<\/strong> (extern)<strong>:<\/strong> <a aria-label=\"undefined (opens in a new tab)\" href=\"https:\/\/support.microsoft.com\/de-de\/office\/teilnehmen-an-einer-besprechung-in-microsoft-teams-1613bb53-f3fa-431e-85a9-d6a91e3468c9#bkmk_link&amp;ID0EAACAAA=Desktop\" target=\"_blank\" rel=\"noreferrer noopener nofollow\">Teilnehmen an einer Besprechung in Microsoft Teams<\/a><\/p>\n\n\n\n<p class=\"has-very-light-gray-background-color has-background\"><strong>Hilfe f\u00fcr Referenten<\/strong> (extern): <a aria-label=\"undefined (opens in a new tab)\" href=\"https:\/\/support.microsoft.com\/de-de\/office\/freigeben-von-inhalten-in-einer-besprechung-in-teams-fcc2bf59-aecd-4481-8f99-ce55dd836ce8?ui=de-de&amp;rs=de-de&amp;ad=de\" target=\"_blank\" rel=\"noreferrer noopener nofollow\">Freigeben von Inhalten in einer Besprechung in Teams<\/a><\/p>\n\n\n\n<h2 class=\"wp-block-heading\" id=\"zoom\">Zoom<\/h2>\n\n\n\n<p>Auch f\u00fcr <a href=\"https:\/\/www.zoom.us\" target=\"_blank\" rel=\"noreferrer noopener\">Zoom<\/a> werden f\u00fcr alle g\u00e4ngigen Plattformen und Betriebssysteme ein Client bzw. eine App zur Verf\u00fcgung gestellt. Es wird empfohlen diese zu nutzen und reichtzeitig vor Beginn des Webinars zu installieren und ggf. zu konfigurieren. <\/p>\n\n\n\n<p>Alternativ ist die Nutzung in verschiedenen (aber nicht allen!) Browsern m\u00f6glich. Dabei kann die Funktionalit\u00e4t eingeschr\u00e4nkt sein.<\/p>\n\n\n\n<p>Die Teilnahme erfolgt \u00fcber einen Link bzw. eine Raum-ID und eine Zugangs-PIN die vor Beginn des Webinars an alle Teilnehmer per E-Mail versendet werden. <\/p>\n\n\n\n<p>Als Teilnehmer ist es nicht notwendig, sich bei Zoom mit einem (kostenlosen) Benutzeraccount zu registrieren. Genau wie bei MS Teams ist bei Eintritt in das Meeting lediglich der Name anzugeben. <\/p>\n\n\n\n<p class=\"has-very-light-gray-background-color has-background\"><strong>Hinweis:<\/strong> Beachtet bei der Teilnahme an unseren Webinaren die <a href=\"https:\/\/www.reservisten-brandenburg.de\/cyber\/webinare\/regeln\/\">Regeln und Hinweise<\/a>.<\/p>\n\n\n\n<h2 class=\"wp-block-heading\" id=\"forms\">Microsoft Forms<\/h2>\n\n\n\n<p>Mit Microsoft Forms k\u00f6nnen Umfragen unterschiedlicher Komplexit\u00e4t durchgef\u00fchrt werden. Die Formulare k\u00f6nnen f\u00fcr kleine Abstimmungen, zum Einholen von Feedbacks oder f\u00fcr Online-Tests zur Erfolgskontrolle genutzt werden. Diese Elemente werden dann in die Webinare integriert oder erg\u00e4nzend eingesetzt.<\/p>\n","protected":false},"excerpt":{"rendered":"<p>In der Landesgruppe nutzen und testen wir verschiedenen Werkzeuge f\u00fcr die Durchf\u00fchrung der Webinare. Dazu greifen wir zum Teil auf die IT-Infrastruktur der RK Potsdam zur\u00fcck, die auch f\u00fcr die [&hellip;]<\/p>\n","protected":false},"author":12,"featured_media":292,"parent":69,"menu_order":0,"comment_status":"closed","ping_status":"closed","template":"","meta":{"footnotes":""},"class_list":["post-85","page","type-page","status-publish","has-post-thumbnail","hentry"],"yoast_head":"<!-- This site is optimized with the Yoast SEO plugin v27.3 - https:\/\/yoast.com\/product\/yoast-seo-wordpress\/ -->\n<title>Online-Tools - IT und Digitalisierung<\/title>\n<meta name=\"robots\" content=\"index, follow, max-snippet:-1, max-image-preview:large, max-video-preview:-1\" \/>\n<link rel=\"canonical\" href=\"https:\/\/www.reservisten-brandenburg.de\/cyber\/online-training\/online-tools\/\" \/>\n<meta property=\"og:locale\" content=\"de_DE\" \/>\n<meta property=\"og:type\" content=\"article\" \/>\n<meta property=\"og:title\" content=\"Online-Tools - IT und Digitalisierung\" \/>\n<meta property=\"og:description\" content=\"In der Landesgruppe nutzen und testen wir verschiedenen Werkzeuge f\u00fcr die Durchf\u00fchrung der Webinare. Dazu greifen wir zum Teil auf die IT-Infrastruktur der RK Potsdam zur\u00fcck, die auch f\u00fcr die [&hellip;]\" \/>\n<meta property=\"og:url\" content=\"https:\/\/www.reservisten-brandenburg.de\/cyber\/online-training\/online-tools\/\" \/>\n<meta property=\"og:site_name\" content=\"IT und Digitalisierung\" \/>\n<meta property=\"article:publisher\" content=\"https:\/\/www.facebook.com\/reservisten.brandenburg\/\" \/>\n<meta property=\"article:modified_time\" content=\"2023-04-03T20:43:42+00:00\" \/>\n<meta property=\"og:image\" content=\"https:\/\/www.reservisten-brandenburg.de\/cyber\/wp-content\/uploads\/sites\/12\/2020\/08\/Online-Ausbildung_MS-Teams.jpg\" \/>\n\t<meta property=\"og:image:width\" content=\"1600\" \/>\n\t<meta property=\"og:image:height\" content=\"900\" \/>\n\t<meta property=\"og:image:type\" content=\"image\/jpeg\" \/>\n<meta name=\"twitter:card\" content=\"summary_large_image\" \/>\n<meta name=\"twitter:site\" content=\"@ResBrandenburg\" \/>\n<meta name=\"twitter:label1\" content=\"Gesch\u00e4tzte Lesezeit\" \/>\n\t<meta name=\"twitter:data1\" content=\"2\u00a0Minuten\" \/>\n<script type=\"application\/ld+json\" class=\"yoast-schema-graph\">{\"@context\":\"https:\\\/\\\/schema.org\",\"@graph\":[{\"@type\":\"WebPage\",\"@id\":\"https:\\\/\\\/www.reservisten-brandenburg.de\\\/cyber\\\/online-training\\\/online-tools\\\/\",\"url\":\"https:\\\/\\\/www.reservisten-brandenburg.de\\\/cyber\\\/online-training\\\/online-tools\\\/\",\"name\":\"Online-Tools - IT und Digitalisierung\",\"isPartOf\":{\"@id\":\"https:\\\/\\\/www.reservisten-brandenburg.de\\\/cyber\\\/#website\"},\"primaryImageOfPage\":{\"@id\":\"https:\\\/\\\/www.reservisten-brandenburg.de\\\/cyber\\\/online-training\\\/online-tools\\\/#primaryimage\"},\"image\":{\"@id\":\"https:\\\/\\\/www.reservisten-brandenburg.de\\\/cyber\\\/online-training\\\/online-tools\\\/#primaryimage\"},\"thumbnailUrl\":\"https:\\\/\\\/www.reservisten-brandenburg.de\\\/cyber\\\/wp-content\\\/uploads\\\/sites\\\/12\\\/2020\\\/08\\\/Online-Ausbildung_MS-Teams.jpg\",\"datePublished\":\"2020-06-18T22:20:04+00:00\",\"dateModified\":\"2023-04-03T20:43:42+00:00\",\"breadcrumb\":{\"@id\":\"https:\\\/\\\/www.reservisten-brandenburg.de\\\/cyber\\\/online-training\\\/online-tools\\\/#breadcrumb\"},\"inLanguage\":\"de\",\"potentialAction\":[{\"@type\":\"ReadAction\",\"target\":[\"https:\\\/\\\/www.reservisten-brandenburg.de\\\/cyber\\\/online-training\\\/online-tools\\\/\"]}]},{\"@type\":\"ImageObject\",\"inLanguage\":\"de\",\"@id\":\"https:\\\/\\\/www.reservisten-brandenburg.de\\\/cyber\\\/online-training\\\/online-tools\\\/#primaryimage\",\"url\":\"https:\\\/\\\/www.reservisten-brandenburg.de\\\/cyber\\\/wp-content\\\/uploads\\\/sites\\\/12\\\/2020\\\/08\\\/Online-Ausbildung_MS-Teams.jpg\",\"contentUrl\":\"https:\\\/\\\/www.reservisten-brandenburg.de\\\/cyber\\\/wp-content\\\/uploads\\\/sites\\\/12\\\/2020\\\/08\\\/Online-Ausbildung_MS-Teams.jpg\",\"width\":1600,\"height\":900},{\"@type\":\"BreadcrumbList\",\"@id\":\"https:\\\/\\\/www.reservisten-brandenburg.de\\\/cyber\\\/online-training\\\/online-tools\\\/#breadcrumb\",\"itemListElement\":[{\"@type\":\"ListItem\",\"position\":1,\"name\":\"Startseite\",\"item\":\"https:\\\/\\\/www.reservisten-brandenburg.de\\\/cyber\\\/\"},{\"@type\":\"ListItem\",\"position\":2,\"name\":\"Online-Trainings und -Ausbildungen\",\"item\":\"https:\\\/\\\/www.reservisten-brandenburg.de\\\/cyber\\\/online-training\\\/\"},{\"@type\":\"ListItem\",\"position\":3,\"name\":\"Online-Tools\"}]},{\"@type\":\"WebSite\",\"@id\":\"https:\\\/\\\/www.reservisten-brandenburg.de\\\/cyber\\\/#website\",\"url\":\"https:\\\/\\\/www.reservisten-brandenburg.de\\\/cyber\\\/\",\"name\":\"IT und Digitalisierung\",\"description\":\"Reservistenverband Brandenburg - IT und Digitalisierung\",\"publisher\":{\"@id\":\"https:\\\/\\\/www.reservisten-brandenburg.de\\\/cyber\\\/#organization\"},\"potentialAction\":[{\"@type\":\"SearchAction\",\"target\":{\"@type\":\"EntryPoint\",\"urlTemplate\":\"https:\\\/\\\/www.reservisten-brandenburg.de\\\/cyber\\\/?s={search_term_string}\"},\"query-input\":{\"@type\":\"PropertyValueSpecification\",\"valueRequired\":true,\"valueName\":\"search_term_string\"}}],\"inLanguage\":\"de\"},{\"@type\":\"Organization\",\"@id\":\"https:\\\/\\\/www.reservisten-brandenburg.de\\\/cyber\\\/#organization\",\"name\":\"Reservistenverband Brandenburg\",\"url\":\"https:\\\/\\\/www.reservisten-brandenburg.de\\\/cyber\\\/\",\"logo\":{\"@type\":\"ImageObject\",\"inLanguage\":\"de\",\"@id\":\"https:\\\/\\\/www.reservisten-brandenburg.de\\\/cyber\\\/#\\\/schema\\\/logo\\\/image\\\/\",\"url\":\"\",\"contentUrl\":\"\",\"caption\":\"Reservistenverband Brandenburg\"},\"image\":{\"@id\":\"https:\\\/\\\/www.reservisten-brandenburg.de\\\/cyber\\\/#\\\/schema\\\/logo\\\/image\\\/\"},\"sameAs\":[\"https:\\\/\\\/www.facebook.com\\\/reservisten.brandenburg\\\/\",\"https:\\\/\\\/x.com\\\/ResBrandenburg\",\"https:\\\/\\\/www.youtube.com\\\/channel\\\/UC30IySNYu79rnI6_89Sdf_A\",\"https:\\\/\\\/de.wikipedia.org\\\/wiki\\\/Verband_der_Reservisten_der_Deutschen_Bundeswehr\"]}]}<\/script>\n<!-- \/ Yoast SEO plugin. -->","yoast_head_json":{"title":"Online-Tools - IT und Digitalisierung","robots":{"index":"index","follow":"follow","max-snippet":"max-snippet:-1","max-image-preview":"max-image-preview:large","max-video-preview":"max-video-preview:-1"},"canonical":"https:\/\/www.reservisten-brandenburg.de\/cyber\/online-training\/online-tools\/","og_locale":"de_DE","og_type":"article","og_title":"Online-Tools - IT und Digitalisierung","og_description":"In der Landesgruppe nutzen und testen wir verschiedenen Werkzeuge f\u00fcr die Durchf\u00fchrung der Webinare. Dazu greifen wir zum Teil auf die IT-Infrastruktur der RK Potsdam zur\u00fcck, die auch f\u00fcr die [&hellip;]","og_url":"https:\/\/www.reservisten-brandenburg.de\/cyber\/online-training\/online-tools\/","og_site_name":"IT und Digitalisierung","article_publisher":"https:\/\/www.facebook.com\/reservisten.brandenburg\/","article_modified_time":"2023-04-03T20:43:42+00:00","og_image":[{"width":1600,"height":900,"url":"https:\/\/www.reservisten-brandenburg.de\/cyber\/wp-content\/uploads\/sites\/12\/2020\/08\/Online-Ausbildung_MS-Teams.jpg","type":"image\/jpeg"}],"twitter_card":"summary_large_image","twitter_site":"@ResBrandenburg","twitter_misc":{"Gesch\u00e4tzte Lesezeit":"2\u00a0Minuten"},"schema":{"@context":"https:\/\/schema.org","@graph":[{"@type":"WebPage","@id":"https:\/\/www.reservisten-brandenburg.de\/cyber\/online-training\/online-tools\/","url":"https:\/\/www.reservisten-brandenburg.de\/cyber\/online-training\/online-tools\/","name":"Online-Tools - IT und Digitalisierung","isPartOf":{"@id":"https:\/\/www.reservisten-brandenburg.de\/cyber\/#website"},"primaryImageOfPage":{"@id":"https:\/\/www.reservisten-brandenburg.de\/cyber\/online-training\/online-tools\/#primaryimage"},"image":{"@id":"https:\/\/www.reservisten-brandenburg.de\/cyber\/online-training\/online-tools\/#primaryimage"},"thumbnailUrl":"https:\/\/www.reservisten-brandenburg.de\/cyber\/wp-content\/uploads\/sites\/12\/2020\/08\/Online-Ausbildung_MS-Teams.jpg","datePublished":"2020-06-18T22:20:04+00:00","dateModified":"2023-04-03T20:43:42+00:00","breadcrumb":{"@id":"https:\/\/www.reservisten-brandenburg.de\/cyber\/online-training\/online-tools\/#breadcrumb"},"inLanguage":"de","potentialAction":[{"@type":"ReadAction","target":["https:\/\/www.reservisten-brandenburg.de\/cyber\/online-training\/online-tools\/"]}]},{"@type":"ImageObject","inLanguage":"de","@id":"https:\/\/www.reservisten-brandenburg.de\/cyber\/online-training\/online-tools\/#primaryimage","url":"https:\/\/www.reservisten-brandenburg.de\/cyber\/wp-content\/uploads\/sites\/12\/2020\/08\/Online-Ausbildung_MS-Teams.jpg","contentUrl":"https:\/\/www.reservisten-brandenburg.de\/cyber\/wp-content\/uploads\/sites\/12\/2020\/08\/Online-Ausbildung_MS-Teams.jpg","width":1600,"height":900},{"@type":"BreadcrumbList","@id":"https:\/\/www.reservisten-brandenburg.de\/cyber\/online-training\/online-tools\/#breadcrumb","itemListElement":[{"@type":"ListItem","position":1,"name":"Startseite","item":"https:\/\/www.reservisten-brandenburg.de\/cyber\/"},{"@type":"ListItem","position":2,"name":"Online-Trainings und -Ausbildungen","item":"https:\/\/www.reservisten-brandenburg.de\/cyber\/online-training\/"},{"@type":"ListItem","position":3,"name":"Online-Tools"}]},{"@type":"WebSite","@id":"https:\/\/www.reservisten-brandenburg.de\/cyber\/#website","url":"https:\/\/www.reservisten-brandenburg.de\/cyber\/","name":"IT und Digitalisierung","description":"Reservistenverband Brandenburg - IT und Digitalisierung","publisher":{"@id":"https:\/\/www.reservisten-brandenburg.de\/cyber\/#organization"},"potentialAction":[{"@type":"SearchAction","target":{"@type":"EntryPoint","urlTemplate":"https:\/\/www.reservisten-brandenburg.de\/cyber\/?s={search_term_string}"},"query-input":{"@type":"PropertyValueSpecification","valueRequired":true,"valueName":"search_term_string"}}],"inLanguage":"de"},{"@type":"Organization","@id":"https:\/\/www.reservisten-brandenburg.de\/cyber\/#organization","name":"Reservistenverband Brandenburg","url":"https:\/\/www.reservisten-brandenburg.de\/cyber\/","logo":{"@type":"ImageObject","inLanguage":"de","@id":"https:\/\/www.reservisten-brandenburg.de\/cyber\/#\/schema\/logo\/image\/","url":"","contentUrl":"","caption":"Reservistenverband Brandenburg"},"image":{"@id":"https:\/\/www.reservisten-brandenburg.de\/cyber\/#\/schema\/logo\/image\/"},"sameAs":["https:\/\/www.facebook.com\/reservisten.brandenburg\/","https:\/\/x.com\/ResBrandenburg","https:\/\/www.youtube.com\/channel\/UC30IySNYu79rnI6_89Sdf_A","https:\/\/de.wikipedia.org\/wiki\/Verband_der_Reservisten_der_Deutschen_Bundeswehr"]}]}},"_links":{"self":[{"href":"https:\/\/www.reservisten-brandenburg.de\/cyber\/wp-json\/wp\/v2\/pages\/85","targetHints":{"allow":["GET"]}}],"collection":[{"href":"https:\/\/www.reservisten-brandenburg.de\/cyber\/wp-json\/wp\/v2\/pages"}],"about":[{"href":"https:\/\/www.reservisten-brandenburg.de\/cyber\/wp-json\/wp\/v2\/types\/page"}],"author":[{"embeddable":true,"href":"https:\/\/www.reservisten-brandenburg.de\/cyber\/wp-json\/wp\/v2\/users\/12"}],"replies":[{"embeddable":true,"href":"https:\/\/www.reservisten-brandenburg.de\/cyber\/wp-json\/wp\/v2\/comments?post=85"}],"version-history":[{"count":0,"href":"https:\/\/www.reservisten-brandenburg.de\/cyber\/wp-json\/wp\/v2\/pages\/85\/revisions"}],"up":[{"embeddable":true,"href":"https:\/\/www.reservisten-brandenburg.de\/cyber\/wp-json\/wp\/v2\/pages\/69"}],"wp:featuredmedia":[{"embeddable":true,"href":"https:\/\/www.reservisten-brandenburg.de\/cyber\/wp-json\/wp\/v2\/media\/292"}],"wp:attachment":[{"href":"https:\/\/www.reservisten-brandenburg.de\/cyber\/wp-json\/wp\/v2\/media?parent=85"}],"curies":[{"name":"wp","href":"https:\/\/api.w.org\/{rel}","templated":true}]}}