{"id":69,"date":"2020-06-19T00:11:30","date_gmt":"2020-06-18T22:11:30","guid":{"rendered":"https:\/\/www.reservisten-brandenburg.de\/cyber\/?page_id=69"},"modified":"2023-09-30T11:38:33","modified_gmt":"2023-09-30T09:38:33","slug":"online-training","status":"publish","type":"page","link":"https:\/\/www.reservisten-brandenburg.de\/cyber\/online-training\/","title":{"rendered":"Online-Trainings und -Ausbildungen"},"content":{"rendered":"\n<p>Die Landesgruppe Brandenburg f\u00fchrt einen Teil Ihrer Ausbildungen in Form von Online-Seminaren durch. Dies hat insbesondere im Zuge des Corona-Lockdowns an Fahrt angenommen. Der Bereich IT und Digitalisierung der Landesgruppe unterst\u00fctzt dies technisch, konzeptionell und organisatorisch.<\/p>\n\n\n\n<h2 class=\"wp-block-heading\">Tools<\/h2>\n\n\n\n<p>In der Landesgruppe nutzen und testen wir verschiedenen Werkzeuge f\u00fcr die Durchf\u00fchrung der Online-Seminare. Dazu greifen wir zum Teil auf die IT-Infrastruktur der <a rel=\"noreferrer noopener\" href=\"http:\/\/www.rk-potsdam.com\" target=\"_blank\">RK Potsdam<\/a> zur\u00fcck, die auch f\u00fcr die Kommunikation und Zusammenarbeit im Landesvorstand genutzt wird. <\/p>\n\n\n\n<p>Mehr zu den benutzten Werkzeugen findet Ihr hier: <a href=\"http:\/\/www.cyber-ops.de\/online-training\/online-tools\/\">Online-Tools<\/a>.<\/p>\n\n\n\n<h2 class=\"wp-block-heading\">Regeln und Hinweise<\/h2>\n\n\n\n<p>Um die Ausbildungen ohne den gewohnten pers\u00f6nlichen Kontakt effizient durchf\u00fchren zu k\u00f6nnen, haben wir uns einige <a href=\"http:\/\/www.cyber-ops.de\/online-training\/regeln\/\">Regeln und Handlungsempfehlungen<\/a> f\u00fcr die Durchf\u00fchrung der Online-Veranstaltungen an die Hand gegeben. Diese sollen eine gute Kommunikation f\u00f6rdern und unbeabsichtigte St\u00f6rungen vermeiden.<\/p>\n\n\n\n<h2 class=\"wp-block-heading\">Mitmachen<\/h2>\n\n\n\n<p>Ziel ist es regelm\u00e4\u00dfig Online-Ausbildumgen durchzuf\u00fchren. Die Arbeit wird ausschlie\u00dflich ehrenamtlich durchgef\u00fchrt. Daher ist es wichtig, dass sich m\u00f6glichst viele Mitglieder aktiv einbringen und einen kleiner Teil der Ausbildung selber \u00fcbernehmen. Sie werden dabei fachlich, technisch und organisatorisch durch den Landesvorstand unterst\u00fctzt. <\/p>\n\n\n\n<p>Neben der wichtigen Unterst\u00fctzung bietet sich damit auch die M\u00f6glichkeit Erfahrungen zu sammeln und sich pers\u00f6nlich und fachlich weiterzuentwickeln. Also: <a href=\"http:\/\/www.cyber-ops.de\/online-training\/mitmachen\/\">Mitmachen!<\/a><\/p>\n\n\n\n<h2 class=\"wp-block-heading\">Trainings suchen und teilnehmen<\/h2>\n\n\n\n<p>Die Online-Ausbildungen werden wie alle anderen Veranstaltungen der Landesgruppe auf der Webseite ver\u00f6ffentlicht. Im <a rel=\"noreferrer noopener\" href=\"https:\/\/www.reservisten-brandenburg.de\/events\/\" target=\"_blank\">Bereich Veranstaltungen<\/a> k\u00f6nnt Ihr Euch die Informationen zu den einzelnen Veranstaltungen ansehen und Euch w\u00e4hrend des Anmeldezeitraums zu den Veranstaltungen online anmelden.<\/p>\n\n\n\n<figure class=\"wp-block-image size-large\"><a href=\"https:\/\/www.reservisten-brandenburg.de\/events\/kategorie\/online\/\" target=\"_blank\" rel=\"noopener noreferrer\"><img loading=\"lazy\" decoding=\"async\" width=\"1024\" height=\"297\" src=\"https:\/\/www.reservisten-brandenburg.de\/cyber\/wp-content\/uploads\/sites\/12\/2020\/08\/Banner_Veranstaltungen_SichZg-1024x297.jpg\" alt=\"\" class=\"wp-image-288\" srcset=\"https:\/\/www.reservisten-brandenburg.de\/cyber\/wp-content\/uploads\/sites\/12\/2020\/08\/Banner_Veranstaltungen_SichZg-1024x297.jpg 1024w, https:\/\/www.reservisten-brandenburg.de\/cyber\/wp-content\/uploads\/sites\/12\/2020\/08\/Banner_Veranstaltungen_SichZg-300x87.jpg 300w, https:\/\/www.reservisten-brandenburg.de\/cyber\/wp-content\/uploads\/sites\/12\/2020\/08\/Banner_Veranstaltungen_SichZg-768x223.jpg 768w, https:\/\/www.reservisten-brandenburg.de\/cyber\/wp-content\/uploads\/sites\/12\/2020\/08\/Banner_Veranstaltungen_SichZg-1536x445.jpg 1536w, https:\/\/www.reservisten-brandenburg.de\/cyber\/wp-content\/uploads\/sites\/12\/2020\/08\/Banner_Veranstaltungen_SichZg.jpg 1600w\" sizes=\"auto, (max-width: 1024px) 100vw, 1024px\" \/><\/a><\/figure>\n\n\n\n<p>In der <a rel=\"noreferrer noopener\" href=\"https:\/\/www.reservisten-brandenburg.de\/events\/kategorie\/online\/\" target=\"_blank\">Kategorie &#8218;online&#8216;<\/a> werden alle Online-Veranstaltungen angezeigt.<\/p>\n\n\n\n<hr class=\"wp-block-separator has-css-opacity\"\/>\n\n\n\n<div class=\"wp-block-group alignwide\"><div class=\"wp-block-group__inner-container is-layout-flow wp-block-group-is-layout-flow\">\n<div class=\"wp-block-media-text alignwide is-stacked-on-mobile\" style=\"grid-template-columns:32% auto\"><figure class=\"wp-block-media-text__media\"><img decoding=\"async\" src=\"https:\/\/www.reservisten-brandenburg.de\/wp-content\/uploads\/2019\/03\/Ronald_Nitschke.jpg\" alt=\"\" class=\"wp-image-4011 size-full\"\/><\/figure><div class=\"wp-block-media-text__content\">\n<p style=\"font-size:24px; margin-bottom:-5px;\">Erster stellv. Landesvorsitzender<\/p>\n<p style=\"font-size:17px\"><a href=\"https:\/\/www.reservisten-brandenburg.de\/start\/presse\/\">Presse und Kommunikation<\/a> \/\/ <a href=\"http:\/\/www.cyber-ops.de\" target=\"_blank\" rel=\"noopener noreferrer\">IT und Digitalisierung<\/a><\/p>\n\n\n\n<p><strong>Ronald Nitschke<\/strong><br>Oberstabsgefreiter d.R.<br>E-Mail: <a href=\"&#x6d;&#x61;&#105;&#108;&#116;o&#x3a;&#x69;&#x74;&#64;&#114;es&#x65;&#x72;&#x76;&#105;&#115;t&#x65;&#x6e;&#x2d;&#98;&#114;&#97;n&#x64;&#x65;&#x6e;&#98;&#117;rg&#x2e;&#x64;&#x65;\" target=\"_blank\" rel=\"noreferrer noopener\">&#x69;&#116;&#64;&#x72;&#101;&#115;&#x65;&#x72;&#118;i&#x73;&#116;e&#x6e;&#x2d;&#98;r&#x61;&#110;d&#x65;&#x6e;&#98;u&#x72;&#103;&#46;&#x64;&#x65;<\/a><\/p>\n<\/div><\/div>\n<\/div><\/div>\n","protected":false},"excerpt":{"rendered":"<p>Die Landesgruppe Brandenburg f\u00fchrt einen Teil Ihrer Ausbildungen in Form von Online-Seminaren durch. Dies hat insbesondere im Zuge des Corona-Lockdowns an Fahrt angenommen. Der Bereich IT und Digitalisierung der Landesgruppe [&hellip;]<\/p>\n","protected":false},"author":12,"featured_media":295,"parent":0,"menu_order":0,"comment_status":"closed","ping_status":"closed","template":"","meta":{"footnotes":""},"class_list":["post-69","page","type-page","status-publish","has-post-thumbnail","hentry"],"yoast_head":"<!-- This site is optimized with the Yoast SEO plugin v27.3 - https:\/\/yoast.com\/product\/yoast-seo-wordpress\/ -->\n<title>Online-Trainings und -Ausbildungen - IT und Digitalisierung<\/title>\n<meta name=\"robots\" content=\"index, follow, max-snippet:-1, max-image-preview:large, max-video-preview:-1\" \/>\n<link rel=\"canonical\" href=\"https:\/\/www.reservisten-brandenburg.de\/cyber\/online-training\/\" \/>\n<meta property=\"og:locale\" content=\"de_DE\" \/>\n<meta property=\"og:type\" content=\"article\" \/>\n<meta property=\"og:title\" content=\"Online-Trainings und -Ausbildungen - IT und Digitalisierung\" \/>\n<meta property=\"og:description\" content=\"Die Landesgruppe Brandenburg f\u00fchrt einen Teil Ihrer Ausbildungen in Form von Online-Seminaren durch. Dies hat insbesondere im Zuge des Corona-Lockdowns an Fahrt angenommen. Der Bereich IT und Digitalisierung der Landesgruppe [&hellip;]\" \/>\n<meta property=\"og:url\" content=\"https:\/\/www.reservisten-brandenburg.de\/cyber\/online-training\/\" \/>\n<meta property=\"og:site_name\" content=\"IT und Digitalisierung\" \/>\n<meta property=\"article:publisher\" content=\"https:\/\/www.facebook.com\/reservisten.brandenburg\/\" \/>\n<meta property=\"article:modified_time\" content=\"2023-09-30T09:38:33+00:00\" \/>\n<meta property=\"og:image\" content=\"https:\/\/www.reservisten-brandenburg.de\/cyber\/wp-content\/uploads\/sites\/12\/2020\/08\/Teams_SichZg_online.jpg\" \/>\n\t<meta property=\"og:image:width\" content=\"1600\" \/>\n\t<meta property=\"og:image:height\" content=\"900\" \/>\n\t<meta property=\"og:image:type\" content=\"image\/jpeg\" \/>\n<meta name=\"twitter:card\" content=\"summary_large_image\" \/>\n<meta name=\"twitter:site\" content=\"@ResBrandenburg\" \/>\n<meta name=\"twitter:label1\" content=\"Gesch\u00e4tzte Lesezeit\" \/>\n\t<meta name=\"twitter:data1\" content=\"2\u00a0Minuten\" \/>\n<script type=\"application\/ld+json\" class=\"yoast-schema-graph\">{\"@context\":\"https:\\\/\\\/schema.org\",\"@graph\":[{\"@type\":\"WebPage\",\"@id\":\"https:\\\/\\\/www.reservisten-brandenburg.de\\\/cyber\\\/online-training\\\/\",\"url\":\"https:\\\/\\\/www.reservisten-brandenburg.de\\\/cyber\\\/online-training\\\/\",\"name\":\"Online-Trainings und -Ausbildungen - IT und Digitalisierung\",\"isPartOf\":{\"@id\":\"https:\\\/\\\/www.reservisten-brandenburg.de\\\/cyber\\\/#website\"},\"primaryImageOfPage\":{\"@id\":\"https:\\\/\\\/www.reservisten-brandenburg.de\\\/cyber\\\/online-training\\\/#primaryimage\"},\"image\":{\"@id\":\"https:\\\/\\\/www.reservisten-brandenburg.de\\\/cyber\\\/online-training\\\/#primaryimage\"},\"thumbnailUrl\":\"https:\\\/\\\/www.reservisten-brandenburg.de\\\/cyber\\\/wp-content\\\/uploads\\\/sites\\\/12\\\/2020\\\/08\\\/Teams_SichZg_online.jpg\",\"datePublished\":\"2020-06-18T22:11:30+00:00\",\"dateModified\":\"2023-09-30T09:38:33+00:00\",\"breadcrumb\":{\"@id\":\"https:\\\/\\\/www.reservisten-brandenburg.de\\\/cyber\\\/online-training\\\/#breadcrumb\"},\"inLanguage\":\"de\",\"potentialAction\":[{\"@type\":\"ReadAction\",\"target\":[\"https:\\\/\\\/www.reservisten-brandenburg.de\\\/cyber\\\/online-training\\\/\"]}]},{\"@type\":\"ImageObject\",\"inLanguage\":\"de\",\"@id\":\"https:\\\/\\\/www.reservisten-brandenburg.de\\\/cyber\\\/online-training\\\/#primaryimage\",\"url\":\"https:\\\/\\\/www.reservisten-brandenburg.de\\\/cyber\\\/wp-content\\\/uploads\\\/sites\\\/12\\\/2020\\\/08\\\/Teams_SichZg_online.jpg\",\"contentUrl\":\"https:\\\/\\\/www.reservisten-brandenburg.de\\\/cyber\\\/wp-content\\\/uploads\\\/sites\\\/12\\\/2020\\\/08\\\/Teams_SichZg_online.jpg\",\"width\":1600,\"height\":900},{\"@type\":\"BreadcrumbList\",\"@id\":\"https:\\\/\\\/www.reservisten-brandenburg.de\\\/cyber\\\/online-training\\\/#breadcrumb\",\"itemListElement\":[{\"@type\":\"ListItem\",\"position\":1,\"name\":\"Startseite\",\"item\":\"https:\\\/\\\/www.reservisten-brandenburg.de\\\/cyber\\\/\"},{\"@type\":\"ListItem\",\"position\":2,\"name\":\"Online-Trainings und -Ausbildungen\"}]},{\"@type\":\"WebSite\",\"@id\":\"https:\\\/\\\/www.reservisten-brandenburg.de\\\/cyber\\\/#website\",\"url\":\"https:\\\/\\\/www.reservisten-brandenburg.de\\\/cyber\\\/\",\"name\":\"IT und Digitalisierung\",\"description\":\"Reservistenverband Brandenburg - IT und Digitalisierung\",\"publisher\":{\"@id\":\"https:\\\/\\\/www.reservisten-brandenburg.de\\\/cyber\\\/#organization\"},\"potentialAction\":[{\"@type\":\"SearchAction\",\"target\":{\"@type\":\"EntryPoint\",\"urlTemplate\":\"https:\\\/\\\/www.reservisten-brandenburg.de\\\/cyber\\\/?s={search_term_string}\"},\"query-input\":{\"@type\":\"PropertyValueSpecification\",\"valueRequired\":true,\"valueName\":\"search_term_string\"}}],\"inLanguage\":\"de\"},{\"@type\":\"Organization\",\"@id\":\"https:\\\/\\\/www.reservisten-brandenburg.de\\\/cyber\\\/#organization\",\"name\":\"Reservistenverband Brandenburg\",\"url\":\"https:\\\/\\\/www.reservisten-brandenburg.de\\\/cyber\\\/\",\"logo\":{\"@type\":\"ImageObject\",\"inLanguage\":\"de\",\"@id\":\"https:\\\/\\\/www.reservisten-brandenburg.de\\\/cyber\\\/#\\\/schema\\\/logo\\\/image\\\/\",\"url\":\"\",\"contentUrl\":\"\",\"caption\":\"Reservistenverband Brandenburg\"},\"image\":{\"@id\":\"https:\\\/\\\/www.reservisten-brandenburg.de\\\/cyber\\\/#\\\/schema\\\/logo\\\/image\\\/\"},\"sameAs\":[\"https:\\\/\\\/www.facebook.com\\\/reservisten.brandenburg\\\/\",\"https:\\\/\\\/x.com\\\/ResBrandenburg\",\"https:\\\/\\\/www.youtube.com\\\/channel\\\/UC30IySNYu79rnI6_89Sdf_A\",\"https:\\\/\\\/de.wikipedia.org\\\/wiki\\\/Verband_der_Reservisten_der_Deutschen_Bundeswehr\"]}]}<\/script>\n<!-- \/ Yoast SEO plugin. -->","yoast_head_json":{"title":"Online-Trainings und -Ausbildungen - IT und Digitalisierung","robots":{"index":"index","follow":"follow","max-snippet":"max-snippet:-1","max-image-preview":"max-image-preview:large","max-video-preview":"max-video-preview:-1"},"canonical":"https:\/\/www.reservisten-brandenburg.de\/cyber\/online-training\/","og_locale":"de_DE","og_type":"article","og_title":"Online-Trainings und -Ausbildungen - IT und Digitalisierung","og_description":"Die Landesgruppe Brandenburg f\u00fchrt einen Teil Ihrer Ausbildungen in Form von Online-Seminaren durch. Dies hat insbesondere im Zuge des Corona-Lockdowns an Fahrt angenommen. Der Bereich IT und Digitalisierung der Landesgruppe [&hellip;]","og_url":"https:\/\/www.reservisten-brandenburg.de\/cyber\/online-training\/","og_site_name":"IT und Digitalisierung","article_publisher":"https:\/\/www.facebook.com\/reservisten.brandenburg\/","article_modified_time":"2023-09-30T09:38:33+00:00","og_image":[{"width":1600,"height":900,"url":"https:\/\/www.reservisten-brandenburg.de\/cyber\/wp-content\/uploads\/sites\/12\/2020\/08\/Teams_SichZg_online.jpg","type":"image\/jpeg"}],"twitter_card":"summary_large_image","twitter_site":"@ResBrandenburg","twitter_misc":{"Gesch\u00e4tzte Lesezeit":"2\u00a0Minuten"},"schema":{"@context":"https:\/\/schema.org","@graph":[{"@type":"WebPage","@id":"https:\/\/www.reservisten-brandenburg.de\/cyber\/online-training\/","url":"https:\/\/www.reservisten-brandenburg.de\/cyber\/online-training\/","name":"Online-Trainings und -Ausbildungen - IT und Digitalisierung","isPartOf":{"@id":"https:\/\/www.reservisten-brandenburg.de\/cyber\/#website"},"primaryImageOfPage":{"@id":"https:\/\/www.reservisten-brandenburg.de\/cyber\/online-training\/#primaryimage"},"image":{"@id":"https:\/\/www.reservisten-brandenburg.de\/cyber\/online-training\/#primaryimage"},"thumbnailUrl":"https:\/\/www.reservisten-brandenburg.de\/cyber\/wp-content\/uploads\/sites\/12\/2020\/08\/Teams_SichZg_online.jpg","datePublished":"2020-06-18T22:11:30+00:00","dateModified":"2023-09-30T09:38:33+00:00","breadcrumb":{"@id":"https:\/\/www.reservisten-brandenburg.de\/cyber\/online-training\/#breadcrumb"},"inLanguage":"de","potentialAction":[{"@type":"ReadAction","target":["https:\/\/www.reservisten-brandenburg.de\/cyber\/online-training\/"]}]},{"@type":"ImageObject","inLanguage":"de","@id":"https:\/\/www.reservisten-brandenburg.de\/cyber\/online-training\/#primaryimage","url":"https:\/\/www.reservisten-brandenburg.de\/cyber\/wp-content\/uploads\/sites\/12\/2020\/08\/Teams_SichZg_online.jpg","contentUrl":"https:\/\/www.reservisten-brandenburg.de\/cyber\/wp-content\/uploads\/sites\/12\/2020\/08\/Teams_SichZg_online.jpg","width":1600,"height":900},{"@type":"BreadcrumbList","@id":"https:\/\/www.reservisten-brandenburg.de\/cyber\/online-training\/#breadcrumb","itemListElement":[{"@type":"ListItem","position":1,"name":"Startseite","item":"https:\/\/www.reservisten-brandenburg.de\/cyber\/"},{"@type":"ListItem","position":2,"name":"Online-Trainings und -Ausbildungen"}]},{"@type":"WebSite","@id":"https:\/\/www.reservisten-brandenburg.de\/cyber\/#website","url":"https:\/\/www.reservisten-brandenburg.de\/cyber\/","name":"IT und Digitalisierung","description":"Reservistenverband Brandenburg - IT und Digitalisierung","publisher":{"@id":"https:\/\/www.reservisten-brandenburg.de\/cyber\/#organization"},"potentialAction":[{"@type":"SearchAction","target":{"@type":"EntryPoint","urlTemplate":"https:\/\/www.reservisten-brandenburg.de\/cyber\/?s={search_term_string}"},"query-input":{"@type":"PropertyValueSpecification","valueRequired":true,"valueName":"search_term_string"}}],"inLanguage":"de"},{"@type":"Organization","@id":"https:\/\/www.reservisten-brandenburg.de\/cyber\/#organization","name":"Reservistenverband Brandenburg","url":"https:\/\/www.reservisten-brandenburg.de\/cyber\/","logo":{"@type":"ImageObject","inLanguage":"de","@id":"https:\/\/www.reservisten-brandenburg.de\/cyber\/#\/schema\/logo\/image\/","url":"","contentUrl":"","caption":"Reservistenverband Brandenburg"},"image":{"@id":"https:\/\/www.reservisten-brandenburg.de\/cyber\/#\/schema\/logo\/image\/"},"sameAs":["https:\/\/www.facebook.com\/reservisten.brandenburg\/","https:\/\/x.com\/ResBrandenburg","https:\/\/www.youtube.com\/channel\/UC30IySNYu79rnI6_89Sdf_A","https:\/\/de.wikipedia.org\/wiki\/Verband_der_Reservisten_der_Deutschen_Bundeswehr"]}]}},"_links":{"self":[{"href":"https:\/\/www.reservisten-brandenburg.de\/cyber\/wp-json\/wp\/v2\/pages\/69","targetHints":{"allow":["GET"]}}],"collection":[{"href":"https:\/\/www.reservisten-brandenburg.de\/cyber\/wp-json\/wp\/v2\/pages"}],"about":[{"href":"https:\/\/www.reservisten-brandenburg.de\/cyber\/wp-json\/wp\/v2\/types\/page"}],"author":[{"embeddable":true,"href":"https:\/\/www.reservisten-brandenburg.de\/cyber\/wp-json\/wp\/v2\/users\/12"}],"replies":[{"embeddable":true,"href":"https:\/\/www.reservisten-brandenburg.de\/cyber\/wp-json\/wp\/v2\/comments?post=69"}],"version-history":[{"count":0,"href":"https:\/\/www.reservisten-brandenburg.de\/cyber\/wp-json\/wp\/v2\/pages\/69\/revisions"}],"wp:featuredmedia":[{"embeddable":true,"href":"https:\/\/www.reservisten-brandenburg.de\/cyber\/wp-json\/wp\/v2\/media\/295"}],"wp:attachment":[{"href":"https:\/\/www.reservisten-brandenburg.de\/cyber\/wp-json\/wp\/v2\/media?parent=69"}],"curies":[{"name":"wp","href":"https:\/\/api.w.org\/{rel}","templated":true}]}}