{"id":50,"date":"2020-05-24T03:12:04","date_gmt":"2020-05-24T01:12:04","guid":{"rendered":"http:\/\/www.reservisten-brandenburg.de\/cyber\/?page_id=50"},"modified":"2020-06-24T11:36:27","modified_gmt":"2020-06-24T09:36:27","slug":"landesgruppe","status":"publish","type":"page","link":"https:\/\/www.reservisten-brandenburg.de\/cyber\/landesgruppe\/","title":{"rendered":"IT f\u00fcr die Landesgruppe"},"content":{"rendered":"\n<p>Der <a rel=\"noreferrer noopener\" href=\"https:\/\/www.reservisten-brandenburg.de\/\" target=\"_blank\">Landesgruppe Brandenburg<\/a> stehen moderen Ressourcen f\u00fcr die IT-gest\u00fctzte Zusammenarbeit und Kommunikation zur Verf\u00fcgung. Dar\u00fcber hinaus werden verschiedene Informations- und Kommunikationsplattformen im Internet f\u00fcr die Informationsarbeit mit unseren Mitgliedern und der \u00d6ffentlichkeit betrieben bzw. betreut. <\/p>\n\n\n\n<p>Im Landesvorstand<\/p>\n\n\n\n<p>Bei der milit\u00e4rischen Ausbildung \/\/ Gefechtsdienst und Ausbildung im Sicherungszug<\/p>\n\n\n\n<p>In der Kommunikation<\/p>\n\n\n\n<p><\/p>\n\n\n\n<p><\/p>\n\n\n\n<p>F\u00fcr die milil\u00e4rische Ausbildung im Sicherungszug wird unter anderem die lokale IT und eine Netzanbindung f\u00fcr den Betrieb des Gefechtsstandes bereitgestellt.<\/p>\n\n\n\n<p><\/p>\n\n\n\n<p>IT.. L\u00f6sung<\/p>\n\n\n\n<p>Betrieb, Entwicklung, Beschaffung<\/p>\n\n\n\n<p>Informationsraum<\/p>\n\n\n\n<p>Webseite, Social Media<\/p>\n\n\n\n<p>Ausbildung \/ Gefechtsdient<\/p>\n\n\n\n<p>Entwicklung \/ Betrieb Gefechtsstand<\/p>\n\n\n\n<hr class=\"wp-block-separator\"\/>\n\n\n\n<p class=\"has-background has-very-light-gray-background-color\">Zum Internetauftritt der <a href=\"https:\/\/www.reservisten-brandenburg.de\/\" target=\"_blank\" rel=\"noreferrer noopener\">Landesgruppe Brandenburg<\/a>.<\/p>\n","protected":false},"excerpt":{"rendered":"<p>Der Landesgruppe Brandenburg stehen moderen Ressourcen f\u00fcr die IT-gest\u00fctzte Zusammenarbeit und Kommunikation zur Verf\u00fcgung. Dar\u00fcber hinaus werden verschiedene Informations- und Kommunikationsplattformen im Internet f\u00fcr die Informationsarbeit mit unseren Mitgliedern und [&hellip;]<\/p>\n","protected":false},"author":12,"featured_media":32,"parent":0,"menu_order":0,"comment_status":"closed","ping_status":"closed","template":"","meta":{"footnotes":""},"class_list":["post-50","page","type-page","status-publish","has-post-thumbnail","hentry"],"yoast_head":"<!-- This site is optimized with the Yoast SEO plugin v27.3 - https:\/\/yoast.com\/product\/yoast-seo-wordpress\/ -->\n<title>IT f\u00fcr die Landesgruppe - IT und Digitalisierung<\/title>\n<meta name=\"robots\" content=\"index, follow, max-snippet:-1, max-image-preview:large, max-video-preview:-1\" \/>\n<link rel=\"canonical\" href=\"https:\/\/www.reservisten-brandenburg.de\/cyber\/landesgruppe\/\" \/>\n<meta property=\"og:locale\" content=\"de_DE\" \/>\n<meta property=\"og:type\" content=\"article\" \/>\n<meta property=\"og:title\" content=\"IT f\u00fcr die Landesgruppe - IT und Digitalisierung\" \/>\n<meta property=\"og:description\" content=\"Der Landesgruppe Brandenburg stehen moderen Ressourcen f\u00fcr die IT-gest\u00fctzte Zusammenarbeit und Kommunikation zur Verf\u00fcgung. Dar\u00fcber hinaus werden verschiedene Informations- und Kommunikationsplattformen im Internet f\u00fcr die Informationsarbeit mit unseren Mitgliedern und [&hellip;]\" \/>\n<meta property=\"og:url\" content=\"https:\/\/www.reservisten-brandenburg.de\/cyber\/landesgruppe\/\" \/>\n<meta property=\"og:site_name\" content=\"IT und Digitalisierung\" \/>\n<meta property=\"article:publisher\" content=\"https:\/\/www.facebook.com\/reservisten.brandenburg\/\" \/>\n<meta property=\"article:modified_time\" content=\"2020-06-24T09:36:27+00:00\" \/>\n<meta property=\"og:image\" content=\"https:\/\/www.reservisten-brandenburg.de\/cyber\/wp-content\/uploads\/sites\/12\/2020\/03\/Landesgruppe_Brandenburg.jpg\" \/>\n\t<meta property=\"og:image:width\" content=\"1600\" \/>\n\t<meta property=\"og:image:height\" content=\"900\" \/>\n\t<meta property=\"og:image:type\" content=\"image\/jpeg\" \/>\n<meta name=\"twitter:card\" content=\"summary_large_image\" \/>\n<meta name=\"twitter:site\" content=\"@ResBrandenburg\" \/>\n<script type=\"application\/ld+json\" class=\"yoast-schema-graph\">{\"@context\":\"https:\\\/\\\/schema.org\",\"@graph\":[{\"@type\":\"WebPage\",\"@id\":\"https:\\\/\\\/www.reservisten-brandenburg.de\\\/cyber\\\/landesgruppe\\\/\",\"url\":\"https:\\\/\\\/www.reservisten-brandenburg.de\\\/cyber\\\/landesgruppe\\\/\",\"name\":\"IT f\u00fcr die Landesgruppe - IT und Digitalisierung\",\"isPartOf\":{\"@id\":\"https:\\\/\\\/www.reservisten-brandenburg.de\\\/cyber\\\/#website\"},\"primaryImageOfPage\":{\"@id\":\"https:\\\/\\\/www.reservisten-brandenburg.de\\\/cyber\\\/landesgruppe\\\/#primaryimage\"},\"image\":{\"@id\":\"https:\\\/\\\/www.reservisten-brandenburg.de\\\/cyber\\\/landesgruppe\\\/#primaryimage\"},\"thumbnailUrl\":\"https:\\\/\\\/www.reservisten-brandenburg.de\\\/cyber\\\/wp-content\\\/uploads\\\/sites\\\/12\\\/2020\\\/03\\\/Landesgruppe_Brandenburg.jpg\",\"datePublished\":\"2020-05-24T01:12:04+00:00\",\"dateModified\":\"2020-06-24T09:36:27+00:00\",\"breadcrumb\":{\"@id\":\"https:\\\/\\\/www.reservisten-brandenburg.de\\\/cyber\\\/landesgruppe\\\/#breadcrumb\"},\"inLanguage\":\"de\",\"potentialAction\":[{\"@type\":\"ReadAction\",\"target\":[\"https:\\\/\\\/www.reservisten-brandenburg.de\\\/cyber\\\/landesgruppe\\\/\"]}]},{\"@type\":\"ImageObject\",\"inLanguage\":\"de\",\"@id\":\"https:\\\/\\\/www.reservisten-brandenburg.de\\\/cyber\\\/landesgruppe\\\/#primaryimage\",\"url\":\"https:\\\/\\\/www.reservisten-brandenburg.de\\\/cyber\\\/wp-content\\\/uploads\\\/sites\\\/12\\\/2020\\\/03\\\/Landesgruppe_Brandenburg.jpg\",\"contentUrl\":\"https:\\\/\\\/www.reservisten-brandenburg.de\\\/cyber\\\/wp-content\\\/uploads\\\/sites\\\/12\\\/2020\\\/03\\\/Landesgruppe_Brandenburg.jpg\",\"width\":1600,\"height\":900,\"caption\":\"(Foto: Ronald Nitschke)\"},{\"@type\":\"BreadcrumbList\",\"@id\":\"https:\\\/\\\/www.reservisten-brandenburg.de\\\/cyber\\\/landesgruppe\\\/#breadcrumb\",\"itemListElement\":[{\"@type\":\"ListItem\",\"position\":1,\"name\":\"Startseite\",\"item\":\"https:\\\/\\\/www.reservisten-brandenburg.de\\\/cyber\\\/\"},{\"@type\":\"ListItem\",\"position\":2,\"name\":\"IT f\u00fcr die Landesgruppe\"}]},{\"@type\":\"WebSite\",\"@id\":\"https:\\\/\\\/www.reservisten-brandenburg.de\\\/cyber\\\/#website\",\"url\":\"https:\\\/\\\/www.reservisten-brandenburg.de\\\/cyber\\\/\",\"name\":\"IT und Digitalisierung\",\"description\":\"Reservistenverband Brandenburg - IT und Digitalisierung\",\"publisher\":{\"@id\":\"https:\\\/\\\/www.reservisten-brandenburg.de\\\/cyber\\\/#organization\"},\"potentialAction\":[{\"@type\":\"SearchAction\",\"target\":{\"@type\":\"EntryPoint\",\"urlTemplate\":\"https:\\\/\\\/www.reservisten-brandenburg.de\\\/cyber\\\/?s={search_term_string}\"},\"query-input\":{\"@type\":\"PropertyValueSpecification\",\"valueRequired\":true,\"valueName\":\"search_term_string\"}}],\"inLanguage\":\"de\"},{\"@type\":\"Organization\",\"@id\":\"https:\\\/\\\/www.reservisten-brandenburg.de\\\/cyber\\\/#organization\",\"name\":\"Reservistenverband Brandenburg\",\"url\":\"https:\\\/\\\/www.reservisten-brandenburg.de\\\/cyber\\\/\",\"logo\":{\"@type\":\"ImageObject\",\"inLanguage\":\"de\",\"@id\":\"https:\\\/\\\/www.reservisten-brandenburg.de\\\/cyber\\\/#\\\/schema\\\/logo\\\/image\\\/\",\"url\":\"\",\"contentUrl\":\"\",\"caption\":\"Reservistenverband Brandenburg\"},\"image\":{\"@id\":\"https:\\\/\\\/www.reservisten-brandenburg.de\\\/cyber\\\/#\\\/schema\\\/logo\\\/image\\\/\"},\"sameAs\":[\"https:\\\/\\\/www.facebook.com\\\/reservisten.brandenburg\\\/\",\"https:\\\/\\\/x.com\\\/ResBrandenburg\",\"https:\\\/\\\/www.youtube.com\\\/channel\\\/UC30IySNYu79rnI6_89Sdf_A\",\"https:\\\/\\\/de.wikipedia.org\\\/wiki\\\/Verband_der_Reservisten_der_Deutschen_Bundeswehr\"]}]}<\/script>\n<!-- \/ Yoast SEO plugin. -->","yoast_head_json":{"title":"IT f\u00fcr die Landesgruppe - IT und Digitalisierung","robots":{"index":"index","follow":"follow","max-snippet":"max-snippet:-1","max-image-preview":"max-image-preview:large","max-video-preview":"max-video-preview:-1"},"canonical":"https:\/\/www.reservisten-brandenburg.de\/cyber\/landesgruppe\/","og_locale":"de_DE","og_type":"article","og_title":"IT f\u00fcr die Landesgruppe - IT und Digitalisierung","og_description":"Der Landesgruppe Brandenburg stehen moderen Ressourcen f\u00fcr die IT-gest\u00fctzte Zusammenarbeit und Kommunikation zur Verf\u00fcgung. Dar\u00fcber hinaus werden verschiedene Informations- und Kommunikationsplattformen im Internet f\u00fcr die Informationsarbeit mit unseren Mitgliedern und [&hellip;]","og_url":"https:\/\/www.reservisten-brandenburg.de\/cyber\/landesgruppe\/","og_site_name":"IT und Digitalisierung","article_publisher":"https:\/\/www.facebook.com\/reservisten.brandenburg\/","article_modified_time":"2020-06-24T09:36:27+00:00","og_image":[{"width":1600,"height":900,"url":"https:\/\/www.reservisten-brandenburg.de\/cyber\/wp-content\/uploads\/sites\/12\/2020\/03\/Landesgruppe_Brandenburg.jpg","type":"image\/jpeg"}],"twitter_card":"summary_large_image","twitter_site":"@ResBrandenburg","schema":{"@context":"https:\/\/schema.org","@graph":[{"@type":"WebPage","@id":"https:\/\/www.reservisten-brandenburg.de\/cyber\/landesgruppe\/","url":"https:\/\/www.reservisten-brandenburg.de\/cyber\/landesgruppe\/","name":"IT f\u00fcr die Landesgruppe - IT und Digitalisierung","isPartOf":{"@id":"https:\/\/www.reservisten-brandenburg.de\/cyber\/#website"},"primaryImageOfPage":{"@id":"https:\/\/www.reservisten-brandenburg.de\/cyber\/landesgruppe\/#primaryimage"},"image":{"@id":"https:\/\/www.reservisten-brandenburg.de\/cyber\/landesgruppe\/#primaryimage"},"thumbnailUrl":"https:\/\/www.reservisten-brandenburg.de\/cyber\/wp-content\/uploads\/sites\/12\/2020\/03\/Landesgruppe_Brandenburg.jpg","datePublished":"2020-05-24T01:12:04+00:00","dateModified":"2020-06-24T09:36:27+00:00","breadcrumb":{"@id":"https:\/\/www.reservisten-brandenburg.de\/cyber\/landesgruppe\/#breadcrumb"},"inLanguage":"de","potentialAction":[{"@type":"ReadAction","target":["https:\/\/www.reservisten-brandenburg.de\/cyber\/landesgruppe\/"]}]},{"@type":"ImageObject","inLanguage":"de","@id":"https:\/\/www.reservisten-brandenburg.de\/cyber\/landesgruppe\/#primaryimage","url":"https:\/\/www.reservisten-brandenburg.de\/cyber\/wp-content\/uploads\/sites\/12\/2020\/03\/Landesgruppe_Brandenburg.jpg","contentUrl":"https:\/\/www.reservisten-brandenburg.de\/cyber\/wp-content\/uploads\/sites\/12\/2020\/03\/Landesgruppe_Brandenburg.jpg","width":1600,"height":900,"caption":"(Foto: Ronald Nitschke)"},{"@type":"BreadcrumbList","@id":"https:\/\/www.reservisten-brandenburg.de\/cyber\/landesgruppe\/#breadcrumb","itemListElement":[{"@type":"ListItem","position":1,"name":"Startseite","item":"https:\/\/www.reservisten-brandenburg.de\/cyber\/"},{"@type":"ListItem","position":2,"name":"IT f\u00fcr die Landesgruppe"}]},{"@type":"WebSite","@id":"https:\/\/www.reservisten-brandenburg.de\/cyber\/#website","url":"https:\/\/www.reservisten-brandenburg.de\/cyber\/","name":"IT und Digitalisierung","description":"Reservistenverband Brandenburg - IT und Digitalisierung","publisher":{"@id":"https:\/\/www.reservisten-brandenburg.de\/cyber\/#organization"},"potentialAction":[{"@type":"SearchAction","target":{"@type":"EntryPoint","urlTemplate":"https:\/\/www.reservisten-brandenburg.de\/cyber\/?s={search_term_string}"},"query-input":{"@type":"PropertyValueSpecification","valueRequired":true,"valueName":"search_term_string"}}],"inLanguage":"de"},{"@type":"Organization","@id":"https:\/\/www.reservisten-brandenburg.de\/cyber\/#organization","name":"Reservistenverband Brandenburg","url":"https:\/\/www.reservisten-brandenburg.de\/cyber\/","logo":{"@type":"ImageObject","inLanguage":"de","@id":"https:\/\/www.reservisten-brandenburg.de\/cyber\/#\/schema\/logo\/image\/","url":"","contentUrl":"","caption":"Reservistenverband Brandenburg"},"image":{"@id":"https:\/\/www.reservisten-brandenburg.de\/cyber\/#\/schema\/logo\/image\/"},"sameAs":["https:\/\/www.facebook.com\/reservisten.brandenburg\/","https:\/\/x.com\/ResBrandenburg","https:\/\/www.youtube.com\/channel\/UC30IySNYu79rnI6_89Sdf_A","https:\/\/de.wikipedia.org\/wiki\/Verband_der_Reservisten_der_Deutschen_Bundeswehr"]}]}},"_links":{"self":[{"href":"https:\/\/www.reservisten-brandenburg.de\/cyber\/wp-json\/wp\/v2\/pages\/50","targetHints":{"allow":["GET"]}}],"collection":[{"href":"https:\/\/www.reservisten-brandenburg.de\/cyber\/wp-json\/wp\/v2\/pages"}],"about":[{"href":"https:\/\/www.reservisten-brandenburg.de\/cyber\/wp-json\/wp\/v2\/types\/page"}],"author":[{"embeddable":true,"href":"https:\/\/www.reservisten-brandenburg.de\/cyber\/wp-json\/wp\/v2\/users\/12"}],"replies":[{"embeddable":true,"href":"https:\/\/www.reservisten-brandenburg.de\/cyber\/wp-json\/wp\/v2\/comments?post=50"}],"version-history":[{"count":0,"href":"https:\/\/www.reservisten-brandenburg.de\/cyber\/wp-json\/wp\/v2\/pages\/50\/revisions"}],"wp:featuredmedia":[{"embeddable":true,"href":"https:\/\/www.reservisten-brandenburg.de\/cyber\/wp-json\/wp\/v2\/media\/32"}],"wp:attachment":[{"href":"https:\/\/www.reservisten-brandenburg.de\/cyber\/wp-json\/wp\/v2\/media?parent=50"}],"curies":[{"name":"wp","href":"https:\/\/api.w.org\/{rel}","templated":true}]}}